{"id":362564,"date":"2026-04-30T10:00:28","date_gmt":"2026-04-30T08:00:28","guid":{"rendered":"https:\/\/www.secondastrada.com\/it\/body-rue-de-clerie-nero\/"},"modified":"2026-04-30T10:00:28","modified_gmt":"2026-04-30T08:00:28","slug":"body-rue-de-clerie-nero","status":"publish","type":"product","link":"https:\/\/www.secondastrada.com\/it\/body-rue-de-clerie-nero\/","title":{"rendered":"Body Rue De Clerie Nero"},"content":{"rendered":"<p><b>Body RUE DE CLERIE Nero da donna<\/b><br \/>\nEssenziale, sensuale e incredibilmente versatile: il <b>Body RUE DE CLERIE Nero<\/b> \u00e8 il capo perfetto per valorizzare la silhouette con eleganza in ogni stagione. Realizzato in 95% poliestere e 5% elastano, avvolge il corpo con una vestibilit\u00e0 morbida e confortevole, garantendo libert\u00e0 di movimento e una linea sempre impeccabile.<br \/>Questo <b>body da donna adatto in tutte le stagioni<\/b> si distingue per il suo design femminile e funzionale: la <b>coppa imbottita<\/b> offre sostegno e definizione, valorizzando il d\u00e9collet\u00e9 con naturalezza. Il colore nero, intramontabile e sofisticato, lo rende un capo estremamente versatile, perfetto per creare outfit sia minimal sia pi\u00f9 strutturati.<br \/>La vestibilit\u00e0 \u00e8 regolare: la modella \u00e8 alta 165 cm e indossa la taglia S, un riferimento utile per scegliere la misura pi\u00f9 adatta a te.<br \/>Indossalo nel tempo libero per un look semplice ma curato oppure come base per outfit pi\u00f9 eleganti e definiti. Puoi abbinarlo come sottogiacca con pantaloni a vita alta per un look contemporaneo e raffinato, oppure con jeans per uno stile pi\u00f9 casual ma sempre femminile.<br \/>Il <b>Body con coppa imbottita<\/b> firmato RUE DE CLERIE \u00e8 pensato per accompagnarti in ogni momento della giornata, unendo comfort e stile con naturalezza.<br \/>Tutti i prodotti su SecondaStrada.com sono originali e selezionati con attenzione.<br \/><b>Codice articolo: F963XBFWM301 OB<\/b><\/p>\n","protected":false},"excerpt":{"rendered":"<p>Body RUE DE CLERIE Nero da donna Essenziale, sensuale e incredibilmente versatile: il Body RUE DE CLERIE Nero \u00e8 il capo perfetto per valorizzare la silhouette con eleganza in ogni stagione. Realizzato in 95% poliestere e 5% elastano, avvolge il corpo con una vestibilit\u00e0 morbida e confortevole, garantendo libert\u00e0 di movimento e una linea sempre&#8230;<\/p>\n","protected":false},"featured_media":364136,"template":"","meta":{"inline_featured_image":false},"ss_brand":[1206],"ss_promo":[2196],"ss_season":[2531],"product_cat":[1329,1658,1337,1823],"product_tag":[1995],"class_list":{"0":"post-362564","1":"product","2":"type-product","3":"status-publish","4":"has-post-thumbnail","6":"ss_brand-rue-de-clerie-donna","7":"ss_promo-mid-season-sale-donna","8":"ss_season-pe26","9":"product_cat-abbigliamento-donna","10":"product_cat-collezione-donna","11":"product_cat-t-shirt-e-top-da-donna","12":"product_cat-top-da-donna","13":"product_tag-nuovi-arrivi-donna","15":"first","16":"instock","17":"sale","18":"shipping-taxable","19":"purchasable","20":"product-type-variable","21":"has-default-attributes"},"acf":{"ss_brand":[{"term_id":1206,"name":"RUE DE CLERIE","slug":"rue-de-clerie-donna","term_group":0,"term_taxonomy_id":1206,"taxonomy":"ss_brand","description":"Creazioni essenziali con interventi boh\u00e9mien dal fascino lussuoso per chi ama vestirsi con indiscutibile classe: scopri nel nostro store online gli abiti e i maglioni da donna firmati Rue de Clerie a prezzi favolosi!\u00a0Acquista online su SecondaStrada.com <strong>abbigliamento da donna Rue De Clerie scontatissimo<\/strong>!","parent":1201,"count":608,"filter":"raw"}],"ss_promo":[2196],"ss_season":[{"term_id":2531,"name":"PE26","slug":"pe26","term_group":0,"term_taxonomy_id":2531,"taxonomy":"ss_season","description":"","parent":0,"count":1722,"filter":"raw"}],"ss_old_price":"0,00","ss_omnibus_price":"0,00","ss_style_advice":"<p><b>Body RUE DE CLERIE Nero da donna<\/b><br \/>\nEssenziale, sensuale e incredibilmente versatile: il <b>Body RUE DE CLERIE Nero<\/b> \u00e8 il capo perfetto per valorizzare la silhouette con eleganza in ogni stagione. Realizzato in 95% poliestere e 5% elastano, avvolge il corpo con una vestibilit\u00e0 morbida e confortevole, garantendo libert\u00e0 di movimento e una linea sempre impeccabile.<br \/>Questo <b>body da donna adatto in tutte le stagioni<\/b> si distingue per il suo design femminile e funzionale: la <b>coppa imbottita<\/b> offre sostegno e definizione, valorizzando il d\u00e9collet\u00e9 con naturalezza. Il colore nero, intramontabile e sofisticato, lo rende un capo estremamente versatile, perfetto per creare outfit sia minimal sia pi\u00f9 strutturati.<br \/>La vestibilit\u00e0 \u00e8 regolare: la modella \u00e8 alta 165 cm e indossa la taglia S, un riferimento utile per scegliere la misura pi\u00f9 adatta a te.<br \/>Indossalo nel tempo libero per un look semplice ma curato oppure come base per outfit pi\u00f9 eleganti e definiti. Puoi abbinarlo come sottogiacca con pantaloni a vita alta per un look contemporaneo e raffinato, oppure con jeans per uno stile pi\u00f9 casual ma sempre femminile.<br \/>Il <b>Body con coppa imbottita<\/b> firmato RUE DE CLERIE \u00e8 pensato per accompagnarti in ogni momento della giornata, unendo comfort e stile con naturalezza.<br \/>Tutti i prodotti su SecondaStrada.com sono originali e selezionati con attenzione.<br \/><b>Codice articolo: F963XBFWM301 OB<\/b><\/p>\n","ss_composition":"<p>95% poliestere, 5% elastano<\/p>\n","ss_fit":"<p>La modella \u00e8 alta 165 cm e veste la taglia S. La vestibilit\u00e0 del capo \u00e8 regolare.<\/p>\n"},"yoast_head":"<!-- This site is optimized with the Yoast SEO plugin v22.3 - https:\/\/yoast.com\/wordpress\/plugins\/seo\/ -->\n<title>Body Rue De Clerie Nero - Acquista online! - Seconda Strada<\/title>\n<meta name=\"description\" content=\"Body Rue De Clerie Nero \u27a4 Acquista online su Secondastrada.com Body Rue De Clerie Nero \u2714\ufe0f Spedizione veloce entro 24h in tutta Italia \u2714\ufe0f Sconto sul tuo primo acquisto\" \/>\n<meta name=\"robots\" content=\"index, follow, max-snippet:-1, max-image-preview:large, max-video-preview:-1\" \/>\n<link rel=\"canonical\" href=\"https:\/\/www.secondastrada.com\/it\/body-rue-de-clerie-nero\/\" \/>\n<meta property=\"og:locale\" content=\"it_IT\" \/>\n<meta property=\"og:type\" content=\"article\" \/>\n<meta property=\"og:title\" content=\"Body Rue De Clerie Nero - Acquista online! - Seconda Strada\" \/>\n<meta property=\"og:description\" content=\"Body Rue De Clerie Nero \u27a4 Acquista online su Secondastrada.com Body Rue De Clerie Nero \u2714\ufe0f Spedizione veloce entro 24h in tutta Italia \u2714\ufe0f Sconto sul tuo primo acquisto\" \/>\n<meta property=\"og:url\" content=\"https:\/\/www.secondastrada.com\/it\/body-rue-de-clerie-nero\/\" \/>\n<meta property=\"og:site_name\" content=\"Seconda Strada\" \/>\n<meta property=\"og:image\" content=\"https:\/\/www.secondastrada.com\/wp-content\/uploads\/2026\/04\/F963XBFWM301-OB_NERO_PE26_1.jpg\" \/>\n\t<meta property=\"og:image:width\" content=\"1000\" \/>\n\t<meta property=\"og:image:height\" content=\"1300\" \/>\n\t<meta property=\"og:image:type\" content=\"image\/jpeg\" \/>\n<meta name=\"twitter:card\" content=\"summary_large_image\" \/>\n<meta name=\"twitter:label1\" content=\"Tempo di lettura stimato\" \/>\n\t<meta name=\"twitter:data1\" content=\"1 minuto\" \/>\n<!-- \/ Yoast SEO plugin. -->","yoast_head_json":{"title":"Body Rue De Clerie Nero - Acquista online! - Seconda Strada","description":"Body Rue De Clerie Nero \u27a4 Acquista online su Secondastrada.com Body Rue De Clerie Nero \u2714\ufe0f Spedizione veloce entro 24h in tutta Italia \u2714\ufe0f Sconto sul tuo primo acquisto","robots":{"index":"index","follow":"follow","max-snippet":"max-snippet:-1","max-image-preview":"max-image-preview:large","max-video-preview":"max-video-preview:-1"},"canonical":"https:\/\/www.secondastrada.com\/it\/body-rue-de-clerie-nero\/","og_locale":"it_IT","og_type":"article","og_title":"Body Rue De Clerie Nero - Acquista online! - Seconda Strada","og_description":"Body Rue De Clerie Nero \u27a4 Acquista online su Secondastrada.com Body Rue De Clerie Nero \u2714\ufe0f Spedizione veloce entro 24h in tutta Italia \u2714\ufe0f Sconto sul tuo primo acquisto","og_url":"https:\/\/www.secondastrada.com\/it\/body-rue-de-clerie-nero\/","og_site_name":"Seconda Strada","og_image":[{"width":1000,"height":1300,"url":"https:\/\/www.secondastrada.com\/wp-content\/uploads\/2026\/04\/F963XBFWM301-OB_NERO_PE26_1.jpg","type":"image\/jpeg"}],"twitter_card":"summary_large_image","twitter_misc":{"Tempo di lettura stimato":"1 minuto"},"schema":{"@context":"https:\/\/schema.org","@graph":[{"@type":"WebPage","@id":"https:\/\/www.secondastrada.com\/it\/body-rue-de-clerie-nero\/","url":"https:\/\/www.secondastrada.com\/it\/body-rue-de-clerie-nero\/","name":"Body Rue De Clerie Nero - Acquista online! - Seconda Strada","isPartOf":{"@id":"https:\/\/www.secondastrada.com\/it\/#website"},"primaryImageOfPage":{"@id":"https:\/\/www.secondastrada.com\/it\/body-rue-de-clerie-nero\/#primaryimage"},"image":{"@id":"https:\/\/www.secondastrada.com\/it\/body-rue-de-clerie-nero\/#primaryimage"},"thumbnailUrl":"https:\/\/www.secondastrada.com\/wp-content\/uploads\/2026\/04\/F963XBFWM301-OB_NERO_PE26_1.jpg","datePublished":"2026-04-30T08:00:28+00:00","dateModified":"2026-04-30T08:00:28+00:00","description":"Body Rue De Clerie Nero \u27a4 Acquista online su Secondastrada.com Body Rue De Clerie Nero \u2714\ufe0f Spedizione veloce entro 24h in tutta Italia \u2714\ufe0f Sconto sul tuo primo acquisto","breadcrumb":{"@id":"https:\/\/www.secondastrada.com\/it\/body-rue-de-clerie-nero\/#breadcrumb"},"inLanguage":"it-IT","potentialAction":[{"@type":"ReadAction","target":["https:\/\/www.secondastrada.com\/it\/body-rue-de-clerie-nero\/"]}]},{"@type":"ImageObject","inLanguage":"it-IT","@id":"https:\/\/www.secondastrada.com\/it\/body-rue-de-clerie-nero\/#primaryimage","url":"https:\/\/www.secondastrada.com\/wp-content\/uploads\/2026\/04\/F963XBFWM301-OB_NERO_PE26_1.jpg","contentUrl":"https:\/\/www.secondastrada.com\/wp-content\/uploads\/2026\/04\/F963XBFWM301-OB_NERO_PE26_1.jpg","width":1000,"height":1300,"caption":"F963XBFWM301-OB_NERO_PE26"},{"@type":"BreadcrumbList","@id":"https:\/\/www.secondastrada.com\/it\/body-rue-de-clerie-nero\/#breadcrumb","itemListElement":[{"@type":"ListItem","position":1,"name":"Home","item":"https:\/\/www.secondastrada.com\/it\/"},{"@type":"ListItem","position":2,"name":"Shop","item":"https:\/\/www.secondastrada.com\/it\/shop\/"},{"@type":"ListItem","position":3,"name":"Donna","item":"https:\/\/www.secondastrada.com\/it\/collezione-donna\/"},{"@type":"ListItem","position":4,"name":"Abbigliamento","item":"https:\/\/www.secondastrada.com\/it\/collezione-donna\/abbigliamento-donna\/"},{"@type":"ListItem","position":5,"name":"T-shirt e Top","item":"https:\/\/www.secondastrada.com\/it\/collezione-donna\/abbigliamento-donna\/t-shirt-e-top-da-donna\/"},{"@type":"ListItem","position":6,"name":"Top","item":"https:\/\/www.secondastrada.com\/it\/collezione-donna\/abbigliamento-donna\/t-shirt-e-top-da-donna\/top-da-donna\/"},{"@type":"ListItem","position":7,"name":"Body Rue De Clerie Nero"}]},{"@type":"WebSite","@id":"https:\/\/www.secondastrada.com\/it\/#website","url":"https:\/\/www.secondastrada.com\/it\/","name":"Seconda Strada","description":"","publisher":{"@id":"https:\/\/www.secondastrada.com\/it\/#organization"},"potentialAction":[{"@type":"SearchAction","target":{"@type":"EntryPoint","urlTemplate":"https:\/\/www.secondastrada.com\/it\/?s={search_term_string}"},"query-input":"required name=search_term_string"}],"inLanguage":"it-IT"},{"@type":"Organization","@id":"https:\/\/www.secondastrada.com\/it\/#organization","name":"Seconda Strada","url":"https:\/\/www.secondastrada.com\/it\/","logo":{"@type":"ImageObject","inLanguage":"it-IT","@id":"https:\/\/www.secondastrada.com\/it\/#\/schema\/logo\/image\/","url":"https:\/\/www.secondastrada.com\/wp-content\/uploads\/2023\/11\/secondastrada-logo.svg","contentUrl":"https:\/\/www.secondastrada.com\/wp-content\/uploads\/2023\/11\/secondastrada-logo.svg","width":353,"height":47,"caption":"Seconda Strada"},"image":{"@id":"https:\/\/www.secondastrada.com\/it\/#\/schema\/logo\/image\/"}}]}},"df_price":24.493,"df_sale_price":"","df_regular_price":24.493,"df_image_link":"https:\/\/www.secondastrada.com\/wp-content\/uploads\/2026\/04\/F963XBFWM301-OB_NERO_PE26_1-300x300.jpg","_links":{"self":[{"href":"https:\/\/www.secondastrada.com\/it\/wp-json\/wp\/v2\/product\/362564"}],"collection":[{"href":"https:\/\/www.secondastrada.com\/it\/wp-json\/wp\/v2\/product"}],"about":[{"href":"https:\/\/www.secondastrada.com\/it\/wp-json\/wp\/v2\/types\/product"}],"wp:featuredmedia":[{"embeddable":true,"href":"https:\/\/www.secondastrada.com\/it\/wp-json\/wp\/v2\/media\/364136"}],"wp:attachment":[{"href":"https:\/\/www.secondastrada.com\/it\/wp-json\/wp\/v2\/media?parent=362564"}],"wp:term":[{"taxonomy":"ss_brand","embeddable":true,"href":"https:\/\/www.secondastrada.com\/it\/wp-json\/wp\/v2\/ss_brand?post=362564"},{"taxonomy":"ss_promo","embeddable":true,"href":"https:\/\/www.secondastrada.com\/it\/wp-json\/wp\/v2\/ss_promo?post=362564"},{"taxonomy":"ss_season","embeddable":true,"href":"https:\/\/www.secondastrada.com\/it\/wp-json\/wp\/v2\/ss_season?post=362564"},{"taxonomy":"product_cat","embeddable":true,"href":"https:\/\/www.secondastrada.com\/it\/wp-json\/wp\/v2\/product_cat?post=362564"},{"taxonomy":"product_tag","embeddable":true,"href":"https:\/\/www.secondastrada.com\/it\/wp-json\/wp\/v2\/product_tag?post=362564"}],"curies":[{"name":"wp","href":"https:\/\/api.w.org\/{rel}","templated":true}]}}