{"id":363012,"date":"2026-04-27T13:27:30","date_gmt":"2026-04-27T11:27:30","guid":{"rendered":"https:\/\/www.secondastrada.com\/it\/t-shirt-tommy-hilfiger-azzurra\/"},"modified":"2026-04-28T12:06:14","modified_gmt":"2026-04-28T10:06:14","slug":"t-shirt-tommy-hilfiger-azzurra","status":"publish","type":"product","link":"https:\/\/www.secondastrada.com\/it\/t-shirt-tommy-hilfiger-azzurra\/","title":{"rendered":"T-shirt Tommy Hilfiger Azzurra"},"content":{"rendered":"<p><b>T-shirt TOMMY HILFIGER Azzurra da uomo<\/b><br \/>\nFresca, versatile e dallo stile inconfondibile, la T-shirt TOMMY HILFIGER Azzurra \u00e8 il capo ideale per arricchire il tuo guardaroba con un tocco di colore e personalit\u00e0. Realizzata in 100% cotone, garantisce comfort e traspirabilit\u00e0 durante tutta la giornata, adattandosi perfettamente a ogni momento della tua routine.<\/p>\n<p>Questa <b>T-shirt con stampa Tommy jeans sul retro<\/b> unisce semplicit\u00e0 e carattere: il design pulito sul davanti \u00e8 valorizzato dalla stampa sul retro, che aggiunge un dettaglio distintivo e contemporaneo. La vestibilit\u00e0 \u00e8 regolare: il modello \u00e8 alto 187 cm e indossa la taglia L, offrendo un fit naturale e comodo, adatto a diverse fisicit\u00e0.<\/p>\n<p>Perfetta come <b>T-shirt da uomo adatta in tutte le stagioni<\/b>, puoi indossarla nel tempo libero, durante le uscite informali o nei momenti di relax, quando desideri un look semplice ma curato.<\/p>\n<p>Per un outfit casual e sempre attuale, abbinala a un paio di jeans e sneakers. Nelle giornate pi\u00f9 calde, scegli bermuda e scarpe sportive per un look leggero e dinamico.<\/p>\n<p>Scegli la qualit\u00e0 e l\u2019autenticit\u00e0 firmata TOMMY HILFIGER: su SecondaStrada.com trovi solo prodotti originali, selezionati con attenzione.<br \/><b>Codice articolo: DM0DM22532 OB<\/b><\/p>\n","protected":false},"excerpt":{"rendered":"<p>T-shirt TOMMY HILFIGER Azzurra da uomo Fresca, versatile e dallo stile inconfondibile, la T-shirt TOMMY HILFIGER Azzurra \u00e8 il capo ideale per arricchire il tuo guardaroba con un tocco di colore e personalit\u00e0. Realizzata in 100% cotone, garantisce comfort e traspirabilit\u00e0 durante tutta la giornata, adattandosi perfettamente a ogni momento della tua routine. Questa T-shirt&#8230;<\/p>\n","protected":false},"featured_media":362162,"template":"","meta":{"inline_featured_image":false},"ss_brand":[1317],"ss_promo":[],"ss_season":[2531],"product_cat":[1332,1479,2276,1714],"product_tag":[1993,2448],"class_list":{"0":"post-363012","1":"product","2":"type-product","3":"status-publish","4":"has-post-thumbnail","6":"ss_brand-tommy-hilfiger-uomo","7":"ss_season-pe26","8":"product_cat-abbigliamento-uomo","9":"product_cat-t-shirt-da-uomo","10":"product_cat-t-shirt-in-cotone-da-uomo","11":"product_cat-collezione-uomo","12":"product_tag-nuovi-arrivi-uomo","13":"product_tag-t-shirt-tommy-hilfiger-uomo","15":"first","16":"instock","17":"shipping-taxable","18":"purchasable","19":"product-type-variable","20":"has-default-attributes"},"acf":{"ss_brand":[{"term_id":1317,"name":"TOMMY HILFIGER","slug":"tommy-hilfiger-uomo","term_group":0,"term_taxonomy_id":1317,"taxonomy":"ss_brand","description":"Aggiungi un twist preppy e memorabile al tuo stile con gli accessori da uomo di Tommy Hilfiger e approfitta dei vantaggi imbattibili del nostro store online di grandi firme!","parent":1268,"count":342,"filter":"raw"}],"ss_promo":false,"ss_season":[{"term_id":2531,"name":"PE26","slug":"pe26","term_group":0,"term_taxonomy_id":2531,"taxonomy":"ss_season","description":"","parent":0,"count":1573,"filter":"raw"}],"ss_old_price":"39,90","ss_omnibus_price":"0,00","ss_style_advice":"<p><b>T-shirt TOMMY HILFIGER Azzurra da uomo<\/b><br \/>\nFresca, versatile e dallo stile inconfondibile, la T-shirt TOMMY HILFIGER Azzurra \u00e8 il capo ideale per arricchire il tuo guardaroba con un tocco di colore e personalit\u00e0. Realizzata in 100% cotone, garantisce comfort e traspirabilit\u00e0 durante tutta la giornata, adattandosi perfettamente a ogni momento della tua routine.<\/p>\n<p>Questa <b>T-shirt con stampa Tommy jeans sul retro<\/b> unisce semplicit\u00e0 e carattere: il design pulito sul davanti \u00e8 valorizzato dalla stampa sul retro, che aggiunge un dettaglio distintivo e contemporaneo. La vestibilit\u00e0 \u00e8 regolare: il modello \u00e8 alto 187 cm e indossa la taglia L, offrendo un fit naturale e comodo, adatto a diverse fisicit\u00e0.<\/p>\n<p>Perfetta come <b>T-shirt da uomo adatta in tutte le stagioni<\/b>, puoi indossarla nel tempo libero, durante le uscite informali o nei momenti di relax, quando desideri un look semplice ma curato.<\/p>\n<p>Per un outfit casual e sempre attuale, abbinala a un paio di jeans e sneakers. Nelle giornate pi\u00f9 calde, scegli bermuda e scarpe sportive per un look leggero e dinamico.<\/p>\n<p>Scegli la qualit\u00e0 e l\u2019autenticit\u00e0 firmata TOMMY HILFIGER: su SecondaStrada.com trovi solo prodotti originali, selezionati con attenzione.<br \/><b>Codice articolo: DM0DM22532 OB<\/b><\/p>\n","ss_composition":"<p>100% cotone<\/p>\n","ss_fit":"<p>Il modello \u00e8 alto 187 cm e veste la taglia L. La vestibilit\u00e0 del capo \u00e8 regolare.<\/p>\n"},"yoast_head":"<!-- This site is optimized with the Yoast SEO plugin v22.3 - https:\/\/yoast.com\/wordpress\/plugins\/seo\/ -->\n<title>T-shirt Tommy Hilfiger Azzurra - Acquista online! - Seconda Strada<\/title>\n<meta name=\"description\" content=\"T-shirt Tommy Hilfiger Azzurra \u27a4 Acquista online su Secondastrada.com T-shirt Tommy Hilfiger Azzurra \u2714\ufe0f Spedizione veloce entro 24h in tutta Italia \u2714\ufe0f Sconto sul tuo primo acquisto\" \/>\n<meta name=\"robots\" content=\"index, follow, max-snippet:-1, max-image-preview:large, max-video-preview:-1\" \/>\n<link rel=\"canonical\" href=\"https:\/\/www.secondastrada.com\/it\/t-shirt-tommy-hilfiger-azzurra\/\" \/>\n<meta property=\"og:locale\" content=\"it_IT\" \/>\n<meta property=\"og:type\" content=\"article\" \/>\n<meta property=\"og:title\" content=\"T-shirt Tommy Hilfiger Azzurra - Acquista online! - Seconda Strada\" \/>\n<meta property=\"og:description\" content=\"T-shirt Tommy Hilfiger Azzurra \u27a4 Acquista online su Secondastrada.com T-shirt Tommy Hilfiger Azzurra \u2714\ufe0f Spedizione veloce entro 24h in tutta Italia \u2714\ufe0f Sconto sul tuo primo acquisto\" \/>\n<meta property=\"og:url\" content=\"https:\/\/www.secondastrada.com\/it\/t-shirt-tommy-hilfiger-azzurra\/\" \/>\n<meta property=\"og:site_name\" content=\"Seconda Strada\" \/>\n<meta property=\"article:modified_time\" content=\"2026-04-28T10:06:14+00:00\" \/>\n<meta property=\"og:image\" content=\"https:\/\/www.secondastrada.com\/wp-content\/uploads\/2026\/04\/DM0DM22532-OB_C38_PE26_1.jpg\" \/>\n\t<meta property=\"og:image:width\" content=\"1000\" \/>\n\t<meta property=\"og:image:height\" content=\"1300\" \/>\n\t<meta property=\"og:image:type\" content=\"image\/jpeg\" \/>\n<meta name=\"twitter:card\" content=\"summary_large_image\" \/>\n<meta name=\"twitter:label1\" content=\"Tempo di lettura stimato\" \/>\n\t<meta name=\"twitter:data1\" content=\"1 minuto\" \/>\n<!-- \/ Yoast SEO plugin. -->","yoast_head_json":{"title":"T-shirt Tommy Hilfiger Azzurra - Acquista online! - Seconda Strada","description":"T-shirt Tommy Hilfiger Azzurra \u27a4 Acquista online su Secondastrada.com T-shirt Tommy Hilfiger Azzurra \u2714\ufe0f Spedizione veloce entro 24h in tutta Italia \u2714\ufe0f Sconto sul tuo primo acquisto","robots":{"index":"index","follow":"follow","max-snippet":"max-snippet:-1","max-image-preview":"max-image-preview:large","max-video-preview":"max-video-preview:-1"},"canonical":"https:\/\/www.secondastrada.com\/it\/t-shirt-tommy-hilfiger-azzurra\/","og_locale":"it_IT","og_type":"article","og_title":"T-shirt Tommy Hilfiger Azzurra - Acquista online! - Seconda Strada","og_description":"T-shirt Tommy Hilfiger Azzurra \u27a4 Acquista online su Secondastrada.com T-shirt Tommy Hilfiger Azzurra \u2714\ufe0f Spedizione veloce entro 24h in tutta Italia \u2714\ufe0f Sconto sul tuo primo acquisto","og_url":"https:\/\/www.secondastrada.com\/it\/t-shirt-tommy-hilfiger-azzurra\/","og_site_name":"Seconda Strada","article_modified_time":"2026-04-28T10:06:14+00:00","og_image":[{"width":1000,"height":1300,"url":"https:\/\/www.secondastrada.com\/wp-content\/uploads\/2026\/04\/DM0DM22532-OB_C38_PE26_1.jpg","type":"image\/jpeg"}],"twitter_card":"summary_large_image","twitter_misc":{"Tempo di lettura stimato":"1 minuto"},"schema":{"@context":"https:\/\/schema.org","@graph":[{"@type":"WebPage","@id":"https:\/\/www.secondastrada.com\/it\/t-shirt-tommy-hilfiger-azzurra\/","url":"https:\/\/www.secondastrada.com\/it\/t-shirt-tommy-hilfiger-azzurra\/","name":"T-shirt Tommy Hilfiger Azzurra - Acquista online! - Seconda Strada","isPartOf":{"@id":"https:\/\/www.secondastrada.com\/it\/#website"},"primaryImageOfPage":{"@id":"https:\/\/www.secondastrada.com\/it\/t-shirt-tommy-hilfiger-azzurra\/#primaryimage"},"image":{"@id":"https:\/\/www.secondastrada.com\/it\/t-shirt-tommy-hilfiger-azzurra\/#primaryimage"},"thumbnailUrl":"https:\/\/www.secondastrada.com\/wp-content\/uploads\/2026\/04\/DM0DM22532-OB_C38_PE26_1.jpg","datePublished":"2026-04-27T11:27:30+00:00","dateModified":"2026-04-28T10:06:14+00:00","description":"T-shirt Tommy Hilfiger Azzurra \u27a4 Acquista online su Secondastrada.com T-shirt Tommy Hilfiger Azzurra \u2714\ufe0f Spedizione veloce entro 24h in tutta Italia \u2714\ufe0f Sconto sul tuo primo acquisto","breadcrumb":{"@id":"https:\/\/www.secondastrada.com\/it\/t-shirt-tommy-hilfiger-azzurra\/#breadcrumb"},"inLanguage":"it-IT","potentialAction":[{"@type":"ReadAction","target":["https:\/\/www.secondastrada.com\/it\/t-shirt-tommy-hilfiger-azzurra\/"]}]},{"@type":"ImageObject","inLanguage":"it-IT","@id":"https:\/\/www.secondastrada.com\/it\/t-shirt-tommy-hilfiger-azzurra\/#primaryimage","url":"https:\/\/www.secondastrada.com\/wp-content\/uploads\/2026\/04\/DM0DM22532-OB_C38_PE26_1.jpg","contentUrl":"https:\/\/www.secondastrada.com\/wp-content\/uploads\/2026\/04\/DM0DM22532-OB_C38_PE26_1.jpg","width":1000,"height":1300,"caption":"DM0DM22532-OB_C38_PE26"},{"@type":"BreadcrumbList","@id":"https:\/\/www.secondastrada.com\/it\/t-shirt-tommy-hilfiger-azzurra\/#breadcrumb","itemListElement":[{"@type":"ListItem","position":1,"name":"Home","item":"https:\/\/www.secondastrada.com\/it\/"},{"@type":"ListItem","position":2,"name":"Shop","item":"https:\/\/www.secondastrada.com\/it\/shop\/"},{"@type":"ListItem","position":3,"name":"Uomo","item":"https:\/\/www.secondastrada.com\/it\/collezione-uomo\/"},{"@type":"ListItem","position":4,"name":"Abbigliamento","item":"https:\/\/www.secondastrada.com\/it\/collezione-uomo\/abbigliamento-uomo\/"},{"@type":"ListItem","position":5,"name":"T-shirt","item":"https:\/\/www.secondastrada.com\/it\/collezione-uomo\/abbigliamento-uomo\/t-shirt-da-uomo\/"},{"@type":"ListItem","position":6,"name":"T-shirt in cotone","item":"https:\/\/www.secondastrada.com\/it\/collezione-uomo\/abbigliamento-uomo\/t-shirt-da-uomo\/t-shirt-in-cotone-da-uomo\/"},{"@type":"ListItem","position":7,"name":"T-shirt Tommy Hilfiger Azzurra"}]},{"@type":"WebSite","@id":"https:\/\/www.secondastrada.com\/it\/#website","url":"https:\/\/www.secondastrada.com\/it\/","name":"Seconda Strada","description":"","publisher":{"@id":"https:\/\/www.secondastrada.com\/it\/#organization"},"potentialAction":[{"@type":"SearchAction","target":{"@type":"EntryPoint","urlTemplate":"https:\/\/www.secondastrada.com\/it\/?s={search_term_string}"},"query-input":"required name=search_term_string"}],"inLanguage":"it-IT"},{"@type":"Organization","@id":"https:\/\/www.secondastrada.com\/it\/#organization","name":"Seconda Strada","url":"https:\/\/www.secondastrada.com\/it\/","logo":{"@type":"ImageObject","inLanguage":"it-IT","@id":"https:\/\/www.secondastrada.com\/it\/#\/schema\/logo\/image\/","url":"https:\/\/www.secondastrada.com\/wp-content\/uploads\/2023\/11\/secondastrada-logo.svg","contentUrl":"https:\/\/www.secondastrada.com\/wp-content\/uploads\/2023\/11\/secondastrada-logo.svg","width":353,"height":47,"caption":"Seconda Strada"},"image":{"@id":"https:\/\/www.secondastrada.com\/it\/#\/schema\/logo\/image\/"}}]}},"df_price":34.99,"df_sale_price":"","df_regular_price":34.99,"df_image_link":"https:\/\/www.secondastrada.com\/wp-content\/uploads\/2026\/04\/DM0DM22532-OB_C38_PE26_1-300x300.jpg","_links":{"self":[{"href":"https:\/\/www.secondastrada.com\/it\/wp-json\/wp\/v2\/product\/363012"}],"collection":[{"href":"https:\/\/www.secondastrada.com\/it\/wp-json\/wp\/v2\/product"}],"about":[{"href":"https:\/\/www.secondastrada.com\/it\/wp-json\/wp\/v2\/types\/product"}],"wp:featuredmedia":[{"embeddable":true,"href":"https:\/\/www.secondastrada.com\/it\/wp-json\/wp\/v2\/media\/362162"}],"wp:attachment":[{"href":"https:\/\/www.secondastrada.com\/it\/wp-json\/wp\/v2\/media?parent=363012"}],"wp:term":[{"taxonomy":"ss_brand","embeddable":true,"href":"https:\/\/www.secondastrada.com\/it\/wp-json\/wp\/v2\/ss_brand?post=363012"},{"taxonomy":"ss_promo","embeddable":true,"href":"https:\/\/www.secondastrada.com\/it\/wp-json\/wp\/v2\/ss_promo?post=363012"},{"taxonomy":"ss_season","embeddable":true,"href":"https:\/\/www.secondastrada.com\/it\/wp-json\/wp\/v2\/ss_season?post=363012"},{"taxonomy":"product_cat","embeddable":true,"href":"https:\/\/www.secondastrada.com\/it\/wp-json\/wp\/v2\/product_cat?post=363012"},{"taxonomy":"product_tag","embeddable":true,"href":"https:\/\/www.secondastrada.com\/it\/wp-json\/wp\/v2\/product_tag?post=363012"}],"curies":[{"name":"wp","href":"https:\/\/api.w.org\/{rel}","templated":true}]}}