{"id":363067,"date":"2026-04-27T13:33:20","date_gmt":"2026-04-27T11:33:20","guid":{"rendered":"https:\/\/www.secondastrada.com\/it\/polo-tommy-hilfiger-azzurra\/"},"modified":"2026-04-27T14:05:54","modified_gmt":"2026-04-27T12:05:54","slug":"polo-tommy-hilfiger-azzurra","status":"publish","type":"product","link":"https:\/\/www.secondastrada.com\/it\/polo-tommy-hilfiger-azzurra\/","title":{"rendered":"Polo Tommy Hilfiger Azzurra"},"content":{"rendered":"<p><b>Polo TOMMY HILFIGER Azzurra da uomo<\/b><br \/>\nRaffinata nella sua semplicit\u00e0, la Polo TOMMY HILFIGER Azzurra \u00e8 il capo ideale per chi desidera un look curato ma rilassato, perfetto in ogni momento della giornata. Realizzata in 100% cotone, offre comfort, traspirabilit\u00e0 e una vestibilit\u00e0 piacevole sulla pelle, rendendola una scelta versatile per tutte le stagioni.<\/p>\n<p>Questa <b>polo con piccolo logo ricamato<\/b> si distingue per il suo design pulito ed elegante, arricchito dal dettaglio iconico del brand che dona un tocco discreto ma riconoscibile. La vestibilit\u00e0 \u00e8 regolare: il modello \u00e8 alto 187 cm e indossa la taglia L, garantendo un fit naturale che valorizza la silhouette senza risultare aderente.<\/p>\n<p>Perfetta come <b>polo da uomo adatta in tutte le stagioni<\/b>, \u00e8 ideale da indossare nel tempo libero, in occasioni casual o anche in contesti pi\u00f9 informali dove vuoi mantenere uno stile ordinato ma rilassato.<\/p>\n<p>Per un outfit versatile, abbinala a pantaloni chino e sneakers per un look moderno e pulito. Se preferisci uno stile pi\u00f9 casual, puoi indossarla con jeans e scarpe sportive per un risultato pratico e sempre attuale.<\/p>\n<p>Scegli la qualit\u00e0 e l\u2019autenticit\u00e0 firmata TOMMY HILFIGER: su SecondaStrada.com trovi solo prodotti originali, selezionati con cura.<br \/><b>Codice articolo: DM0DM22711 OB<\/b><\/p>\n","protected":false},"excerpt":{"rendered":"<p>Polo TOMMY HILFIGER Azzurra da uomo Raffinata nella sua semplicit\u00e0, la Polo TOMMY HILFIGER Azzurra \u00e8 il capo ideale per chi desidera un look curato ma rilassato, perfetto in ogni momento della giornata. Realizzata in 100% cotone, offre comfort, traspirabilit\u00e0 e una vestibilit\u00e0 piacevole sulla pelle, rendendola una scelta versatile per tutte le stagioni. Questa&#8230;<\/p>\n","protected":false},"featured_media":362184,"template":"","meta":{"inline_featured_image":false},"ss_brand":[1317],"ss_promo":[],"ss_season":[2531],"product_cat":[1332,1481,1714],"product_tag":[1993],"class_list":{"0":"post-363067","1":"product","2":"type-product","3":"status-publish","4":"has-post-thumbnail","6":"ss_brand-tommy-hilfiger-uomo","7":"ss_season-pe26","8":"product_cat-abbigliamento-uomo","9":"product_cat-polo-da-uomo","10":"product_cat-collezione-uomo","11":"product_tag-nuovi-arrivi-uomo","13":"first","14":"instock","15":"shipping-taxable","16":"purchasable","17":"product-type-variable","18":"has-default-attributes"},"acf":{"ss_brand":[{"term_id":1317,"name":"TOMMY HILFIGER","slug":"tommy-hilfiger-uomo","term_group":0,"term_taxonomy_id":1317,"taxonomy":"ss_brand","description":"Aggiungi un twist preppy e memorabile al tuo stile con gli accessori da uomo di Tommy Hilfiger e approfitta dei vantaggi imbattibili del nostro store online di grandi firme!","parent":1268,"count":342,"filter":"raw"}],"ss_promo":false,"ss_season":[{"term_id":2531,"name":"PE26","slug":"pe26","term_group":0,"term_taxonomy_id":2531,"taxonomy":"ss_season","description":"","parent":0,"count":1574,"filter":"raw"}],"ss_old_price":"69,90","ss_omnibus_price":"0,00","ss_style_advice":"<p><b>Polo TOMMY HILFIGER Azzurra da uomo<\/b><br \/>\nRaffinata nella sua semplicit\u00e0, la Polo TOMMY HILFIGER Azzurra \u00e8 il capo ideale per chi desidera un look curato ma rilassato, perfetto in ogni momento della giornata. Realizzata in 100% cotone, offre comfort, traspirabilit\u00e0 e una vestibilit\u00e0 piacevole sulla pelle, rendendola una scelta versatile per tutte le stagioni.<\/p>\n<p>Questa <b>polo con piccolo logo ricamato<\/b> si distingue per il suo design pulito ed elegante, arricchito dal dettaglio iconico del brand che dona un tocco discreto ma riconoscibile. La vestibilit\u00e0 \u00e8 regolare: il modello \u00e8 alto 187 cm e indossa la taglia L, garantendo un fit naturale che valorizza la silhouette senza risultare aderente.<\/p>\n<p>Perfetta come <b>polo da uomo adatta in tutte le stagioni<\/b>, \u00e8 ideale da indossare nel tempo libero, in occasioni casual o anche in contesti pi\u00f9 informali dove vuoi mantenere uno stile ordinato ma rilassato.<\/p>\n<p>Per un outfit versatile, abbinala a pantaloni chino e sneakers per un look moderno e pulito. Se preferisci uno stile pi\u00f9 casual, puoi indossarla con jeans e scarpe sportive per un risultato pratico e sempre attuale.<\/p>\n<p>Scegli la qualit\u00e0 e l\u2019autenticit\u00e0 firmata TOMMY HILFIGER: su SecondaStrada.com trovi solo prodotti originali, selezionati con cura.<br \/><b>Codice articolo: DM0DM22711 OB<\/b><\/p>\n","ss_composition":"<p>100% cotone<\/p>\n","ss_fit":"<p>Il modello \u00e8 alto 187 cm e veste la taglia L. La vestibilit\u00e0 del capo \u00e8 regolare.<\/p>\n"},"yoast_head":"<!-- This site is optimized with the Yoast SEO plugin v22.3 - https:\/\/yoast.com\/wordpress\/plugins\/seo\/ -->\n<title>Polo Tommy Hilfiger Azzurra - Acquista online! - Seconda Strada<\/title>\n<meta name=\"description\" content=\"Polo Tommy Hilfiger Azzurra \u27a4 Acquista online su Secondastrada.com Polo Tommy Hilfiger Azzurra \u2714\ufe0f Spedizione veloce entro 24h in tutta Italia \u2714\ufe0f Sconto sul tuo primo acquisto\" \/>\n<meta name=\"robots\" content=\"index, follow, max-snippet:-1, max-image-preview:large, max-video-preview:-1\" \/>\n<link rel=\"canonical\" href=\"https:\/\/www.secondastrada.com\/it\/polo-tommy-hilfiger-azzurra\/\" \/>\n<meta property=\"og:locale\" content=\"it_IT\" \/>\n<meta property=\"og:type\" content=\"article\" \/>\n<meta property=\"og:title\" content=\"Polo Tommy Hilfiger Azzurra - Acquista online! - Seconda Strada\" \/>\n<meta property=\"og:description\" content=\"Polo Tommy Hilfiger Azzurra \u27a4 Acquista online su Secondastrada.com Polo Tommy Hilfiger Azzurra \u2714\ufe0f Spedizione veloce entro 24h in tutta Italia \u2714\ufe0f Sconto sul tuo primo acquisto\" \/>\n<meta property=\"og:url\" content=\"https:\/\/www.secondastrada.com\/it\/polo-tommy-hilfiger-azzurra\/\" \/>\n<meta property=\"og:site_name\" content=\"Seconda Strada\" \/>\n<meta property=\"article:modified_time\" content=\"2026-04-27T12:05:54+00:00\" \/>\n<meta property=\"og:image\" content=\"https:\/\/www.secondastrada.com\/wp-content\/uploads\/2026\/04\/DM0DM22711-OB_C38_PE26_1.jpg\" \/>\n\t<meta property=\"og:image:width\" content=\"1000\" \/>\n\t<meta property=\"og:image:height\" content=\"1300\" \/>\n\t<meta property=\"og:image:type\" content=\"image\/jpeg\" \/>\n<meta name=\"twitter:card\" content=\"summary_large_image\" \/>\n<meta name=\"twitter:label1\" content=\"Tempo di lettura stimato\" \/>\n\t<meta name=\"twitter:data1\" content=\"1 minuto\" \/>\n<!-- \/ Yoast SEO plugin. -->","yoast_head_json":{"title":"Polo Tommy Hilfiger Azzurra - Acquista online! - Seconda Strada","description":"Polo Tommy Hilfiger Azzurra \u27a4 Acquista online su Secondastrada.com Polo Tommy Hilfiger Azzurra \u2714\ufe0f Spedizione veloce entro 24h in tutta Italia \u2714\ufe0f Sconto sul tuo primo acquisto","robots":{"index":"index","follow":"follow","max-snippet":"max-snippet:-1","max-image-preview":"max-image-preview:large","max-video-preview":"max-video-preview:-1"},"canonical":"https:\/\/www.secondastrada.com\/it\/polo-tommy-hilfiger-azzurra\/","og_locale":"it_IT","og_type":"article","og_title":"Polo Tommy Hilfiger Azzurra - Acquista online! - Seconda Strada","og_description":"Polo Tommy Hilfiger Azzurra \u27a4 Acquista online su Secondastrada.com Polo Tommy Hilfiger Azzurra \u2714\ufe0f Spedizione veloce entro 24h in tutta Italia \u2714\ufe0f Sconto sul tuo primo acquisto","og_url":"https:\/\/www.secondastrada.com\/it\/polo-tommy-hilfiger-azzurra\/","og_site_name":"Seconda Strada","article_modified_time":"2026-04-27T12:05:54+00:00","og_image":[{"width":1000,"height":1300,"url":"https:\/\/www.secondastrada.com\/wp-content\/uploads\/2026\/04\/DM0DM22711-OB_C38_PE26_1.jpg","type":"image\/jpeg"}],"twitter_card":"summary_large_image","twitter_misc":{"Tempo di lettura stimato":"1 minuto"},"schema":{"@context":"https:\/\/schema.org","@graph":[{"@type":"WebPage","@id":"https:\/\/www.secondastrada.com\/it\/polo-tommy-hilfiger-azzurra\/","url":"https:\/\/www.secondastrada.com\/it\/polo-tommy-hilfiger-azzurra\/","name":"Polo Tommy Hilfiger Azzurra - Acquista online! - Seconda Strada","isPartOf":{"@id":"https:\/\/www.secondastrada.com\/it\/#website"},"primaryImageOfPage":{"@id":"https:\/\/www.secondastrada.com\/it\/polo-tommy-hilfiger-azzurra\/#primaryimage"},"image":{"@id":"https:\/\/www.secondastrada.com\/it\/polo-tommy-hilfiger-azzurra\/#primaryimage"},"thumbnailUrl":"https:\/\/www.secondastrada.com\/wp-content\/uploads\/2026\/04\/DM0DM22711-OB_C38_PE26_1.jpg","datePublished":"2026-04-27T11:33:20+00:00","dateModified":"2026-04-27T12:05:54+00:00","description":"Polo Tommy Hilfiger Azzurra \u27a4 Acquista online su Secondastrada.com Polo Tommy Hilfiger Azzurra \u2714\ufe0f Spedizione veloce entro 24h in tutta Italia \u2714\ufe0f Sconto sul tuo primo acquisto","breadcrumb":{"@id":"https:\/\/www.secondastrada.com\/it\/polo-tommy-hilfiger-azzurra\/#breadcrumb"},"inLanguage":"it-IT","potentialAction":[{"@type":"ReadAction","target":["https:\/\/www.secondastrada.com\/it\/polo-tommy-hilfiger-azzurra\/"]}]},{"@type":"ImageObject","inLanguage":"it-IT","@id":"https:\/\/www.secondastrada.com\/it\/polo-tommy-hilfiger-azzurra\/#primaryimage","url":"https:\/\/www.secondastrada.com\/wp-content\/uploads\/2026\/04\/DM0DM22711-OB_C38_PE26_1.jpg","contentUrl":"https:\/\/www.secondastrada.com\/wp-content\/uploads\/2026\/04\/DM0DM22711-OB_C38_PE26_1.jpg","width":1000,"height":1300,"caption":"DM0DM22711-OB_C38_PE26"},{"@type":"BreadcrumbList","@id":"https:\/\/www.secondastrada.com\/it\/polo-tommy-hilfiger-azzurra\/#breadcrumb","itemListElement":[{"@type":"ListItem","position":1,"name":"Home","item":"https:\/\/www.secondastrada.com\/it\/"},{"@type":"ListItem","position":2,"name":"Shop","item":"https:\/\/www.secondastrada.com\/it\/shop\/"},{"@type":"ListItem","position":3,"name":"Uomo","item":"https:\/\/www.secondastrada.com\/it\/collezione-uomo\/"},{"@type":"ListItem","position":4,"name":"Abbigliamento","item":"https:\/\/www.secondastrada.com\/it\/collezione-uomo\/abbigliamento-uomo\/"},{"@type":"ListItem","position":5,"name":"Polo","item":"https:\/\/www.secondastrada.com\/it\/collezione-uomo\/abbigliamento-uomo\/polo-da-uomo\/"},{"@type":"ListItem","position":6,"name":"Polo Tommy Hilfiger Azzurra"}]},{"@type":"WebSite","@id":"https:\/\/www.secondastrada.com\/it\/#website","url":"https:\/\/www.secondastrada.com\/it\/","name":"Seconda Strada","description":"","publisher":{"@id":"https:\/\/www.secondastrada.com\/it\/#organization"},"potentialAction":[{"@type":"SearchAction","target":{"@type":"EntryPoint","urlTemplate":"https:\/\/www.secondastrada.com\/it\/?s={search_term_string}"},"query-input":"required name=search_term_string"}],"inLanguage":"it-IT"},{"@type":"Organization","@id":"https:\/\/www.secondastrada.com\/it\/#organization","name":"Seconda Strada","url":"https:\/\/www.secondastrada.com\/it\/","logo":{"@type":"ImageObject","inLanguage":"it-IT","@id":"https:\/\/www.secondastrada.com\/it\/#\/schema\/logo\/image\/","url":"https:\/\/www.secondastrada.com\/wp-content\/uploads\/2023\/11\/secondastrada-logo.svg","contentUrl":"https:\/\/www.secondastrada.com\/wp-content\/uploads\/2023\/11\/secondastrada-logo.svg","width":353,"height":47,"caption":"Seconda Strada"},"image":{"@id":"https:\/\/www.secondastrada.com\/it\/#\/schema\/logo\/image\/"}}]}},"df_price":64.99,"df_sale_price":"","df_regular_price":64.99,"df_image_link":"https:\/\/www.secondastrada.com\/wp-content\/uploads\/2026\/04\/DM0DM22711-OB_C38_PE26_1-300x300.jpg","_links":{"self":[{"href":"https:\/\/www.secondastrada.com\/it\/wp-json\/wp\/v2\/product\/363067"}],"collection":[{"href":"https:\/\/www.secondastrada.com\/it\/wp-json\/wp\/v2\/product"}],"about":[{"href":"https:\/\/www.secondastrada.com\/it\/wp-json\/wp\/v2\/types\/product"}],"wp:featuredmedia":[{"embeddable":true,"href":"https:\/\/www.secondastrada.com\/it\/wp-json\/wp\/v2\/media\/362184"}],"wp:attachment":[{"href":"https:\/\/www.secondastrada.com\/it\/wp-json\/wp\/v2\/media?parent=363067"}],"wp:term":[{"taxonomy":"ss_brand","embeddable":true,"href":"https:\/\/www.secondastrada.com\/it\/wp-json\/wp\/v2\/ss_brand?post=363067"},{"taxonomy":"ss_promo","embeddable":true,"href":"https:\/\/www.secondastrada.com\/it\/wp-json\/wp\/v2\/ss_promo?post=363067"},{"taxonomy":"ss_season","embeddable":true,"href":"https:\/\/www.secondastrada.com\/it\/wp-json\/wp\/v2\/ss_season?post=363067"},{"taxonomy":"product_cat","embeddable":true,"href":"https:\/\/www.secondastrada.com\/it\/wp-json\/wp\/v2\/product_cat?post=363067"},{"taxonomy":"product_tag","embeddable":true,"href":"https:\/\/www.secondastrada.com\/it\/wp-json\/wp\/v2\/product_tag?post=363067"}],"curies":[{"name":"wp","href":"https:\/\/api.w.org\/{rel}","templated":true}]}}