{"id":363824,"date":"2026-04-29T12:31:41","date_gmt":"2026-04-29T10:31:41","guid":{"rendered":"https:\/\/www.secondastrada.com\/it\/costume-marcelo-burlon-county-of-milan-nero\/"},"modified":"2026-04-29T12:44:36","modified_gmt":"2026-04-29T10:44:36","slug":"costume-marcelo-burlon-county-of-milan-nero","status":"publish","type":"product","link":"https:\/\/www.secondastrada.com\/it\/costume-marcelo-burlon-county-of-milan-nero\/","title":{"rendered":"Costume Marcelo Burlon County Of Milan Nero"},"content":{"rendered":"<p><b>Costume Marcelo Burlon County of Milan Nero da uomo<\/b><br \/>\nIl <b>Costume Marcelo Burlon County of Milan Nero<\/b> \u00e8 la scelta ideale per chi desidera distinguersi anche nei momenti di relax, unendo stile contemporaneo e comfort. Realizzato in 100% poliestere, \u00e8 leggero, resistente e ad asciugatura rapida, perfetto per accompagnarti durante tutta la stagione estiva. \u00c8 un <b>costume da uomo adatto alla stagione estiva<\/b>, pensato per offrirti praticit\u00e0 e libert\u00e0 di movimento.<br \/>Il design \u00e8 caratterizzato da una <b>stampa militare stilizzata<\/b>, dettaglio originale che dona carattere e personalit\u00e0 al capo, rendendolo ideale per chi ama uno stile deciso ma curato. La vestibilit\u00e0 regolare assicura comfort e adattabilit\u00e0: il modello \u00e8 alto 187 cm e indossa la taglia L.<br \/>Perfetto da indossare al mare o in piscina, ma anche nel tempo libero per un look estivo rilassato, questo <b>costume con stampa militare stilizzata<\/b> si abbina facilmente a una t-shirt semplice e infradito per un outfit pratico e contemporaneo, oppure a una camicia leggera per un look pi\u00f9 ricercato dopo la spiaggia.<br \/>Versatile e distintivo, \u00e8 il capo ideale per vivere l\u2019estate con stile e comodit\u00e0.<br \/>Su Seconda Strada trovi solo prodotti originali e selezionati con attenzione per garantirti qualit\u00e0 e autenticit\u00e0. Codice articolo: <b>COMAS260640 OB<\/b>.<\/p>\n","protected":false},"excerpt":{"rendered":"<p>Costume Marcelo Burlon County of Milan Nero da uomo Il Costume Marcelo Burlon County of Milan Nero \u00e8 la scelta ideale per chi desidera distinguersi anche nei momenti di relax, unendo stile contemporaneo e comfort. Realizzato in 100% poliestere, \u00e8 leggero, resistente e ad asciugatura rapida, perfetto per accompagnarti durante tutta la stagione estiva. \u00c8&#8230;<\/p>\n","protected":false},"featured_media":363203,"template":"","meta":{"inline_featured_image":false},"ss_brand":[2555],"ss_promo":[],"ss_season":[2531],"product_cat":[1409,1410,1714],"product_tag":[1993],"class_list":{"0":"post-363824","1":"product","2":"type-product","3":"status-publish","4":"has-post-thumbnail","6":"ss_brand-marcelo-burlon-county-of-milan","7":"ss_season-pe26","8":"product_cat-beachwear-da-uomo","9":"product_cat-costumi-da-bagno-da-uomo","10":"product_cat-collezione-uomo","11":"product_tag-nuovi-arrivi-uomo","13":"first","14":"instock","15":"shipping-taxable","16":"purchasable","17":"product-type-variable","18":"has-default-attributes"},"acf":{"ss_brand":[{"term_id":2555,"name":"Marcelo Burlon County of Milan","slug":"marcelo-burlon-county-of-milan","term_group":0,"term_taxonomy_id":2555,"taxonomy":"ss_brand","description":"Streetwear di lusso tra Milano e il mondo","parent":1268,"count":17,"filter":"raw"}],"ss_promo":false,"ss_season":[{"term_id":2531,"name":"PE26","slug":"pe26","term_group":0,"term_taxonomy_id":2531,"taxonomy":"ss_season","description":"","parent":0,"count":1611,"filter":"raw"}],"ss_old_price":"0,00","ss_omnibus_price":"0,00","ss_style_advice":"<p><b>Costume Marcelo Burlon County of Milan Nero da uomo<\/b><br \/>\nIl <b>Costume Marcelo Burlon County of Milan Nero<\/b> \u00e8 la scelta ideale per chi desidera distinguersi anche nei momenti di relax, unendo stile contemporaneo e comfort. Realizzato in 100% poliestere, \u00e8 leggero, resistente e ad asciugatura rapida, perfetto per accompagnarti durante tutta la stagione estiva. \u00c8 un <b>costume da uomo adatto alla stagione estiva<\/b>, pensato per offrirti praticit\u00e0 e libert\u00e0 di movimento.<br \/>Il design \u00e8 caratterizzato da una <b>stampa militare stilizzata<\/b>, dettaglio originale che dona carattere e personalit\u00e0 al capo, rendendolo ideale per chi ama uno stile deciso ma curato. La vestibilit\u00e0 regolare assicura comfort e adattabilit\u00e0: il modello \u00e8 alto 187 cm e indossa la taglia L.<br \/>Perfetto da indossare al mare o in piscina, ma anche nel tempo libero per un look estivo rilassato, questo <b>costume con stampa militare stilizzata<\/b> si abbina facilmente a una t-shirt semplice e infradito per un outfit pratico e contemporaneo, oppure a una camicia leggera per un look pi\u00f9 ricercato dopo la spiaggia.<br \/>Versatile e distintivo, \u00e8 il capo ideale per vivere l\u2019estate con stile e comodit\u00e0.<br \/>Su Seconda Strada trovi solo prodotti originali e selezionati con attenzione per garantirti qualit\u00e0 e autenticit\u00e0. Codice articolo: <b>COMAS260640 OB<\/b>.<\/p>\n","ss_composition":"<p>100% poliestere<\/p>\n","ss_fit":"<p>Il modello \u00e8 alto 187 cm e veste la taglia L. La vestibilit\u00e0 del capo \u00e8 regolare.<\/p>\n"},"yoast_head":"<!-- This site is optimized with the Yoast SEO plugin v22.3 - https:\/\/yoast.com\/wordpress\/plugins\/seo\/ -->\n<title>Costume Marcelo Burlon County Of Milan Nero - Acquista online! - Seconda Strada<\/title>\n<meta name=\"description\" content=\"Costume Marcelo Burlon County Of Milan Nero \u27a4 Acquista online su Secondastrada.com Costume Marcelo Burlon County Of Milan Nero \u2714\ufe0f Spedizione veloce entro 24h in tutta Italia \u2714\ufe0f Sconto sul tuo primo acquisto\" \/>\n<meta name=\"robots\" content=\"index, follow, max-snippet:-1, max-image-preview:large, max-video-preview:-1\" \/>\n<link rel=\"canonical\" href=\"https:\/\/www.secondastrada.com\/it\/costume-marcelo-burlon-county-of-milan-nero\/\" \/>\n<meta property=\"og:locale\" content=\"it_IT\" \/>\n<meta property=\"og:type\" content=\"article\" \/>\n<meta property=\"og:title\" content=\"Costume Marcelo Burlon County Of Milan Nero - Acquista online! - Seconda Strada\" \/>\n<meta property=\"og:description\" content=\"Costume Marcelo Burlon County Of Milan Nero \u27a4 Acquista online su Secondastrada.com Costume Marcelo Burlon County Of Milan Nero \u2714\ufe0f Spedizione veloce entro 24h in tutta Italia \u2714\ufe0f Sconto sul tuo primo acquisto\" \/>\n<meta property=\"og:url\" content=\"https:\/\/www.secondastrada.com\/it\/costume-marcelo-burlon-county-of-milan-nero\/\" \/>\n<meta property=\"og:site_name\" content=\"Seconda Strada\" \/>\n<meta property=\"article:modified_time\" content=\"2026-04-29T10:44:36+00:00\" \/>\n<meta property=\"og:image\" content=\"https:\/\/www.secondastrada.com\/wp-content\/uploads\/2026\/04\/COMAS260640-OB_GREEN-CAMOUFLAGE_PE26_1.jpg\" \/>\n\t<meta property=\"og:image:width\" content=\"1000\" \/>\n\t<meta property=\"og:image:height\" content=\"1300\" \/>\n\t<meta property=\"og:image:type\" content=\"image\/jpeg\" \/>\n<meta name=\"twitter:card\" content=\"summary_large_image\" \/>\n<meta name=\"twitter:label1\" content=\"Tempo di lettura stimato\" \/>\n\t<meta name=\"twitter:data1\" content=\"1 minuto\" \/>\n<!-- \/ Yoast SEO plugin. -->","yoast_head_json":{"title":"Costume Marcelo Burlon County Of Milan Nero - Acquista online! - Seconda Strada","description":"Costume Marcelo Burlon County Of Milan Nero \u27a4 Acquista online su Secondastrada.com Costume Marcelo Burlon County Of Milan Nero \u2714\ufe0f Spedizione veloce entro 24h in tutta Italia \u2714\ufe0f Sconto sul tuo primo acquisto","robots":{"index":"index","follow":"follow","max-snippet":"max-snippet:-1","max-image-preview":"max-image-preview:large","max-video-preview":"max-video-preview:-1"},"canonical":"https:\/\/www.secondastrada.com\/it\/costume-marcelo-burlon-county-of-milan-nero\/","og_locale":"it_IT","og_type":"article","og_title":"Costume Marcelo Burlon County Of Milan Nero - Acquista online! - Seconda Strada","og_description":"Costume Marcelo Burlon County Of Milan Nero \u27a4 Acquista online su Secondastrada.com Costume Marcelo Burlon County Of Milan Nero \u2714\ufe0f Spedizione veloce entro 24h in tutta Italia \u2714\ufe0f Sconto sul tuo primo acquisto","og_url":"https:\/\/www.secondastrada.com\/it\/costume-marcelo-burlon-county-of-milan-nero\/","og_site_name":"Seconda Strada","article_modified_time":"2026-04-29T10:44:36+00:00","og_image":[{"width":1000,"height":1300,"url":"https:\/\/www.secondastrada.com\/wp-content\/uploads\/2026\/04\/COMAS260640-OB_GREEN-CAMOUFLAGE_PE26_1.jpg","type":"image\/jpeg"}],"twitter_card":"summary_large_image","twitter_misc":{"Tempo di lettura stimato":"1 minuto"},"schema":{"@context":"https:\/\/schema.org","@graph":[{"@type":"WebPage","@id":"https:\/\/www.secondastrada.com\/it\/costume-marcelo-burlon-county-of-milan-nero\/","url":"https:\/\/www.secondastrada.com\/it\/costume-marcelo-burlon-county-of-milan-nero\/","name":"Costume Marcelo Burlon County Of Milan Nero - Acquista online! - Seconda Strada","isPartOf":{"@id":"https:\/\/www.secondastrada.com\/it\/#website"},"primaryImageOfPage":{"@id":"https:\/\/www.secondastrada.com\/it\/costume-marcelo-burlon-county-of-milan-nero\/#primaryimage"},"image":{"@id":"https:\/\/www.secondastrada.com\/it\/costume-marcelo-burlon-county-of-milan-nero\/#primaryimage"},"thumbnailUrl":"https:\/\/www.secondastrada.com\/wp-content\/uploads\/2026\/04\/COMAS260640-OB_GREEN-CAMOUFLAGE_PE26_1.jpg","datePublished":"2026-04-29T10:31:41+00:00","dateModified":"2026-04-29T10:44:36+00:00","description":"Costume Marcelo Burlon County Of Milan Nero \u27a4 Acquista online su Secondastrada.com Costume Marcelo Burlon County Of Milan Nero \u2714\ufe0f Spedizione veloce entro 24h in tutta Italia \u2714\ufe0f Sconto sul tuo primo acquisto","breadcrumb":{"@id":"https:\/\/www.secondastrada.com\/it\/costume-marcelo-burlon-county-of-milan-nero\/#breadcrumb"},"inLanguage":"it-IT","potentialAction":[{"@type":"ReadAction","target":["https:\/\/www.secondastrada.com\/it\/costume-marcelo-burlon-county-of-milan-nero\/"]}]},{"@type":"ImageObject","inLanguage":"it-IT","@id":"https:\/\/www.secondastrada.com\/it\/costume-marcelo-burlon-county-of-milan-nero\/#primaryimage","url":"https:\/\/www.secondastrada.com\/wp-content\/uploads\/2026\/04\/COMAS260640-OB_GREEN-CAMOUFLAGE_PE26_1.jpg","contentUrl":"https:\/\/www.secondastrada.com\/wp-content\/uploads\/2026\/04\/COMAS260640-OB_GREEN-CAMOUFLAGE_PE26_1.jpg","width":1000,"height":1300,"caption":"COMAS260640-OB_GREEN-CAMOUFLAGE_PE26"},{"@type":"BreadcrumbList","@id":"https:\/\/www.secondastrada.com\/it\/costume-marcelo-burlon-county-of-milan-nero\/#breadcrumb","itemListElement":[{"@type":"ListItem","position":1,"name":"Home","item":"https:\/\/www.secondastrada.com\/it\/"},{"@type":"ListItem","position":2,"name":"Shop","item":"https:\/\/www.secondastrada.com\/it\/shop\/"},{"@type":"ListItem","position":3,"name":"Uomo","item":"https:\/\/www.secondastrada.com\/it\/collezione-uomo\/"},{"@type":"ListItem","position":4,"name":"Beachwear","item":"https:\/\/www.secondastrada.com\/it\/collezione-uomo\/beachwear-da-uomo\/"},{"@type":"ListItem","position":5,"name":"Costumi da bagno","item":"https:\/\/www.secondastrada.com\/it\/collezione-uomo\/beachwear-da-uomo\/costumi-da-bagno-da-uomo\/"},{"@type":"ListItem","position":6,"name":"Costume Marcelo Burlon County Of Milan Nero"}]},{"@type":"WebSite","@id":"https:\/\/www.secondastrada.com\/it\/#website","url":"https:\/\/www.secondastrada.com\/it\/","name":"Seconda Strada","description":"","publisher":{"@id":"https:\/\/www.secondastrada.com\/it\/#organization"},"potentialAction":[{"@type":"SearchAction","target":{"@type":"EntryPoint","urlTemplate":"https:\/\/www.secondastrada.com\/it\/?s={search_term_string}"},"query-input":"required name=search_term_string"}],"inLanguage":"it-IT"},{"@type":"Organization","@id":"https:\/\/www.secondastrada.com\/it\/#organization","name":"Seconda Strada","url":"https:\/\/www.secondastrada.com\/it\/","logo":{"@type":"ImageObject","inLanguage":"it-IT","@id":"https:\/\/www.secondastrada.com\/it\/#\/schema\/logo\/image\/","url":"https:\/\/www.secondastrada.com\/wp-content\/uploads\/2023\/11\/secondastrada-logo.svg","contentUrl":"https:\/\/www.secondastrada.com\/wp-content\/uploads\/2023\/11\/secondastrada-logo.svg","width":353,"height":47,"caption":"Seconda Strada"},"image":{"@id":"https:\/\/www.secondastrada.com\/it\/#\/schema\/logo\/image\/"}}]}},"df_price":78,"df_sale_price":"","df_regular_price":78,"df_image_link":"https:\/\/www.secondastrada.com\/wp-content\/uploads\/2026\/04\/COMAS260640-OB_GREEN-CAMOUFLAGE_PE26_1-300x300.jpg","_links":{"self":[{"href":"https:\/\/www.secondastrada.com\/it\/wp-json\/wp\/v2\/product\/363824"}],"collection":[{"href":"https:\/\/www.secondastrada.com\/it\/wp-json\/wp\/v2\/product"}],"about":[{"href":"https:\/\/www.secondastrada.com\/it\/wp-json\/wp\/v2\/types\/product"}],"wp:featuredmedia":[{"embeddable":true,"href":"https:\/\/www.secondastrada.com\/it\/wp-json\/wp\/v2\/media\/363203"}],"wp:attachment":[{"href":"https:\/\/www.secondastrada.com\/it\/wp-json\/wp\/v2\/media?parent=363824"}],"wp:term":[{"taxonomy":"ss_brand","embeddable":true,"href":"https:\/\/www.secondastrada.com\/it\/wp-json\/wp\/v2\/ss_brand?post=363824"},{"taxonomy":"ss_promo","embeddable":true,"href":"https:\/\/www.secondastrada.com\/it\/wp-json\/wp\/v2\/ss_promo?post=363824"},{"taxonomy":"ss_season","embeddable":true,"href":"https:\/\/www.secondastrada.com\/it\/wp-json\/wp\/v2\/ss_season?post=363824"},{"taxonomy":"product_cat","embeddable":true,"href":"https:\/\/www.secondastrada.com\/it\/wp-json\/wp\/v2\/product_cat?post=363824"},{"taxonomy":"product_tag","embeddable":true,"href":"https:\/\/www.secondastrada.com\/it\/wp-json\/wp\/v2\/product_tag?post=363824"}],"curies":[{"name":"wp","href":"https:\/\/api.w.org\/{rel}","templated":true}]}}