{"id":363924,"date":"2026-04-29T12:43:55","date_gmt":"2026-04-29T10:43:55","guid":{"rendered":"https:\/\/www.secondastrada.com\/it\/zaino-liu-jo-bianco-primetta-2\/"},"modified":"2026-04-30T09:56:13","modified_gmt":"2026-04-30T07:56:13","slug":"zaino-liu-jo-bianco-primetta-2","status":"publish","type":"product","link":"https:\/\/www.secondastrada.com\/it\/zaino-liu-jo-bianco-primetta-2\/","title":{"rendered":"Zaino Liu-Jo Bianco &#8211; PRIMETTA"},"content":{"rendered":"<p><b>Zaino LIU-JO Bianco da donna<\/b><br \/>\nElegante e versatile, lo <b>Zaino LIU-JO Bianco<\/b> \u00e8 la scelta perfetta per accompagnarti con stile nelle tue giornate pi\u00f9 dinamiche. Dal design moderno e femminile, \u00e8 uno <b>zaino da donna adatta alla primavera estate<\/b> che unisce praticit\u00e0 e dettagli raffinati, ideale per chi cerca un accessorio funzionale senza rinunciare all\u2019eleganza.<br \/>\nRealizzato in poliuretano, questo modello si distingue per la sua lavorazione <b>trapuntata con zip ed inserti dorati<\/b>, che donano luminosit\u00e0 e un tocco sofisticato al look. Le dimensioni (base 23 cm, altezza 28 cm, profondit\u00e0 10 cm) lo rendono capiente ma compatto, perfetto per organizzare tutto l\u2019essenziale durante la giornata. \u00c8 uno <b>zaino con trapuntato con zip ed inserti dorati<\/b> pensato per offrire comfort e stile in ogni occasione. L\u2019articolo pu\u00f2 presentare piccoli difetti nella confezione o nel tessuto, senza comprometterne la funzionalit\u00e0.<br \/>\nPerfetto da indossare nel tempo libero, per una giornata di shopping o anche in ufficio, si abbina facilmente a look casual con jeans e sneakers oppure a outfit pi\u00f9 eleganti dai toni chiari per un effetto fresco e ricercato.<br \/>\nScegli un accessorio che valorizza ogni tuo movimento con semplicit\u00e0 e classe, accompagnandoti con naturalezza in ogni momento della giornata.<br \/>\nSu Seconda Strada trovi solo prodotti originali, selezionati con cura per garantirti qualit\u00e0 e autenticit\u00e0. Codice articolo: <b>AA4263 E0036 SB<\/b>.<\/p>\n","protected":false},"excerpt":{"rendered":"<p>Zaino LIU-JO Bianco da donna Elegante e versatile, lo Zaino LIU-JO Bianco \u00e8 la scelta perfetta per accompagnarti con stile nelle tue giornate pi\u00f9 dinamiche. Dal design moderno e femminile, \u00e8 uno zaino da donna adatta alla primavera estate che unisce praticit\u00e0 e dettagli raffinati, ideale per chi cerca un accessorio funzionale senza rinunciare all\u2019eleganza&#8230;.<\/p>\n","protected":false},"featured_media":363314,"template":"","meta":{"inline_featured_image":false},"ss_brand":[1221],"ss_promo":[],"ss_season":[2531],"product_cat":[1331,1477,1658,1831],"product_tag":[],"class_list":{"0":"post-363924","1":"product","2":"type-product","3":"status-publish","4":"has-post-thumbnail","6":"ss_brand-liu-jo-donna","7":"ss_season-pe26","8":"product_cat-accessori-donna","9":"product_cat-borse-da-donna","10":"product_cat-collezione-donna","11":"product_cat-zaini-da-donna","13":"first","14":"instock","15":"shipping-taxable","16":"purchasable","17":"product-type-variable","18":"has-default-attributes"},"acf":{"ss_brand":[{"term_id":1221,"name":"LIU-JO","slug":"liu-jo-donna","term_group":0,"term_taxonomy_id":1221,"taxonomy":"ss_brand","description":"Eleganza e originalit\u00e0 Made in Italy: dai una sferzata glamour al tuo guardaroba e approfitta della collezione da donna Liu Jo a prezzi scontati!Acquista online su SecondaStrada.com <strong>abbigliamento e accessori da donna Liu Jo scontatissimo<\/strong>!\r\n\r\n<strong>PRIMETTA<\/strong>: Articolo che pu\u00f2 presentare piccoli difetti nella confezione o nel tessuto","parent":1201,"count":127,"filter":"raw"}],"ss_promo":false,"ss_season":[{"term_id":2531,"name":"PE26","slug":"pe26","term_group":0,"term_taxonomy_id":2531,"taxonomy":"ss_season","description":"","parent":0,"count":1722,"filter":"raw"}],"ss_old_price":"159,00","ss_omnibus_price":"0,00","ss_style_advice":"<p><b>Zaino LIU-JO Bianco da donna<\/b><br \/>\nElegante e versatile, lo <b>Zaino LIU-JO Bianco<\/b> \u00e8 la scelta perfetta per accompagnarti con stile nelle tue giornate pi\u00f9 dinamiche. Dal design moderno e femminile, \u00e8 uno <b>zaino da donna adatta alla primavera estate<\/b> che unisce praticit\u00e0 e dettagli raffinati, ideale per chi cerca un accessorio funzionale senza rinunciare all\u2019eleganza.<br \/>\nRealizzato in poliuretano, questo modello si distingue per la sua lavorazione <b>trapuntata con zip ed inserti dorati<\/b>, che donano luminosit\u00e0 e un tocco sofisticato al look. Le dimensioni (base 23 cm, altezza 28 cm, profondit\u00e0 10 cm) lo rendono capiente ma compatto, perfetto per organizzare tutto l\u2019essenziale durante la giornata. \u00c8 uno <b>zaino con trapuntato con zip ed inserti dorati<\/b> pensato per offrire comfort e stile in ogni occasione. L\u2019articolo pu\u00f2 presentare piccoli difetti nella confezione o nel tessuto, senza comprometterne la funzionalit\u00e0.<br \/>\nPerfetto da indossare nel tempo libero, per una giornata di shopping o anche in ufficio, si abbina facilmente a look casual con jeans e sneakers oppure a outfit pi\u00f9 eleganti dai toni chiari per un effetto fresco e ricercato.<br \/>\nScegli un accessorio che valorizza ogni tuo movimento con semplicit\u00e0 e classe, accompagnandoti con naturalezza in ogni momento della giornata.<br \/>\nSu Seconda Strada trovi solo prodotti originali, selezionati con cura per garantirti qualit\u00e0 e autenticit\u00e0. Codice articolo: <b>AA4263 E0036 SB<\/b>.<\/p>\n","ss_composition":"<p>poliuretano<\/p>\n","ss_fit":"<p>Base inferiore: 23 cm<br \/>\nAltezza massima: 28 cm<br \/>\nProfondit\u00e0: 10 cm. L&#8217;articolo pu\u00f2 presentare piccoli difetti nella confezione o nel tessuto.<\/p>\n","ss_etichetta":"PRIMETTA"},"yoast_head":"<!-- This site is optimized with the Yoast SEO plugin v22.3 - https:\/\/yoast.com\/wordpress\/plugins\/seo\/ -->\n<title>Zaino Liu-Jo Bianco - PRIMETTA - Acquista online! - Seconda Strada<\/title>\n<meta name=\"description\" content=\"Zaino Liu-Jo Bianco - PRIMETTA \u27a4 Acquista online su Secondastrada.com Zaino Liu-Jo Bianco - PRIMETTA \u2714\ufe0f Spedizione veloce entro 24h in tutta Italia \u2714\ufe0f Sconto sul tuo primo acquisto\" \/>\n<meta name=\"robots\" content=\"index, follow, max-snippet:-1, max-image-preview:large, max-video-preview:-1\" \/>\n<link rel=\"canonical\" href=\"https:\/\/www.secondastrada.com\/it\/zaino-liu-jo-bianco-primetta-2\/\" \/>\n<meta property=\"og:locale\" content=\"it_IT\" \/>\n<meta property=\"og:type\" content=\"article\" \/>\n<meta property=\"og:title\" content=\"Zaino Liu-Jo Bianco - PRIMETTA - Acquista online! - Seconda Strada\" \/>\n<meta property=\"og:description\" content=\"Zaino Liu-Jo Bianco - PRIMETTA \u27a4 Acquista online su Secondastrada.com Zaino Liu-Jo Bianco - PRIMETTA \u2714\ufe0f Spedizione veloce entro 24h in tutta Italia \u2714\ufe0f Sconto sul tuo primo acquisto\" \/>\n<meta property=\"og:url\" content=\"https:\/\/www.secondastrada.com\/it\/zaino-liu-jo-bianco-primetta-2\/\" \/>\n<meta property=\"og:site_name\" content=\"Seconda Strada\" \/>\n<meta property=\"article:modified_time\" content=\"2026-04-30T07:56:13+00:00\" \/>\n<meta property=\"og:image\" content=\"https:\/\/www.secondastrada.com\/wp-content\/uploads\/2026\/04\/AA4263-E0036-SB_OFF-WHITE_PE26_1.jpg\" \/>\n\t<meta property=\"og:image:width\" content=\"1000\" \/>\n\t<meta property=\"og:image:height\" content=\"1300\" \/>\n\t<meta property=\"og:image:type\" content=\"image\/jpeg\" \/>\n<meta name=\"twitter:card\" content=\"summary_large_image\" \/>\n<meta name=\"twitter:label1\" content=\"Tempo di lettura stimato\" \/>\n\t<meta name=\"twitter:data1\" content=\"2 minuti\" \/>\n<!-- \/ Yoast SEO plugin. -->","yoast_head_json":{"title":"Zaino Liu-Jo Bianco - PRIMETTA - Acquista online! - Seconda Strada","description":"Zaino Liu-Jo Bianco - PRIMETTA \u27a4 Acquista online su Secondastrada.com Zaino Liu-Jo Bianco - PRIMETTA \u2714\ufe0f Spedizione veloce entro 24h in tutta Italia \u2714\ufe0f Sconto sul tuo primo acquisto","robots":{"index":"index","follow":"follow","max-snippet":"max-snippet:-1","max-image-preview":"max-image-preview:large","max-video-preview":"max-video-preview:-1"},"canonical":"https:\/\/www.secondastrada.com\/it\/zaino-liu-jo-bianco-primetta-2\/","og_locale":"it_IT","og_type":"article","og_title":"Zaino Liu-Jo Bianco - PRIMETTA - Acquista online! - Seconda Strada","og_description":"Zaino Liu-Jo Bianco - PRIMETTA \u27a4 Acquista online su Secondastrada.com Zaino Liu-Jo Bianco - PRIMETTA \u2714\ufe0f Spedizione veloce entro 24h in tutta Italia \u2714\ufe0f Sconto sul tuo primo acquisto","og_url":"https:\/\/www.secondastrada.com\/it\/zaino-liu-jo-bianco-primetta-2\/","og_site_name":"Seconda Strada","article_modified_time":"2026-04-30T07:56:13+00:00","og_image":[{"width":1000,"height":1300,"url":"https:\/\/www.secondastrada.com\/wp-content\/uploads\/2026\/04\/AA4263-E0036-SB_OFF-WHITE_PE26_1.jpg","type":"image\/jpeg"}],"twitter_card":"summary_large_image","twitter_misc":{"Tempo di lettura stimato":"2 minuti"},"schema":{"@context":"https:\/\/schema.org","@graph":[{"@type":"WebPage","@id":"https:\/\/www.secondastrada.com\/it\/zaino-liu-jo-bianco-primetta-2\/","url":"https:\/\/www.secondastrada.com\/it\/zaino-liu-jo-bianco-primetta-2\/","name":"Zaino Liu-Jo Bianco - PRIMETTA - Acquista online! - Seconda Strada","isPartOf":{"@id":"https:\/\/www.secondastrada.com\/it\/#website"},"primaryImageOfPage":{"@id":"https:\/\/www.secondastrada.com\/it\/zaino-liu-jo-bianco-primetta-2\/#primaryimage"},"image":{"@id":"https:\/\/www.secondastrada.com\/it\/zaino-liu-jo-bianco-primetta-2\/#primaryimage"},"thumbnailUrl":"https:\/\/www.secondastrada.com\/wp-content\/uploads\/2026\/04\/AA4263-E0036-SB_OFF-WHITE_PE26_1.jpg","datePublished":"2026-04-29T10:43:55+00:00","dateModified":"2026-04-30T07:56:13+00:00","description":"Zaino Liu-Jo Bianco - PRIMETTA \u27a4 Acquista online su Secondastrada.com Zaino Liu-Jo Bianco - PRIMETTA \u2714\ufe0f Spedizione veloce entro 24h in tutta Italia \u2714\ufe0f Sconto sul tuo primo acquisto","breadcrumb":{"@id":"https:\/\/www.secondastrada.com\/it\/zaino-liu-jo-bianco-primetta-2\/#breadcrumb"},"inLanguage":"it-IT","potentialAction":[{"@type":"ReadAction","target":["https:\/\/www.secondastrada.com\/it\/zaino-liu-jo-bianco-primetta-2\/"]}]},{"@type":"ImageObject","inLanguage":"it-IT","@id":"https:\/\/www.secondastrada.com\/it\/zaino-liu-jo-bianco-primetta-2\/#primaryimage","url":"https:\/\/www.secondastrada.com\/wp-content\/uploads\/2026\/04\/AA4263-E0036-SB_OFF-WHITE_PE26_1.jpg","contentUrl":"https:\/\/www.secondastrada.com\/wp-content\/uploads\/2026\/04\/AA4263-E0036-SB_OFF-WHITE_PE26_1.jpg","width":1000,"height":1300,"caption":"AA4263-E0036-SB_OFF-WHITE_PE26"},{"@type":"BreadcrumbList","@id":"https:\/\/www.secondastrada.com\/it\/zaino-liu-jo-bianco-primetta-2\/#breadcrumb","itemListElement":[{"@type":"ListItem","position":1,"name":"Home","item":"https:\/\/www.secondastrada.com\/it\/"},{"@type":"ListItem","position":2,"name":"Shop","item":"https:\/\/www.secondastrada.com\/it\/shop\/"},{"@type":"ListItem","position":3,"name":"Donna","item":"https:\/\/www.secondastrada.com\/it\/collezione-donna\/"},{"@type":"ListItem","position":4,"name":"Accessori","item":"https:\/\/www.secondastrada.com\/it\/collezione-donna\/accessori-donna\/"},{"@type":"ListItem","position":5,"name":"Borse","item":"https:\/\/www.secondastrada.com\/it\/collezione-donna\/accessori-donna\/borse-da-donna\/"},{"@type":"ListItem","position":6,"name":"Zaini","item":"https:\/\/www.secondastrada.com\/it\/collezione-donna\/accessori-donna\/borse-da-donna\/zaini-da-donna\/"},{"@type":"ListItem","position":7,"name":"Zaino Liu-Jo Bianco &#8211; PRIMETTA"}]},{"@type":"WebSite","@id":"https:\/\/www.secondastrada.com\/it\/#website","url":"https:\/\/www.secondastrada.com\/it\/","name":"Seconda Strada","description":"","publisher":{"@id":"https:\/\/www.secondastrada.com\/it\/#organization"},"potentialAction":[{"@type":"SearchAction","target":{"@type":"EntryPoint","urlTemplate":"https:\/\/www.secondastrada.com\/it\/?s={search_term_string}"},"query-input":"required name=search_term_string"}],"inLanguage":"it-IT"},{"@type":"Organization","@id":"https:\/\/www.secondastrada.com\/it\/#organization","name":"Seconda Strada","url":"https:\/\/www.secondastrada.com\/it\/","logo":{"@type":"ImageObject","inLanguage":"it-IT","@id":"https:\/\/www.secondastrada.com\/it\/#\/schema\/logo\/image\/","url":"https:\/\/www.secondastrada.com\/wp-content\/uploads\/2023\/11\/secondastrada-logo.svg","contentUrl":"https:\/\/www.secondastrada.com\/wp-content\/uploads\/2023\/11\/secondastrada-logo.svg","width":353,"height":47,"caption":"Seconda Strada"},"image":{"@id":"https:\/\/www.secondastrada.com\/it\/#\/schema\/logo\/image\/"}}]}},"df_price":49.99,"df_sale_price":"","df_regular_price":49.99,"df_image_link":"https:\/\/www.secondastrada.com\/wp-content\/uploads\/2026\/04\/AA4263-E0036-SB_OFF-WHITE_PE26_1-300x300.jpg","_links":{"self":[{"href":"https:\/\/www.secondastrada.com\/it\/wp-json\/wp\/v2\/product\/363924"}],"collection":[{"href":"https:\/\/www.secondastrada.com\/it\/wp-json\/wp\/v2\/product"}],"about":[{"href":"https:\/\/www.secondastrada.com\/it\/wp-json\/wp\/v2\/types\/product"}],"wp:featuredmedia":[{"embeddable":true,"href":"https:\/\/www.secondastrada.com\/it\/wp-json\/wp\/v2\/media\/363314"}],"wp:attachment":[{"href":"https:\/\/www.secondastrada.com\/it\/wp-json\/wp\/v2\/media?parent=363924"}],"wp:term":[{"taxonomy":"ss_brand","embeddable":true,"href":"https:\/\/www.secondastrada.com\/it\/wp-json\/wp\/v2\/ss_brand?post=363924"},{"taxonomy":"ss_promo","embeddable":true,"href":"https:\/\/www.secondastrada.com\/it\/wp-json\/wp\/v2\/ss_promo?post=363924"},{"taxonomy":"ss_season","embeddable":true,"href":"https:\/\/www.secondastrada.com\/it\/wp-json\/wp\/v2\/ss_season?post=363924"},{"taxonomy":"product_cat","embeddable":true,"href":"https:\/\/www.secondastrada.com\/it\/wp-json\/wp\/v2\/product_cat?post=363924"},{"taxonomy":"product_tag","embeddable":true,"href":"https:\/\/www.secondastrada.com\/it\/wp-json\/wp\/v2\/product_tag?post=363924"}],"curies":[{"name":"wp","href":"https:\/\/api.w.org\/{rel}","templated":true}]}}