{"id":364312,"date":"2026-04-30T10:40:24","date_gmt":"2026-04-30T08:40:24","guid":{"rendered":"https:\/\/www.secondastrada.com\/it\/camicia-fracomina-bianca\/"},"modified":"2026-05-01T01:36:35","modified_gmt":"2026-04-30T23:36:35","slug":"camicia-fracomina-bianca","status":"publish","type":"product","link":"https:\/\/www.secondastrada.com\/it\/camicia-fracomina-bianca\/","title":{"rendered":"Camicia Fracomina Bianca"},"content":{"rendered":"<p><b>Camicia FRACOMINA Bianca da donna<\/b><br \/>\nLuminosa e raffinata, la <b>Camicia FRACOMINA Bianca<\/b> \u00e8 il capo ideale per chi desidera un look elegante ma contemporaneo. Realizzata in <b>80% viscosa e 20% lino<\/b>, unisce leggerezza e traspirabilit\u00e0, offrendo una sensazione fresca e naturale sulla pelle, perfetta per le giornate pi\u00f9 calde.<br \/>\nIl design \u00e8 impreziosito da delicate <b>strisce di strass<\/b>, un dettaglio luminoso che aggiunge carattere e femminilit\u00e0 senza risultare eccessivo. Questa <b>camicia con strisce di strass<\/b> \u00e8 perfetta per chi ama distinguersi con eleganza, mantenendo uno stile pulito e versatile.<br \/>Pensata come <b>camicia da donna adatta alla stagione primavera estate<\/b>, presenta una vestibilit\u00e0 regolare: la modella \u00e8 alta 172 cm e indossa la taglia S, un riferimento utile per scegliere la misura pi\u00f9 adatta a te.<br \/>Puoi indossarla per un\u2019occasione speciale, una cena o anche per un look da ufficio pi\u00f9 ricercato, adattandola facilmente a diversi contesti. Si abbina perfettamente con <b>pantaloni a vita alta<\/b> per un outfit elegante e armonioso, oppure con <b>jeans e sandali<\/b> per uno stile pi\u00f9 casual ma curato.<br \/>Un capo versatile e sofisticato, perfetto per arricchire il tuo guardaroba con un tocco di luce e stile.<br \/><b>Tutti i prodotti su SecondaStrada.com sono originali e garantiti.<\/b><br \/>Codice articolo: FS26ST6013W62201 OB<\/p>\n","protected":false},"excerpt":{"rendered":"<p>Camicia FRACOMINA Bianca da donna Luminosa e raffinata, la Camicia FRACOMINA Bianca \u00e8 il capo ideale per chi desidera un look elegante ma contemporaneo. Realizzata in 80% viscosa e 20% lino, unisce leggerezza e traspirabilit\u00e0, offrendo una sensazione fresca e naturale sulla pelle, perfetta per le giornate pi\u00f9 calde. Il design \u00e8 impreziosito da delicate&#8230;<\/p>\n","protected":false},"featured_media":365397,"template":"","meta":{"inline_featured_image":false},"ss_brand":[1205],"ss_promo":[],"ss_season":[2531],"product_cat":[1329,1339,1658],"product_tag":[1766,1995],"class_list":{"0":"post-364312","1":"product","2":"type-product","3":"status-publish","4":"has-post-thumbnail","6":"ss_brand-fracomina-donna","7":"ss_season-pe26","8":"product_cat-abbigliamento-donna","9":"product_cat-camicie-e-bluse-da-donna","10":"product_cat-collezione-donna","11":"product_tag-camicie-e-bluse-fracomina-donna","12":"product_tag-nuovi-arrivi-donna","14":"first","15":"instock","16":"shipping-taxable","17":"purchasable","18":"product-type-variable","19":"has-default-attributes"},"acf":{"ss_brand":[{"term_id":1205,"name":"FRACOMINA","slug":"fracomina-donna","term_group":0,"term_taxonomy_id":1205,"taxonomy":"ss_brand","description":"Regalati una giusta dose di charme con Fracomina: scopri la collezione di abbigliamento 100% Made in Italy e non perdere le offerte della nostra esclusiva boutique online!\u00a0Acquista online su SecondaStrada.com <strong>abbigliamento da donna Fracomina scontatissimo<\/strong>!","parent":1201,"count":296,"filter":"raw"}],"ss_promo":false,"ss_season":[{"term_id":2531,"name":"PE26","slug":"pe26","term_group":0,"term_taxonomy_id":2531,"taxonomy":"ss_season","description":"","parent":0,"count":1722,"filter":"raw"}],"ss_old_price":"99,90","ss_omnibus_price":"0,00","ss_style_advice":"<p><b>Camicia FRACOMINA Bianca da donna<\/b><br \/>\nLuminosa e raffinata, la <b>Camicia FRACOMINA Bianca<\/b> \u00e8 il capo ideale per chi desidera un look elegante ma contemporaneo. Realizzata in <b>80% viscosa e 20% lino<\/b>, unisce leggerezza e traspirabilit\u00e0, offrendo una sensazione fresca e naturale sulla pelle, perfetta per le giornate pi\u00f9 calde.<br \/>\nIl design \u00e8 impreziosito da delicate <b>strisce di strass<\/b>, un dettaglio luminoso che aggiunge carattere e femminilit\u00e0 senza risultare eccessivo. Questa <b>camicia con strisce di strass<\/b> \u00e8 perfetta per chi ama distinguersi con eleganza, mantenendo uno stile pulito e versatile.<br \/>Pensata come <b>camicia da donna adatta alla stagione primavera estate<\/b>, presenta una vestibilit\u00e0 regolare: la modella \u00e8 alta 172 cm e indossa la taglia S, un riferimento utile per scegliere la misura pi\u00f9 adatta a te.<br \/>Puoi indossarla per un\u2019occasione speciale, una cena o anche per un look da ufficio pi\u00f9 ricercato, adattandola facilmente a diversi contesti. Si abbina perfettamente con <b>pantaloni a vita alta<\/b> per un outfit elegante e armonioso, oppure con <b>jeans e sandali<\/b> per uno stile pi\u00f9 casual ma curato.<br \/>Un capo versatile e sofisticato, perfetto per arricchire il tuo guardaroba con un tocco di luce e stile.<br \/><b>Tutti i prodotti su SecondaStrada.com sono originali e garantiti.<\/b><br \/>Codice articolo: FS26ST6013W62201 OB<\/p>\n","ss_composition":"<p>80% viscosa 20% lino<\/p>\n","ss_fit":"<p>La modella \u00e8 alta 172 cm e veste la taglia S. La vestibilit\u00e0 del capo \u00e8 regolare.<\/p>\n"},"yoast_head":"<!-- This site is optimized with the Yoast SEO plugin v22.3 - https:\/\/yoast.com\/wordpress\/plugins\/seo\/ -->\n<title>Camicia Fracomina Bianca - Acquista online! - Seconda Strada<\/title>\n<meta name=\"description\" content=\"Camicia Fracomina Bianca \u27a4 Acquista online su Secondastrada.com Camicia Fracomina Bianca \u2714\ufe0f Spedizione veloce entro 24h in tutta Italia \u2714\ufe0f Sconto sul tuo primo acquisto\" \/>\n<meta name=\"robots\" content=\"index, follow, max-snippet:-1, max-image-preview:large, max-video-preview:-1\" \/>\n<link rel=\"canonical\" href=\"https:\/\/www.secondastrada.com\/it\/camicia-fracomina-bianca\/\" \/>\n<meta property=\"og:locale\" content=\"it_IT\" \/>\n<meta property=\"og:type\" content=\"article\" \/>\n<meta property=\"og:title\" content=\"Camicia Fracomina Bianca - Acquista online! - Seconda Strada\" \/>\n<meta property=\"og:description\" content=\"Camicia Fracomina Bianca \u27a4 Acquista online su Secondastrada.com Camicia Fracomina Bianca \u2714\ufe0f Spedizione veloce entro 24h in tutta Italia \u2714\ufe0f Sconto sul tuo primo acquisto\" \/>\n<meta property=\"og:url\" content=\"https:\/\/www.secondastrada.com\/it\/camicia-fracomina-bianca\/\" \/>\n<meta property=\"og:site_name\" content=\"Seconda Strada\" \/>\n<meta property=\"article:modified_time\" content=\"2026-04-30T23:36:35+00:00\" \/>\n<meta property=\"og:image\" content=\"https:\/\/www.secondastrada.com\/wp-content\/uploads\/2026\/04\/FS26ST6013W62201-OB_WHITE_PE26_1.jpg\" \/>\n\t<meta property=\"og:image:width\" content=\"1000\" \/>\n\t<meta property=\"og:image:height\" content=\"1300\" \/>\n\t<meta property=\"og:image:type\" content=\"image\/jpeg\" \/>\n<meta name=\"twitter:card\" content=\"summary_large_image\" \/>\n<meta name=\"twitter:label1\" content=\"Tempo di lettura stimato\" \/>\n\t<meta name=\"twitter:data1\" content=\"1 minuto\" \/>\n<!-- \/ Yoast SEO plugin. -->","yoast_head_json":{"title":"Camicia Fracomina Bianca - Acquista online! - Seconda Strada","description":"Camicia Fracomina Bianca \u27a4 Acquista online su Secondastrada.com Camicia Fracomina Bianca \u2714\ufe0f Spedizione veloce entro 24h in tutta Italia \u2714\ufe0f Sconto sul tuo primo acquisto","robots":{"index":"index","follow":"follow","max-snippet":"max-snippet:-1","max-image-preview":"max-image-preview:large","max-video-preview":"max-video-preview:-1"},"canonical":"https:\/\/www.secondastrada.com\/it\/camicia-fracomina-bianca\/","og_locale":"it_IT","og_type":"article","og_title":"Camicia Fracomina Bianca - Acquista online! - Seconda Strada","og_description":"Camicia Fracomina Bianca \u27a4 Acquista online su Secondastrada.com Camicia Fracomina Bianca \u2714\ufe0f Spedizione veloce entro 24h in tutta Italia \u2714\ufe0f Sconto sul tuo primo acquisto","og_url":"https:\/\/www.secondastrada.com\/it\/camicia-fracomina-bianca\/","og_site_name":"Seconda Strada","article_modified_time":"2026-04-30T23:36:35+00:00","og_image":[{"width":1000,"height":1300,"url":"https:\/\/www.secondastrada.com\/wp-content\/uploads\/2026\/04\/FS26ST6013W62201-OB_WHITE_PE26_1.jpg","type":"image\/jpeg"}],"twitter_card":"summary_large_image","twitter_misc":{"Tempo di lettura stimato":"1 minuto"},"schema":{"@context":"https:\/\/schema.org","@graph":[{"@type":"WebPage","@id":"https:\/\/www.secondastrada.com\/it\/camicia-fracomina-bianca\/","url":"https:\/\/www.secondastrada.com\/it\/camicia-fracomina-bianca\/","name":"Camicia Fracomina Bianca - Acquista online! - Seconda Strada","isPartOf":{"@id":"https:\/\/www.secondastrada.com\/it\/#website"},"primaryImageOfPage":{"@id":"https:\/\/www.secondastrada.com\/it\/camicia-fracomina-bianca\/#primaryimage"},"image":{"@id":"https:\/\/www.secondastrada.com\/it\/camicia-fracomina-bianca\/#primaryimage"},"thumbnailUrl":"https:\/\/www.secondastrada.com\/wp-content\/uploads\/2026\/04\/FS26ST6013W62201-OB_WHITE_PE26_1.jpg","datePublished":"2026-04-30T08:40:24+00:00","dateModified":"2026-04-30T23:36:35+00:00","description":"Camicia Fracomina Bianca \u27a4 Acquista online su Secondastrada.com Camicia Fracomina Bianca \u2714\ufe0f Spedizione veloce entro 24h in tutta Italia \u2714\ufe0f Sconto sul tuo primo acquisto","breadcrumb":{"@id":"https:\/\/www.secondastrada.com\/it\/camicia-fracomina-bianca\/#breadcrumb"},"inLanguage":"it-IT","potentialAction":[{"@type":"ReadAction","target":["https:\/\/www.secondastrada.com\/it\/camicia-fracomina-bianca\/"]}]},{"@type":"ImageObject","inLanguage":"it-IT","@id":"https:\/\/www.secondastrada.com\/it\/camicia-fracomina-bianca\/#primaryimage","url":"https:\/\/www.secondastrada.com\/wp-content\/uploads\/2026\/04\/FS26ST6013W62201-OB_WHITE_PE26_1.jpg","contentUrl":"https:\/\/www.secondastrada.com\/wp-content\/uploads\/2026\/04\/FS26ST6013W62201-OB_WHITE_PE26_1.jpg","width":1000,"height":1300,"caption":"FS26ST6013W62201-OB_WHITE_PE26"},{"@type":"BreadcrumbList","@id":"https:\/\/www.secondastrada.com\/it\/camicia-fracomina-bianca\/#breadcrumb","itemListElement":[{"@type":"ListItem","position":1,"name":"Home","item":"https:\/\/www.secondastrada.com\/it\/"},{"@type":"ListItem","position":2,"name":"Shop","item":"https:\/\/www.secondastrada.com\/it\/shop\/"},{"@type":"ListItem","position":3,"name":"Donna","item":"https:\/\/www.secondastrada.com\/it\/collezione-donna\/"},{"@type":"ListItem","position":4,"name":"Abbigliamento","item":"https:\/\/www.secondastrada.com\/it\/collezione-donna\/abbigliamento-donna\/"},{"@type":"ListItem","position":5,"name":"Camicie e Bluse","item":"https:\/\/www.secondastrada.com\/it\/collezione-donna\/abbigliamento-donna\/camicie-e-bluse-da-donna\/"},{"@type":"ListItem","position":6,"name":"Camicia Fracomina Bianca"}]},{"@type":"WebSite","@id":"https:\/\/www.secondastrada.com\/it\/#website","url":"https:\/\/www.secondastrada.com\/it\/","name":"Seconda Strada","description":"","publisher":{"@id":"https:\/\/www.secondastrada.com\/it\/#organization"},"potentialAction":[{"@type":"SearchAction","target":{"@type":"EntryPoint","urlTemplate":"https:\/\/www.secondastrada.com\/it\/?s={search_term_string}"},"query-input":"required name=search_term_string"}],"inLanguage":"it-IT"},{"@type":"Organization","@id":"https:\/\/www.secondastrada.com\/it\/#organization","name":"Seconda Strada","url":"https:\/\/www.secondastrada.com\/it\/","logo":{"@type":"ImageObject","inLanguage":"it-IT","@id":"https:\/\/www.secondastrada.com\/it\/#\/schema\/logo\/image\/","url":"https:\/\/www.secondastrada.com\/wp-content\/uploads\/2023\/11\/secondastrada-logo.svg","contentUrl":"https:\/\/www.secondastrada.com\/wp-content\/uploads\/2023\/11\/secondastrada-logo.svg","width":353,"height":47,"caption":"Seconda Strada"},"image":{"@id":"https:\/\/www.secondastrada.com\/it\/#\/schema\/logo\/image\/"}}]}},"df_price":79.99,"df_sale_price":"","df_regular_price":79.99,"df_image_link":"https:\/\/www.secondastrada.com\/wp-content\/uploads\/2026\/04\/FS26ST6013W62201-OB_WHITE_PE26_1-300x300.jpg","_links":{"self":[{"href":"https:\/\/www.secondastrada.com\/it\/wp-json\/wp\/v2\/product\/364312"}],"collection":[{"href":"https:\/\/www.secondastrada.com\/it\/wp-json\/wp\/v2\/product"}],"about":[{"href":"https:\/\/www.secondastrada.com\/it\/wp-json\/wp\/v2\/types\/product"}],"wp:featuredmedia":[{"embeddable":true,"href":"https:\/\/www.secondastrada.com\/it\/wp-json\/wp\/v2\/media\/365397"}],"wp:attachment":[{"href":"https:\/\/www.secondastrada.com\/it\/wp-json\/wp\/v2\/media?parent=364312"}],"wp:term":[{"taxonomy":"ss_brand","embeddable":true,"href":"https:\/\/www.secondastrada.com\/it\/wp-json\/wp\/v2\/ss_brand?post=364312"},{"taxonomy":"ss_promo","embeddable":true,"href":"https:\/\/www.secondastrada.com\/it\/wp-json\/wp\/v2\/ss_promo?post=364312"},{"taxonomy":"ss_season","embeddable":true,"href":"https:\/\/www.secondastrada.com\/it\/wp-json\/wp\/v2\/ss_season?post=364312"},{"taxonomy":"product_cat","embeddable":true,"href":"https:\/\/www.secondastrada.com\/it\/wp-json\/wp\/v2\/product_cat?post=364312"},{"taxonomy":"product_tag","embeddable":true,"href":"https:\/\/www.secondastrada.com\/it\/wp-json\/wp\/v2\/product_tag?post=364312"}],"curies":[{"name":"wp","href":"https:\/\/api.w.org\/{rel}","templated":true}]}}