{"id":364334,"date":"2026-04-30T10:42:50","date_gmt":"2026-04-30T08:42:50","guid":{"rendered":"https:\/\/www.secondastrada.com\/it\/pantalone-fracomina-rosa\/"},"modified":"2026-04-30T12:23:14","modified_gmt":"2026-04-30T10:23:14","slug":"pantalone-fracomina-rosa","status":"publish","type":"product","link":"https:\/\/www.secondastrada.com\/it\/pantalone-fracomina-rosa\/","title":{"rendered":"Pantalone Fracomina Rosa"},"content":{"rendered":"<p><b>Pantalone FRACOMINA Rosa da donna<\/b><br \/>\nLeggero e femminile, il <b>Pantalone FRACOMINA Rosa<\/b> \u00e8 la scelta perfetta per dare un tocco fresco e raffinato ai tuoi outfit di stagione. Realizzato in <b>75% cotone e 25% lino<\/b>, garantisce traspirabilit\u00e0 e comfort anche nelle giornate pi\u00f9 calde, accompagnandoti con naturalezza in ogni momento della giornata.<br \/>Il design si distingue per la <b>gamba larga<\/b> e il motivo <b>floreale<\/b>, che insieme creano un effetto fluido e armonioso, valorizzando la silhouette con eleganza. Questo <b>pantalone con gamba larga, floreale<\/b> \u00e8 ideale per chi ama uno stile rilassato ma curato nei dettagli.<br \/>Pensato come <b>pantalone da donna adatti alla stagione primavera estate<\/b>, offre una vestibilit\u00e0 regolare: la modella \u00e8 alta 172 cm e indossa la taglia S, un riferimento utile per scegliere la misura pi\u00f9 adatta.<br \/>Perfetto da indossare per un\u2019occasione speciale, un aperitivo all\u2019aperto o una giornata estiva, questo capo si presta a diversi abbinamenti. Puoi indossarlo con <b>top corto e scarpe alte<\/b> per un look elegante e slanciato, oppure con <b>bluse leggere e sandali<\/b> per uno stile pi\u00f9 rilassato e femminile.<br \/>Un capo versatile e di tendenza, pensato per accompagnarti con stile e leggerezza durante tutta la stagione.<br \/><b>Tutti i prodotti su SecondaStrada.com sono originali e garantiti.<\/b><br \/>Codice articolo: FS26SV3014W622K9 OB<\/p>\n","protected":false},"excerpt":{"rendered":"<p>Pantalone FRACOMINA Rosa da donna Leggero e femminile, il Pantalone FRACOMINA Rosa \u00e8 la scelta perfetta per dare un tocco fresco e raffinato ai tuoi outfit di stagione. Realizzato in 75% cotone e 25% lino, garantisce traspirabilit\u00e0 e comfort anche nelle giornate pi\u00f9 calde, accompagnandoti con naturalezza in ogni momento della giornata.Il design si distingue&#8230;<\/p>\n","protected":false},"featured_media":365402,"template":"","meta":{"inline_featured_image":false},"ss_brand":[1205],"ss_promo":[2196],"ss_season":[2531],"product_cat":[1329,1658,1342,1634],"product_tag":[1995,1769],"class_list":{"0":"post-364334","1":"product","2":"type-product","3":"status-publish","4":"has-post-thumbnail","6":"ss_brand-fracomina-donna","7":"ss_promo-mid-season-sale-donna","8":"ss_season-pe26","9":"product_cat-abbigliamento-donna","10":"product_cat-collezione-donna","11":"product_cat-pantaloni-da-donna","12":"product_cat-pantaloni-da-donna-larghi-da-donna","13":"product_tag-nuovi-arrivi-donna","14":"product_tag-pantaloni-fracomina-donna","16":"first","17":"instock","18":"sale","19":"shipping-taxable","20":"purchasable","21":"product-type-variable","22":"has-default-attributes"},"acf":{"ss_brand":[{"term_id":1205,"name":"FRACOMINA","slug":"fracomina-donna","term_group":0,"term_taxonomy_id":1205,"taxonomy":"ss_brand","description":"Regalati una giusta dose di charme con Fracomina: scopri la collezione di abbigliamento 100% Made in Italy e non perdere le offerte della nostra esclusiva boutique online!\u00a0Acquista online su SecondaStrada.com <strong>abbigliamento da donna Fracomina scontatissimo<\/strong>!","parent":1201,"count":296,"filter":"raw"}],"ss_promo":[2196],"ss_season":[{"term_id":2531,"name":"PE26","slug":"pe26","term_group":0,"term_taxonomy_id":2531,"taxonomy":"ss_season","description":"","parent":0,"count":1722,"filter":"raw"}],"ss_old_price":"149,90","ss_omnibus_price":"0,00","ss_style_advice":"<p><b>Pantalone FRACOMINA Rosa da donna<\/b><br \/>\nLeggero e femminile, il <b>Pantalone FRACOMINA Rosa<\/b> \u00e8 la scelta perfetta per dare un tocco fresco e raffinato ai tuoi outfit di stagione. Realizzato in <b>75% cotone e 25% lino<\/b>, garantisce traspirabilit\u00e0 e comfort anche nelle giornate pi\u00f9 calde, accompagnandoti con naturalezza in ogni momento della giornata.<br \/>Il design si distingue per la <b>gamba larga<\/b> e il motivo <b>floreale<\/b>, che insieme creano un effetto fluido e armonioso, valorizzando la silhouette con eleganza. Questo <b>pantalone con gamba larga, floreale<\/b> \u00e8 ideale per chi ama uno stile rilassato ma curato nei dettagli.<br \/>Pensato come <b>pantalone da donna adatti alla stagione primavera estate<\/b>, offre una vestibilit\u00e0 regolare: la modella \u00e8 alta 172 cm e indossa la taglia S, un riferimento utile per scegliere la misura pi\u00f9 adatta.<br \/>Perfetto da indossare per un\u2019occasione speciale, un aperitivo all\u2019aperto o una giornata estiva, questo capo si presta a diversi abbinamenti. Puoi indossarlo con <b>top corto e scarpe alte<\/b> per un look elegante e slanciato, oppure con <b>bluse leggere e sandali<\/b> per uno stile pi\u00f9 rilassato e femminile.<br \/>Un capo versatile e di tendenza, pensato per accompagnarti con stile e leggerezza durante tutta la stagione.<br \/><b>Tutti i prodotti su SecondaStrada.com sono originali e garantiti.<\/b><br \/>Codice articolo: FS26SV3014W622K9 OB<\/p>\n","ss_composition":"<p>75% cotone 25% lino ( lavare a mano)<\/p>\n","ss_fit":"<p>La modella \u00e8 alta 172 cm e veste la taglia S. La vestibilit\u00e0 del capo \u00e8 regolare.<\/p>\n"},"yoast_head":"<!-- This site is optimized with the Yoast SEO plugin v22.3 - https:\/\/yoast.com\/wordpress\/plugins\/seo\/ -->\n<title>Pantalone Fracomina Rosa - Acquista online! - Seconda Strada<\/title>\n<meta name=\"description\" content=\"Pantalone Fracomina Rosa \u27a4 Acquista online su Secondastrada.com Pantalone Fracomina Rosa \u2714\ufe0f Spedizione veloce entro 24h in tutta Italia \u2714\ufe0f Sconto sul tuo primo acquisto\" \/>\n<meta name=\"robots\" content=\"index, follow, max-snippet:-1, max-image-preview:large, max-video-preview:-1\" \/>\n<link rel=\"canonical\" href=\"https:\/\/www.secondastrada.com\/it\/pantalone-fracomina-rosa\/\" \/>\n<meta property=\"og:locale\" content=\"it_IT\" \/>\n<meta property=\"og:type\" content=\"article\" \/>\n<meta property=\"og:title\" content=\"Pantalone Fracomina Rosa - Acquista online! - Seconda Strada\" \/>\n<meta property=\"og:description\" content=\"Pantalone Fracomina Rosa \u27a4 Acquista online su Secondastrada.com Pantalone Fracomina Rosa \u2714\ufe0f Spedizione veloce entro 24h in tutta Italia \u2714\ufe0f Sconto sul tuo primo acquisto\" \/>\n<meta property=\"og:url\" content=\"https:\/\/www.secondastrada.com\/it\/pantalone-fracomina-rosa\/\" \/>\n<meta property=\"og:site_name\" content=\"Seconda Strada\" \/>\n<meta property=\"article:modified_time\" content=\"2026-04-30T10:23:14+00:00\" \/>\n<meta name=\"twitter:card\" content=\"summary_large_image\" \/>\n<meta name=\"twitter:label1\" content=\"Tempo di lettura stimato\" \/>\n\t<meta name=\"twitter:data1\" content=\"1 minuto\" \/>\n<!-- \/ Yoast SEO plugin. -->","yoast_head_json":{"title":"Pantalone Fracomina Rosa - Acquista online! - Seconda Strada","description":"Pantalone Fracomina Rosa \u27a4 Acquista online su Secondastrada.com Pantalone Fracomina Rosa \u2714\ufe0f Spedizione veloce entro 24h in tutta Italia \u2714\ufe0f Sconto sul tuo primo acquisto","robots":{"index":"index","follow":"follow","max-snippet":"max-snippet:-1","max-image-preview":"max-image-preview:large","max-video-preview":"max-video-preview:-1"},"canonical":"https:\/\/www.secondastrada.com\/it\/pantalone-fracomina-rosa\/","og_locale":"it_IT","og_type":"article","og_title":"Pantalone Fracomina Rosa - Acquista online! - Seconda Strada","og_description":"Pantalone Fracomina Rosa \u27a4 Acquista online su Secondastrada.com Pantalone Fracomina Rosa \u2714\ufe0f Spedizione veloce entro 24h in tutta Italia \u2714\ufe0f Sconto sul tuo primo acquisto","og_url":"https:\/\/www.secondastrada.com\/it\/pantalone-fracomina-rosa\/","og_site_name":"Seconda Strada","article_modified_time":"2026-04-30T10:23:14+00:00","twitter_card":"summary_large_image","twitter_misc":{"Tempo di lettura stimato":"1 minuto"},"schema":{"@context":"https:\/\/schema.org","@graph":[{"@type":"WebPage","@id":"https:\/\/www.secondastrada.com\/it\/pantalone-fracomina-rosa\/","url":"https:\/\/www.secondastrada.com\/it\/pantalone-fracomina-rosa\/","name":"Pantalone Fracomina Rosa - Acquista online! - Seconda Strada","isPartOf":{"@id":"https:\/\/www.secondastrada.com\/it\/#website"},"primaryImageOfPage":{"@id":"https:\/\/www.secondastrada.com\/it\/pantalone-fracomina-rosa\/#primaryimage"},"image":{"@id":"https:\/\/www.secondastrada.com\/it\/pantalone-fracomina-rosa\/#primaryimage"},"thumbnailUrl":"https:\/\/www.secondastrada.com\/wp-content\/uploads\/2026\/04\/FS26SV3014W622K9-OB_PINKSTRAWBERRY_PE26_1.jpg","datePublished":"2026-04-30T08:42:50+00:00","dateModified":"2026-04-30T10:23:14+00:00","description":"Pantalone Fracomina Rosa \u27a4 Acquista online su Secondastrada.com Pantalone Fracomina Rosa \u2714\ufe0f Spedizione veloce entro 24h in tutta Italia \u2714\ufe0f Sconto sul tuo primo acquisto","breadcrumb":{"@id":"https:\/\/www.secondastrada.com\/it\/pantalone-fracomina-rosa\/#breadcrumb"},"inLanguage":"it-IT","potentialAction":[{"@type":"ReadAction","target":["https:\/\/www.secondastrada.com\/it\/pantalone-fracomina-rosa\/"]}]},{"@type":"ImageObject","inLanguage":"it-IT","@id":"https:\/\/www.secondastrada.com\/it\/pantalone-fracomina-rosa\/#primaryimage","url":"https:\/\/www.secondastrada.com\/wp-content\/uploads\/2026\/04\/FS26SV3014W622K9-OB_PINKSTRAWBERRY_PE26_1.jpg","contentUrl":"https:\/\/www.secondastrada.com\/wp-content\/uploads\/2026\/04\/FS26SV3014W622K9-OB_PINKSTRAWBERRY_PE26_1.jpg","width":1000,"height":1300,"caption":"FS26SV3014W622K9-OB_PINKSTRAWBERRY_PE26"},{"@type":"BreadcrumbList","@id":"https:\/\/www.secondastrada.com\/it\/pantalone-fracomina-rosa\/#breadcrumb","itemListElement":[{"@type":"ListItem","position":1,"name":"Home","item":"https:\/\/www.secondastrada.com\/it\/"},{"@type":"ListItem","position":2,"name":"Shop","item":"https:\/\/www.secondastrada.com\/it\/shop\/"},{"@type":"ListItem","position":3,"name":"Donna","item":"https:\/\/www.secondastrada.com\/it\/collezione-donna\/"},{"@type":"ListItem","position":4,"name":"Abbigliamento","item":"https:\/\/www.secondastrada.com\/it\/collezione-donna\/abbigliamento-donna\/"},{"@type":"ListItem","position":5,"name":"Pantaloni","item":"https:\/\/www.secondastrada.com\/it\/collezione-donna\/abbigliamento-donna\/pantaloni-da-donna\/"},{"@type":"ListItem","position":6,"name":"Pantaloni larghi","item":"https:\/\/www.secondastrada.com\/it\/collezione-donna\/abbigliamento-donna\/pantaloni-da-donna\/pantaloni-da-donna-larghi-da-donna\/"},{"@type":"ListItem","position":7,"name":"Pantalone Fracomina Rosa"}]},{"@type":"WebSite","@id":"https:\/\/www.secondastrada.com\/it\/#website","url":"https:\/\/www.secondastrada.com\/it\/","name":"Seconda Strada","description":"","publisher":{"@id":"https:\/\/www.secondastrada.com\/it\/#organization"},"potentialAction":[{"@type":"SearchAction","target":{"@type":"EntryPoint","urlTemplate":"https:\/\/www.secondastrada.com\/it\/?s={search_term_string}"},"query-input":"required name=search_term_string"}],"inLanguage":"it-IT"},{"@type":"Organization","@id":"https:\/\/www.secondastrada.com\/it\/#organization","name":"Seconda Strada","url":"https:\/\/www.secondastrada.com\/it\/","logo":{"@type":"ImageObject","inLanguage":"it-IT","@id":"https:\/\/www.secondastrada.com\/it\/#\/schema\/logo\/image\/","url":"https:\/\/www.secondastrada.com\/wp-content\/uploads\/2023\/11\/secondastrada-logo.svg","contentUrl":"https:\/\/www.secondastrada.com\/wp-content\/uploads\/2023\/11\/secondastrada-logo.svg","width":353,"height":47,"caption":"Seconda Strada"},"image":{"@id":"https:\/\/www.secondastrada.com\/it\/#\/schema\/logo\/image\/"}}]}},"df_price":83.993,"df_sale_price":"","df_regular_price":83.993,"df_image_link":"https:\/\/www.secondastrada.com\/wp-content\/uploads\/2026\/04\/FS26SV3014W622K9-OB_PINKSTRAWBERRY_PE26_1-300x300.jpg","_links":{"self":[{"href":"https:\/\/www.secondastrada.com\/it\/wp-json\/wp\/v2\/product\/364334"}],"collection":[{"href":"https:\/\/www.secondastrada.com\/it\/wp-json\/wp\/v2\/product"}],"about":[{"href":"https:\/\/www.secondastrada.com\/it\/wp-json\/wp\/v2\/types\/product"}],"wp:featuredmedia":[{"embeddable":true,"href":"https:\/\/www.secondastrada.com\/it\/wp-json\/wp\/v2\/media\/365402"}],"wp:attachment":[{"href":"https:\/\/www.secondastrada.com\/it\/wp-json\/wp\/v2\/media?parent=364334"}],"wp:term":[{"taxonomy":"ss_brand","embeddable":true,"href":"https:\/\/www.secondastrada.com\/it\/wp-json\/wp\/v2\/ss_brand?post=364334"},{"taxonomy":"ss_promo","embeddable":true,"href":"https:\/\/www.secondastrada.com\/it\/wp-json\/wp\/v2\/ss_promo?post=364334"},{"taxonomy":"ss_season","embeddable":true,"href":"https:\/\/www.secondastrada.com\/it\/wp-json\/wp\/v2\/ss_season?post=364334"},{"taxonomy":"product_cat","embeddable":true,"href":"https:\/\/www.secondastrada.com\/it\/wp-json\/wp\/v2\/product_cat?post=364334"},{"taxonomy":"product_tag","embeddable":true,"href":"https:\/\/www.secondastrada.com\/it\/wp-json\/wp\/v2\/product_tag?post=364334"}],"curies":[{"name":"wp","href":"https:\/\/api.w.org\/{rel}","templated":true}]}}