{"id":364370,"date":"2026-04-30T10:46:13","date_gmt":"2026-04-30T08:46:13","guid":{"rendered":"https:\/\/www.secondastrada.com\/it\/blusa-rue-de-clerie-blu\/"},"modified":"2026-05-01T01:51:28","modified_gmt":"2026-04-30T23:51:28","slug":"blusa-rue-de-clerie-blu","status":"publish","type":"product","link":"https:\/\/www.secondastrada.com\/it\/blusa-rue-de-clerie-blu\/","title":{"rendered":"Blusa Rue De Clerie Blu"},"content":{"rendered":"<p><b>Blusa RUE DE CLERIE Blu da donna<\/b><br \/>\nFresca ed elegante, la <b>Blusa RUE DE CLERIE Blu<\/b> \u00e8 il capo ideale per chi cerca uno stile essenziale ma raffinato. Realizzata in <b>100% lino<\/b>, garantisce leggerezza e traspirabilit\u00e0, perfetta per accompagnarti con comfort durante le giornate pi\u00f9 calde della stagione.<br \/>Il design si distingue per il <b>collo alla coreana<\/b>, che dona un tocco minimal e contemporaneo, e per le <b>maniche 3\/4<\/b>, pratiche e versatili. Questa <b>blusa con collo alla coreana , manica 3\/4<\/b> \u00e8 pensata per offrirti un look curato senza rinunciare alla semplicit\u00e0.<br \/>Ideale come <b>blusa da donna adatta alla stagione primavera estate<\/b>, presenta una vestibilit\u00e0 regolare: la modella \u00e8 alta 172 cm e indossa la taglia S, un riferimento utile per scegliere con sicurezza la misura pi\u00f9 adatta a te.<br \/>Perfetta da indossare nel tempo libero, per una passeggiata o una giornata rilassata, si presta facilmente anche a contesti pi\u00f9 eleganti. Puoi abbinarla con <b>pantaloni coordinati<\/b> per un outfit armonioso e sofisticato, oppure con <b>jeans e sandali<\/b> per uno stile casual ma sempre curato.<br \/>Un capo versatile e senza tempo, pensato per accompagnarti con naturalezza in ogni momento della giornata.<br \/><b>Tutti i prodotti su SecondaStrada.com sono originali e garantiti.<\/b><br \/>Codice articolo: LGE6CM030299<\/p>\n","protected":false},"excerpt":{"rendered":"<p>Blusa RUE DE CLERIE Blu da donna Fresca ed elegante, la Blusa RUE DE CLERIE Blu \u00e8 il capo ideale per chi cerca uno stile essenziale ma raffinato. Realizzata in 100% lino, garantisce leggerezza e traspirabilit\u00e0, perfetta per accompagnarti con comfort durante le giornate pi\u00f9 calde della stagione.Il design si distingue per il collo alla&#8230;<\/p>\n","protected":false},"featured_media":364365,"template":"","meta":{"inline_featured_image":false},"ss_brand":[1206],"ss_promo":[],"ss_season":[2531],"product_cat":[1329,1339,1658],"product_tag":[1995],"class_list":{"0":"post-364370","1":"product","2":"type-product","3":"status-publish","4":"has-post-thumbnail","6":"ss_brand-rue-de-clerie-donna","7":"ss_season-pe26","8":"product_cat-abbigliamento-donna","9":"product_cat-camicie-e-bluse-da-donna","10":"product_cat-collezione-donna","11":"product_tag-nuovi-arrivi-donna","13":"first","14":"instock","15":"shipping-taxable","16":"purchasable","17":"product-type-variable","18":"has-default-attributes"},"acf":{"ss_brand":[{"term_id":1206,"name":"RUE DE CLERIE","slug":"rue-de-clerie-donna","term_group":0,"term_taxonomy_id":1206,"taxonomy":"ss_brand","description":"Creazioni essenziali con interventi boh\u00e9mien dal fascino lussuoso per chi ama vestirsi con indiscutibile classe: scopri nel nostro store online gli abiti e i maglioni da donna firmati Rue de Clerie a prezzi favolosi!\u00a0Acquista online su SecondaStrada.com <strong>abbigliamento da donna Rue De Clerie scontatissimo<\/strong>!","parent":1201,"count":608,"filter":"raw"}],"ss_promo":false,"ss_season":[{"term_id":2531,"name":"PE26","slug":"pe26","term_group":0,"term_taxonomy_id":2531,"taxonomy":"ss_season","description":"","parent":0,"count":1722,"filter":"raw"}],"ss_old_price":"0,00","ss_omnibus_price":"0,00","ss_style_advice":"<p><b>Blusa RUE DE CLERIE Blu da donna<\/b><br \/>\nFresca ed elegante, la <b>Blusa RUE DE CLERIE Blu<\/b> \u00e8 il capo ideale per chi cerca uno stile essenziale ma raffinato. Realizzata in <b>100% lino<\/b>, garantisce leggerezza e traspirabilit\u00e0, perfetta per accompagnarti con comfort durante le giornate pi\u00f9 calde della stagione.<br \/>Il design si distingue per il <b>collo alla coreana<\/b>, che dona un tocco minimal e contemporaneo, e per le <b>maniche 3\/4<\/b>, pratiche e versatili. Questa <b>blusa con collo alla coreana , manica 3\/4<\/b> \u00e8 pensata per offrirti un look curato senza rinunciare alla semplicit\u00e0.<br \/>Ideale come <b>blusa da donna adatta alla stagione primavera estate<\/b>, presenta una vestibilit\u00e0 regolare: la modella \u00e8 alta 172 cm e indossa la taglia S, un riferimento utile per scegliere con sicurezza la misura pi\u00f9 adatta a te.<br \/>Perfetta da indossare nel tempo libero, per una passeggiata o una giornata rilassata, si presta facilmente anche a contesti pi\u00f9 eleganti. Puoi abbinarla con <b>pantaloni coordinati<\/b> per un outfit armonioso e sofisticato, oppure con <b>jeans e sandali<\/b> per uno stile casual ma sempre curato.<br \/>Un capo versatile e senza tempo, pensato per accompagnarti con naturalezza in ogni momento della giornata.<br \/><b>Tutti i prodotti su SecondaStrada.com sono originali e garantiti.<\/b><br \/>Codice articolo: LGE6CM030299<\/p>\n","ss_composition":"<p>100% lino<\/p>\n","ss_fit":"<p>La modella \u00e8 alta 172 cm e veste la taglia S. La vestibilit\u00e0 del capo \u00e8 regolare.<\/p>\n"},"yoast_head":"<!-- This site is optimized with the Yoast SEO plugin v22.3 - https:\/\/yoast.com\/wordpress\/plugins\/seo\/ -->\n<title>Blusa Rue De Clerie Blu - Acquista online! - Seconda Strada<\/title>\n<meta name=\"description\" content=\"Blusa Rue De Clerie Blu \u27a4 Acquista online su Secondastrada.com Blusa Rue De Clerie Blu \u2714\ufe0f Spedizione veloce entro 24h in tutta Italia \u2714\ufe0f Sconto sul tuo primo acquisto\" \/>\n<meta name=\"robots\" content=\"index, follow, max-snippet:-1, max-image-preview:large, max-video-preview:-1\" \/>\n<link rel=\"canonical\" href=\"https:\/\/www.secondastrada.com\/it\/blusa-rue-de-clerie-blu\/\" \/>\n<meta property=\"og:locale\" content=\"it_IT\" \/>\n<meta property=\"og:type\" content=\"article\" \/>\n<meta property=\"og:title\" content=\"Blusa Rue De Clerie Blu - Acquista online! - Seconda Strada\" \/>\n<meta property=\"og:description\" content=\"Blusa Rue De Clerie Blu \u27a4 Acquista online su Secondastrada.com Blusa Rue De Clerie Blu \u2714\ufe0f Spedizione veloce entro 24h in tutta Italia \u2714\ufe0f Sconto sul tuo primo acquisto\" \/>\n<meta property=\"og:url\" content=\"https:\/\/www.secondastrada.com\/it\/blusa-rue-de-clerie-blu\/\" \/>\n<meta property=\"og:site_name\" content=\"Seconda Strada\" \/>\n<meta property=\"article:modified_time\" content=\"2026-04-30T23:51:28+00:00\" \/>\n<meta property=\"og:image\" content=\"https:\/\/www.secondastrada.com\/wp-content\/uploads\/2026\/04\/LGE6CM030299-OB_BLU_PE26_1.jpg\" \/>\n\t<meta property=\"og:image:width\" content=\"1000\" \/>\n\t<meta property=\"og:image:height\" content=\"1300\" \/>\n\t<meta property=\"og:image:type\" content=\"image\/jpeg\" \/>\n<meta name=\"twitter:card\" content=\"summary_large_image\" \/>\n<meta name=\"twitter:label1\" content=\"Tempo di lettura stimato\" \/>\n\t<meta name=\"twitter:data1\" content=\"1 minuto\" \/>\n<!-- \/ Yoast SEO plugin. -->","yoast_head_json":{"title":"Blusa Rue De Clerie Blu - Acquista online! - Seconda Strada","description":"Blusa Rue De Clerie Blu \u27a4 Acquista online su Secondastrada.com Blusa Rue De Clerie Blu \u2714\ufe0f Spedizione veloce entro 24h in tutta Italia \u2714\ufe0f Sconto sul tuo primo acquisto","robots":{"index":"index","follow":"follow","max-snippet":"max-snippet:-1","max-image-preview":"max-image-preview:large","max-video-preview":"max-video-preview:-1"},"canonical":"https:\/\/www.secondastrada.com\/it\/blusa-rue-de-clerie-blu\/","og_locale":"it_IT","og_type":"article","og_title":"Blusa Rue De Clerie Blu - Acquista online! - Seconda Strada","og_description":"Blusa Rue De Clerie Blu \u27a4 Acquista online su Secondastrada.com Blusa Rue De Clerie Blu \u2714\ufe0f Spedizione veloce entro 24h in tutta Italia \u2714\ufe0f Sconto sul tuo primo acquisto","og_url":"https:\/\/www.secondastrada.com\/it\/blusa-rue-de-clerie-blu\/","og_site_name":"Seconda Strada","article_modified_time":"2026-04-30T23:51:28+00:00","og_image":[{"width":1000,"height":1300,"url":"https:\/\/www.secondastrada.com\/wp-content\/uploads\/2026\/04\/LGE6CM030299-OB_BLU_PE26_1.jpg","type":"image\/jpeg"}],"twitter_card":"summary_large_image","twitter_misc":{"Tempo di lettura stimato":"1 minuto"},"schema":{"@context":"https:\/\/schema.org","@graph":[{"@type":"WebPage","@id":"https:\/\/www.secondastrada.com\/it\/blusa-rue-de-clerie-blu\/","url":"https:\/\/www.secondastrada.com\/it\/blusa-rue-de-clerie-blu\/","name":"Blusa Rue De Clerie Blu - Acquista online! - Seconda Strada","isPartOf":{"@id":"https:\/\/www.secondastrada.com\/it\/#website"},"primaryImageOfPage":{"@id":"https:\/\/www.secondastrada.com\/it\/blusa-rue-de-clerie-blu\/#primaryimage"},"image":{"@id":"https:\/\/www.secondastrada.com\/it\/blusa-rue-de-clerie-blu\/#primaryimage"},"thumbnailUrl":"https:\/\/www.secondastrada.com\/wp-content\/uploads\/2026\/04\/LGE6CM030299-OB_BLU_PE26_1.jpg","datePublished":"2026-04-30T08:46:13+00:00","dateModified":"2026-04-30T23:51:28+00:00","description":"Blusa Rue De Clerie Blu \u27a4 Acquista online su Secondastrada.com Blusa Rue De Clerie Blu \u2714\ufe0f Spedizione veloce entro 24h in tutta Italia \u2714\ufe0f Sconto sul tuo primo acquisto","breadcrumb":{"@id":"https:\/\/www.secondastrada.com\/it\/blusa-rue-de-clerie-blu\/#breadcrumb"},"inLanguage":"it-IT","potentialAction":[{"@type":"ReadAction","target":["https:\/\/www.secondastrada.com\/it\/blusa-rue-de-clerie-blu\/"]}]},{"@type":"ImageObject","inLanguage":"it-IT","@id":"https:\/\/www.secondastrada.com\/it\/blusa-rue-de-clerie-blu\/#primaryimage","url":"https:\/\/www.secondastrada.com\/wp-content\/uploads\/2026\/04\/LGE6CM030299-OB_BLU_PE26_1.jpg","contentUrl":"https:\/\/www.secondastrada.com\/wp-content\/uploads\/2026\/04\/LGE6CM030299-OB_BLU_PE26_1.jpg","width":1000,"height":1300,"caption":"LGE6CM030299-OB_BLU_PE26"},{"@type":"BreadcrumbList","@id":"https:\/\/www.secondastrada.com\/it\/blusa-rue-de-clerie-blu\/#breadcrumb","itemListElement":[{"@type":"ListItem","position":1,"name":"Home","item":"https:\/\/www.secondastrada.com\/it\/"},{"@type":"ListItem","position":2,"name":"Shop","item":"https:\/\/www.secondastrada.com\/it\/shop\/"},{"@type":"ListItem","position":3,"name":"Donna","item":"https:\/\/www.secondastrada.com\/it\/collezione-donna\/"},{"@type":"ListItem","position":4,"name":"Abbigliamento","item":"https:\/\/www.secondastrada.com\/it\/collezione-donna\/abbigliamento-donna\/"},{"@type":"ListItem","position":5,"name":"Camicie e Bluse","item":"https:\/\/www.secondastrada.com\/it\/collezione-donna\/abbigliamento-donna\/camicie-e-bluse-da-donna\/"},{"@type":"ListItem","position":6,"name":"Blusa Rue De Clerie Blu"}]},{"@type":"WebSite","@id":"https:\/\/www.secondastrada.com\/it\/#website","url":"https:\/\/www.secondastrada.com\/it\/","name":"Seconda Strada","description":"","publisher":{"@id":"https:\/\/www.secondastrada.com\/it\/#organization"},"potentialAction":[{"@type":"SearchAction","target":{"@type":"EntryPoint","urlTemplate":"https:\/\/www.secondastrada.com\/it\/?s={search_term_string}"},"query-input":"required name=search_term_string"}],"inLanguage":"it-IT"},{"@type":"Organization","@id":"https:\/\/www.secondastrada.com\/it\/#organization","name":"Seconda Strada","url":"https:\/\/www.secondastrada.com\/it\/","logo":{"@type":"ImageObject","inLanguage":"it-IT","@id":"https:\/\/www.secondastrada.com\/it\/#\/schema\/logo\/image\/","url":"https:\/\/www.secondastrada.com\/wp-content\/uploads\/2023\/11\/secondastrada-logo.svg","contentUrl":"https:\/\/www.secondastrada.com\/wp-content\/uploads\/2023\/11\/secondastrada-logo.svg","width":353,"height":47,"caption":"Seconda Strada"},"image":{"@id":"https:\/\/www.secondastrada.com\/it\/#\/schema\/logo\/image\/"}}]}},"df_price":59.99,"df_sale_price":"","df_regular_price":59.99,"df_image_link":"https:\/\/www.secondastrada.com\/wp-content\/uploads\/2026\/04\/LGE6CM030299-OB_BLU_PE26_1-300x300.jpg","_links":{"self":[{"href":"https:\/\/www.secondastrada.com\/it\/wp-json\/wp\/v2\/product\/364370"}],"collection":[{"href":"https:\/\/www.secondastrada.com\/it\/wp-json\/wp\/v2\/product"}],"about":[{"href":"https:\/\/www.secondastrada.com\/it\/wp-json\/wp\/v2\/types\/product"}],"wp:featuredmedia":[{"embeddable":true,"href":"https:\/\/www.secondastrada.com\/it\/wp-json\/wp\/v2\/media\/364365"}],"wp:attachment":[{"href":"https:\/\/www.secondastrada.com\/it\/wp-json\/wp\/v2\/media?parent=364370"}],"wp:term":[{"taxonomy":"ss_brand","embeddable":true,"href":"https:\/\/www.secondastrada.com\/it\/wp-json\/wp\/v2\/ss_brand?post=364370"},{"taxonomy":"ss_promo","embeddable":true,"href":"https:\/\/www.secondastrada.com\/it\/wp-json\/wp\/v2\/ss_promo?post=364370"},{"taxonomy":"ss_season","embeddable":true,"href":"https:\/\/www.secondastrada.com\/it\/wp-json\/wp\/v2\/ss_season?post=364370"},{"taxonomy":"product_cat","embeddable":true,"href":"https:\/\/www.secondastrada.com\/it\/wp-json\/wp\/v2\/product_cat?post=364370"},{"taxonomy":"product_tag","embeddable":true,"href":"https:\/\/www.secondastrada.com\/it\/wp-json\/wp\/v2\/product_tag?post=364370"}],"curies":[{"name":"wp","href":"https:\/\/api.w.org\/{rel}","templated":true}]}}