{"id":364677,"date":"2026-04-30T11:14:08","date_gmt":"2026-04-30T09:14:08","guid":{"rendered":"https:\/\/www.secondastrada.com\/it\/pantalone-rue-de-clerie-marrone-4\/"},"modified":"2026-05-01T00:51:32","modified_gmt":"2026-04-30T22:51:32","slug":"pantalone-rue-de-clerie-marrone-4","status":"publish","type":"product","link":"https:\/\/www.secondastrada.com\/it\/pantalone-rue-de-clerie-marrone-4\/","title":{"rendered":"Pantalone Rue De Clerie Marrone"},"content":{"rendered":"<p><b>Pantalone RUE DE CLERIE Marrone da donna<\/b><br \/>\nNaturale ed elegante, il <b>Pantalone RUE DE CLERIE Marrone<\/b> \u00e8 il capo ideale per chi desidera uno stile raffinato ma rilassato durante la stagione pi\u00f9 calda. Realizzato in <b>100% lino<\/b>, offre una sensazione di freschezza e leggerezza sulla pelle, perfetta per affrontare le giornate primaverili ed estive con comfort.<br \/>Il modello si distingue per il pratico <b>elastico in vita con coulisse<\/b>, che garantisce una vestibilit\u00e0 regolabile e confortevole, e per la linea a <b>gamba stretta<\/b> che valorizza la silhouette con un tocco moderno. Questo <b>pantalone con elastico coulisse, gamba stretta<\/b> \u00e8 pensato per accompagnarti con disinvoltura in ogni momento della giornata.<br \/>Perfetto come <b>pantalone da donna adatti alla stagione primavera estate<\/b>, presenta una vestibilit\u00e0 regolare: la modella \u00e8 alta 172 cm e indossa la taglia S, un riferimento utile per orientarti nella scelta della misura.<br \/>Ideale da indossare nel tempo libero, per una passeggiata o un momento di relax, si presta anche a look pi\u00f9 curati grazie alla sua linea essenziale. Puoi abbinarlo con una <b>blusa coordinata<\/b> per un outfit armonioso oppure con <b>top e sandali<\/b> per uno stile casual e fresco.<br \/>Un capo versatile e senza tempo, perfetto per arricchire il tuo guardaroba con semplicit\u00e0 ed eleganza.<br \/><b>Tutti i prodotti su SecondaStrada.com sono originali e garantiti.<\/b><br \/>Codice articolo: LGE6PT008086 OB<\/p>\n","protected":false},"excerpt":{"rendered":"<p>Pantalone RUE DE CLERIE Marrone da donna Naturale ed elegante, il Pantalone RUE DE CLERIE Marrone \u00e8 il capo ideale per chi desidera uno stile raffinato ma rilassato durante la stagione pi\u00f9 calda. Realizzato in 100% lino, offre una sensazione di freschezza e leggerezza sulla pelle, perfetta per affrontare le giornate primaverili ed estive con&#8230;<\/p>\n","protected":false},"featured_media":364671,"template":"","meta":{"inline_featured_image":false},"ss_brand":[1206],"ss_promo":[],"ss_season":[2531],"product_cat":[1329,1658,1342,2251],"product_tag":[1995,1782],"class_list":{"0":"post-364677","1":"product","2":"type-product","3":"status-publish","4":"has-post-thumbnail","6":"ss_brand-rue-de-clerie-donna","7":"ss_season-pe26","8":"product_cat-abbigliamento-donna","9":"product_cat-collezione-donna","10":"product_cat-pantaloni-da-donna","11":"product_cat-pantaloni-stretti-da-donna","12":"product_tag-nuovi-arrivi-donna","13":"product_tag-pantaloni-rue-de-clerie-donna","15":"first","16":"instock","17":"shipping-taxable","18":"purchasable","19":"product-type-variable","20":"has-default-attributes"},"acf":{"ss_brand":[{"term_id":1206,"name":"RUE DE CLERIE","slug":"rue-de-clerie-donna","term_group":0,"term_taxonomy_id":1206,"taxonomy":"ss_brand","description":"Creazioni essenziali con interventi boh\u00e9mien dal fascino lussuoso per chi ama vestirsi con indiscutibile classe: scopri nel nostro store online gli abiti e i maglioni da donna firmati Rue de Clerie a prezzi favolosi!\u00a0Acquista online su SecondaStrada.com <strong>abbigliamento da donna Rue De Clerie scontatissimo<\/strong>!","parent":1201,"count":608,"filter":"raw"}],"ss_promo":false,"ss_season":[{"term_id":2531,"name":"PE26","slug":"pe26","term_group":0,"term_taxonomy_id":2531,"taxonomy":"ss_season","description":"","parent":0,"count":1722,"filter":"raw"}],"ss_old_price":"0,00","ss_omnibus_price":"0,00","ss_style_advice":"<p><b>Pantalone RUE DE CLERIE Marrone da donna<\/b><br \/>\nNaturale ed elegante, il <b>Pantalone RUE DE CLERIE Marrone<\/b> \u00e8 il capo ideale per chi desidera uno stile raffinato ma rilassato durante la stagione pi\u00f9 calda. Realizzato in <b>100% lino<\/b>, offre una sensazione di freschezza e leggerezza sulla pelle, perfetta per affrontare le giornate primaverili ed estive con comfort.<br \/>Il modello si distingue per il pratico <b>elastico in vita con coulisse<\/b>, che garantisce una vestibilit\u00e0 regolabile e confortevole, e per la linea a <b>gamba stretta<\/b> che valorizza la silhouette con un tocco moderno. Questo <b>pantalone con elastico coulisse, gamba stretta<\/b> \u00e8 pensato per accompagnarti con disinvoltura in ogni momento della giornata.<br \/>Perfetto come <b>pantalone da donna adatti alla stagione primavera estate<\/b>, presenta una vestibilit\u00e0 regolare: la modella \u00e8 alta 172 cm e indossa la taglia S, un riferimento utile per orientarti nella scelta della misura.<br \/>Ideale da indossare nel tempo libero, per una passeggiata o un momento di relax, si presta anche a look pi\u00f9 curati grazie alla sua linea essenziale. Puoi abbinarlo con una <b>blusa coordinata<\/b> per un outfit armonioso oppure con <b>top e sandali<\/b> per uno stile casual e fresco.<br \/>Un capo versatile e senza tempo, perfetto per arricchire il tuo guardaroba con semplicit\u00e0 ed eleganza.<br \/><b>Tutti i prodotti su SecondaStrada.com sono originali e garantiti.<\/b><br \/>Codice articolo: LGE6PT008086 OB<\/p>\n","ss_composition":"<p>100% lino<\/p>\n","ss_fit":"<p>La modella \u00e8 alta 172 cm e veste la taglia S. La vestibilit\u00e0 del capo \u00e8 regolare.<\/p>\n"},"yoast_head":"<!-- This site is optimized with the Yoast SEO plugin v22.3 - https:\/\/yoast.com\/wordpress\/plugins\/seo\/ -->\n<title>Pantalone Rue De Clerie Marrone - Acquista online! - Seconda Strada<\/title>\n<meta name=\"description\" content=\"Pantalone Rue De Clerie Marrone \u27a4 Acquista online su Secondastrada.com Pantalone Rue De Clerie Marrone \u2714\ufe0f Spedizione veloce entro 24h in tutta Italia \u2714\ufe0f Sconto sul tuo primo acquisto\" \/>\n<meta name=\"robots\" content=\"index, follow, max-snippet:-1, max-image-preview:large, max-video-preview:-1\" \/>\n<link rel=\"canonical\" href=\"https:\/\/www.secondastrada.com\/it\/pantalone-rue-de-clerie-marrone-4\/\" \/>\n<meta property=\"og:locale\" content=\"it_IT\" \/>\n<meta property=\"og:type\" content=\"article\" \/>\n<meta property=\"og:title\" content=\"Pantalone Rue De Clerie Marrone - Acquista online! - Seconda Strada\" \/>\n<meta property=\"og:description\" content=\"Pantalone Rue De Clerie Marrone \u27a4 Acquista online su Secondastrada.com Pantalone Rue De Clerie Marrone \u2714\ufe0f Spedizione veloce entro 24h in tutta Italia \u2714\ufe0f Sconto sul tuo primo acquisto\" \/>\n<meta property=\"og:url\" content=\"https:\/\/www.secondastrada.com\/it\/pantalone-rue-de-clerie-marrone-4\/\" \/>\n<meta property=\"og:site_name\" content=\"Seconda Strada\" \/>\n<meta property=\"article:modified_time\" content=\"2026-04-30T22:51:32+00:00\" \/>\n<meta property=\"og:image\" content=\"https:\/\/www.secondastrada.com\/wp-content\/uploads\/2026\/04\/LGE6PT008086-OB_MOKA_PE26_1.jpg\" \/>\n\t<meta property=\"og:image:width\" content=\"1000\" \/>\n\t<meta property=\"og:image:height\" content=\"1300\" \/>\n\t<meta property=\"og:image:type\" content=\"image\/jpeg\" \/>\n<meta name=\"twitter:card\" content=\"summary_large_image\" \/>\n<meta name=\"twitter:label1\" content=\"Tempo di lettura stimato\" \/>\n\t<meta name=\"twitter:data1\" content=\"1 minuto\" \/>\n<!-- \/ Yoast SEO plugin. -->","yoast_head_json":{"title":"Pantalone Rue De Clerie Marrone - Acquista online! - Seconda Strada","description":"Pantalone Rue De Clerie Marrone \u27a4 Acquista online su Secondastrada.com Pantalone Rue De Clerie Marrone \u2714\ufe0f Spedizione veloce entro 24h in tutta Italia \u2714\ufe0f Sconto sul tuo primo acquisto","robots":{"index":"index","follow":"follow","max-snippet":"max-snippet:-1","max-image-preview":"max-image-preview:large","max-video-preview":"max-video-preview:-1"},"canonical":"https:\/\/www.secondastrada.com\/it\/pantalone-rue-de-clerie-marrone-4\/","og_locale":"it_IT","og_type":"article","og_title":"Pantalone Rue De Clerie Marrone - Acquista online! - Seconda Strada","og_description":"Pantalone Rue De Clerie Marrone \u27a4 Acquista online su Secondastrada.com Pantalone Rue De Clerie Marrone \u2714\ufe0f Spedizione veloce entro 24h in tutta Italia \u2714\ufe0f Sconto sul tuo primo acquisto","og_url":"https:\/\/www.secondastrada.com\/it\/pantalone-rue-de-clerie-marrone-4\/","og_site_name":"Seconda Strada","article_modified_time":"2026-04-30T22:51:32+00:00","og_image":[{"width":1000,"height":1300,"url":"https:\/\/www.secondastrada.com\/wp-content\/uploads\/2026\/04\/LGE6PT008086-OB_MOKA_PE26_1.jpg","type":"image\/jpeg"}],"twitter_card":"summary_large_image","twitter_misc":{"Tempo di lettura stimato":"1 minuto"},"schema":{"@context":"https:\/\/schema.org","@graph":[{"@type":"WebPage","@id":"https:\/\/www.secondastrada.com\/it\/pantalone-rue-de-clerie-marrone-4\/","url":"https:\/\/www.secondastrada.com\/it\/pantalone-rue-de-clerie-marrone-4\/","name":"Pantalone Rue De Clerie Marrone - Acquista online! - Seconda Strada","isPartOf":{"@id":"https:\/\/www.secondastrada.com\/it\/#website"},"primaryImageOfPage":{"@id":"https:\/\/www.secondastrada.com\/it\/pantalone-rue-de-clerie-marrone-4\/#primaryimage"},"image":{"@id":"https:\/\/www.secondastrada.com\/it\/pantalone-rue-de-clerie-marrone-4\/#primaryimage"},"thumbnailUrl":"https:\/\/www.secondastrada.com\/wp-content\/uploads\/2026\/04\/LGE6PT008086-OB_MOKA_PE26_1.jpg","datePublished":"2026-04-30T09:14:08+00:00","dateModified":"2026-04-30T22:51:32+00:00","description":"Pantalone Rue De Clerie Marrone \u27a4 Acquista online su Secondastrada.com Pantalone Rue De Clerie Marrone \u2714\ufe0f Spedizione veloce entro 24h in tutta Italia \u2714\ufe0f Sconto sul tuo primo acquisto","breadcrumb":{"@id":"https:\/\/www.secondastrada.com\/it\/pantalone-rue-de-clerie-marrone-4\/#breadcrumb"},"inLanguage":"it-IT","potentialAction":[{"@type":"ReadAction","target":["https:\/\/www.secondastrada.com\/it\/pantalone-rue-de-clerie-marrone-4\/"]}]},{"@type":"ImageObject","inLanguage":"it-IT","@id":"https:\/\/www.secondastrada.com\/it\/pantalone-rue-de-clerie-marrone-4\/#primaryimage","url":"https:\/\/www.secondastrada.com\/wp-content\/uploads\/2026\/04\/LGE6PT008086-OB_MOKA_PE26_1.jpg","contentUrl":"https:\/\/www.secondastrada.com\/wp-content\/uploads\/2026\/04\/LGE6PT008086-OB_MOKA_PE26_1.jpg","width":1000,"height":1300,"caption":"LGE6PT008086-OB_MOKA_PE26"},{"@type":"BreadcrumbList","@id":"https:\/\/www.secondastrada.com\/it\/pantalone-rue-de-clerie-marrone-4\/#breadcrumb","itemListElement":[{"@type":"ListItem","position":1,"name":"Home","item":"https:\/\/www.secondastrada.com\/it\/"},{"@type":"ListItem","position":2,"name":"Shop","item":"https:\/\/www.secondastrada.com\/it\/shop\/"},{"@type":"ListItem","position":3,"name":"Donna","item":"https:\/\/www.secondastrada.com\/it\/collezione-donna\/"},{"@type":"ListItem","position":4,"name":"Abbigliamento","item":"https:\/\/www.secondastrada.com\/it\/collezione-donna\/abbigliamento-donna\/"},{"@type":"ListItem","position":5,"name":"Pantaloni","item":"https:\/\/www.secondastrada.com\/it\/collezione-donna\/abbigliamento-donna\/pantaloni-da-donna\/"},{"@type":"ListItem","position":6,"name":"Pantaloni stretti","item":"https:\/\/www.secondastrada.com\/it\/collezione-donna\/abbigliamento-donna\/pantaloni-da-donna\/pantaloni-stretti-da-donna\/"},{"@type":"ListItem","position":7,"name":"Pantalone Rue De Clerie Marrone"}]},{"@type":"WebSite","@id":"https:\/\/www.secondastrada.com\/it\/#website","url":"https:\/\/www.secondastrada.com\/it\/","name":"Seconda Strada","description":"","publisher":{"@id":"https:\/\/www.secondastrada.com\/it\/#organization"},"potentialAction":[{"@type":"SearchAction","target":{"@type":"EntryPoint","urlTemplate":"https:\/\/www.secondastrada.com\/it\/?s={search_term_string}"},"query-input":"required name=search_term_string"}],"inLanguage":"it-IT"},{"@type":"Organization","@id":"https:\/\/www.secondastrada.com\/it\/#organization","name":"Seconda Strada","url":"https:\/\/www.secondastrada.com\/it\/","logo":{"@type":"ImageObject","inLanguage":"it-IT","@id":"https:\/\/www.secondastrada.com\/it\/#\/schema\/logo\/image\/","url":"https:\/\/www.secondastrada.com\/wp-content\/uploads\/2023\/11\/secondastrada-logo.svg","contentUrl":"https:\/\/www.secondastrada.com\/wp-content\/uploads\/2023\/11\/secondastrada-logo.svg","width":353,"height":47,"caption":"Seconda Strada"},"image":{"@id":"https:\/\/www.secondastrada.com\/it\/#\/schema\/logo\/image\/"}}]}},"df_price":59.99,"df_sale_price":"","df_regular_price":59.99,"df_image_link":"https:\/\/www.secondastrada.com\/wp-content\/uploads\/2026\/04\/LGE6PT008086-OB_MOKA_PE26_1-300x300.jpg","_links":{"self":[{"href":"https:\/\/www.secondastrada.com\/it\/wp-json\/wp\/v2\/product\/364677"}],"collection":[{"href":"https:\/\/www.secondastrada.com\/it\/wp-json\/wp\/v2\/product"}],"about":[{"href":"https:\/\/www.secondastrada.com\/it\/wp-json\/wp\/v2\/types\/product"}],"wp:featuredmedia":[{"embeddable":true,"href":"https:\/\/www.secondastrada.com\/it\/wp-json\/wp\/v2\/media\/364671"}],"wp:attachment":[{"href":"https:\/\/www.secondastrada.com\/it\/wp-json\/wp\/v2\/media?parent=364677"}],"wp:term":[{"taxonomy":"ss_brand","embeddable":true,"href":"https:\/\/www.secondastrada.com\/it\/wp-json\/wp\/v2\/ss_brand?post=364677"},{"taxonomy":"ss_promo","embeddable":true,"href":"https:\/\/www.secondastrada.com\/it\/wp-json\/wp\/v2\/ss_promo?post=364677"},{"taxonomy":"ss_season","embeddable":true,"href":"https:\/\/www.secondastrada.com\/it\/wp-json\/wp\/v2\/ss_season?post=364677"},{"taxonomy":"product_cat","embeddable":true,"href":"https:\/\/www.secondastrada.com\/it\/wp-json\/wp\/v2\/product_cat?post=364677"},{"taxonomy":"product_tag","embeddable":true,"href":"https:\/\/www.secondastrada.com\/it\/wp-json\/wp\/v2\/product_tag?post=364677"}],"curies":[{"name":"wp","href":"https:\/\/api.w.org\/{rel}","templated":true}]}}