{"id":365005,"date":"2026-04-30T11:44:24","date_gmt":"2026-04-30T09:44:24","guid":{"rendered":"https:\/\/www.secondastrada.com\/it\/bermuda-calvin-klein-azzurri\/"},"modified":"2026-04-30T12:25:03","modified_gmt":"2026-04-30T10:25:03","slug":"bermuda-calvin-klein-azzurri","status":"publish","type":"product","link":"https:\/\/www.secondastrada.com\/it\/bermuda-calvin-klein-azzurri\/","title":{"rendered":"Bermuda Calvin Klein Azzurri"},"content":{"rendered":"<p><b>Bermuda CALVIN KLEIN Azzurri<\/b><br \/>\nCasual, freschi e dal carattere contemporaneo, i bermuda da uomo firmati CALVIN KLEIN sono il capo ideale per affrontare con stile la stagione pi\u00f9 calda. Realizzati in 100% cotone, garantiscono leggerezza e comfort, perfetti per accompagnarti nelle giornate pi\u00f9 dinamiche con naturalezza.<br \/>Questi <b>bermuda con senza orlo, leggeri strappi<\/b> si distinguono per il loro look moderno e leggermente vissuto, pensato per chi ama uno stile rilassato ma curato nei dettagli. Il colore azzurro dona luminosit\u00e0 e freschezza, rendendoli perfetti per creare outfit estivi versatili. La vestibilit\u00e0 \u00e8 regolare: il modello \u00e8 alto 187 cm e indossa la taglia L, assicurando un fit comodo e bilanciato.<br \/>Perfetti come <b>bermuda da uomo adatti alla stagione primavera estate<\/b>, puoi indossarli nel tempo libero, durante una passeggiata o in vacanza, quando desideri un look pratico e informale. Abbinali a una t-shirt e sneakers per un outfit casual e dinamico, oppure scegli una camicia leggera per uno stile pi\u00f9 ricercato ma sempre disinvolto.<br \/>I Bermuda CALVIN KLEIN Azzurri sono la scelta ideale per chi cerca comfort, stile e un tocco di personalit\u00e0 nel proprio guardaroba estivo.<br \/>Tutti i prodotti su SecondaStrada.com sono originali e selezionati con cura. Codice articolo: LV04RF790G OB.<\/p>\n","protected":false},"excerpt":{"rendered":"<p>Bermuda CALVIN KLEIN Azzurri Casual, freschi e dal carattere contemporaneo, i bermuda da uomo firmati CALVIN KLEIN sono il capo ideale per affrontare con stile la stagione pi\u00f9 calda. Realizzati in 100% cotone, garantiscono leggerezza e comfort, perfetti per accompagnarti nelle giornate pi\u00f9 dinamiche con naturalezza.Questi bermuda con senza orlo, leggeri strappi si distinguono per&#8230;<\/p>\n","protected":false},"featured_media":364998,"template":"","meta":{"inline_featured_image":false},"ss_brand":[1305],"ss_promo":[],"ss_season":[2531],"product_cat":[1332,1844,1714],"product_tag":[1752,1993],"class_list":{"0":"post-365005","1":"product","2":"type-product","3":"status-publish","4":"has-post-thumbnail","6":"ss_brand-calvin-klein-uomo","7":"ss_season-pe26","8":"product_cat-abbigliamento-uomo","9":"product_cat-jeans-da-uomo","10":"product_cat-collezione-uomo","11":"product_tag-jeans-calvin-klein-uomo","12":"product_tag-nuovi-arrivi-uomo","14":"first","15":"instock","16":"shipping-taxable","17":"purchasable","18":"product-type-variable","19":"has-default-attributes"},"acf":{"ss_brand":[{"term_id":1305,"name":"CALVIN KLEIN","slug":"calvin-klein-uomo","term_group":0,"term_taxonomy_id":1305,"taxonomy":"ss_brand","description":"Calvin Klein si afferma nell\u2019universo casual con un design privo di orpelli e funzionale. Vestiti di semplicit\u00e0 con le offerte che abbiamo preparato per te!\u00a0Acquista online su SecondaStrada.com <strong>abbigliamento da uomo CALVIN KLEIN scontatissimo<\/strong>!","parent":1268,"count":338,"filter":"raw"}],"ss_promo":false,"ss_season":[{"term_id":2531,"name":"PE26","slug":"pe26","term_group":0,"term_taxonomy_id":2531,"taxonomy":"ss_season","description":"","parent":0,"count":1722,"filter":"raw"}],"ss_old_price":"69,90","ss_omnibus_price":"0,00","ss_style_advice":"<p><b>Bermuda CALVIN KLEIN Azzurri<\/b><br \/>\nCasual, freschi e dal carattere contemporaneo, i bermuda da uomo firmati CALVIN KLEIN sono il capo ideale per affrontare con stile la stagione pi\u00f9 calda. Realizzati in 100% cotone, garantiscono leggerezza e comfort, perfetti per accompagnarti nelle giornate pi\u00f9 dinamiche con naturalezza.<br \/>Questi <b>bermuda con senza orlo, leggeri strappi<\/b> si distinguono per il loro look moderno e leggermente vissuto, pensato per chi ama uno stile rilassato ma curato nei dettagli. Il colore azzurro dona luminosit\u00e0 e freschezza, rendendoli perfetti per creare outfit estivi versatili. La vestibilit\u00e0 \u00e8 regolare: il modello \u00e8 alto 187 cm e indossa la taglia L, assicurando un fit comodo e bilanciato.<br \/>Perfetti come <b>bermuda da uomo adatti alla stagione primavera estate<\/b>, puoi indossarli nel tempo libero, durante una passeggiata o in vacanza, quando desideri un look pratico e informale. Abbinali a una t-shirt e sneakers per un outfit casual e dinamico, oppure scegli una camicia leggera per uno stile pi\u00f9 ricercato ma sempre disinvolto.<br \/>I Bermuda CALVIN KLEIN Azzurri sono la scelta ideale per chi cerca comfort, stile e un tocco di personalit\u00e0 nel proprio guardaroba estivo.<br \/>Tutti i prodotti su SecondaStrada.com sono originali e selezionati con cura. Codice articolo: LV04RF790G OB.<\/p>\n","ss_composition":"<p>100% cotone<\/p>\n","ss_fit":"<p>Il modello \u00e8 alto 187 cm e veste la taglia L. La vestibilit\u00e0 del capo \u00e8 regolare.<\/p>\n"},"yoast_head":"<!-- This site is optimized with the Yoast SEO plugin v22.3 - https:\/\/yoast.com\/wordpress\/plugins\/seo\/ -->\n<title>Bermuda Calvin Klein Azzurri - Acquista online! - Seconda Strada<\/title>\n<meta name=\"description\" content=\"Bermuda Calvin Klein Azzurri \u27a4 Acquista online su Secondastrada.com Bermuda Calvin Klein Azzurri \u2714\ufe0f Spedizione veloce entro 24h in tutta Italia \u2714\ufe0f Sconto sul tuo primo acquisto\" \/>\n<meta name=\"robots\" content=\"index, follow, max-snippet:-1, max-image-preview:large, max-video-preview:-1\" \/>\n<link rel=\"canonical\" href=\"https:\/\/www.secondastrada.com\/it\/bermuda-calvin-klein-azzurri\/\" \/>\n<meta property=\"og:locale\" content=\"it_IT\" \/>\n<meta property=\"og:type\" content=\"article\" \/>\n<meta property=\"og:title\" content=\"Bermuda Calvin Klein Azzurri - Acquista online! - Seconda Strada\" \/>\n<meta property=\"og:description\" content=\"Bermuda Calvin Klein Azzurri \u27a4 Acquista online su Secondastrada.com Bermuda Calvin Klein Azzurri \u2714\ufe0f Spedizione veloce entro 24h in tutta Italia \u2714\ufe0f Sconto sul tuo primo acquisto\" \/>\n<meta property=\"og:url\" content=\"https:\/\/www.secondastrada.com\/it\/bermuda-calvin-klein-azzurri\/\" \/>\n<meta property=\"og:site_name\" content=\"Seconda Strada\" \/>\n<meta property=\"article:modified_time\" content=\"2026-04-30T10:25:03+00:00\" \/>\n<meta property=\"og:image\" content=\"https:\/\/www.secondastrada.com\/wp-content\/uploads\/2026\/04\/LV04RF790G-OB_XBI_PE26_1.jpg\" \/>\n\t<meta property=\"og:image:width\" content=\"1000\" \/>\n\t<meta property=\"og:image:height\" content=\"1300\" \/>\n\t<meta property=\"og:image:type\" content=\"image\/jpeg\" \/>\n<meta name=\"twitter:card\" content=\"summary_large_image\" \/>\n<meta name=\"twitter:label1\" content=\"Tempo di lettura stimato\" \/>\n\t<meta name=\"twitter:data1\" content=\"1 minuto\" \/>\n<!-- \/ Yoast SEO plugin. -->","yoast_head_json":{"title":"Bermuda Calvin Klein Azzurri - Acquista online! - Seconda Strada","description":"Bermuda Calvin Klein Azzurri \u27a4 Acquista online su Secondastrada.com Bermuda Calvin Klein Azzurri \u2714\ufe0f Spedizione veloce entro 24h in tutta Italia \u2714\ufe0f Sconto sul tuo primo acquisto","robots":{"index":"index","follow":"follow","max-snippet":"max-snippet:-1","max-image-preview":"max-image-preview:large","max-video-preview":"max-video-preview:-1"},"canonical":"https:\/\/www.secondastrada.com\/it\/bermuda-calvin-klein-azzurri\/","og_locale":"it_IT","og_type":"article","og_title":"Bermuda Calvin Klein Azzurri - Acquista online! - Seconda Strada","og_description":"Bermuda Calvin Klein Azzurri \u27a4 Acquista online su Secondastrada.com Bermuda Calvin Klein Azzurri \u2714\ufe0f Spedizione veloce entro 24h in tutta Italia \u2714\ufe0f Sconto sul tuo primo acquisto","og_url":"https:\/\/www.secondastrada.com\/it\/bermuda-calvin-klein-azzurri\/","og_site_name":"Seconda Strada","article_modified_time":"2026-04-30T10:25:03+00:00","og_image":[{"width":1000,"height":1300,"url":"https:\/\/www.secondastrada.com\/wp-content\/uploads\/2026\/04\/LV04RF790G-OB_XBI_PE26_1.jpg","type":"image\/jpeg"}],"twitter_card":"summary_large_image","twitter_misc":{"Tempo di lettura stimato":"1 minuto"},"schema":{"@context":"https:\/\/schema.org","@graph":[{"@type":"WebPage","@id":"https:\/\/www.secondastrada.com\/it\/bermuda-calvin-klein-azzurri\/","url":"https:\/\/www.secondastrada.com\/it\/bermuda-calvin-klein-azzurri\/","name":"Bermuda Calvin Klein Azzurri - Acquista online! - Seconda Strada","isPartOf":{"@id":"https:\/\/www.secondastrada.com\/it\/#website"},"primaryImageOfPage":{"@id":"https:\/\/www.secondastrada.com\/it\/bermuda-calvin-klein-azzurri\/#primaryimage"},"image":{"@id":"https:\/\/www.secondastrada.com\/it\/bermuda-calvin-klein-azzurri\/#primaryimage"},"thumbnailUrl":"https:\/\/www.secondastrada.com\/wp-content\/uploads\/2026\/04\/LV04RF790G-OB_XBI_PE26_1.jpg","datePublished":"2026-04-30T09:44:24+00:00","dateModified":"2026-04-30T10:25:03+00:00","description":"Bermuda Calvin Klein Azzurri \u27a4 Acquista online su Secondastrada.com Bermuda Calvin Klein Azzurri \u2714\ufe0f Spedizione veloce entro 24h in tutta Italia \u2714\ufe0f Sconto sul tuo primo acquisto","breadcrumb":{"@id":"https:\/\/www.secondastrada.com\/it\/bermuda-calvin-klein-azzurri\/#breadcrumb"},"inLanguage":"it-IT","potentialAction":[{"@type":"ReadAction","target":["https:\/\/www.secondastrada.com\/it\/bermuda-calvin-klein-azzurri\/"]}]},{"@type":"ImageObject","inLanguage":"it-IT","@id":"https:\/\/www.secondastrada.com\/it\/bermuda-calvin-klein-azzurri\/#primaryimage","url":"https:\/\/www.secondastrada.com\/wp-content\/uploads\/2026\/04\/LV04RF790G-OB_XBI_PE26_1.jpg","contentUrl":"https:\/\/www.secondastrada.com\/wp-content\/uploads\/2026\/04\/LV04RF790G-OB_XBI_PE26_1.jpg","width":1000,"height":1300,"caption":"LV04RF790G-OB_XBI_PE26"},{"@type":"BreadcrumbList","@id":"https:\/\/www.secondastrada.com\/it\/bermuda-calvin-klein-azzurri\/#breadcrumb","itemListElement":[{"@type":"ListItem","position":1,"name":"Home","item":"https:\/\/www.secondastrada.com\/it\/"},{"@type":"ListItem","position":2,"name":"Shop","item":"https:\/\/www.secondastrada.com\/it\/shop\/"},{"@type":"ListItem","position":3,"name":"Uomo","item":"https:\/\/www.secondastrada.com\/it\/collezione-uomo\/"},{"@type":"ListItem","position":4,"name":"Abbigliamento","item":"https:\/\/www.secondastrada.com\/it\/collezione-uomo\/abbigliamento-uomo\/"},{"@type":"ListItem","position":5,"name":"Jeans","item":"https:\/\/www.secondastrada.com\/it\/collezione-uomo\/abbigliamento-uomo\/jeans-da-uomo\/"},{"@type":"ListItem","position":6,"name":"Bermuda Calvin Klein Azzurri"}]},{"@type":"WebSite","@id":"https:\/\/www.secondastrada.com\/it\/#website","url":"https:\/\/www.secondastrada.com\/it\/","name":"Seconda Strada","description":"","publisher":{"@id":"https:\/\/www.secondastrada.com\/it\/#organization"},"potentialAction":[{"@type":"SearchAction","target":{"@type":"EntryPoint","urlTemplate":"https:\/\/www.secondastrada.com\/it\/?s={search_term_string}"},"query-input":"required name=search_term_string"}],"inLanguage":"it-IT"},{"@type":"Organization","@id":"https:\/\/www.secondastrada.com\/it\/#organization","name":"Seconda Strada","url":"https:\/\/www.secondastrada.com\/it\/","logo":{"@type":"ImageObject","inLanguage":"it-IT","@id":"https:\/\/www.secondastrada.com\/it\/#\/schema\/logo\/image\/","url":"https:\/\/www.secondastrada.com\/wp-content\/uploads\/2023\/11\/secondastrada-logo.svg","contentUrl":"https:\/\/www.secondastrada.com\/wp-content\/uploads\/2023\/11\/secondastrada-logo.svg","width":353,"height":47,"caption":"Seconda Strada"},"image":{"@id":"https:\/\/www.secondastrada.com\/it\/#\/schema\/logo\/image\/"}}]}},"df_price":64.99,"df_sale_price":"","df_regular_price":64.99,"df_image_link":"https:\/\/www.secondastrada.com\/wp-content\/uploads\/2026\/04\/LV04RF790G-OB_XBI_PE26_1-300x300.jpg","_links":{"self":[{"href":"https:\/\/www.secondastrada.com\/it\/wp-json\/wp\/v2\/product\/365005"}],"collection":[{"href":"https:\/\/www.secondastrada.com\/it\/wp-json\/wp\/v2\/product"}],"about":[{"href":"https:\/\/www.secondastrada.com\/it\/wp-json\/wp\/v2\/types\/product"}],"wp:featuredmedia":[{"embeddable":true,"href":"https:\/\/www.secondastrada.com\/it\/wp-json\/wp\/v2\/media\/364998"}],"wp:attachment":[{"href":"https:\/\/www.secondastrada.com\/it\/wp-json\/wp\/v2\/media?parent=365005"}],"wp:term":[{"taxonomy":"ss_brand","embeddable":true,"href":"https:\/\/www.secondastrada.com\/it\/wp-json\/wp\/v2\/ss_brand?post=365005"},{"taxonomy":"ss_promo","embeddable":true,"href":"https:\/\/www.secondastrada.com\/it\/wp-json\/wp\/v2\/ss_promo?post=365005"},{"taxonomy":"ss_season","embeddable":true,"href":"https:\/\/www.secondastrada.com\/it\/wp-json\/wp\/v2\/ss_season?post=365005"},{"taxonomy":"product_cat","embeddable":true,"href":"https:\/\/www.secondastrada.com\/it\/wp-json\/wp\/v2\/product_cat?post=365005"},{"taxonomy":"product_tag","embeddable":true,"href":"https:\/\/www.secondastrada.com\/it\/wp-json\/wp\/v2\/product_tag?post=365005"}],"curies":[{"name":"wp","href":"https:\/\/api.w.org\/{rel}","templated":true}]}}