{"id":365104,"date":"2026-05-04T11:42:49","date_gmt":"2026-05-04T09:42:49","guid":{"rendered":"https:\/\/www.secondastrada.com\/it\/pantalone-concept83-blu-2\/"},"modified":"2026-05-04T11:42:49","modified_gmt":"2026-05-04T09:42:49","slug":"pantalone-concept83-blu-2","status":"publish","type":"product","link":"https:\/\/www.secondastrada.com\/it\/pantalone-concept83-blu-2\/","title":{"rendered":"Pantalone Concept83 Blu"},"content":{"rendered":"<p><b>Pantalone CONCEPT83 Blu<\/b><br \/>\nElegante nella sua semplicit\u00e0 e pensato per accompagnarti con comfort in ogni momento della giornata, il pantalone da uomo firmato CONCEPT83 \u00e8 un capo versatile e contemporaneo. Realizzato in un mix di poliestere, viscosa ed elastina, offre una vestibilit\u00e0 fluida e piacevole, unendo resistenza, morbidezza e libert\u00e0 di movimento.<br \/>Il <b>pantalone con elastico in vita, gamba dritta<\/b> garantisce praticit\u00e0 e stile, adattandosi con naturalezza alla silhouette senza rinunciare a un aspetto curato. Il colore blu dona eleganza e facilit\u00e0 di abbinamento, rendendolo adatto a diverse occasioni. La vestibilit\u00e0 \u00e8 regolare: il modello \u00e8 alto 187 cm e indossa la taglia L, confermando un fit equilibrato e confortevole.<br \/>Perfetto come <b>pantalone da uomo adatti alla mezza stagione<\/b>, puoi indossarlo sia nel tempo libero che in contesti pi\u00f9 formali, come l\u2019ufficio o un\u2019uscita serale, quando desideri un look ordinato ma rilassato. Per un outfit raffinato abbinalo a una camicia, mentre con una polo o una t-shirt puoi creare uno stile pi\u00f9 casual ma sempre curato.<br \/>Il Pantalone CONCEPT83 Blu \u00e8 la scelta ideale per chi cerca un capo pratico, versatile e capace di valorizzare il proprio stile quotidiano con semplicit\u00e0.<br \/>Tutti i prodotti su SecondaStrada.com sono originali e selezionati con cura. Codice articolo: IV37 OB.<\/p>\n","protected":false},"excerpt":{"rendered":"<p>Pantalone CONCEPT83 Blu Elegante nella sua semplicit\u00e0 e pensato per accompagnarti con comfort in ogni momento della giornata, il pantalone da uomo firmato CONCEPT83 \u00e8 un capo versatile e contemporaneo. Realizzato in un mix di poliestere, viscosa ed elastina, offre una vestibilit\u00e0 fluida e piacevole, unendo resistenza, morbidezza e libert\u00e0 di movimento.Il pantalone con elastico&#8230;<\/p>\n","protected":false},"featured_media":365818,"template":"","meta":{"inline_featured_image":false},"ss_brand":[1326],"ss_promo":[],"ss_season":[2531],"product_cat":[1332,1484,2254,1714],"product_tag":[1993],"class_list":{"0":"post-365104","1":"product","2":"type-product","3":"status-publish","4":"has-post-thumbnail","6":"ss_brand-concept83-uomo","7":"ss_season-pe26","8":"product_cat-abbigliamento-uomo","9":"product_cat-pantaloni-da-uomo","10":"product_cat-pantaloni-eleganti-da-uomo","11":"product_cat-collezione-uomo","12":"product_tag-nuovi-arrivi-uomo","14":"first","15":"instock","16":"shipping-taxable","17":"purchasable","18":"product-type-variable","19":"has-default-attributes"},"acf":{"ss_brand":[{"term_id":1326,"name":"CONCEPT83","slug":"concept83-uomo","term_group":0,"term_taxonomy_id":1326,"taxonomy":"ss_brand","description":"Concept83: lo streetwear di tendenza al miglior prezzo.\u00a0Acquista online su SecondaStrada.com <strong>abbigliamento da uomo Concept83 scontatissimo<\/strong>!","parent":1268,"count":211,"filter":"raw"}],"ss_promo":false,"ss_season":[{"term_id":2531,"name":"PE26","slug":"pe26","term_group":0,"term_taxonomy_id":2531,"taxonomy":"ss_season","description":"","parent":0,"count":1743,"filter":"raw"}],"ss_old_price":"0,00","ss_omnibus_price":"0,00","ss_style_advice":"<p><b>Pantalone CONCEPT83 Blu<\/b><br \/>\nElegante nella sua semplicit\u00e0 e pensato per accompagnarti con comfort in ogni momento della giornata, il pantalone da uomo firmato CONCEPT83 \u00e8 un capo versatile e contemporaneo. Realizzato in un mix di poliestere, viscosa ed elastina, offre una vestibilit\u00e0 fluida e piacevole, unendo resistenza, morbidezza e libert\u00e0 di movimento.<br \/>Il <b>pantalone con elastico in vita, gamba dritta<\/b> garantisce praticit\u00e0 e stile, adattandosi con naturalezza alla silhouette senza rinunciare a un aspetto curato. Il colore blu dona eleganza e facilit\u00e0 di abbinamento, rendendolo adatto a diverse occasioni. La vestibilit\u00e0 \u00e8 regolare: il modello \u00e8 alto 187 cm e indossa la taglia L, confermando un fit equilibrato e confortevole.<br \/>Perfetto come <b>pantalone da uomo adatti alla mezza stagione<\/b>, puoi indossarlo sia nel tempo libero che in contesti pi\u00f9 formali, come l\u2019ufficio o un\u2019uscita serale, quando desideri un look ordinato ma rilassato. Per un outfit raffinato abbinalo a una camicia, mentre con una polo o una t-shirt puoi creare uno stile pi\u00f9 casual ma sempre curato.<br \/>Il Pantalone CONCEPT83 Blu \u00e8 la scelta ideale per chi cerca un capo pratico, versatile e capace di valorizzare il proprio stile quotidiano con semplicit\u00e0.<br \/>Tutti i prodotti su SecondaStrada.com sono originali e selezionati con cura. Codice articolo: IV37 OB.<\/p>\n","ss_composition":"<p>74% poliestere 23% viscosa 3% elastina<\/p>\n","ss_fit":"<p>Il modello \u00e8 alto 187 cm e veste la taglia L. La vestibilit\u00e0 del capo \u00e8 regolare.<\/p>\n"},"yoast_head":"<!-- This site is optimized with the Yoast SEO plugin v22.3 - https:\/\/yoast.com\/wordpress\/plugins\/seo\/ -->\n<title>Pantalone Concept83 Blu - Acquista online! - Seconda Strada<\/title>\n<meta name=\"description\" content=\"Pantalone Concept83 Blu \u27a4 Acquista online su Secondastrada.com Pantalone Concept83 Blu \u2714\ufe0f Spedizione veloce entro 24h in tutta Italia \u2714\ufe0f Sconto sul tuo primo acquisto\" \/>\n<meta name=\"robots\" content=\"index, follow, max-snippet:-1, max-image-preview:large, max-video-preview:-1\" \/>\n<link rel=\"canonical\" href=\"https:\/\/www.secondastrada.com\/it\/pantalone-concept83-blu-2\/\" \/>\n<meta property=\"og:locale\" content=\"it_IT\" \/>\n<meta property=\"og:type\" content=\"article\" \/>\n<meta property=\"og:title\" content=\"Pantalone Concept83 Blu - Acquista online! - Seconda Strada\" \/>\n<meta property=\"og:description\" content=\"Pantalone Concept83 Blu \u27a4 Acquista online su Secondastrada.com Pantalone Concept83 Blu \u2714\ufe0f Spedizione veloce entro 24h in tutta Italia \u2714\ufe0f Sconto sul tuo primo acquisto\" \/>\n<meta property=\"og:url\" content=\"https:\/\/www.secondastrada.com\/it\/pantalone-concept83-blu-2\/\" \/>\n<meta property=\"og:site_name\" content=\"Seconda Strada\" \/>\n<meta property=\"og:image\" content=\"https:\/\/www.secondastrada.com\/wp-content\/uploads\/2026\/05\/IV37-OB_BLU_PE26_1.jpg\" \/>\n\t<meta property=\"og:image:width\" content=\"1000\" \/>\n\t<meta property=\"og:image:height\" content=\"1300\" \/>\n\t<meta property=\"og:image:type\" content=\"image\/jpeg\" \/>\n<meta name=\"twitter:card\" content=\"summary_large_image\" \/>\n<meta name=\"twitter:label1\" content=\"Tempo di lettura stimato\" \/>\n\t<meta name=\"twitter:data1\" content=\"1 minuto\" \/>\n<!-- \/ Yoast SEO plugin. -->","yoast_head_json":{"title":"Pantalone Concept83 Blu - Acquista online! - Seconda Strada","description":"Pantalone Concept83 Blu \u27a4 Acquista online su Secondastrada.com Pantalone Concept83 Blu \u2714\ufe0f Spedizione veloce entro 24h in tutta Italia \u2714\ufe0f Sconto sul tuo primo acquisto","robots":{"index":"index","follow":"follow","max-snippet":"max-snippet:-1","max-image-preview":"max-image-preview:large","max-video-preview":"max-video-preview:-1"},"canonical":"https:\/\/www.secondastrada.com\/it\/pantalone-concept83-blu-2\/","og_locale":"it_IT","og_type":"article","og_title":"Pantalone Concept83 Blu - Acquista online! - Seconda Strada","og_description":"Pantalone Concept83 Blu \u27a4 Acquista online su Secondastrada.com Pantalone Concept83 Blu \u2714\ufe0f Spedizione veloce entro 24h in tutta Italia \u2714\ufe0f Sconto sul tuo primo acquisto","og_url":"https:\/\/www.secondastrada.com\/it\/pantalone-concept83-blu-2\/","og_site_name":"Seconda Strada","og_image":[{"width":1000,"height":1300,"url":"https:\/\/www.secondastrada.com\/wp-content\/uploads\/2026\/05\/IV37-OB_BLU_PE26_1.jpg","type":"image\/jpeg"}],"twitter_card":"summary_large_image","twitter_misc":{"Tempo di lettura stimato":"1 minuto"},"schema":{"@context":"https:\/\/schema.org","@graph":[{"@type":"WebPage","@id":"https:\/\/www.secondastrada.com\/it\/pantalone-concept83-blu-2\/","url":"https:\/\/www.secondastrada.com\/it\/pantalone-concept83-blu-2\/","name":"Pantalone Concept83 Blu - Acquista online! - Seconda Strada","isPartOf":{"@id":"https:\/\/www.secondastrada.com\/it\/#website"},"primaryImageOfPage":{"@id":"https:\/\/www.secondastrada.com\/it\/pantalone-concept83-blu-2\/#primaryimage"},"image":{"@id":"https:\/\/www.secondastrada.com\/it\/pantalone-concept83-blu-2\/#primaryimage"},"thumbnailUrl":"https:\/\/www.secondastrada.com\/wp-content\/uploads\/2026\/05\/IV37-OB_BLU_PE26_1.jpg","datePublished":"2026-05-04T09:42:49+00:00","dateModified":"2026-05-04T09:42:49+00:00","description":"Pantalone Concept83 Blu \u27a4 Acquista online su Secondastrada.com Pantalone Concept83 Blu \u2714\ufe0f Spedizione veloce entro 24h in tutta Italia \u2714\ufe0f Sconto sul tuo primo acquisto","breadcrumb":{"@id":"https:\/\/www.secondastrada.com\/it\/pantalone-concept83-blu-2\/#breadcrumb"},"inLanguage":"it-IT","potentialAction":[{"@type":"ReadAction","target":["https:\/\/www.secondastrada.com\/it\/pantalone-concept83-blu-2\/"]}]},{"@type":"ImageObject","inLanguage":"it-IT","@id":"https:\/\/www.secondastrada.com\/it\/pantalone-concept83-blu-2\/#primaryimage","url":"https:\/\/www.secondastrada.com\/wp-content\/uploads\/2026\/05\/IV37-OB_BLU_PE26_1.jpg","contentUrl":"https:\/\/www.secondastrada.com\/wp-content\/uploads\/2026\/05\/IV37-OB_BLU_PE26_1.jpg","width":1000,"height":1300,"caption":"IV37-OB_BLU_PE26"},{"@type":"BreadcrumbList","@id":"https:\/\/www.secondastrada.com\/it\/pantalone-concept83-blu-2\/#breadcrumb","itemListElement":[{"@type":"ListItem","position":1,"name":"Home","item":"https:\/\/www.secondastrada.com\/it\/"},{"@type":"ListItem","position":2,"name":"Shop","item":"https:\/\/www.secondastrada.com\/it\/shop\/"},{"@type":"ListItem","position":3,"name":"Uomo","item":"https:\/\/www.secondastrada.com\/it\/collezione-uomo\/"},{"@type":"ListItem","position":4,"name":"Abbigliamento","item":"https:\/\/www.secondastrada.com\/it\/collezione-uomo\/abbigliamento-uomo\/"},{"@type":"ListItem","position":5,"name":"Pantaloni","item":"https:\/\/www.secondastrada.com\/it\/collezione-uomo\/abbigliamento-uomo\/pantaloni-da-uomo\/"},{"@type":"ListItem","position":6,"name":"Pantaloni eleganti","item":"https:\/\/www.secondastrada.com\/it\/collezione-uomo\/abbigliamento-uomo\/pantaloni-da-uomo\/pantaloni-eleganti-da-uomo\/"},{"@type":"ListItem","position":7,"name":"Pantalone Concept83 Blu"}]},{"@type":"WebSite","@id":"https:\/\/www.secondastrada.com\/it\/#website","url":"https:\/\/www.secondastrada.com\/it\/","name":"Seconda Strada","description":"","publisher":{"@id":"https:\/\/www.secondastrada.com\/it\/#organization"},"potentialAction":[{"@type":"SearchAction","target":{"@type":"EntryPoint","urlTemplate":"https:\/\/www.secondastrada.com\/it\/?s={search_term_string}"},"query-input":"required name=search_term_string"}],"inLanguage":"it-IT"},{"@type":"Organization","@id":"https:\/\/www.secondastrada.com\/it\/#organization","name":"Seconda Strada","url":"https:\/\/www.secondastrada.com\/it\/","logo":{"@type":"ImageObject","inLanguage":"it-IT","@id":"https:\/\/www.secondastrada.com\/it\/#\/schema\/logo\/image\/","url":"https:\/\/www.secondastrada.com\/wp-content\/uploads\/2023\/11\/secondastrada-logo.svg","contentUrl":"https:\/\/www.secondastrada.com\/wp-content\/uploads\/2023\/11\/secondastrada-logo.svg","width":353,"height":47,"caption":"Seconda Strada"},"image":{"@id":"https:\/\/www.secondastrada.com\/it\/#\/schema\/logo\/image\/"}}]}},"df_price":79.99,"df_sale_price":"","df_regular_price":79.99,"df_image_link":"https:\/\/www.secondastrada.com\/wp-content\/uploads\/2026\/05\/IV37-OB_BLU_PE26_1-300x300.jpg","_links":{"self":[{"href":"https:\/\/www.secondastrada.com\/it\/wp-json\/wp\/v2\/product\/365104"}],"collection":[{"href":"https:\/\/www.secondastrada.com\/it\/wp-json\/wp\/v2\/product"}],"about":[{"href":"https:\/\/www.secondastrada.com\/it\/wp-json\/wp\/v2\/types\/product"}],"wp:featuredmedia":[{"embeddable":true,"href":"https:\/\/www.secondastrada.com\/it\/wp-json\/wp\/v2\/media\/365818"}],"wp:attachment":[{"href":"https:\/\/www.secondastrada.com\/it\/wp-json\/wp\/v2\/media?parent=365104"}],"wp:term":[{"taxonomy":"ss_brand","embeddable":true,"href":"https:\/\/www.secondastrada.com\/it\/wp-json\/wp\/v2\/ss_brand?post=365104"},{"taxonomy":"ss_promo","embeddable":true,"href":"https:\/\/www.secondastrada.com\/it\/wp-json\/wp\/v2\/ss_promo?post=365104"},{"taxonomy":"ss_season","embeddable":true,"href":"https:\/\/www.secondastrada.com\/it\/wp-json\/wp\/v2\/ss_season?post=365104"},{"taxonomy":"product_cat","embeddable":true,"href":"https:\/\/www.secondastrada.com\/it\/wp-json\/wp\/v2\/product_cat?post=365104"},{"taxonomy":"product_tag","embeddable":true,"href":"https:\/\/www.secondastrada.com\/it\/wp-json\/wp\/v2\/product_tag?post=365104"}],"curies":[{"name":"wp","href":"https:\/\/api.w.org\/{rel}","templated":true}]}}