{"id":365212,"date":"2026-04-30T12:02:40","date_gmt":"2026-04-30T10:02:40","guid":{"rendered":"https:\/\/www.secondastrada.com\/it\/maglia-goha-grigio-2\/"},"modified":"2026-04-30T12:25:00","modified_gmt":"2026-04-30T10:25:00","slug":"maglia-goha-grigio-2","status":"publish","type":"product","link":"https:\/\/www.secondastrada.com\/it\/maglia-goha-grigio-2\/","title":{"rendered":"Maglia Goha Grigio"},"content":{"rendered":"<p><b>Maglia GOHA Grigio<\/b><br \/>\nEssenziale, raffinata e perfetta per uno stile contemporaneo, la maglia da uomo firmata GOHA \u00e8 un capo pensato per accompagnarti con eleganza nella stagione pi\u00f9 calda. Realizzata in un mix di viscosa, poliestere ed elastina, offre una vestibilit\u00e0 fluida e confortevole, ideale per affrontare la giornata con leggerezza e praticit\u00e0.<br \/>La <b>maglia con collo a polo, trama lavorata e bottoni<\/b> si distingue per i suoi dettagli ricercati, che donano profondit\u00e0 e carattere al design senza risultare eccessivi. Il colore grigio aggiunge un tocco sobrio e versatile, perfetto per creare abbinamenti equilibrati e sempre attuali. La vestibilit\u00e0 \u00e8 regolare: il modello \u00e8 alto 187 cm e indossa la taglia L, garantendo un fit comodo e ben proporzionato.<br \/>Ideale come <b>maglia da uomo adatta alla stagione primavera estate<\/b>, puoi indossarla nel tempo libero, per il giorno o la sera, quando desideri un look semplice ma curato. Abbinala a pantaloni e scarpe casual per uno stile rilassato, oppure scegli pantaloni chino e mocassini per un outfit pi\u00f9 elegante ma disinvolto.<br \/>La Maglia GOHA Grigio \u00e8 la scelta perfetta per chi cerca un capo versatile, moderno e capace di valorizzare ogni occasione con naturalezza.<br \/>Tutti i prodotti su SecondaStrada.com sono originali e selezionati con cura. Codice articolo: NZ2519 OB.<\/p>\n","protected":false},"excerpt":{"rendered":"<p>Maglia GOHA Grigio Essenziale, raffinata e perfetta per uno stile contemporaneo, la maglia da uomo firmata GOHA \u00e8 un capo pensato per accompagnarti con eleganza nella stagione pi\u00f9 calda. Realizzata in un mix di viscosa, poliestere ed elastina, offre una vestibilit\u00e0 fluida e confortevole, ideale per affrontare la giornata con leggerezza e praticit\u00e0.La maglia con&#8230;<\/p>\n","protected":false},"featured_media":365206,"template":"","meta":{"inline_featured_image":false},"ss_brand":[1897],"ss_promo":[2195],"ss_season":[2531],"product_cat":[1332,1482,1714],"product_tag":[1993],"class_list":{"0":"post-365212","1":"product","2":"type-product","3":"status-publish","4":"has-post-thumbnail","6":"ss_brand-goha-uomo","7":"ss_promo-mid-season-sale-uomo","8":"ss_season-pe26","9":"product_cat-abbigliamento-uomo","10":"product_cat-maglioni-da-uomo","11":"product_cat-collezione-uomo","12":"product_tag-nuovi-arrivi-uomo","14":"first","15":"instock","16":"sale","17":"shipping-taxable","18":"purchasable","19":"product-type-variable","20":"has-default-attributes"},"acf":{"ss_brand":[{"term_id":1897,"name":"GOHA","slug":"goha-uomo","term_group":0,"term_taxonomy_id":1897,"taxonomy":"ss_brand","description":"Abbigliamento uomo scontato Goha significa concedersi la qualit\u00e0, la ricercatezza, l\u2019eleganza di un brand che riesca a spiccare con stile e a proporsi a prezzi scontati appoggiandosi agli outlet Seconda Strada.","parent":1268,"count":307,"filter":"raw"}],"ss_promo":[2195],"ss_season":[{"term_id":2531,"name":"PE26","slug":"pe26","term_group":0,"term_taxonomy_id":2531,"taxonomy":"ss_season","description":"","parent":0,"count":1722,"filter":"raw"}],"ss_old_price":"0,00","ss_omnibus_price":"0,00","ss_style_advice":"<p><b>Maglia GOHA Grigio<\/b><br \/>\nEssenziale, raffinata e perfetta per uno stile contemporaneo, la maglia da uomo firmata GOHA \u00e8 un capo pensato per accompagnarti con eleganza nella stagione pi\u00f9 calda. Realizzata in un mix di viscosa, poliestere ed elastina, offre una vestibilit\u00e0 fluida e confortevole, ideale per affrontare la giornata con leggerezza e praticit\u00e0.<br \/>La <b>maglia con collo a polo, trama lavorata e bottoni<\/b> si distingue per i suoi dettagli ricercati, che donano profondit\u00e0 e carattere al design senza risultare eccessivi. Il colore grigio aggiunge un tocco sobrio e versatile, perfetto per creare abbinamenti equilibrati e sempre attuali. La vestibilit\u00e0 \u00e8 regolare: il modello \u00e8 alto 187 cm e indossa la taglia L, garantendo un fit comodo e ben proporzionato.<br \/>Ideale come <b>maglia da uomo adatta alla stagione primavera estate<\/b>, puoi indossarla nel tempo libero, per il giorno o la sera, quando desideri un look semplice ma curato. Abbinala a pantaloni e scarpe casual per uno stile rilassato, oppure scegli pantaloni chino e mocassini per un outfit pi\u00f9 elegante ma disinvolto.<br \/>La Maglia GOHA Grigio \u00e8 la scelta perfetta per chi cerca un capo versatile, moderno e capace di valorizzare ogni occasione con naturalezza.<br \/>Tutti i prodotti su SecondaStrada.com sono originali e selezionati con cura. Codice articolo: NZ2519 OB.<\/p>\n","ss_composition":"<p>70% viscosa 25% poliestere 5% elastina<\/p>\n","ss_fit":"<p>Il modello \u00e8 alto 187 cm e veste la taglia L. La vestibilit\u00e0 del capo \u00e8 regolare.<\/p>\n"},"yoast_head":"<!-- This site is optimized with the Yoast SEO plugin v22.3 - https:\/\/yoast.com\/wordpress\/plugins\/seo\/ -->\n<title>Maglia Goha Grigio - Acquista online! - Seconda Strada<\/title>\n<meta name=\"description\" content=\"Maglia Goha Grigio \u27a4 Acquista online su Secondastrada.com Maglia Goha Grigio \u2714\ufe0f Spedizione veloce entro 24h in tutta Italia \u2714\ufe0f Sconto sul tuo primo acquisto\" \/>\n<meta name=\"robots\" content=\"index, follow, max-snippet:-1, max-image-preview:large, max-video-preview:-1\" \/>\n<link rel=\"canonical\" href=\"https:\/\/www.secondastrada.com\/it\/maglia-goha-grigio-2\/\" \/>\n<meta property=\"og:locale\" content=\"it_IT\" \/>\n<meta property=\"og:type\" content=\"article\" \/>\n<meta property=\"og:title\" content=\"Maglia Goha Grigio - Acquista online! - Seconda Strada\" \/>\n<meta property=\"og:description\" content=\"Maglia Goha Grigio \u27a4 Acquista online su Secondastrada.com Maglia Goha Grigio \u2714\ufe0f Spedizione veloce entro 24h in tutta Italia \u2714\ufe0f Sconto sul tuo primo acquisto\" \/>\n<meta property=\"og:url\" content=\"https:\/\/www.secondastrada.com\/it\/maglia-goha-grigio-2\/\" \/>\n<meta property=\"og:site_name\" content=\"Seconda Strada\" \/>\n<meta property=\"article:modified_time\" content=\"2026-04-30T10:25:00+00:00\" \/>\n<meta property=\"og:image\" content=\"https:\/\/www.secondastrada.com\/wp-content\/uploads\/2026\/04\/NZ2519-OB_GRIGIO_PE26_1.jpg\" \/>\n\t<meta property=\"og:image:width\" content=\"1000\" \/>\n\t<meta property=\"og:image:height\" content=\"1300\" \/>\n\t<meta property=\"og:image:type\" content=\"image\/jpeg\" \/>\n<meta name=\"twitter:card\" content=\"summary_large_image\" \/>\n<meta name=\"twitter:label1\" content=\"Tempo di lettura stimato\" \/>\n\t<meta name=\"twitter:data1\" content=\"1 minuto\" \/>\n<!-- \/ Yoast SEO plugin. -->","yoast_head_json":{"title":"Maglia Goha Grigio - Acquista online! - Seconda Strada","description":"Maglia Goha Grigio \u27a4 Acquista online su Secondastrada.com Maglia Goha Grigio \u2714\ufe0f Spedizione veloce entro 24h in tutta Italia \u2714\ufe0f Sconto sul tuo primo acquisto","robots":{"index":"index","follow":"follow","max-snippet":"max-snippet:-1","max-image-preview":"max-image-preview:large","max-video-preview":"max-video-preview:-1"},"canonical":"https:\/\/www.secondastrada.com\/it\/maglia-goha-grigio-2\/","og_locale":"it_IT","og_type":"article","og_title":"Maglia Goha Grigio - Acquista online! - Seconda Strada","og_description":"Maglia Goha Grigio \u27a4 Acquista online su Secondastrada.com Maglia Goha Grigio \u2714\ufe0f Spedizione veloce entro 24h in tutta Italia \u2714\ufe0f Sconto sul tuo primo acquisto","og_url":"https:\/\/www.secondastrada.com\/it\/maglia-goha-grigio-2\/","og_site_name":"Seconda Strada","article_modified_time":"2026-04-30T10:25:00+00:00","og_image":[{"width":1000,"height":1300,"url":"https:\/\/www.secondastrada.com\/wp-content\/uploads\/2026\/04\/NZ2519-OB_GRIGIO_PE26_1.jpg","type":"image\/jpeg"}],"twitter_card":"summary_large_image","twitter_misc":{"Tempo di lettura stimato":"1 minuto"},"schema":{"@context":"https:\/\/schema.org","@graph":[{"@type":"WebPage","@id":"https:\/\/www.secondastrada.com\/it\/maglia-goha-grigio-2\/","url":"https:\/\/www.secondastrada.com\/it\/maglia-goha-grigio-2\/","name":"Maglia Goha Grigio - Acquista online! - Seconda Strada","isPartOf":{"@id":"https:\/\/www.secondastrada.com\/it\/#website"},"primaryImageOfPage":{"@id":"https:\/\/www.secondastrada.com\/it\/maglia-goha-grigio-2\/#primaryimage"},"image":{"@id":"https:\/\/www.secondastrada.com\/it\/maglia-goha-grigio-2\/#primaryimage"},"thumbnailUrl":"https:\/\/www.secondastrada.com\/wp-content\/uploads\/2026\/04\/NZ2519-OB_GRIGIO_PE26_1.jpg","datePublished":"2026-04-30T10:02:40+00:00","dateModified":"2026-04-30T10:25:00+00:00","description":"Maglia Goha Grigio \u27a4 Acquista online su Secondastrada.com Maglia Goha Grigio \u2714\ufe0f Spedizione veloce entro 24h in tutta Italia \u2714\ufe0f Sconto sul tuo primo acquisto","breadcrumb":{"@id":"https:\/\/www.secondastrada.com\/it\/maglia-goha-grigio-2\/#breadcrumb"},"inLanguage":"it-IT","potentialAction":[{"@type":"ReadAction","target":["https:\/\/www.secondastrada.com\/it\/maglia-goha-grigio-2\/"]}]},{"@type":"ImageObject","inLanguage":"it-IT","@id":"https:\/\/www.secondastrada.com\/it\/maglia-goha-grigio-2\/#primaryimage","url":"https:\/\/www.secondastrada.com\/wp-content\/uploads\/2026\/04\/NZ2519-OB_GRIGIO_PE26_1.jpg","contentUrl":"https:\/\/www.secondastrada.com\/wp-content\/uploads\/2026\/04\/NZ2519-OB_GRIGIO_PE26_1.jpg","width":1000,"height":1300,"caption":"NZ2519-OB_GRIGIO_PE26"},{"@type":"BreadcrumbList","@id":"https:\/\/www.secondastrada.com\/it\/maglia-goha-grigio-2\/#breadcrumb","itemListElement":[{"@type":"ListItem","position":1,"name":"Home","item":"https:\/\/www.secondastrada.com\/it\/"},{"@type":"ListItem","position":2,"name":"Shop","item":"https:\/\/www.secondastrada.com\/it\/shop\/"},{"@type":"ListItem","position":3,"name":"Uomo","item":"https:\/\/www.secondastrada.com\/it\/collezione-uomo\/"},{"@type":"ListItem","position":4,"name":"Abbigliamento","item":"https:\/\/www.secondastrada.com\/it\/collezione-uomo\/abbigliamento-uomo\/"},{"@type":"ListItem","position":5,"name":"Maglioni e Maglie","item":"https:\/\/www.secondastrada.com\/it\/collezione-uomo\/abbigliamento-uomo\/maglioni-da-uomo\/"},{"@type":"ListItem","position":6,"name":"Maglia Goha Grigio"}]},{"@type":"WebSite","@id":"https:\/\/www.secondastrada.com\/it\/#website","url":"https:\/\/www.secondastrada.com\/it\/","name":"Seconda Strada","description":"","publisher":{"@id":"https:\/\/www.secondastrada.com\/it\/#organization"},"potentialAction":[{"@type":"SearchAction","target":{"@type":"EntryPoint","urlTemplate":"https:\/\/www.secondastrada.com\/it\/?s={search_term_string}"},"query-input":"required name=search_term_string"}],"inLanguage":"it-IT"},{"@type":"Organization","@id":"https:\/\/www.secondastrada.com\/it\/#organization","name":"Seconda Strada","url":"https:\/\/www.secondastrada.com\/it\/","logo":{"@type":"ImageObject","inLanguage":"it-IT","@id":"https:\/\/www.secondastrada.com\/it\/#\/schema\/logo\/image\/","url":"https:\/\/www.secondastrada.com\/wp-content\/uploads\/2023\/11\/secondastrada-logo.svg","contentUrl":"https:\/\/www.secondastrada.com\/wp-content\/uploads\/2023\/11\/secondastrada-logo.svg","width":353,"height":47,"caption":"Seconda Strada"},"image":{"@id":"https:\/\/www.secondastrada.com\/it\/#\/schema\/logo\/image\/"}}]}},"df_price":20.993,"df_sale_price":"","df_regular_price":20.993,"df_image_link":"https:\/\/www.secondastrada.com\/wp-content\/uploads\/2026\/04\/NZ2519-OB_GRIGIO_PE26_1-300x300.jpg","_links":{"self":[{"href":"https:\/\/www.secondastrada.com\/it\/wp-json\/wp\/v2\/product\/365212"}],"collection":[{"href":"https:\/\/www.secondastrada.com\/it\/wp-json\/wp\/v2\/product"}],"about":[{"href":"https:\/\/www.secondastrada.com\/it\/wp-json\/wp\/v2\/types\/product"}],"wp:featuredmedia":[{"embeddable":true,"href":"https:\/\/www.secondastrada.com\/it\/wp-json\/wp\/v2\/media\/365206"}],"wp:attachment":[{"href":"https:\/\/www.secondastrada.com\/it\/wp-json\/wp\/v2\/media?parent=365212"}],"wp:term":[{"taxonomy":"ss_brand","embeddable":true,"href":"https:\/\/www.secondastrada.com\/it\/wp-json\/wp\/v2\/ss_brand?post=365212"},{"taxonomy":"ss_promo","embeddable":true,"href":"https:\/\/www.secondastrada.com\/it\/wp-json\/wp\/v2\/ss_promo?post=365212"},{"taxonomy":"ss_season","embeddable":true,"href":"https:\/\/www.secondastrada.com\/it\/wp-json\/wp\/v2\/ss_season?post=365212"},{"taxonomy":"product_cat","embeddable":true,"href":"https:\/\/www.secondastrada.com\/it\/wp-json\/wp\/v2\/product_cat?post=365212"},{"taxonomy":"product_tag","embeddable":true,"href":"https:\/\/www.secondastrada.com\/it\/wp-json\/wp\/v2\/product_tag?post=365212"}],"curies":[{"name":"wp","href":"https:\/\/api.w.org\/{rel}","templated":true}]}}