{"id":365251,"date":"2026-05-04T11:43:26","date_gmt":"2026-05-04T09:43:26","guid":{"rendered":"https:\/\/www.secondastrada.com\/it\/maglia-goha-marrone-2\/"},"modified":"2026-05-04T11:43:26","modified_gmt":"2026-05-04T09:43:26","slug":"maglia-goha-marrone-2","status":"publish","type":"product","link":"https:\/\/www.secondastrada.com\/it\/maglia-goha-marrone-2\/","title":{"rendered":"Maglia Goha Marrone"},"content":{"rendered":"<p><b>Maglia GOHA Marrone<\/b><br \/>\nCalda nei toni e contemporanea nello stile, la maglia da uomo firmata GOHA \u00e8 il capo ideale per chi desidera un look curato ma rilassato durante la stagione primavera estate. Realizzata in un mix di poliestere e viscosa, offre leggerezza, comfort e una piacevole vestibilit\u00e0, perfetta per accompagnarti con naturalezza nelle tue giornate.<br \/>La <b>maglia con girocollo, fondo e giromanica a costine<\/b> si distingue per i suoi dettagli essenziali ma ricercati, che valorizzano la struttura del capo e ne migliorano la vestibilit\u00e0. Il colore marrone dona carattere e raffinatezza, rendendola facilmente abbinabile e adatta a diversi contesti, dal casual al pi\u00f9 curato. La vestibilit\u00e0 \u00e8 regolare: il modello \u00e8 alto 187 cm e indossa la taglia L, garantendo un fit equilibrato e confortevole.<br \/>Ideale come <b>maglia da uomo adatta alla stagione primavera estate<\/b>, puoi indossarla nel tempo libero o anche per l\u2019ufficio, quando vuoi sentirti a tuo agio senza rinunciare allo stile. Abbinala a pantaloni e scarpe casual per un look rilassato, oppure scegli pantaloni chino e mocassini per un outfit pi\u00f9 elegante ma disinvolto.<br \/>La Maglia GOHA Marrone \u00e8 la scelta perfetta per chi cerca un capo versatile, moderno e capace di valorizzare ogni occasione con semplicit\u00e0.<br \/>Tutti i prodotti su SecondaStrada.com sono originali e selezionati con cura. Codice articolo: NZ2533 OB.<\/p>\n","protected":false},"excerpt":{"rendered":"<p>Maglia GOHA Marrone Calda nei toni e contemporanea nello stile, la maglia da uomo firmata GOHA \u00e8 il capo ideale per chi desidera un look curato ma rilassato durante la stagione primavera estate. Realizzata in un mix di poliestere e viscosa, offre leggerezza, comfort e una piacevole vestibilit\u00e0, perfetta per accompagnarti con naturalezza nelle tue&#8230;<\/p>\n","protected":false},"featured_media":365773,"template":"","meta":{"inline_featured_image":false},"ss_brand":[1897],"ss_promo":[],"ss_season":[2531],"product_cat":[1332,1629,1482,1714],"product_tag":[1993],"class_list":{"0":"post-365251","1":"product","2":"type-product","3":"status-publish","4":"has-post-thumbnail","6":"ss_brand-goha-uomo","7":"ss_season-pe26","8":"product_cat-abbigliamento-uomo","9":"product_cat-maglioni-girocollo-da-uomo","10":"product_cat-maglioni-da-uomo","11":"product_cat-collezione-uomo","12":"product_tag-nuovi-arrivi-uomo","14":"first","15":"instock","16":"shipping-taxable","17":"purchasable","18":"product-type-variable","19":"has-default-attributes"},"acf":{"ss_brand":[{"term_id":1897,"name":"GOHA","slug":"goha-uomo","term_group":0,"term_taxonomy_id":1897,"taxonomy":"ss_brand","description":"Abbigliamento uomo scontato Goha significa concedersi la qualit\u00e0, la ricercatezza, l\u2019eleganza di un brand che riesca a spiccare con stile e a proporsi a prezzi scontati appoggiandosi agli outlet Seconda Strada.","parent":1268,"count":311,"filter":"raw"}],"ss_promo":false,"ss_season":[{"term_id":2531,"name":"PE26","slug":"pe26","term_group":0,"term_taxonomy_id":2531,"taxonomy":"ss_season","description":"","parent":0,"count":1743,"filter":"raw"}],"ss_old_price":"0,00","ss_omnibus_price":"0,00","ss_style_advice":"<p><b>Maglia GOHA Marrone<\/b><br \/>\nCalda nei toni e contemporanea nello stile, la maglia da uomo firmata GOHA \u00e8 il capo ideale per chi desidera un look curato ma rilassato durante la stagione primavera estate. Realizzata in un mix di poliestere e viscosa, offre leggerezza, comfort e una piacevole vestibilit\u00e0, perfetta per accompagnarti con naturalezza nelle tue giornate.<br \/>La <b>maglia con girocollo, fondo e giromanica a costine<\/b> si distingue per i suoi dettagli essenziali ma ricercati, che valorizzano la struttura del capo e ne migliorano la vestibilit\u00e0. Il colore marrone dona carattere e raffinatezza, rendendola facilmente abbinabile e adatta a diversi contesti, dal casual al pi\u00f9 curato. La vestibilit\u00e0 \u00e8 regolare: il modello \u00e8 alto 187 cm e indossa la taglia L, garantendo un fit equilibrato e confortevole.<br \/>Ideale come <b>maglia da uomo adatta alla stagione primavera estate<\/b>, puoi indossarla nel tempo libero o anche per l\u2019ufficio, quando vuoi sentirti a tuo agio senza rinunciare allo stile. Abbinala a pantaloni e scarpe casual per un look rilassato, oppure scegli pantaloni chino e mocassini per un outfit pi\u00f9 elegante ma disinvolto.<br \/>La Maglia GOHA Marrone \u00e8 la scelta perfetta per chi cerca un capo versatile, moderno e capace di valorizzare ogni occasione con semplicit\u00e0.<br \/>Tutti i prodotti su SecondaStrada.com sono originali e selezionati con cura. Codice articolo: NZ2533 OB.<\/p>\n","ss_composition":"<p>60% poliestere 40% viscosa<\/p>\n","ss_fit":"<p>Il modello \u00e8 alto 187 cm e veste la taglia L. La vestibilit\u00e0 del capo \u00e8 regolare.<\/p>\n"},"yoast_head":"<!-- This site is optimized with the Yoast SEO plugin v22.3 - https:\/\/yoast.com\/wordpress\/plugins\/seo\/ -->\n<title>Maglia Goha Marrone - Acquista online! - Seconda Strada<\/title>\n<meta name=\"description\" content=\"Maglia Goha Marrone \u27a4 Acquista online su Secondastrada.com Maglia Goha Marrone \u2714\ufe0f Spedizione veloce entro 24h in tutta Italia \u2714\ufe0f Sconto sul tuo primo acquisto\" \/>\n<meta name=\"robots\" content=\"index, follow, max-snippet:-1, max-image-preview:large, max-video-preview:-1\" \/>\n<link rel=\"canonical\" href=\"https:\/\/www.secondastrada.com\/it\/maglia-goha-marrone-2\/\" \/>\n<meta property=\"og:locale\" content=\"it_IT\" \/>\n<meta property=\"og:type\" content=\"article\" \/>\n<meta property=\"og:title\" content=\"Maglia Goha Marrone - Acquista online! - Seconda Strada\" \/>\n<meta property=\"og:description\" content=\"Maglia Goha Marrone \u27a4 Acquista online su Secondastrada.com Maglia Goha Marrone \u2714\ufe0f Spedizione veloce entro 24h in tutta Italia \u2714\ufe0f Sconto sul tuo primo acquisto\" \/>\n<meta property=\"og:url\" content=\"https:\/\/www.secondastrada.com\/it\/maglia-goha-marrone-2\/\" \/>\n<meta property=\"og:site_name\" content=\"Seconda Strada\" \/>\n<meta property=\"og:image\" content=\"https:\/\/www.secondastrada.com\/wp-content\/uploads\/2026\/05\/NZ2533-OB_FANGO_PE26_1.jpg\" \/>\n\t<meta property=\"og:image:width\" content=\"1000\" \/>\n\t<meta property=\"og:image:height\" content=\"1300\" \/>\n\t<meta property=\"og:image:type\" content=\"image\/jpeg\" \/>\n<meta name=\"twitter:card\" content=\"summary_large_image\" \/>\n<meta name=\"twitter:label1\" content=\"Tempo di lettura stimato\" \/>\n\t<meta name=\"twitter:data1\" content=\"1 minuto\" \/>\n<!-- \/ Yoast SEO plugin. -->","yoast_head_json":{"title":"Maglia Goha Marrone - Acquista online! - Seconda Strada","description":"Maglia Goha Marrone \u27a4 Acquista online su Secondastrada.com Maglia Goha Marrone \u2714\ufe0f Spedizione veloce entro 24h in tutta Italia \u2714\ufe0f Sconto sul tuo primo acquisto","robots":{"index":"index","follow":"follow","max-snippet":"max-snippet:-1","max-image-preview":"max-image-preview:large","max-video-preview":"max-video-preview:-1"},"canonical":"https:\/\/www.secondastrada.com\/it\/maglia-goha-marrone-2\/","og_locale":"it_IT","og_type":"article","og_title":"Maglia Goha Marrone - Acquista online! - Seconda Strada","og_description":"Maglia Goha Marrone \u27a4 Acquista online su Secondastrada.com Maglia Goha Marrone \u2714\ufe0f Spedizione veloce entro 24h in tutta Italia \u2714\ufe0f Sconto sul tuo primo acquisto","og_url":"https:\/\/www.secondastrada.com\/it\/maglia-goha-marrone-2\/","og_site_name":"Seconda Strada","og_image":[{"width":1000,"height":1300,"url":"https:\/\/www.secondastrada.com\/wp-content\/uploads\/2026\/05\/NZ2533-OB_FANGO_PE26_1.jpg","type":"image\/jpeg"}],"twitter_card":"summary_large_image","twitter_misc":{"Tempo di lettura stimato":"1 minuto"},"schema":{"@context":"https:\/\/schema.org","@graph":[{"@type":"WebPage","@id":"https:\/\/www.secondastrada.com\/it\/maglia-goha-marrone-2\/","url":"https:\/\/www.secondastrada.com\/it\/maglia-goha-marrone-2\/","name":"Maglia Goha Marrone - Acquista online! - Seconda Strada","isPartOf":{"@id":"https:\/\/www.secondastrada.com\/it\/#website"},"primaryImageOfPage":{"@id":"https:\/\/www.secondastrada.com\/it\/maglia-goha-marrone-2\/#primaryimage"},"image":{"@id":"https:\/\/www.secondastrada.com\/it\/maglia-goha-marrone-2\/#primaryimage"},"thumbnailUrl":"https:\/\/www.secondastrada.com\/wp-content\/uploads\/2026\/05\/NZ2533-OB_FANGO_PE26_1.jpg","datePublished":"2026-05-04T09:43:26+00:00","dateModified":"2026-05-04T09:43:26+00:00","description":"Maglia Goha Marrone \u27a4 Acquista online su Secondastrada.com Maglia Goha Marrone \u2714\ufe0f Spedizione veloce entro 24h in tutta Italia \u2714\ufe0f Sconto sul tuo primo acquisto","breadcrumb":{"@id":"https:\/\/www.secondastrada.com\/it\/maglia-goha-marrone-2\/#breadcrumb"},"inLanguage":"it-IT","potentialAction":[{"@type":"ReadAction","target":["https:\/\/www.secondastrada.com\/it\/maglia-goha-marrone-2\/"]}]},{"@type":"ImageObject","inLanguage":"it-IT","@id":"https:\/\/www.secondastrada.com\/it\/maglia-goha-marrone-2\/#primaryimage","url":"https:\/\/www.secondastrada.com\/wp-content\/uploads\/2026\/05\/NZ2533-OB_FANGO_PE26_1.jpg","contentUrl":"https:\/\/www.secondastrada.com\/wp-content\/uploads\/2026\/05\/NZ2533-OB_FANGO_PE26_1.jpg","width":1000,"height":1300,"caption":"NZ2533-OB_FANGO_PE26"},{"@type":"BreadcrumbList","@id":"https:\/\/www.secondastrada.com\/it\/maglia-goha-marrone-2\/#breadcrumb","itemListElement":[{"@type":"ListItem","position":1,"name":"Home","item":"https:\/\/www.secondastrada.com\/it\/"},{"@type":"ListItem","position":2,"name":"Shop","item":"https:\/\/www.secondastrada.com\/it\/shop\/"},{"@type":"ListItem","position":3,"name":"Uomo","item":"https:\/\/www.secondastrada.com\/it\/collezione-uomo\/"},{"@type":"ListItem","position":4,"name":"Abbigliamento","item":"https:\/\/www.secondastrada.com\/it\/collezione-uomo\/abbigliamento-uomo\/"},{"@type":"ListItem","position":5,"name":"Maglioni e Maglie","item":"https:\/\/www.secondastrada.com\/it\/collezione-uomo\/abbigliamento-uomo\/maglioni-da-uomo\/"},{"@type":"ListItem","position":6,"name":"Maglie girocollo","item":"https:\/\/www.secondastrada.com\/it\/collezione-uomo\/abbigliamento-uomo\/maglioni-da-uomo\/maglioni-girocollo-da-uomo\/"},{"@type":"ListItem","position":7,"name":"Maglia Goha Marrone"}]},{"@type":"WebSite","@id":"https:\/\/www.secondastrada.com\/it\/#website","url":"https:\/\/www.secondastrada.com\/it\/","name":"Seconda Strada","description":"","publisher":{"@id":"https:\/\/www.secondastrada.com\/it\/#organization"},"potentialAction":[{"@type":"SearchAction","target":{"@type":"EntryPoint","urlTemplate":"https:\/\/www.secondastrada.com\/it\/?s={search_term_string}"},"query-input":"required name=search_term_string"}],"inLanguage":"it-IT"},{"@type":"Organization","@id":"https:\/\/www.secondastrada.com\/it\/#organization","name":"Seconda Strada","url":"https:\/\/www.secondastrada.com\/it\/","logo":{"@type":"ImageObject","inLanguage":"it-IT","@id":"https:\/\/www.secondastrada.com\/it\/#\/schema\/logo\/image\/","url":"https:\/\/www.secondastrada.com\/wp-content\/uploads\/2023\/11\/secondastrada-logo.svg","contentUrl":"https:\/\/www.secondastrada.com\/wp-content\/uploads\/2023\/11\/secondastrada-logo.svg","width":353,"height":47,"caption":"Seconda Strada"},"image":{"@id":"https:\/\/www.secondastrada.com\/it\/#\/schema\/logo\/image\/"}}]}},"df_price":29.99,"df_sale_price":"","df_regular_price":29.99,"df_image_link":"https:\/\/www.secondastrada.com\/wp-content\/uploads\/2026\/05\/NZ2533-OB_FANGO_PE26_1-300x300.jpg","_links":{"self":[{"href":"https:\/\/www.secondastrada.com\/it\/wp-json\/wp\/v2\/product\/365251"}],"collection":[{"href":"https:\/\/www.secondastrada.com\/it\/wp-json\/wp\/v2\/product"}],"about":[{"href":"https:\/\/www.secondastrada.com\/it\/wp-json\/wp\/v2\/types\/product"}],"wp:featuredmedia":[{"embeddable":true,"href":"https:\/\/www.secondastrada.com\/it\/wp-json\/wp\/v2\/media\/365773"}],"wp:attachment":[{"href":"https:\/\/www.secondastrada.com\/it\/wp-json\/wp\/v2\/media?parent=365251"}],"wp:term":[{"taxonomy":"ss_brand","embeddable":true,"href":"https:\/\/www.secondastrada.com\/it\/wp-json\/wp\/v2\/ss_brand?post=365251"},{"taxonomy":"ss_promo","embeddable":true,"href":"https:\/\/www.secondastrada.com\/it\/wp-json\/wp\/v2\/ss_promo?post=365251"},{"taxonomy":"ss_season","embeddable":true,"href":"https:\/\/www.secondastrada.com\/it\/wp-json\/wp\/v2\/ss_season?post=365251"},{"taxonomy":"product_cat","embeddable":true,"href":"https:\/\/www.secondastrada.com\/it\/wp-json\/wp\/v2\/product_cat?post=365251"},{"taxonomy":"product_tag","embeddable":true,"href":"https:\/\/www.secondastrada.com\/it\/wp-json\/wp\/v2\/product_tag?post=365251"}],"curies":[{"name":"wp","href":"https:\/\/api.w.org\/{rel}","templated":true}]}}