{"id":365532,"date":"2026-05-05T11:35:05","date_gmt":"2026-05-05T09:35:05","guid":{"rendered":"https:\/\/www.secondastrada.com\/it\/t-shirt-calvin-klein-verde-6\/"},"modified":"2026-05-05T11:35:05","modified_gmt":"2026-05-05T09:35:05","slug":"t-shirt-calvin-klein-verde-6","status":"publish","type":"product","link":"https:\/\/www.secondastrada.com\/it\/t-shirt-calvin-klein-verde-6\/","title":{"rendered":"T-shirt Calvin Klein Verde"},"content":{"rendered":"<p><b>T-shirt CALVIN KLEIN Verde<\/b><br \/>\nMinimal, moderna e sempre attuale, la t-shirt da uomo firmata CALVIN KLEIN \u00e8 il capo ideale per chi cerca uno stile essenziale ma riconoscibile. Realizzata in 100% cotone, offre una sensazione di morbidezza e comfort sulla pelle, perfetta per accompagnarti durante tutta la giornata, in ogni stagione.<br \/>Questa <b>t-shirt con piccolo logo CK a contrasto<\/b> si distingue per il suo dettaglio discreto ma iconico, capace di valorizzare anche gli outfit pi\u00f9 semplici. Il colore verde dona freschezza e personalit\u00e0, rendendo il capo versatile e facile da abbinare. La vestibilit\u00e0 \u00e8 regolare: il modello \u00e8 alto 187 cm e indossa la taglia L, garantendo un fit comodo e bilanciato.<br \/>Perfetta come <b>t-shirt da uomo adatta in tutte le stagioni<\/b>, puoi indossarla nel tempo libero, per una giornata informale o durante un viaggio, quando desideri un look pratico ma curato. Abbinala a bermuda e sneakers per uno stile estivo rilassato, oppure scegli jeans e scarpe casual per un outfit pi\u00f9 urbano e contemporaneo.<br \/>La T-shirt CALVIN KLEIN Verde \u00e8 una scelta versatile e affidabile, pensata per accompagnarti con semplicit\u00e0 e stile in ogni occasione.<br \/>Tutti i prodotti su SecondaStrada.com sono originali e selezionati con cura. Codice articolo: LV04RD254G OB.<\/p>\n","protected":false},"excerpt":{"rendered":"<p>T-shirt CALVIN KLEIN Verde Minimal, moderna e sempre attuale, la t-shirt da uomo firmata CALVIN KLEIN \u00e8 il capo ideale per chi cerca uno stile essenziale ma riconoscibile. Realizzata in 100% cotone, offre una sensazione di morbidezza e comfort sulla pelle, perfetta per accompagnarti durante tutta la giornata, in ogni stagione.Questa t-shirt con piccolo logo&#8230;<\/p>\n","protected":false},"featured_media":365926,"template":"","meta":{"inline_featured_image":false},"ss_brand":[1305],"ss_promo":[],"ss_season":[2531],"product_cat":[1332,1479,1714],"product_tag":[1993,1751],"class_list":{"0":"post-365532","1":"product","2":"type-product","3":"status-publish","4":"has-post-thumbnail","6":"ss_brand-calvin-klein-uomo","7":"ss_season-pe26","8":"product_cat-abbigliamento-uomo","9":"product_cat-t-shirt-da-uomo","10":"product_cat-collezione-uomo","11":"product_tag-nuovi-arrivi-uomo","12":"product_tag-t-shirt-calvin-klein-uomo","14":"first","15":"instock","16":"shipping-taxable","17":"purchasable","18":"product-type-variable","19":"has-default-attributes"},"acf":{"ss_brand":[{"term_id":1305,"name":"CALVIN KLEIN","slug":"calvin-klein-uomo","term_group":0,"term_taxonomy_id":1305,"taxonomy":"ss_brand","description":"Calvin Klein si afferma nell\u2019universo casual con un design privo di orpelli e funzionale. Vestiti di semplicit\u00e0 con le offerte che abbiamo preparato per te!\u00a0Acquista online su SecondaStrada.com <strong>abbigliamento da uomo CALVIN KLEIN scontatissimo<\/strong>!","parent":1268,"count":344,"filter":"raw"}],"ss_promo":false,"ss_season":[{"term_id":2531,"name":"PE26","slug":"pe26","term_group":0,"term_taxonomy_id":2531,"taxonomy":"ss_season","description":"","parent":0,"count":1804,"filter":"raw"}],"ss_old_price":"34,90","ss_omnibus_price":"0,00","ss_style_advice":"<p><b>T-shirt CALVIN KLEIN Verde<\/b><br \/>\nMinimal, moderna e sempre attuale, la t-shirt da uomo firmata CALVIN KLEIN \u00e8 il capo ideale per chi cerca uno stile essenziale ma riconoscibile. Realizzata in 100% cotone, offre una sensazione di morbidezza e comfort sulla pelle, perfetta per accompagnarti durante tutta la giornata, in ogni stagione.<br \/>Questa <b>t-shirt con piccolo logo CK a contrasto<\/b> si distingue per il suo dettaglio discreto ma iconico, capace di valorizzare anche gli outfit pi\u00f9 semplici. Il colore verde dona freschezza e personalit\u00e0, rendendo il capo versatile e facile da abbinare. La vestibilit\u00e0 \u00e8 regolare: il modello \u00e8 alto 187 cm e indossa la taglia L, garantendo un fit comodo e bilanciato.<br \/>Perfetta come <b>t-shirt da uomo adatta in tutte le stagioni<\/b>, puoi indossarla nel tempo libero, per una giornata informale o durante un viaggio, quando desideri un look pratico ma curato. Abbinala a bermuda e sneakers per uno stile estivo rilassato, oppure scegli jeans e scarpe casual per un outfit pi\u00f9 urbano e contemporaneo.<br \/>La T-shirt CALVIN KLEIN Verde \u00e8 una scelta versatile e affidabile, pensata per accompagnarti con semplicit\u00e0 e stile in ogni occasione.<br \/>Tutti i prodotti su SecondaStrada.com sono originali e selezionati con cura. Codice articolo: LV04RD254G OB.<\/p>\n","ss_composition":"<p>100% cotone<\/p>\n","ss_fit":"<p>Il modello \u00e8 alto 187 cm e veste la taglia L. La vestibilit\u00e0 del capo \u00e8 regolare.<\/p>\n"},"yoast_head":"<!-- This site is optimized with the Yoast SEO plugin v22.3 - https:\/\/yoast.com\/wordpress\/plugins\/seo\/ -->\n<title>T-shirt Calvin Klein Verde - Acquista online! - Seconda Strada<\/title>\n<meta name=\"description\" content=\"T-shirt Calvin Klein Verde \u27a4 Acquista online su Secondastrada.com T-shirt Calvin Klein Verde \u2714\ufe0f Spedizione veloce entro 24h in tutta Italia \u2714\ufe0f Sconto sul tuo primo acquisto\" \/>\n<meta name=\"robots\" content=\"index, follow, max-snippet:-1, max-image-preview:large, max-video-preview:-1\" \/>\n<link rel=\"canonical\" href=\"https:\/\/www.secondastrada.com\/it\/t-shirt-calvin-klein-verde-6\/\" \/>\n<meta property=\"og:locale\" content=\"it_IT\" \/>\n<meta property=\"og:type\" content=\"article\" \/>\n<meta property=\"og:title\" content=\"T-shirt Calvin Klein Verde - Acquista online! - Seconda Strada\" \/>\n<meta property=\"og:description\" content=\"T-shirt Calvin Klein Verde \u27a4 Acquista online su Secondastrada.com T-shirt Calvin Klein Verde \u2714\ufe0f Spedizione veloce entro 24h in tutta Italia \u2714\ufe0f Sconto sul tuo primo acquisto\" \/>\n<meta property=\"og:url\" content=\"https:\/\/www.secondastrada.com\/it\/t-shirt-calvin-klein-verde-6\/\" \/>\n<meta property=\"og:site_name\" content=\"Seconda Strada\" \/>\n<meta property=\"og:image\" content=\"https:\/\/www.secondastrada.com\/wp-content\/uploads\/2026\/05\/LV04RD254G-OB_2E1_PE26_1.jpg\" \/>\n\t<meta property=\"og:image:width\" content=\"1000\" \/>\n\t<meta property=\"og:image:height\" content=\"1300\" \/>\n\t<meta property=\"og:image:type\" content=\"image\/jpeg\" \/>\n<meta name=\"twitter:card\" content=\"summary_large_image\" \/>\n<meta name=\"twitter:label1\" content=\"Tempo di lettura stimato\" \/>\n\t<meta name=\"twitter:data1\" content=\"1 minuto\" \/>\n<!-- \/ Yoast SEO plugin. -->","yoast_head_json":{"title":"T-shirt Calvin Klein Verde - Acquista online! - Seconda Strada","description":"T-shirt Calvin Klein Verde \u27a4 Acquista online su Secondastrada.com T-shirt Calvin Klein Verde \u2714\ufe0f Spedizione veloce entro 24h in tutta Italia \u2714\ufe0f Sconto sul tuo primo acquisto","robots":{"index":"index","follow":"follow","max-snippet":"max-snippet:-1","max-image-preview":"max-image-preview:large","max-video-preview":"max-video-preview:-1"},"canonical":"https:\/\/www.secondastrada.com\/it\/t-shirt-calvin-klein-verde-6\/","og_locale":"it_IT","og_type":"article","og_title":"T-shirt Calvin Klein Verde - Acquista online! - Seconda Strada","og_description":"T-shirt Calvin Klein Verde \u27a4 Acquista online su Secondastrada.com T-shirt Calvin Klein Verde \u2714\ufe0f Spedizione veloce entro 24h in tutta Italia \u2714\ufe0f Sconto sul tuo primo acquisto","og_url":"https:\/\/www.secondastrada.com\/it\/t-shirt-calvin-klein-verde-6\/","og_site_name":"Seconda Strada","og_image":[{"width":1000,"height":1300,"url":"https:\/\/www.secondastrada.com\/wp-content\/uploads\/2026\/05\/LV04RD254G-OB_2E1_PE26_1.jpg","type":"image\/jpeg"}],"twitter_card":"summary_large_image","twitter_misc":{"Tempo di lettura stimato":"1 minuto"},"schema":{"@context":"https:\/\/schema.org","@graph":[{"@type":"WebPage","@id":"https:\/\/www.secondastrada.com\/it\/t-shirt-calvin-klein-verde-6\/","url":"https:\/\/www.secondastrada.com\/it\/t-shirt-calvin-klein-verde-6\/","name":"T-shirt Calvin Klein Verde - Acquista online! - Seconda Strada","isPartOf":{"@id":"https:\/\/www.secondastrada.com\/it\/#website"},"primaryImageOfPage":{"@id":"https:\/\/www.secondastrada.com\/it\/t-shirt-calvin-klein-verde-6\/#primaryimage"},"image":{"@id":"https:\/\/www.secondastrada.com\/it\/t-shirt-calvin-klein-verde-6\/#primaryimage"},"thumbnailUrl":"https:\/\/www.secondastrada.com\/wp-content\/uploads\/2026\/05\/LV04RD254G-OB_2E1_PE26_1.jpg","datePublished":"2026-05-05T09:35:05+00:00","dateModified":"2026-05-05T09:35:05+00:00","description":"T-shirt Calvin Klein Verde \u27a4 Acquista online su Secondastrada.com T-shirt Calvin Klein Verde \u2714\ufe0f Spedizione veloce entro 24h in tutta Italia \u2714\ufe0f Sconto sul tuo primo acquisto","breadcrumb":{"@id":"https:\/\/www.secondastrada.com\/it\/t-shirt-calvin-klein-verde-6\/#breadcrumb"},"inLanguage":"it-IT","potentialAction":[{"@type":"ReadAction","target":["https:\/\/www.secondastrada.com\/it\/t-shirt-calvin-klein-verde-6\/"]}]},{"@type":"ImageObject","inLanguage":"it-IT","@id":"https:\/\/www.secondastrada.com\/it\/t-shirt-calvin-klein-verde-6\/#primaryimage","url":"https:\/\/www.secondastrada.com\/wp-content\/uploads\/2026\/05\/LV04RD254G-OB_2E1_PE26_1.jpg","contentUrl":"https:\/\/www.secondastrada.com\/wp-content\/uploads\/2026\/05\/LV04RD254G-OB_2E1_PE26_1.jpg","width":1000,"height":1300,"caption":"LV04RD254G-OB_2E1_PE26"},{"@type":"BreadcrumbList","@id":"https:\/\/www.secondastrada.com\/it\/t-shirt-calvin-klein-verde-6\/#breadcrumb","itemListElement":[{"@type":"ListItem","position":1,"name":"Home","item":"https:\/\/www.secondastrada.com\/it\/"},{"@type":"ListItem","position":2,"name":"Shop","item":"https:\/\/www.secondastrada.com\/it\/shop\/"},{"@type":"ListItem","position":3,"name":"Uomo","item":"https:\/\/www.secondastrada.com\/it\/collezione-uomo\/"},{"@type":"ListItem","position":4,"name":"Abbigliamento","item":"https:\/\/www.secondastrada.com\/it\/collezione-uomo\/abbigliamento-uomo\/"},{"@type":"ListItem","position":5,"name":"T-shirt","item":"https:\/\/www.secondastrada.com\/it\/collezione-uomo\/abbigliamento-uomo\/t-shirt-da-uomo\/"},{"@type":"ListItem","position":6,"name":"T-shirt Calvin Klein Verde"}]},{"@type":"WebSite","@id":"https:\/\/www.secondastrada.com\/it\/#website","url":"https:\/\/www.secondastrada.com\/it\/","name":"Seconda Strada","description":"","publisher":{"@id":"https:\/\/www.secondastrada.com\/it\/#organization"},"potentialAction":[{"@type":"SearchAction","target":{"@type":"EntryPoint","urlTemplate":"https:\/\/www.secondastrada.com\/it\/?s={search_term_string}"},"query-input":"required name=search_term_string"}],"inLanguage":"it-IT"},{"@type":"Organization","@id":"https:\/\/www.secondastrada.com\/it\/#organization","name":"Seconda Strada","url":"https:\/\/www.secondastrada.com\/it\/","logo":{"@type":"ImageObject","inLanguage":"it-IT","@id":"https:\/\/www.secondastrada.com\/it\/#\/schema\/logo\/image\/","url":"https:\/\/www.secondastrada.com\/wp-content\/uploads\/2023\/11\/secondastrada-logo.svg","contentUrl":"https:\/\/www.secondastrada.com\/wp-content\/uploads\/2023\/11\/secondastrada-logo.svg","width":353,"height":47,"caption":"Seconda Strada"},"image":{"@id":"https:\/\/www.secondastrada.com\/it\/#\/schema\/logo\/image\/"}}]}},"df_price":29.99,"df_sale_price":"","df_regular_price":29.99,"df_image_link":"https:\/\/www.secondastrada.com\/wp-content\/uploads\/2026\/05\/LV04RD254G-OB_2E1_PE26_1-300x300.jpg","_links":{"self":[{"href":"https:\/\/www.secondastrada.com\/it\/wp-json\/wp\/v2\/product\/365532"}],"collection":[{"href":"https:\/\/www.secondastrada.com\/it\/wp-json\/wp\/v2\/product"}],"about":[{"href":"https:\/\/www.secondastrada.com\/it\/wp-json\/wp\/v2\/types\/product"}],"wp:featuredmedia":[{"embeddable":true,"href":"https:\/\/www.secondastrada.com\/it\/wp-json\/wp\/v2\/media\/365926"}],"wp:attachment":[{"href":"https:\/\/www.secondastrada.com\/it\/wp-json\/wp\/v2\/media?parent=365532"}],"wp:term":[{"taxonomy":"ss_brand","embeddable":true,"href":"https:\/\/www.secondastrada.com\/it\/wp-json\/wp\/v2\/ss_brand?post=365532"},{"taxonomy":"ss_promo","embeddable":true,"href":"https:\/\/www.secondastrada.com\/it\/wp-json\/wp\/v2\/ss_promo?post=365532"},{"taxonomy":"ss_season","embeddable":true,"href":"https:\/\/www.secondastrada.com\/it\/wp-json\/wp\/v2\/ss_season?post=365532"},{"taxonomy":"product_cat","embeddable":true,"href":"https:\/\/www.secondastrada.com\/it\/wp-json\/wp\/v2\/product_cat?post=365532"},{"taxonomy":"product_tag","embeddable":true,"href":"https:\/\/www.secondastrada.com\/it\/wp-json\/wp\/v2\/product_tag?post=365532"}],"curies":[{"name":"wp","href":"https:\/\/api.w.org\/{rel}","templated":true}]}}