{"id":366253,"date":"2026-05-05T15:44:45","date_gmt":"2026-05-05T13:44:45","guid":{"rendered":"https:\/\/www.secondastrada.com\/it\/blazer-rue-de-clerie-blu-6\/"},"modified":"2026-05-05T15:44:45","modified_gmt":"2026-05-05T13:44:45","slug":"blazer-rue-de-clerie-blu-6","status":"publish","type":"product","link":"https:\/\/www.secondastrada.com\/it\/blazer-rue-de-clerie-blu-6\/","title":{"rendered":"Blazer Rue De Clerie Blu"},"content":{"rendered":"<p><b>Blazer RUE DE CLERIE Blu da donna<\/b><br \/>\nIl Blazer RUE DE CLERIE Blu \u00e8 il capo ideale per accompagnarti con stile durante la stagione pi\u00f9 mite. Realizzato in maglia, sfoderata leggera e con tasche, unisce comfort e raffinatezza in un design versatile e contemporaneo. Il colore blu, elegante e senza tempo, lo rende perfetto per completare look sia casual che pi\u00f9 curati.<br \/>Questo blazer da donna adatto alla primavera estate \u00e8 pensato per offrirti una vestibilit\u00e0 regolare, valorizzando la silhouette senza costrizioni. La composizione in 60% viscosa, 35% nylon e 5% elastina garantisce morbidezza, leggerezza e una piacevole elasticit\u00e0, ideale per accompagnarti nelle giornate pi\u00f9 dinamiche. La modella \u00e8 alta 165 cm e indossa la taglia S, a conferma di una linea confortevole e facile da indossare.<br \/>Puoi scegliere di indossarlo in ufficio sopra una camicia per un look professionale ma rilassato, oppure nel tempo libero per aggiungere un tocco chic anche agli outfit pi\u00f9 semplici. Provalo con un paio di jeans e un top per un look quotidiano, oppure abbinalo a pantaloni sartoriali per un\u2019eleganza pi\u00f9 definita.<br \/>Il blazer in maglia, sfoderata leggera e con tasche firmato RUE DE CLERIE \u00e8 una scelta pratica e di stile, perfetta per ogni occasione. Tutti i prodotti su SecondaStrada.com sono originali e selezionati con cura. Codice articolo: F1017XBFJG12 OB.<\/p>\n","protected":false},"excerpt":{"rendered":"<p>Blazer RUE DE CLERIE Blu da donna Il Blazer RUE DE CLERIE Blu \u00e8 il capo ideale per accompagnarti con stile durante la stagione pi\u00f9 mite. Realizzato in maglia, sfoderata leggera e con tasche, unisce comfort e raffinatezza in un design versatile e contemporaneo. Il colore blu, elegante e senza tempo, lo rende perfetto per&#8230;<\/p>\n","protected":false},"featured_media":367430,"template":"","meta":{"inline_featured_image":false},"ss_brand":[1206],"ss_promo":[],"ss_season":[2531],"product_cat":[1329,1471,1658],"product_tag":[1995],"class_list":{"0":"post-366253","1":"product","2":"type-product","3":"status-publish","4":"has-post-thumbnail","6":"ss_brand-rue-de-clerie-donna","7":"ss_season-pe26","8":"product_cat-abbigliamento-donna","9":"product_cat-blazer-da-donna","10":"product_cat-collezione-donna","11":"product_tag-nuovi-arrivi-donna","13":"first","14":"instock","15":"shipping-taxable","16":"purchasable","17":"product-type-variable","18":"has-default-attributes"},"acf":{"ss_brand":[{"term_id":1206,"name":"RUE DE CLERIE","slug":"rue-de-clerie-donna","term_group":0,"term_taxonomy_id":1206,"taxonomy":"ss_brand","description":"Creazioni essenziali con interventi boh\u00e9mien dal fascino lussuoso per chi ama vestirsi con indiscutibile classe: scopri nel nostro store online gli abiti e i maglioni da donna firmati Rue de Clerie a prezzi favolosi!\u00a0Acquista online su SecondaStrada.com <strong>abbigliamento da donna Rue De Clerie scontatissimo<\/strong>!","parent":1201,"count":634,"filter":"raw"}],"ss_promo":false,"ss_season":[{"term_id":2531,"name":"PE26","slug":"pe26","term_group":0,"term_taxonomy_id":2531,"taxonomy":"ss_season","description":"","parent":0,"count":1804,"filter":"raw"}],"ss_old_price":"0,00","ss_omnibus_price":"0,00","ss_style_advice":"<p><b>Blazer RUE DE CLERIE Blu da donna<\/b><br \/>\nIl Blazer RUE DE CLERIE Blu \u00e8 il capo ideale per accompagnarti con stile durante la stagione pi\u00f9 mite. Realizzato in maglia, sfoderata leggera e con tasche, unisce comfort e raffinatezza in un design versatile e contemporaneo. Il colore blu, elegante e senza tempo, lo rende perfetto per completare look sia casual che pi\u00f9 curati.<br \/>Questo blazer da donna adatto alla primavera estate \u00e8 pensato per offrirti una vestibilit\u00e0 regolare, valorizzando la silhouette senza costrizioni. La composizione in 60% viscosa, 35% nylon e 5% elastina garantisce morbidezza, leggerezza e una piacevole elasticit\u00e0, ideale per accompagnarti nelle giornate pi\u00f9 dinamiche. La modella \u00e8 alta 165 cm e indossa la taglia S, a conferma di una linea confortevole e facile da indossare.<br \/>Puoi scegliere di indossarlo in ufficio sopra una camicia per un look professionale ma rilassato, oppure nel tempo libero per aggiungere un tocco chic anche agli outfit pi\u00f9 semplici. Provalo con un paio di jeans e un top per un look quotidiano, oppure abbinalo a pantaloni sartoriali per un\u2019eleganza pi\u00f9 definita.<br \/>Il blazer in maglia, sfoderata leggera e con tasche firmato RUE DE CLERIE \u00e8 una scelta pratica e di stile, perfetta per ogni occasione. Tutti i prodotti su SecondaStrada.com sono originali e selezionati con cura. Codice articolo: F1017XBFJG12 OB.<\/p>\n","ss_composition":"<p>60% viscosa 35% nylon 5% elastina<\/p>\n","ss_fit":"<p>La modella \u00e8 alta 165 cm e veste la taglia S. La vestibilit\u00e0 del capo \u00e8 regolare.<\/p>\n"},"yoast_head":"<!-- This site is optimized with the Yoast SEO plugin v22.3 - https:\/\/yoast.com\/wordpress\/plugins\/seo\/ -->\n<title>Blazer Rue De Clerie Blu - Acquista online! - Seconda Strada<\/title>\n<meta name=\"description\" content=\"Blazer Rue De Clerie Blu \u27a4 Acquista online su Secondastrada.com Blazer Rue De Clerie Blu \u2714\ufe0f Spedizione veloce entro 24h in tutta Italia \u2714\ufe0f Sconto sul tuo primo acquisto\" \/>\n<meta name=\"robots\" content=\"index, follow, max-snippet:-1, max-image-preview:large, max-video-preview:-1\" \/>\n<link rel=\"canonical\" href=\"https:\/\/www.secondastrada.com\/it\/blazer-rue-de-clerie-blu-6\/\" \/>\n<meta property=\"og:locale\" content=\"it_IT\" \/>\n<meta property=\"og:type\" content=\"article\" \/>\n<meta property=\"og:title\" content=\"Blazer Rue De Clerie Blu - Acquista online! - Seconda Strada\" \/>\n<meta property=\"og:description\" content=\"Blazer Rue De Clerie Blu \u27a4 Acquista online su Secondastrada.com Blazer Rue De Clerie Blu \u2714\ufe0f Spedizione veloce entro 24h in tutta Italia \u2714\ufe0f Sconto sul tuo primo acquisto\" \/>\n<meta property=\"og:url\" content=\"https:\/\/www.secondastrada.com\/it\/blazer-rue-de-clerie-blu-6\/\" \/>\n<meta property=\"og:site_name\" content=\"Seconda Strada\" \/>\n<meta property=\"og:image\" content=\"https:\/\/www.secondastrada.com\/wp-content\/uploads\/2026\/05\/F1017XBFJG12-OB_BLU_PE26_1.jpg\" \/>\n\t<meta property=\"og:image:width\" content=\"1000\" \/>\n\t<meta property=\"og:image:height\" content=\"1300\" \/>\n\t<meta property=\"og:image:type\" content=\"image\/jpeg\" \/>\n<meta name=\"twitter:card\" content=\"summary_large_image\" \/>\n<meta name=\"twitter:label1\" content=\"Tempo di lettura stimato\" \/>\n\t<meta name=\"twitter:data1\" content=\"1 minuto\" \/>\n<!-- \/ Yoast SEO plugin. -->","yoast_head_json":{"title":"Blazer Rue De Clerie Blu - Acquista online! - Seconda Strada","description":"Blazer Rue De Clerie Blu \u27a4 Acquista online su Secondastrada.com Blazer Rue De Clerie Blu \u2714\ufe0f Spedizione veloce entro 24h in tutta Italia \u2714\ufe0f Sconto sul tuo primo acquisto","robots":{"index":"index","follow":"follow","max-snippet":"max-snippet:-1","max-image-preview":"max-image-preview:large","max-video-preview":"max-video-preview:-1"},"canonical":"https:\/\/www.secondastrada.com\/it\/blazer-rue-de-clerie-blu-6\/","og_locale":"it_IT","og_type":"article","og_title":"Blazer Rue De Clerie Blu - Acquista online! - Seconda Strada","og_description":"Blazer Rue De Clerie Blu \u27a4 Acquista online su Secondastrada.com Blazer Rue De Clerie Blu \u2714\ufe0f Spedizione veloce entro 24h in tutta Italia \u2714\ufe0f Sconto sul tuo primo acquisto","og_url":"https:\/\/www.secondastrada.com\/it\/blazer-rue-de-clerie-blu-6\/","og_site_name":"Seconda Strada","og_image":[{"width":1000,"height":1300,"url":"https:\/\/www.secondastrada.com\/wp-content\/uploads\/2026\/05\/F1017XBFJG12-OB_BLU_PE26_1.jpg","type":"image\/jpeg"}],"twitter_card":"summary_large_image","twitter_misc":{"Tempo di lettura stimato":"1 minuto"},"schema":{"@context":"https:\/\/schema.org","@graph":[{"@type":"WebPage","@id":"https:\/\/www.secondastrada.com\/it\/blazer-rue-de-clerie-blu-6\/","url":"https:\/\/www.secondastrada.com\/it\/blazer-rue-de-clerie-blu-6\/","name":"Blazer Rue De Clerie Blu - Acquista online! - Seconda Strada","isPartOf":{"@id":"https:\/\/www.secondastrada.com\/it\/#website"},"primaryImageOfPage":{"@id":"https:\/\/www.secondastrada.com\/it\/blazer-rue-de-clerie-blu-6\/#primaryimage"},"image":{"@id":"https:\/\/www.secondastrada.com\/it\/blazer-rue-de-clerie-blu-6\/#primaryimage"},"thumbnailUrl":"https:\/\/www.secondastrada.com\/wp-content\/uploads\/2026\/05\/F1017XBFJG12-OB_BLU_PE26_1.jpg","datePublished":"2026-05-05T13:44:45+00:00","dateModified":"2026-05-05T13:44:45+00:00","description":"Blazer Rue De Clerie Blu \u27a4 Acquista online su Secondastrada.com Blazer Rue De Clerie Blu \u2714\ufe0f Spedizione veloce entro 24h in tutta Italia \u2714\ufe0f Sconto sul tuo primo acquisto","breadcrumb":{"@id":"https:\/\/www.secondastrada.com\/it\/blazer-rue-de-clerie-blu-6\/#breadcrumb"},"inLanguage":"it-IT","potentialAction":[{"@type":"ReadAction","target":["https:\/\/www.secondastrada.com\/it\/blazer-rue-de-clerie-blu-6\/"]}]},{"@type":"ImageObject","inLanguage":"it-IT","@id":"https:\/\/www.secondastrada.com\/it\/blazer-rue-de-clerie-blu-6\/#primaryimage","url":"https:\/\/www.secondastrada.com\/wp-content\/uploads\/2026\/05\/F1017XBFJG12-OB_BLU_PE26_1.jpg","contentUrl":"https:\/\/www.secondastrada.com\/wp-content\/uploads\/2026\/05\/F1017XBFJG12-OB_BLU_PE26_1.jpg","width":1000,"height":1300,"caption":"F1017XBFJG12-OB_BLU_PE26"},{"@type":"BreadcrumbList","@id":"https:\/\/www.secondastrada.com\/it\/blazer-rue-de-clerie-blu-6\/#breadcrumb","itemListElement":[{"@type":"ListItem","position":1,"name":"Home","item":"https:\/\/www.secondastrada.com\/it\/"},{"@type":"ListItem","position":2,"name":"Shop","item":"https:\/\/www.secondastrada.com\/it\/shop\/"},{"@type":"ListItem","position":3,"name":"Donna","item":"https:\/\/www.secondastrada.com\/it\/collezione-donna\/"},{"@type":"ListItem","position":4,"name":"Abbigliamento","item":"https:\/\/www.secondastrada.com\/it\/collezione-donna\/abbigliamento-donna\/"},{"@type":"ListItem","position":5,"name":"Blazer","item":"https:\/\/www.secondastrada.com\/it\/collezione-donna\/abbigliamento-donna\/blazer-da-donna\/"},{"@type":"ListItem","position":6,"name":"Blazer Rue De Clerie Blu"}]},{"@type":"WebSite","@id":"https:\/\/www.secondastrada.com\/it\/#website","url":"https:\/\/www.secondastrada.com\/it\/","name":"Seconda Strada","description":"","publisher":{"@id":"https:\/\/www.secondastrada.com\/it\/#organization"},"potentialAction":[{"@type":"SearchAction","target":{"@type":"EntryPoint","urlTemplate":"https:\/\/www.secondastrada.com\/it\/?s={search_term_string}"},"query-input":"required name=search_term_string"}],"inLanguage":"it-IT"},{"@type":"Organization","@id":"https:\/\/www.secondastrada.com\/it\/#organization","name":"Seconda Strada","url":"https:\/\/www.secondastrada.com\/it\/","logo":{"@type":"ImageObject","inLanguage":"it-IT","@id":"https:\/\/www.secondastrada.com\/it\/#\/schema\/logo\/image\/","url":"https:\/\/www.secondastrada.com\/wp-content\/uploads\/2023\/11\/secondastrada-logo.svg","contentUrl":"https:\/\/www.secondastrada.com\/wp-content\/uploads\/2023\/11\/secondastrada-logo.svg","width":353,"height":47,"caption":"Seconda Strada"},"image":{"@id":"https:\/\/www.secondastrada.com\/it\/#\/schema\/logo\/image\/"}}]}},"df_price":69.99,"df_sale_price":"","df_regular_price":69.99,"df_image_link":"https:\/\/www.secondastrada.com\/wp-content\/uploads\/2026\/05\/F1017XBFJG12-OB_BLU_PE26_1-300x300.jpg","_links":{"self":[{"href":"https:\/\/www.secondastrada.com\/it\/wp-json\/wp\/v2\/product\/366253"}],"collection":[{"href":"https:\/\/www.secondastrada.com\/it\/wp-json\/wp\/v2\/product"}],"about":[{"href":"https:\/\/www.secondastrada.com\/it\/wp-json\/wp\/v2\/types\/product"}],"wp:featuredmedia":[{"embeddable":true,"href":"https:\/\/www.secondastrada.com\/it\/wp-json\/wp\/v2\/media\/367430"}],"wp:attachment":[{"href":"https:\/\/www.secondastrada.com\/it\/wp-json\/wp\/v2\/media?parent=366253"}],"wp:term":[{"taxonomy":"ss_brand","embeddable":true,"href":"https:\/\/www.secondastrada.com\/it\/wp-json\/wp\/v2\/ss_brand?post=366253"},{"taxonomy":"ss_promo","embeddable":true,"href":"https:\/\/www.secondastrada.com\/it\/wp-json\/wp\/v2\/ss_promo?post=366253"},{"taxonomy":"ss_season","embeddable":true,"href":"https:\/\/www.secondastrada.com\/it\/wp-json\/wp\/v2\/ss_season?post=366253"},{"taxonomy":"product_cat","embeddable":true,"href":"https:\/\/www.secondastrada.com\/it\/wp-json\/wp\/v2\/product_cat?post=366253"},{"taxonomy":"product_tag","embeddable":true,"href":"https:\/\/www.secondastrada.com\/it\/wp-json\/wp\/v2\/product_tag?post=366253"}],"curies":[{"name":"wp","href":"https:\/\/api.w.org\/{rel}","templated":true}]}}