{"id":367091,"date":"2026-05-05T12:47:38","date_gmt":"2026-05-05T10:47:38","guid":{"rendered":"https:\/\/www.secondastrada.com\/it\/t-shirt-concept83-nera\/"},"modified":"2026-05-05T15:33:42","modified_gmt":"2026-05-05T13:33:42","slug":"t-shirt-concept83-nera","status":"publish","type":"product","link":"https:\/\/www.secondastrada.com\/it\/t-shirt-concept83-nera\/","title":{"rendered":"T-shirt Concept83 Nera"},"content":{"rendered":"<p>La <b>T-shirt CONCEPT83 Nera<\/b> \u00e8 il capo essenziale che unisce stile minimal e attenzione ai dettagli, perfetto per accompagnarti in ogni momento della giornata.<br \/>Realizzata in <b>100% cotone<\/b>, questa T-shirt da uomo adatta a tutte le stagioni offre comfort, traspirabilit\u00e0 e una vestibilit\u00e0 piacevole, ideale sia nei mesi pi\u00f9 caldi che come base per look a strati.<br \/>Il design si distingue per il <b>girocollo e giromanica lavorato<\/b>, elementi che aggiungono un tocco ricercato a una silhouette pulita e versatile. La vestibilit\u00e0 regolare garantisce libert\u00e0 di movimento e un fit naturale, adatto a diverse fisicit\u00e0 (il modello \u00e8 alto 187 cm e indossa una taglia L).<br \/>Questa <b>T-shirt con girocollo e giromanica lavorato<\/b> \u00e8 perfetta da indossare nel tempo libero, per una giornata in citt\u00e0, un viaggio o anche come capo base sotto una giacca leggera, quando vuoi uno stile semplice ma curato.<br \/>Per un outfit sempre efficace, puoi abbinarla a <b>jeans e sneakers<\/b> per un look casual e contemporaneo, oppure scegliere <b>pantaloni cargo o bermuda<\/b> per uno stile pi\u00f9 rilassato e dinamico.<br \/>La <b>T-shirt CONCEPT83 Nera<\/b> \u00e8 un must-have del guardaroba maschile, pensata per chi cerca versatilit\u00e0 e carattere in un unico capo.<br \/>Tutti i prodotti su Seconda Strada sono <b>originali e selezionati con cura<\/b>.<br \/>Codice articolo: <b>MOD 4 OB<\/b><\/p>\n","protected":false},"excerpt":{"rendered":"<p>La T-shirt CONCEPT83 Nera \u00e8 il capo essenziale che unisce stile minimal e attenzione ai dettagli, perfetto per accompagnarti in ogni momento della giornata.Realizzata in 100% cotone, questa T-shirt da uomo adatta a tutte le stagioni offre comfort, traspirabilit\u00e0 e una vestibilit\u00e0 piacevole, ideale sia nei mesi pi\u00f9 caldi che come base per look a&#8230;<\/p>\n","protected":false},"featured_media":366134,"template":"","meta":{"inline_featured_image":false},"ss_brand":[1326],"ss_promo":[],"ss_season":[2531],"product_cat":[1332,1479,1714],"product_tag":[1993],"class_list":{"0":"post-367091","1":"product","2":"type-product","3":"status-publish","4":"has-post-thumbnail","6":"ss_brand-concept83-uomo","7":"ss_season-pe26","8":"product_cat-abbigliamento-uomo","9":"product_cat-t-shirt-da-uomo","10":"product_cat-collezione-uomo","11":"product_tag-nuovi-arrivi-uomo","13":"first","14":"instock","15":"shipping-taxable","16":"purchasable","17":"product-type-variable","18":"has-default-attributes"},"acf":{"ss_brand":[{"term_id":1326,"name":"CONCEPT83","slug":"concept83-uomo","term_group":0,"term_taxonomy_id":1326,"taxonomy":"ss_brand","description":"Concept83: lo streetwear di tendenza al miglior prezzo.\u00a0Acquista online su SecondaStrada.com <strong>abbigliamento da uomo Concept83 scontatissimo<\/strong>!","parent":1268,"count":222,"filter":"raw"}],"ss_promo":false,"ss_season":[{"term_id":2531,"name":"PE26","slug":"pe26","term_group":0,"term_taxonomy_id":2531,"taxonomy":"ss_season","description":"","parent":0,"count":1804,"filter":"raw"}],"ss_old_price":"16,20","ss_omnibus_price":"0,00","ss_style_advice":"<p>La <b>T-shirt CONCEPT83 Nera<\/b> \u00e8 il capo essenziale che unisce stile minimal e attenzione ai dettagli, perfetto per accompagnarti in ogni momento della giornata.<br \/>Realizzata in <b>100% cotone<\/b>, questa T-shirt da uomo adatta a tutte le stagioni offre comfort, traspirabilit\u00e0 e una vestibilit\u00e0 piacevole, ideale sia nei mesi pi\u00f9 caldi che come base per look a strati.<br \/>Il design si distingue per il <b>girocollo e giromanica lavorato<\/b>, elementi che aggiungono un tocco ricercato a una silhouette pulita e versatile. La vestibilit\u00e0 regolare garantisce libert\u00e0 di movimento e un fit naturale, adatto a diverse fisicit\u00e0 (il modello \u00e8 alto 187 cm e indossa una taglia L).<br \/>Questa <b>T-shirt con girocollo e giromanica lavorato<\/b> \u00e8 perfetta da indossare nel tempo libero, per una giornata in citt\u00e0, un viaggio o anche come capo base sotto una giacca leggera, quando vuoi uno stile semplice ma curato.<br \/>Per un outfit sempre efficace, puoi abbinarla a <b>jeans e sneakers<\/b> per un look casual e contemporaneo, oppure scegliere <b>pantaloni cargo o bermuda<\/b> per uno stile pi\u00f9 rilassato e dinamico.<br \/>La <b>T-shirt CONCEPT83 Nera<\/b> \u00e8 un must-have del guardaroba maschile, pensata per chi cerca versatilit\u00e0 e carattere in un unico capo.<br \/>Tutti i prodotti su Seconda Strada sono <b>originali e selezionati con cura<\/b>.<br \/>Codice articolo: <b>MOD 4 OB<\/b><\/p>\n","ss_composition":"<p>100% cotone<\/p>\n","ss_fit":"<p>Il modello \u00e8 alto 187 cm e veste la taglia L. La vestibilit\u00e0 del capo \u00e8 regolare.<\/p>\n"},"yoast_head":"<!-- This site is optimized with the Yoast SEO plugin v22.3 - https:\/\/yoast.com\/wordpress\/plugins\/seo\/ -->\n<title>T-shirt Concept83 Nera - Acquista online! - Seconda Strada<\/title>\n<meta name=\"description\" content=\"T-shirt Concept83 Nera \u27a4 Acquista online su Secondastrada.com T-shirt Concept83 Nera \u2714\ufe0f Spedizione veloce entro 24h in tutta Italia \u2714\ufe0f Sconto sul tuo primo acquisto\" \/>\n<meta name=\"robots\" content=\"index, follow, max-snippet:-1, max-image-preview:large, max-video-preview:-1\" \/>\n<link rel=\"canonical\" href=\"https:\/\/www.secondastrada.com\/it\/t-shirt-concept83-nera\/\" \/>\n<meta property=\"og:locale\" content=\"it_IT\" \/>\n<meta property=\"og:type\" content=\"article\" \/>\n<meta property=\"og:title\" content=\"T-shirt Concept83 Nera - Acquista online! - Seconda Strada\" \/>\n<meta property=\"og:description\" content=\"T-shirt Concept83 Nera \u27a4 Acquista online su Secondastrada.com T-shirt Concept83 Nera \u2714\ufe0f Spedizione veloce entro 24h in tutta Italia \u2714\ufe0f Sconto sul tuo primo acquisto\" \/>\n<meta property=\"og:url\" content=\"https:\/\/www.secondastrada.com\/it\/t-shirt-concept83-nera\/\" \/>\n<meta property=\"og:site_name\" content=\"Seconda Strada\" \/>\n<meta property=\"article:modified_time\" content=\"2026-05-05T13:33:42+00:00\" \/>\n<meta property=\"og:image\" content=\"https:\/\/www.secondastrada.com\/wp-content\/uploads\/2026\/05\/MOD-4-OB_BLACK_PE26_1.jpg\" \/>\n\t<meta property=\"og:image:width\" content=\"1000\" \/>\n\t<meta property=\"og:image:height\" content=\"1300\" \/>\n\t<meta property=\"og:image:type\" content=\"image\/jpeg\" \/>\n<meta name=\"twitter:card\" content=\"summary_large_image\" \/>\n<meta name=\"twitter:label1\" content=\"Tempo di lettura stimato\" \/>\n\t<meta name=\"twitter:data1\" content=\"1 minuto\" \/>\n<!-- \/ Yoast SEO plugin. -->","yoast_head_json":{"title":"T-shirt Concept83 Nera - Acquista online! - Seconda Strada","description":"T-shirt Concept83 Nera \u27a4 Acquista online su Secondastrada.com T-shirt Concept83 Nera \u2714\ufe0f Spedizione veloce entro 24h in tutta Italia \u2714\ufe0f Sconto sul tuo primo acquisto","robots":{"index":"index","follow":"follow","max-snippet":"max-snippet:-1","max-image-preview":"max-image-preview:large","max-video-preview":"max-video-preview:-1"},"canonical":"https:\/\/www.secondastrada.com\/it\/t-shirt-concept83-nera\/","og_locale":"it_IT","og_type":"article","og_title":"T-shirt Concept83 Nera - Acquista online! - Seconda Strada","og_description":"T-shirt Concept83 Nera \u27a4 Acquista online su Secondastrada.com T-shirt Concept83 Nera \u2714\ufe0f Spedizione veloce entro 24h in tutta Italia \u2714\ufe0f Sconto sul tuo primo acquisto","og_url":"https:\/\/www.secondastrada.com\/it\/t-shirt-concept83-nera\/","og_site_name":"Seconda Strada","article_modified_time":"2026-05-05T13:33:42+00:00","og_image":[{"width":1000,"height":1300,"url":"https:\/\/www.secondastrada.com\/wp-content\/uploads\/2026\/05\/MOD-4-OB_BLACK_PE26_1.jpg","type":"image\/jpeg"}],"twitter_card":"summary_large_image","twitter_misc":{"Tempo di lettura stimato":"1 minuto"},"schema":{"@context":"https:\/\/schema.org","@graph":[{"@type":"WebPage","@id":"https:\/\/www.secondastrada.com\/it\/t-shirt-concept83-nera\/","url":"https:\/\/www.secondastrada.com\/it\/t-shirt-concept83-nera\/","name":"T-shirt Concept83 Nera - Acquista online! - Seconda Strada","isPartOf":{"@id":"https:\/\/www.secondastrada.com\/it\/#website"},"primaryImageOfPage":{"@id":"https:\/\/www.secondastrada.com\/it\/t-shirt-concept83-nera\/#primaryimage"},"image":{"@id":"https:\/\/www.secondastrada.com\/it\/t-shirt-concept83-nera\/#primaryimage"},"thumbnailUrl":"https:\/\/www.secondastrada.com\/wp-content\/uploads\/2026\/05\/MOD-4-OB_BLACK_PE26_1.jpg","datePublished":"2026-05-05T10:47:38+00:00","dateModified":"2026-05-05T13:33:42+00:00","description":"T-shirt Concept83 Nera \u27a4 Acquista online su Secondastrada.com T-shirt Concept83 Nera \u2714\ufe0f Spedizione veloce entro 24h in tutta Italia \u2714\ufe0f Sconto sul tuo primo acquisto","breadcrumb":{"@id":"https:\/\/www.secondastrada.com\/it\/t-shirt-concept83-nera\/#breadcrumb"},"inLanguage":"it-IT","potentialAction":[{"@type":"ReadAction","target":["https:\/\/www.secondastrada.com\/it\/t-shirt-concept83-nera\/"]}]},{"@type":"ImageObject","inLanguage":"it-IT","@id":"https:\/\/www.secondastrada.com\/it\/t-shirt-concept83-nera\/#primaryimage","url":"https:\/\/www.secondastrada.com\/wp-content\/uploads\/2026\/05\/MOD-4-OB_BLACK_PE26_1.jpg","contentUrl":"https:\/\/www.secondastrada.com\/wp-content\/uploads\/2026\/05\/MOD-4-OB_BLACK_PE26_1.jpg","width":1000,"height":1300,"caption":"MOD-4-OB_BLACK_PE26"},{"@type":"BreadcrumbList","@id":"https:\/\/www.secondastrada.com\/it\/t-shirt-concept83-nera\/#breadcrumb","itemListElement":[{"@type":"ListItem","position":1,"name":"Home","item":"https:\/\/www.secondastrada.com\/it\/"},{"@type":"ListItem","position":2,"name":"Shop","item":"https:\/\/www.secondastrada.com\/it\/shop\/"},{"@type":"ListItem","position":3,"name":"Uomo","item":"https:\/\/www.secondastrada.com\/it\/collezione-uomo\/"},{"@type":"ListItem","position":4,"name":"Abbigliamento","item":"https:\/\/www.secondastrada.com\/it\/collezione-uomo\/abbigliamento-uomo\/"},{"@type":"ListItem","position":5,"name":"T-shirt","item":"https:\/\/www.secondastrada.com\/it\/collezione-uomo\/abbigliamento-uomo\/t-shirt-da-uomo\/"},{"@type":"ListItem","position":6,"name":"T-shirt Concept83 Nera"}]},{"@type":"WebSite","@id":"https:\/\/www.secondastrada.com\/it\/#website","url":"https:\/\/www.secondastrada.com\/it\/","name":"Seconda Strada","description":"","publisher":{"@id":"https:\/\/www.secondastrada.com\/it\/#organization"},"potentialAction":[{"@type":"SearchAction","target":{"@type":"EntryPoint","urlTemplate":"https:\/\/www.secondastrada.com\/it\/?s={search_term_string}"},"query-input":"required name=search_term_string"}],"inLanguage":"it-IT"},{"@type":"Organization","@id":"https:\/\/www.secondastrada.com\/it\/#organization","name":"Seconda Strada","url":"https:\/\/www.secondastrada.com\/it\/","logo":{"@type":"ImageObject","inLanguage":"it-IT","@id":"https:\/\/www.secondastrada.com\/it\/#\/schema\/logo\/image\/","url":"https:\/\/www.secondastrada.com\/wp-content\/uploads\/2023\/11\/secondastrada-logo.svg","contentUrl":"https:\/\/www.secondastrada.com\/wp-content\/uploads\/2023\/11\/secondastrada-logo.svg","width":353,"height":47,"caption":"Seconda Strada"},"image":{"@id":"https:\/\/www.secondastrada.com\/it\/#\/schema\/logo\/image\/"}}]}},"df_price":14.99,"df_sale_price":"","df_regular_price":14.99,"df_image_link":"https:\/\/www.secondastrada.com\/wp-content\/uploads\/2026\/05\/MOD-4-OB_BLACK_PE26_1-300x300.jpg","_links":{"self":[{"href":"https:\/\/www.secondastrada.com\/it\/wp-json\/wp\/v2\/product\/367091"}],"collection":[{"href":"https:\/\/www.secondastrada.com\/it\/wp-json\/wp\/v2\/product"}],"about":[{"href":"https:\/\/www.secondastrada.com\/it\/wp-json\/wp\/v2\/types\/product"}],"wp:featuredmedia":[{"embeddable":true,"href":"https:\/\/www.secondastrada.com\/it\/wp-json\/wp\/v2\/media\/366134"}],"wp:attachment":[{"href":"https:\/\/www.secondastrada.com\/it\/wp-json\/wp\/v2\/media?parent=367091"}],"wp:term":[{"taxonomy":"ss_brand","embeddable":true,"href":"https:\/\/www.secondastrada.com\/it\/wp-json\/wp\/v2\/ss_brand?post=367091"},{"taxonomy":"ss_promo","embeddable":true,"href":"https:\/\/www.secondastrada.com\/it\/wp-json\/wp\/v2\/ss_promo?post=367091"},{"taxonomy":"ss_season","embeddable":true,"href":"https:\/\/www.secondastrada.com\/it\/wp-json\/wp\/v2\/ss_season?post=367091"},{"taxonomy":"product_cat","embeddable":true,"href":"https:\/\/www.secondastrada.com\/it\/wp-json\/wp\/v2\/product_cat?post=367091"},{"taxonomy":"product_tag","embeddable":true,"href":"https:\/\/www.secondastrada.com\/it\/wp-json\/wp\/v2\/product_tag?post=367091"}],"curies":[{"name":"wp","href":"https:\/\/api.w.org\/{rel}","templated":true}]}}