{"id":368038,"date":"2026-05-07T08:51:31","date_gmt":"2026-05-07T06:51:31","guid":{"rendered":"https:\/\/www.secondastrada.com\/it\/shorts-twin-set-bianchi\/"},"modified":"2026-05-07T08:54:07","modified_gmt":"2026-05-07T06:54:07","slug":"shorts-twin-set-bianchi","status":"publish","type":"product","link":"https:\/\/www.secondastrada.com\/it\/shorts-twin-set-bianchi\/","title":{"rendered":"Shorts Twin Set Bianchi"},"content":{"rendered":"<p><b>Shorts TWIN SET Bianchi da donna con strass<\/b><br \/>\nGli Shorts TWIN SET Bianchi sono il capo ideale per chi desidera un look fresco, femminile e versatile durante la stagione primavera estate. Realizzati in 100% cotone, questi shorts da donna assicurano comfort e leggerezza nelle giornate pi\u00f9 calde, mantenendo uno stile curato e contemporaneo. Il dettaglio degli strass sul davanti dona luminosit\u00e0 al capo e aggiunge un tocco glamour discreto ma ricercato, perfetto per valorizzare anche gli outfit pi\u00f9 semplici.<br \/>La vestibilit\u00e0 regolare li rende facili da indossare ogni giorno: puoi scegliere questi shorts con strass sul davanti per il tempo libero, una passeggiata in citt\u00e0, una vacanza estiva o un aperitivo informale con le amiche. La modella \u00e8 alta 165 cm e indossa la taglia S, mostrando una linea comoda ma sempre femminile.<br \/>Per un outfit casual chic puoi abbinarli a un top aderente o a una camicia leggera in lino, completando il look con sneakers basse o sandali minimal. Se invece desideri un effetto pi\u00f9 raffinato, prova gli Shorts TWIN SET Bianchi con una blusa morbida e accessori luminosi.<br \/>Questi shorts da donna adatto in primavera estate rappresentano una scelta pratica e di tendenza, perfetta per creare look versatili senza rinunciare allo stile.<br \/>Tutti i prodotti presenti su SecondaStrada.com sono originali e selezionati con attenzione. Codice articolo: <b>241TN 2111 SB<\/b>.<\/p>\n","protected":false},"excerpt":{"rendered":"<p>Shorts TWIN SET Bianchi da donna con strass Gli Shorts TWIN SET Bianchi sono il capo ideale per chi desidera un look fresco, femminile e versatile durante la stagione primavera estate. Realizzati in 100% cotone, questi shorts da donna assicurano comfort e leggerezza nelle giornate pi\u00f9 calde, mantenendo uno stile curato e contemporaneo. Il dettaglio&#8230;<\/p>\n","protected":false},"featured_media":367720,"template":"","meta":{"inline_featured_image":false},"ss_brand":[1925],"ss_promo":[],"ss_season":[2531],"product_cat":[1329,1658,1475],"product_tag":[1995],"class_list":{"0":"post-368038","1":"product","2":"type-product","3":"status-publish","4":"has-post-thumbnail","6":"ss_brand-twin-set-donna","7":"ss_season-pe26","8":"product_cat-abbigliamento-donna","9":"product_cat-collezione-donna","10":"product_cat-shorts-da-donna","11":"product_tag-nuovi-arrivi-donna","13":"first","14":"instock","15":"shipping-taxable","16":"purchasable","17":"product-type-variable","18":"has-default-attributes"},"acf":{"ss_brand":[{"term_id":1925,"name":"TWIN SET","slug":"twin-set-donna","term_group":0,"term_taxonomy_id":1925,"taxonomy":"ss_brand","description":"Twin Set \u00e8 il brand made in Italy che sceglie di vestire le donne secondo un gusto elegante e raffinato. Dettagli glamour e chic per look ideali dalla mattina alla sera. Se stai cercando uno shop online Twin Set sei nel posto giusto: vieni a scoprire gli sconti!\u00a0Acquista online su SecondaStrada.com abbigliamento da donna Twin Set scontatissimo!","parent":1201,"count":116,"filter":"raw"}],"ss_promo":false,"ss_season":[{"term_id":2531,"name":"PE26","slug":"pe26","term_group":0,"term_taxonomy_id":2531,"taxonomy":"ss_season","description":"","parent":0,"count":1839,"filter":"raw"}],"ss_old_price":"138,00","ss_omnibus_price":"0,00","ss_style_advice":"<p><b>Shorts TWIN SET Bianchi da donna con strass<\/b><br \/>\nGli Shorts TWIN SET Bianchi sono il capo ideale per chi desidera un look fresco, femminile e versatile durante la stagione primavera estate. Realizzati in 100% cotone, questi shorts da donna assicurano comfort e leggerezza nelle giornate pi\u00f9 calde, mantenendo uno stile curato e contemporaneo. Il dettaglio degli strass sul davanti dona luminosit\u00e0 al capo e aggiunge un tocco glamour discreto ma ricercato, perfetto per valorizzare anche gli outfit pi\u00f9 semplici.<br \/>La vestibilit\u00e0 regolare li rende facili da indossare ogni giorno: puoi scegliere questi shorts con strass sul davanti per il tempo libero, una passeggiata in citt\u00e0, una vacanza estiva o un aperitivo informale con le amiche. La modella \u00e8 alta 165 cm e indossa la taglia S, mostrando una linea comoda ma sempre femminile.<br \/>Per un outfit casual chic puoi abbinarli a un top aderente o a una camicia leggera in lino, completando il look con sneakers basse o sandali minimal. Se invece desideri un effetto pi\u00f9 raffinato, prova gli Shorts TWIN SET Bianchi con una blusa morbida e accessori luminosi.<br \/>Questi shorts da donna adatto in primavera estate rappresentano una scelta pratica e di tendenza, perfetta per creare look versatili senza rinunciare allo stile.<br \/>Tutti i prodotti presenti su SecondaStrada.com sono originali e selezionati con attenzione. Codice articolo: <b>241TN 2111 SB<\/b>.<\/p>\n","ss_composition":"<p>100% cotone (lavare a mano)<\/p>\n","ss_fit":"<p>La modella \u00e8 alta 165 cm e veste la taglia S. La vestibilit\u00e0 del capo \u00e8 regolare.<\/p>\n"},"yoast_head":"<!-- This site is optimized with the Yoast SEO plugin v22.3 - https:\/\/yoast.com\/wordpress\/plugins\/seo\/ -->\n<title>Shorts Twin Set Bianchi - Acquista online! - Seconda Strada<\/title>\n<meta name=\"description\" content=\"Shorts Twin Set Bianchi \u27a4 Acquista online su Secondastrada.com Shorts Twin Set Bianchi \u2714\ufe0f Spedizione veloce entro 24h in tutta Italia \u2714\ufe0f Sconto sul tuo primo acquisto\" \/>\n<meta name=\"robots\" content=\"index, follow, max-snippet:-1, max-image-preview:large, max-video-preview:-1\" \/>\n<link rel=\"canonical\" href=\"https:\/\/www.secondastrada.com\/it\/shorts-twin-set-bianchi\/\" \/>\n<meta property=\"og:locale\" content=\"it_IT\" \/>\n<meta property=\"og:type\" content=\"article\" \/>\n<meta property=\"og:title\" content=\"Shorts Twin Set Bianchi - Acquista online! - Seconda Strada\" \/>\n<meta property=\"og:description\" content=\"Shorts Twin Set Bianchi \u27a4 Acquista online su Secondastrada.com Shorts Twin Set Bianchi \u2714\ufe0f Spedizione veloce entro 24h in tutta Italia \u2714\ufe0f Sconto sul tuo primo acquisto\" \/>\n<meta property=\"og:url\" content=\"https:\/\/www.secondastrada.com\/it\/shorts-twin-set-bianchi\/\" \/>\n<meta property=\"og:site_name\" content=\"Seconda Strada\" \/>\n<meta property=\"article:modified_time\" content=\"2026-05-07T06:54:07+00:00\" \/>\n<meta property=\"og:image\" content=\"https:\/\/www.secondastrada.com\/wp-content\/uploads\/2026\/05\/241TN-2111-SB_BIANCO-OTTICO_PE26_1.jpg\" \/>\n\t<meta property=\"og:image:width\" content=\"1000\" \/>\n\t<meta property=\"og:image:height\" content=\"1300\" \/>\n\t<meta property=\"og:image:type\" content=\"image\/jpeg\" \/>\n<meta name=\"twitter:card\" content=\"summary_large_image\" \/>\n<meta name=\"twitter:label1\" content=\"Tempo di lettura stimato\" \/>\n\t<meta name=\"twitter:data1\" content=\"1 minuto\" \/>\n<!-- \/ Yoast SEO plugin. -->","yoast_head_json":{"title":"Shorts Twin Set Bianchi - Acquista online! - Seconda Strada","description":"Shorts Twin Set Bianchi \u27a4 Acquista online su Secondastrada.com Shorts Twin Set Bianchi \u2714\ufe0f Spedizione veloce entro 24h in tutta Italia \u2714\ufe0f Sconto sul tuo primo acquisto","robots":{"index":"index","follow":"follow","max-snippet":"max-snippet:-1","max-image-preview":"max-image-preview:large","max-video-preview":"max-video-preview:-1"},"canonical":"https:\/\/www.secondastrada.com\/it\/shorts-twin-set-bianchi\/","og_locale":"it_IT","og_type":"article","og_title":"Shorts Twin Set Bianchi - Acquista online! - Seconda Strada","og_description":"Shorts Twin Set Bianchi \u27a4 Acquista online su Secondastrada.com Shorts Twin Set Bianchi \u2714\ufe0f Spedizione veloce entro 24h in tutta Italia \u2714\ufe0f Sconto sul tuo primo acquisto","og_url":"https:\/\/www.secondastrada.com\/it\/shorts-twin-set-bianchi\/","og_site_name":"Seconda Strada","article_modified_time":"2026-05-07T06:54:07+00:00","og_image":[{"width":1000,"height":1300,"url":"https:\/\/www.secondastrada.com\/wp-content\/uploads\/2026\/05\/241TN-2111-SB_BIANCO-OTTICO_PE26_1.jpg","type":"image\/jpeg"}],"twitter_card":"summary_large_image","twitter_misc":{"Tempo di lettura stimato":"1 minuto"},"schema":{"@context":"https:\/\/schema.org","@graph":[{"@type":"WebPage","@id":"https:\/\/www.secondastrada.com\/it\/shorts-twin-set-bianchi\/","url":"https:\/\/www.secondastrada.com\/it\/shorts-twin-set-bianchi\/","name":"Shorts Twin Set Bianchi - Acquista online! - Seconda Strada","isPartOf":{"@id":"https:\/\/www.secondastrada.com\/it\/#website"},"primaryImageOfPage":{"@id":"https:\/\/www.secondastrada.com\/it\/shorts-twin-set-bianchi\/#primaryimage"},"image":{"@id":"https:\/\/www.secondastrada.com\/it\/shorts-twin-set-bianchi\/#primaryimage"},"thumbnailUrl":"https:\/\/www.secondastrada.com\/wp-content\/uploads\/2026\/05\/241TN-2111-SB_BIANCO-OTTICO_PE26_1.jpg","datePublished":"2026-05-07T06:51:31+00:00","dateModified":"2026-05-07T06:54:07+00:00","description":"Shorts Twin Set Bianchi \u27a4 Acquista online su Secondastrada.com Shorts Twin Set Bianchi \u2714\ufe0f Spedizione veloce entro 24h in tutta Italia \u2714\ufe0f Sconto sul tuo primo acquisto","breadcrumb":{"@id":"https:\/\/www.secondastrada.com\/it\/shorts-twin-set-bianchi\/#breadcrumb"},"inLanguage":"it-IT","potentialAction":[{"@type":"ReadAction","target":["https:\/\/www.secondastrada.com\/it\/shorts-twin-set-bianchi\/"]}]},{"@type":"ImageObject","inLanguage":"it-IT","@id":"https:\/\/www.secondastrada.com\/it\/shorts-twin-set-bianchi\/#primaryimage","url":"https:\/\/www.secondastrada.com\/wp-content\/uploads\/2026\/05\/241TN-2111-SB_BIANCO-OTTICO_PE26_1.jpg","contentUrl":"https:\/\/www.secondastrada.com\/wp-content\/uploads\/2026\/05\/241TN-2111-SB_BIANCO-OTTICO_PE26_1.jpg","width":1000,"height":1300,"caption":"241TN-2111-SB_BIANCO-OTTICO_PE26"},{"@type":"BreadcrumbList","@id":"https:\/\/www.secondastrada.com\/it\/shorts-twin-set-bianchi\/#breadcrumb","itemListElement":[{"@type":"ListItem","position":1,"name":"Home","item":"https:\/\/www.secondastrada.com\/it\/"},{"@type":"ListItem","position":2,"name":"Shop","item":"https:\/\/www.secondastrada.com\/it\/shop\/"},{"@type":"ListItem","position":3,"name":"Donna","item":"https:\/\/www.secondastrada.com\/it\/collezione-donna\/"},{"@type":"ListItem","position":4,"name":"Abbigliamento","item":"https:\/\/www.secondastrada.com\/it\/collezione-donna\/abbigliamento-donna\/"},{"@type":"ListItem","position":5,"name":"Shorts","item":"https:\/\/www.secondastrada.com\/it\/collezione-donna\/abbigliamento-donna\/shorts-da-donna\/"},{"@type":"ListItem","position":6,"name":"Shorts Twin Set Bianchi"}]},{"@type":"WebSite","@id":"https:\/\/www.secondastrada.com\/it\/#website","url":"https:\/\/www.secondastrada.com\/it\/","name":"Seconda Strada","description":"","publisher":{"@id":"https:\/\/www.secondastrada.com\/it\/#organization"},"potentialAction":[{"@type":"SearchAction","target":{"@type":"EntryPoint","urlTemplate":"https:\/\/www.secondastrada.com\/it\/?s={search_term_string}"},"query-input":"required name=search_term_string"}],"inLanguage":"it-IT"},{"@type":"Organization","@id":"https:\/\/www.secondastrada.com\/it\/#organization","name":"Seconda Strada","url":"https:\/\/www.secondastrada.com\/it\/","logo":{"@type":"ImageObject","inLanguage":"it-IT","@id":"https:\/\/www.secondastrada.com\/it\/#\/schema\/logo\/image\/","url":"https:\/\/www.secondastrada.com\/wp-content\/uploads\/2023\/11\/secondastrada-logo.svg","contentUrl":"https:\/\/www.secondastrada.com\/wp-content\/uploads\/2023\/11\/secondastrada-logo.svg","width":353,"height":47,"caption":"Seconda Strada"},"image":{"@id":"https:\/\/www.secondastrada.com\/it\/#\/schema\/logo\/image\/"}}]}},"df_price":49.99,"df_sale_price":"","df_regular_price":49.99,"df_image_link":"https:\/\/www.secondastrada.com\/wp-content\/uploads\/2026\/05\/241TN-2111-SB_BIANCO-OTTICO_PE26_1-300x300.jpg","_links":{"self":[{"href":"https:\/\/www.secondastrada.com\/it\/wp-json\/wp\/v2\/product\/368038"}],"collection":[{"href":"https:\/\/www.secondastrada.com\/it\/wp-json\/wp\/v2\/product"}],"about":[{"href":"https:\/\/www.secondastrada.com\/it\/wp-json\/wp\/v2\/types\/product"}],"wp:featuredmedia":[{"embeddable":true,"href":"https:\/\/www.secondastrada.com\/it\/wp-json\/wp\/v2\/media\/367720"}],"wp:attachment":[{"href":"https:\/\/www.secondastrada.com\/it\/wp-json\/wp\/v2\/media?parent=368038"}],"wp:term":[{"taxonomy":"ss_brand","embeddable":true,"href":"https:\/\/www.secondastrada.com\/it\/wp-json\/wp\/v2\/ss_brand?post=368038"},{"taxonomy":"ss_promo","embeddable":true,"href":"https:\/\/www.secondastrada.com\/it\/wp-json\/wp\/v2\/ss_promo?post=368038"},{"taxonomy":"ss_season","embeddable":true,"href":"https:\/\/www.secondastrada.com\/it\/wp-json\/wp\/v2\/ss_season?post=368038"},{"taxonomy":"product_cat","embeddable":true,"href":"https:\/\/www.secondastrada.com\/it\/wp-json\/wp\/v2\/product_cat?post=368038"},{"taxonomy":"product_tag","embeddable":true,"href":"https:\/\/www.secondastrada.com\/it\/wp-json\/wp\/v2\/product_tag?post=368038"}],"curies":[{"name":"wp","href":"https:\/\/api.w.org\/{rel}","templated":true}]}}