{"id":368062,"date":"2026-05-07T08:54:12","date_gmt":"2026-05-07T06:54:12","guid":{"rendered":"https:\/\/www.secondastrada.com\/it\/trench-twin-set-lilla\/"},"modified":"2026-05-07T11:07:47","modified_gmt":"2026-05-07T09:07:47","slug":"trench-twin-set-lilla","status":"publish","type":"product","link":"https:\/\/www.secondastrada.com\/it\/trench-twin-set-lilla\/","title":{"rendered":"Trench Twin Set Lilla"},"content":{"rendered":"<p><b>Trench TWIN SET Lilla da donna<\/b><br \/>\nIl Trench TWIN SET Lilla \u00e8 il capo ideale per aggiungere carattere ed eleganza ai look della stagione primavera estate. Femminile, moderno e versatile, questo trench da donna conquista grazie alla sua tonalit\u00e0 viola raffinata e ai dettagli iconici come la cintura in vita e la chiusura doppiopetto, perfetti per valorizzare la silhouette con naturalezza. Realizzato in 100% poliestere, il capo risulta leggero e pratico da indossare durante le mezze stagioni, mantenendo uno stile sempre curato e contemporaneo.<br \/>La vestibilit\u00e0 regolare lo rende adatto sia agli outfit casual sia a quelli pi\u00f9 ricercati. La modella \u00e8 alta 165 cm e indossa la taglia S. Questo Trench con cintura e doppio petto pu\u00f2 essere indossato durante le giornate in citt\u00e0, per il lavoro, nel tempo libero oppure nelle serate primaverili quando desideri completare il tuo look con un capo elegante ma facile da abbinare.<br \/>Per uno stile casual chic puoi abbinarlo a jeans, t-shirt basic e sneakers basse. Se invece preferisci un outfit pi\u00f9 sofisticato, il Trench TWIN SET Lilla \u00e8 perfetto sopra un vestito fluido o con pantaloni dal taglio essenziale e sandali minimal.<br \/>Questo trench da donna adatto alla primavera estate rappresenta una scelta versatile e senza tempo, ideale per accompagnarti in tante occasioni diverse con stile e personalit\u00e0.<br \/>Tutti i prodotti disponibili su SecondaStrada.com sono originali e accuratamente selezionati. Codice articolo: <b>241TP 2540 SB<\/b>.<\/p>\n","protected":false},"excerpt":{"rendered":"<p>Trench TWIN SET Lilla da donna Il Trench TWIN SET Lilla \u00e8 il capo ideale per aggiungere carattere ed eleganza ai look della stagione primavera estate. Femminile, moderno e versatile, questo trench da donna conquista grazie alla sua tonalit\u00e0 viola raffinata e ai dettagli iconici come la cintura in vita e la chiusura doppiopetto, perfetti&#8230;<\/p>\n","protected":false},"featured_media":367743,"template":"","meta":{"inline_featured_image":false},"ss_brand":[1925],"ss_promo":[],"ss_season":[2531],"product_cat":[1329,1658,1472],"product_tag":[1995],"class_list":{"0":"post-368062","1":"product","2":"type-product","3":"status-publish","4":"has-post-thumbnail","6":"ss_brand-twin-set-donna","7":"ss_season-pe26","8":"product_cat-abbigliamento-donna","9":"product_cat-collezione-donna","10":"product_cat-giacche-da-donna","11":"product_tag-nuovi-arrivi-donna","13":"first","14":"instock","15":"shipping-taxable","16":"purchasable","17":"product-type-variable","18":"has-default-attributes"},"acf":{"ss_brand":[{"term_id":1925,"name":"TWIN SET","slug":"twin-set-donna","term_group":0,"term_taxonomy_id":1925,"taxonomy":"ss_brand","description":"Twin Set \u00e8 il brand made in Italy che sceglie di vestire le donne secondo un gusto elegante e raffinato. Dettagli glamour e chic per look ideali dalla mattina alla sera. Se stai cercando uno shop online Twin Set sei nel posto giusto: vieni a scoprire gli sconti!\u00a0Acquista online su SecondaStrada.com abbigliamento da donna Twin Set scontatissimo!","parent":1201,"count":116,"filter":"raw"}],"ss_promo":false,"ss_season":[{"term_id":2531,"name":"PE26","slug":"pe26","term_group":0,"term_taxonomy_id":2531,"taxonomy":"ss_season","description":"","parent":0,"count":1839,"filter":"raw"}],"ss_old_price":"298,00","ss_omnibus_price":"0,00","ss_style_advice":"<p><b>Trench TWIN SET Lilla da donna<\/b><br \/>\nIl Trench TWIN SET Lilla \u00e8 il capo ideale per aggiungere carattere ed eleganza ai look della stagione primavera estate. Femminile, moderno e versatile, questo trench da donna conquista grazie alla sua tonalit\u00e0 viola raffinata e ai dettagli iconici come la cintura in vita e la chiusura doppiopetto, perfetti per valorizzare la silhouette con naturalezza. Realizzato in 100% poliestere, il capo risulta leggero e pratico da indossare durante le mezze stagioni, mantenendo uno stile sempre curato e contemporaneo.<br \/>La vestibilit\u00e0 regolare lo rende adatto sia agli outfit casual sia a quelli pi\u00f9 ricercati. La modella \u00e8 alta 165 cm e indossa la taglia S. Questo Trench con cintura e doppio petto pu\u00f2 essere indossato durante le giornate in citt\u00e0, per il lavoro, nel tempo libero oppure nelle serate primaverili quando desideri completare il tuo look con un capo elegante ma facile da abbinare.<br \/>Per uno stile casual chic puoi abbinarlo a jeans, t-shirt basic e sneakers basse. Se invece preferisci un outfit pi\u00f9 sofisticato, il Trench TWIN SET Lilla \u00e8 perfetto sopra un vestito fluido o con pantaloni dal taglio essenziale e sandali minimal.<br \/>Questo trench da donna adatto alla primavera estate rappresenta una scelta versatile e senza tempo, ideale per accompagnarti in tante occasioni diverse con stile e personalit\u00e0.<br \/>Tutti i prodotti disponibili su SecondaStrada.com sono originali e accuratamente selezionati. Codice articolo: <b>241TP 2540 SB<\/b>.<\/p>\n","ss_composition":"<p>100% poliestere (lavare a secco)<\/p>\n","ss_fit":"<p>La modella \u00e8 alta 165 cm e veste la taglia S. La vestibilit\u00e0 del capo \u00e8 regolare.<\/p>\n"},"yoast_head":"<!-- This site is optimized with the Yoast SEO plugin v22.3 - https:\/\/yoast.com\/wordpress\/plugins\/seo\/ -->\n<title>Trench Twin Set Lilla - Acquista online! - Seconda Strada<\/title>\n<meta name=\"description\" content=\"Trench Twin Set Lilla \u27a4 Acquista online su Secondastrada.com Trench Twin Set Lilla \u2714\ufe0f Spedizione veloce entro 24h in tutta Italia \u2714\ufe0f Sconto sul tuo primo acquisto\" \/>\n<meta name=\"robots\" content=\"index, follow, max-snippet:-1, max-image-preview:large, max-video-preview:-1\" \/>\n<link rel=\"canonical\" href=\"https:\/\/www.secondastrada.com\/it\/trench-twin-set-lilla\/\" \/>\n<meta property=\"og:locale\" content=\"it_IT\" \/>\n<meta property=\"og:type\" content=\"article\" \/>\n<meta property=\"og:title\" content=\"Trench Twin Set Lilla - Acquista online! - Seconda Strada\" \/>\n<meta property=\"og:description\" content=\"Trench Twin Set Lilla \u27a4 Acquista online su Secondastrada.com Trench Twin Set Lilla \u2714\ufe0f Spedizione veloce entro 24h in tutta Italia \u2714\ufe0f Sconto sul tuo primo acquisto\" \/>\n<meta property=\"og:url\" content=\"https:\/\/www.secondastrada.com\/it\/trench-twin-set-lilla\/\" \/>\n<meta property=\"og:site_name\" content=\"Seconda Strada\" \/>\n<meta property=\"article:modified_time\" content=\"2026-05-07T09:07:47+00:00\" \/>\n<meta property=\"og:image\" content=\"https:\/\/www.secondastrada.com\/wp-content\/uploads\/2026\/05\/241TP-2540-SB_CAMPANULA_PE26_1.jpg\" \/>\n\t<meta property=\"og:image:width\" content=\"1000\" \/>\n\t<meta property=\"og:image:height\" content=\"1300\" \/>\n\t<meta property=\"og:image:type\" content=\"image\/jpeg\" \/>\n<meta name=\"twitter:card\" content=\"summary_large_image\" \/>\n<meta name=\"twitter:label1\" content=\"Tempo di lettura stimato\" \/>\n\t<meta name=\"twitter:data1\" content=\"1 minuto\" \/>\n<!-- \/ Yoast SEO plugin. -->","yoast_head_json":{"title":"Trench Twin Set Lilla - Acquista online! - Seconda Strada","description":"Trench Twin Set Lilla \u27a4 Acquista online su Secondastrada.com Trench Twin Set Lilla \u2714\ufe0f Spedizione veloce entro 24h in tutta Italia \u2714\ufe0f Sconto sul tuo primo acquisto","robots":{"index":"index","follow":"follow","max-snippet":"max-snippet:-1","max-image-preview":"max-image-preview:large","max-video-preview":"max-video-preview:-1"},"canonical":"https:\/\/www.secondastrada.com\/it\/trench-twin-set-lilla\/","og_locale":"it_IT","og_type":"article","og_title":"Trench Twin Set Lilla - Acquista online! - Seconda Strada","og_description":"Trench Twin Set Lilla \u27a4 Acquista online su Secondastrada.com Trench Twin Set Lilla \u2714\ufe0f Spedizione veloce entro 24h in tutta Italia \u2714\ufe0f Sconto sul tuo primo acquisto","og_url":"https:\/\/www.secondastrada.com\/it\/trench-twin-set-lilla\/","og_site_name":"Seconda Strada","article_modified_time":"2026-05-07T09:07:47+00:00","og_image":[{"width":1000,"height":1300,"url":"https:\/\/www.secondastrada.com\/wp-content\/uploads\/2026\/05\/241TP-2540-SB_CAMPANULA_PE26_1.jpg","type":"image\/jpeg"}],"twitter_card":"summary_large_image","twitter_misc":{"Tempo di lettura stimato":"1 minuto"},"schema":{"@context":"https:\/\/schema.org","@graph":[{"@type":"WebPage","@id":"https:\/\/www.secondastrada.com\/it\/trench-twin-set-lilla\/","url":"https:\/\/www.secondastrada.com\/it\/trench-twin-set-lilla\/","name":"Trench Twin Set Lilla - Acquista online! - Seconda Strada","isPartOf":{"@id":"https:\/\/www.secondastrada.com\/it\/#website"},"primaryImageOfPage":{"@id":"https:\/\/www.secondastrada.com\/it\/trench-twin-set-lilla\/#primaryimage"},"image":{"@id":"https:\/\/www.secondastrada.com\/it\/trench-twin-set-lilla\/#primaryimage"},"thumbnailUrl":"https:\/\/www.secondastrada.com\/wp-content\/uploads\/2026\/05\/241TP-2540-SB_CAMPANULA_PE26_1.jpg","datePublished":"2026-05-07T06:54:12+00:00","dateModified":"2026-05-07T09:07:47+00:00","description":"Trench Twin Set Lilla \u27a4 Acquista online su Secondastrada.com Trench Twin Set Lilla \u2714\ufe0f Spedizione veloce entro 24h in tutta Italia \u2714\ufe0f Sconto sul tuo primo acquisto","breadcrumb":{"@id":"https:\/\/www.secondastrada.com\/it\/trench-twin-set-lilla\/#breadcrumb"},"inLanguage":"it-IT","potentialAction":[{"@type":"ReadAction","target":["https:\/\/www.secondastrada.com\/it\/trench-twin-set-lilla\/"]}]},{"@type":"ImageObject","inLanguage":"it-IT","@id":"https:\/\/www.secondastrada.com\/it\/trench-twin-set-lilla\/#primaryimage","url":"https:\/\/www.secondastrada.com\/wp-content\/uploads\/2026\/05\/241TP-2540-SB_CAMPANULA_PE26_1.jpg","contentUrl":"https:\/\/www.secondastrada.com\/wp-content\/uploads\/2026\/05\/241TP-2540-SB_CAMPANULA_PE26_1.jpg","width":1000,"height":1300,"caption":"241TP-2540-SB_CAMPANULA_PE26"},{"@type":"BreadcrumbList","@id":"https:\/\/www.secondastrada.com\/it\/trench-twin-set-lilla\/#breadcrumb","itemListElement":[{"@type":"ListItem","position":1,"name":"Home","item":"https:\/\/www.secondastrada.com\/it\/"},{"@type":"ListItem","position":2,"name":"Shop","item":"https:\/\/www.secondastrada.com\/it\/shop\/"},{"@type":"ListItem","position":3,"name":"Donna","item":"https:\/\/www.secondastrada.com\/it\/collezione-donna\/"},{"@type":"ListItem","position":4,"name":"Abbigliamento","item":"https:\/\/www.secondastrada.com\/it\/collezione-donna\/abbigliamento-donna\/"},{"@type":"ListItem","position":5,"name":"Giacche","item":"https:\/\/www.secondastrada.com\/it\/collezione-donna\/abbigliamento-donna\/giacche-da-donna\/"},{"@type":"ListItem","position":6,"name":"Trench Twin Set Lilla"}]},{"@type":"WebSite","@id":"https:\/\/www.secondastrada.com\/it\/#website","url":"https:\/\/www.secondastrada.com\/it\/","name":"Seconda Strada","description":"","publisher":{"@id":"https:\/\/www.secondastrada.com\/it\/#organization"},"potentialAction":[{"@type":"SearchAction","target":{"@type":"EntryPoint","urlTemplate":"https:\/\/www.secondastrada.com\/it\/?s={search_term_string}"},"query-input":"required name=search_term_string"}],"inLanguage":"it-IT"},{"@type":"Organization","@id":"https:\/\/www.secondastrada.com\/it\/#organization","name":"Seconda Strada","url":"https:\/\/www.secondastrada.com\/it\/","logo":{"@type":"ImageObject","inLanguage":"it-IT","@id":"https:\/\/www.secondastrada.com\/it\/#\/schema\/logo\/image\/","url":"https:\/\/www.secondastrada.com\/wp-content\/uploads\/2023\/11\/secondastrada-logo.svg","contentUrl":"https:\/\/www.secondastrada.com\/wp-content\/uploads\/2023\/11\/secondastrada-logo.svg","width":353,"height":47,"caption":"Seconda Strada"},"image":{"@id":"https:\/\/www.secondastrada.com\/it\/#\/schema\/logo\/image\/"}}]}},"df_price":89.99,"df_sale_price":"","df_regular_price":89.99,"df_image_link":"https:\/\/www.secondastrada.com\/wp-content\/uploads\/2026\/05\/241TP-2540-SB_CAMPANULA_PE26_1-300x300.jpg","_links":{"self":[{"href":"https:\/\/www.secondastrada.com\/it\/wp-json\/wp\/v2\/product\/368062"}],"collection":[{"href":"https:\/\/www.secondastrada.com\/it\/wp-json\/wp\/v2\/product"}],"about":[{"href":"https:\/\/www.secondastrada.com\/it\/wp-json\/wp\/v2\/types\/product"}],"wp:featuredmedia":[{"embeddable":true,"href":"https:\/\/www.secondastrada.com\/it\/wp-json\/wp\/v2\/media\/367743"}],"wp:attachment":[{"href":"https:\/\/www.secondastrada.com\/it\/wp-json\/wp\/v2\/media?parent=368062"}],"wp:term":[{"taxonomy":"ss_brand","embeddable":true,"href":"https:\/\/www.secondastrada.com\/it\/wp-json\/wp\/v2\/ss_brand?post=368062"},{"taxonomy":"ss_promo","embeddable":true,"href":"https:\/\/www.secondastrada.com\/it\/wp-json\/wp\/v2\/ss_promo?post=368062"},{"taxonomy":"ss_season","embeddable":true,"href":"https:\/\/www.secondastrada.com\/it\/wp-json\/wp\/v2\/ss_season?post=368062"},{"taxonomy":"product_cat","embeddable":true,"href":"https:\/\/www.secondastrada.com\/it\/wp-json\/wp\/v2\/product_cat?post=368062"},{"taxonomy":"product_tag","embeddable":true,"href":"https:\/\/www.secondastrada.com\/it\/wp-json\/wp\/v2\/product_tag?post=368062"}],"curies":[{"name":"wp","href":"https:\/\/api.w.org\/{rel}","templated":true}]}}