{"id":369784,"date":"2026-05-08T18:30:21","date_gmt":"2026-05-08T16:30:21","guid":{"rendered":"https:\/\/www.secondastrada.com\/it\/t-shirt-calvin-klein-rosa-6\/"},"modified":"2026-05-08T18:31:26","modified_gmt":"2026-05-08T16:31:26","slug":"t-shirt-calvin-klein-rosa-6","status":"publish","type":"product","link":"https:\/\/www.secondastrada.com\/it\/t-shirt-calvin-klein-rosa-6\/","title":{"rendered":"T-shirt Calvin Klein Rosa"},"content":{"rendered":"<p><b>T-shirt CALVIN KLEIN Rosa da donna \u2013 freschezza casual e stile contemporaneo<\/b><br \/>\nLa T-shirt CALVIN KLEIN Rosa da donna \u00e8 il capo perfetto per chi desidera un look casual, femminile e moderno da indossare durante tutta la stagione primavera estate.<br \/> Dal design essenziale ma curato nei dettagli, questa t-shirt combina comfort e stile in un modello versatile, ideale per accompagnarti nelle giornate pi\u00f9 dinamiche con semplicit\u00e0 e leggerezza.<br \/> Il colore rosa dona delicatezza e luminosit\u00e0 al look, aggiungendo un tocco fresco e contemporaneo perfetto per creare outfit femminili e rilassati.<br \/> La stampa CK a contrasto valorizza il design con un dettaglio iconico e moderno, perfetto per chi ama uno stile minimal ma riconoscibile.<br \/> Realizzata in 100% cotone, questa T-shirt da donna adatta alla primavera estate garantisce morbidezza, traspirabilit\u00e0 e comfort durante tutta la giornata.<br \/> La vestibilit\u00e0 regolare offre libert\u00e0 di movimento e una linea naturale che si adatta facilmente a diversi stili e occasioni quotidiane.<br \/> La modella \u00e8 alta 165 cm e indossa la taglia S, mostrando una vestibilit\u00e0 versatile e femminile ideale per look casual e contemporanei.<br \/> La T-shirt con stampa CK a contrasto \u00e8 perfetta da indossare nel tempo libero, durante una passeggiata, un viaggio o per creare outfit pratici ma sempre curati.<br \/> Si abbina facilmente a shorts e sneakers per un look fresco e dinamico, ma sta benissimo anche con jeans chiari, gonne casual o pantaloni morbidi per uno stile pi\u00f9 femminile e moderno.<br \/> La T-shirt CALVIN KLEIN Rosa rappresenta il perfetto equilibrio tra comfort, qualit\u00e0 e stile minimal iconico.<br \/> Su SecondaStrada.com trovi esclusivamente prodotti originali selezionati con attenzione.<br \/> Codice articolo: <b>LV047E821G OB<\/b>.<\/p>\n","protected":false},"excerpt":{"rendered":"<p>T-shirt CALVIN KLEIN Rosa da donna \u2013 freschezza casual e stile contemporaneo La T-shirt CALVIN KLEIN Rosa da donna \u00e8 il capo perfetto per chi desidera un look casual, femminile e moderno da indossare durante tutta la stagione primavera estate. Dal design essenziale ma curato nei dettagli, questa t-shirt combina comfort e stile in un&#8230;<\/p>\n","protected":false},"featured_media":369332,"template":"","meta":{"inline_featured_image":false},"ss_brand":[1867],"ss_promo":[],"ss_season":[2531],"product_cat":[1329,1658,1822,1337],"product_tag":[2439],"class_list":{"0":"post-369784","1":"product","2":"type-product","3":"status-publish","4":"has-post-thumbnail","6":"ss_brand-calvin-klein-donna","7":"ss_season-pe26","8":"product_cat-abbigliamento-donna","9":"product_cat-collezione-donna","10":"product_cat-t-shirt-da-donna","11":"product_cat-t-shirt-e-top-da-donna","12":"product_tag-t-shirt-e-top-calvin-klein-donna","14":"first","15":"instock","16":"shipping-taxable","17":"purchasable","18":"product-type-variable","19":"has-default-attributes"},"acf":{"ss_brand":[{"term_id":1867,"name":"CALVIN KLEIN","slug":"calvin-klein-donna","term_group":0,"term_taxonomy_id":1867,"taxonomy":"ss_brand","description":"Calvin Klein \u00e8 la moda casual semplice e funzionale. Scopri subito le nostre offerte!\u00a0Acquista online su SecondaStrada.com abbigliamento da donna CALVIN KLEIN scontatissimo!","parent":1201,"count":361,"filter":"raw"}],"ss_promo":false,"ss_season":[{"term_id":2531,"name":"PE26","slug":"pe26","term_group":0,"term_taxonomy_id":2531,"taxonomy":"ss_season","description":"","parent":0,"count":1920,"filter":"raw"}],"ss_old_price":"39,90","ss_omnibus_price":"0,00","ss_style_advice":"<p><b>T-shirt CALVIN KLEIN Rosa da donna \u2013 freschezza casual e stile contemporaneo<\/b><br \/>\nLa T-shirt CALVIN KLEIN Rosa da donna \u00e8 il capo perfetto per chi desidera un look casual, femminile e moderno da indossare durante tutta la stagione primavera estate.<br \/> Dal design essenziale ma curato nei dettagli, questa t-shirt combina comfort e stile in un modello versatile, ideale per accompagnarti nelle giornate pi\u00f9 dinamiche con semplicit\u00e0 e leggerezza.<br \/> Il colore rosa dona delicatezza e luminosit\u00e0 al look, aggiungendo un tocco fresco e contemporaneo perfetto per creare outfit femminili e rilassati.<br \/> La stampa CK a contrasto valorizza il design con un dettaglio iconico e moderno, perfetto per chi ama uno stile minimal ma riconoscibile.<br \/> Realizzata in 100% cotone, questa T-shirt da donna adatta alla primavera estate garantisce morbidezza, traspirabilit\u00e0 e comfort durante tutta la giornata.<br \/> La vestibilit\u00e0 regolare offre libert\u00e0 di movimento e una linea naturale che si adatta facilmente a diversi stili e occasioni quotidiane.<br \/> La modella \u00e8 alta 165 cm e indossa la taglia S, mostrando una vestibilit\u00e0 versatile e femminile ideale per look casual e contemporanei.<br \/> La T-shirt con stampa CK a contrasto \u00e8 perfetta da indossare nel tempo libero, durante una passeggiata, un viaggio o per creare outfit pratici ma sempre curati.<br \/> Si abbina facilmente a shorts e sneakers per un look fresco e dinamico, ma sta benissimo anche con jeans chiari, gonne casual o pantaloni morbidi per uno stile pi\u00f9 femminile e moderno.<br \/> La T-shirt CALVIN KLEIN Rosa rappresenta il perfetto equilibrio tra comfort, qualit\u00e0 e stile minimal iconico.<br \/> Su SecondaStrada.com trovi esclusivamente prodotti originali selezionati con attenzione.<br \/> Codice articolo: <b>LV047E821G OB<\/b>.<\/p>\n","ss_composition":"<p>100% cotone<\/p>\n","ss_fit":"<p>La modella \u00e8 alta 165 cm e veste la taglia S. La vestibilit\u00e0 del capo \u00e8 regolare.<\/p>\n"},"yoast_head":"<!-- This site is optimized with the Yoast SEO plugin v22.3 - https:\/\/yoast.com\/wordpress\/plugins\/seo\/ -->\n<title>T-shirt Calvin Klein Rosa - Acquista online! - Seconda Strada<\/title>\n<meta name=\"description\" content=\"T-shirt Calvin Klein Rosa \u27a4 Acquista online su Secondastrada.com T-shirt Calvin Klein Rosa \u2714\ufe0f Spedizione veloce entro 24h in tutta Italia \u2714\ufe0f Sconto sul tuo primo acquisto\" \/>\n<meta name=\"robots\" content=\"index, follow, max-snippet:-1, max-image-preview:large, max-video-preview:-1\" \/>\n<link rel=\"canonical\" href=\"https:\/\/www.secondastrada.com\/it\/t-shirt-calvin-klein-rosa-6\/\" \/>\n<meta property=\"og:locale\" content=\"it_IT\" \/>\n<meta property=\"og:type\" content=\"article\" \/>\n<meta property=\"og:title\" content=\"T-shirt Calvin Klein Rosa - Acquista online! - Seconda Strada\" \/>\n<meta property=\"og:description\" content=\"T-shirt Calvin Klein Rosa \u27a4 Acquista online su Secondastrada.com T-shirt Calvin Klein Rosa \u2714\ufe0f Spedizione veloce entro 24h in tutta Italia \u2714\ufe0f Sconto sul tuo primo acquisto\" \/>\n<meta property=\"og:url\" content=\"https:\/\/www.secondastrada.com\/it\/t-shirt-calvin-klein-rosa-6\/\" \/>\n<meta property=\"og:site_name\" content=\"Seconda Strada\" \/>\n<meta property=\"article:modified_time\" content=\"2026-05-08T16:31:26+00:00\" \/>\n<meta name=\"twitter:card\" content=\"summary_large_image\" \/>\n<meta name=\"twitter:label1\" content=\"Tempo di lettura stimato\" \/>\n\t<meta name=\"twitter:data1\" content=\"1 minuto\" \/>\n<!-- \/ Yoast SEO plugin. -->","yoast_head_json":{"title":"T-shirt Calvin Klein Rosa - Acquista online! - Seconda Strada","description":"T-shirt Calvin Klein Rosa \u27a4 Acquista online su Secondastrada.com T-shirt Calvin Klein Rosa \u2714\ufe0f Spedizione veloce entro 24h in tutta Italia \u2714\ufe0f Sconto sul tuo primo acquisto","robots":{"index":"index","follow":"follow","max-snippet":"max-snippet:-1","max-image-preview":"max-image-preview:large","max-video-preview":"max-video-preview:-1"},"canonical":"https:\/\/www.secondastrada.com\/it\/t-shirt-calvin-klein-rosa-6\/","og_locale":"it_IT","og_type":"article","og_title":"T-shirt Calvin Klein Rosa - Acquista online! - Seconda Strada","og_description":"T-shirt Calvin Klein Rosa \u27a4 Acquista online su Secondastrada.com T-shirt Calvin Klein Rosa \u2714\ufe0f Spedizione veloce entro 24h in tutta Italia \u2714\ufe0f Sconto sul tuo primo acquisto","og_url":"https:\/\/www.secondastrada.com\/it\/t-shirt-calvin-klein-rosa-6\/","og_site_name":"Seconda Strada","article_modified_time":"2026-05-08T16:31:26+00:00","twitter_card":"summary_large_image","twitter_misc":{"Tempo di lettura stimato":"1 minuto"},"schema":{"@context":"https:\/\/schema.org","@graph":[{"@type":"WebPage","@id":"https:\/\/www.secondastrada.com\/it\/t-shirt-calvin-klein-rosa-6\/","url":"https:\/\/www.secondastrada.com\/it\/t-shirt-calvin-klein-rosa-6\/","name":"T-shirt Calvin Klein Rosa - Acquista online! - Seconda Strada","isPartOf":{"@id":"https:\/\/www.secondastrada.com\/it\/#website"},"primaryImageOfPage":{"@id":"https:\/\/www.secondastrada.com\/it\/t-shirt-calvin-klein-rosa-6\/#primaryimage"},"image":{"@id":"https:\/\/www.secondastrada.com\/it\/t-shirt-calvin-klein-rosa-6\/#primaryimage"},"thumbnailUrl":"https:\/\/www.secondastrada.com\/wp-content\/uploads\/2026\/05\/LV047E821G-OB_TN9_PE26_1.jpg","datePublished":"2026-05-08T16:30:21+00:00","dateModified":"2026-05-08T16:31:26+00:00","description":"T-shirt Calvin Klein Rosa \u27a4 Acquista online su Secondastrada.com T-shirt Calvin Klein Rosa \u2714\ufe0f Spedizione veloce entro 24h in tutta Italia \u2714\ufe0f Sconto sul tuo primo acquisto","breadcrumb":{"@id":"https:\/\/www.secondastrada.com\/it\/t-shirt-calvin-klein-rosa-6\/#breadcrumb"},"inLanguage":"it-IT","potentialAction":[{"@type":"ReadAction","target":["https:\/\/www.secondastrada.com\/it\/t-shirt-calvin-klein-rosa-6\/"]}]},{"@type":"ImageObject","inLanguage":"it-IT","@id":"https:\/\/www.secondastrada.com\/it\/t-shirt-calvin-klein-rosa-6\/#primaryimage","url":"https:\/\/www.secondastrada.com\/wp-content\/uploads\/2026\/05\/LV047E821G-OB_TN9_PE26_1.jpg","contentUrl":"https:\/\/www.secondastrada.com\/wp-content\/uploads\/2026\/05\/LV047E821G-OB_TN9_PE26_1.jpg","width":1000,"height":1300,"caption":"LV047E821G-OB_TN9_PE26"},{"@type":"BreadcrumbList","@id":"https:\/\/www.secondastrada.com\/it\/t-shirt-calvin-klein-rosa-6\/#breadcrumb","itemListElement":[{"@type":"ListItem","position":1,"name":"Home","item":"https:\/\/www.secondastrada.com\/it\/"},{"@type":"ListItem","position":2,"name":"Shop","item":"https:\/\/www.secondastrada.com\/it\/shop\/"},{"@type":"ListItem","position":3,"name":"T-shirt Calvin Klein Rosa"}]},{"@type":"WebSite","@id":"https:\/\/www.secondastrada.com\/it\/#website","url":"https:\/\/www.secondastrada.com\/it\/","name":"Seconda Strada","description":"","publisher":{"@id":"https:\/\/www.secondastrada.com\/it\/#organization"},"potentialAction":[{"@type":"SearchAction","target":{"@type":"EntryPoint","urlTemplate":"https:\/\/www.secondastrada.com\/it\/?s={search_term_string}"},"query-input":"required name=search_term_string"}],"inLanguage":"it-IT"},{"@type":"Organization","@id":"https:\/\/www.secondastrada.com\/it\/#organization","name":"Seconda Strada","url":"https:\/\/www.secondastrada.com\/it\/","logo":{"@type":"ImageObject","inLanguage":"it-IT","@id":"https:\/\/www.secondastrada.com\/it\/#\/schema\/logo\/image\/","url":"https:\/\/www.secondastrada.com\/wp-content\/uploads\/2023\/11\/secondastrada-logo.svg","contentUrl":"https:\/\/www.secondastrada.com\/wp-content\/uploads\/2023\/11\/secondastrada-logo.svg","width":353,"height":47,"caption":"Seconda Strada"},"image":{"@id":"https:\/\/www.secondastrada.com\/it\/#\/schema\/logo\/image\/"}}]}},"df_price":34.99,"df_sale_price":"","df_regular_price":34.99,"df_image_link":"https:\/\/www.secondastrada.com\/wp-content\/uploads\/2026\/05\/LV047E821G-OB_TN9_PE26_1-300x300.jpg","_links":{"self":[{"href":"https:\/\/www.secondastrada.com\/it\/wp-json\/wp\/v2\/product\/369784"}],"collection":[{"href":"https:\/\/www.secondastrada.com\/it\/wp-json\/wp\/v2\/product"}],"about":[{"href":"https:\/\/www.secondastrada.com\/it\/wp-json\/wp\/v2\/types\/product"}],"wp:featuredmedia":[{"embeddable":true,"href":"https:\/\/www.secondastrada.com\/it\/wp-json\/wp\/v2\/media\/369332"}],"wp:attachment":[{"href":"https:\/\/www.secondastrada.com\/it\/wp-json\/wp\/v2\/media?parent=369784"}],"wp:term":[{"taxonomy":"ss_brand","embeddable":true,"href":"https:\/\/www.secondastrada.com\/it\/wp-json\/wp\/v2\/ss_brand?post=369784"},{"taxonomy":"ss_promo","embeddable":true,"href":"https:\/\/www.secondastrada.com\/it\/wp-json\/wp\/v2\/ss_promo?post=369784"},{"taxonomy":"ss_season","embeddable":true,"href":"https:\/\/www.secondastrada.com\/it\/wp-json\/wp\/v2\/ss_season?post=369784"},{"taxonomy":"product_cat","embeddable":true,"href":"https:\/\/www.secondastrada.com\/it\/wp-json\/wp\/v2\/product_cat?post=369784"},{"taxonomy":"product_tag","embeddable":true,"href":"https:\/\/www.secondastrada.com\/it\/wp-json\/wp\/v2\/product_tag?post=369784"}],"curies":[{"name":"wp","href":"https:\/\/api.w.org\/{rel}","templated":true}]}}