{"id":370401,"date":"2026-05-11T15:19:07","date_gmt":"2026-05-11T13:19:07","guid":{"rendered":"https:\/\/www.secondastrada.com\/it\/pantalone-goha-bianca\/"},"modified":"2026-05-11T16:32:15","modified_gmt":"2026-05-11T14:32:15","slug":"pantalone-goha-bianca","status":"publish","type":"product","link":"https:\/\/www.secondastrada.com\/it\/pantalone-goha-bianca\/","title":{"rendered":"Pantalone Goha Bianca"},"content":{"rendered":"<p><b>Pantalone GOHA Bianco da uomo \u2013 freschezza elegante e comfort quotidiano<\/b><br \/>\nIl Pantalone GOHA Bianco da uomo \u00e8 il capo ideale per chi desidera uno stile raffinato, fresco e contemporaneo da indossare durante la stagione primavera estate.<br \/>Dal design essenziale ma ricercato, questo pantalone combina comfort e dettagli moderni per creare outfit casual chic perfetti per ogni momento della giornata.<br \/>Il colore bianco dona luminosit\u00e0 ed eleganza al look, rendendo il capo estremamente versatile e facile da abbinare sia a tonalit\u00e0 neutre che a combinazioni pi\u00f9 sofisticate e moderne.<br \/>Il tessuto a rilievo aggiunge carattere e personalit\u00e0 al design, creando un effetto visivo dinamico che valorizza il capo con discrezione e stile contemporaneo.<br \/>Realizzato in 100% cotone, questo Pantalone da uomo adatto alla primavera estate offre morbidezza, leggerezza e traspirabilit\u00e0, garantendo comfort anche nelle giornate pi\u00f9 calde.<br \/>La vestibilit\u00e0 regolare assicura libert\u00e0 di movimento e una linea versatile che si adatta facilmente a diversi fisici e occasioni quotidiane.<br \/>Il modello \u00e8 alto 187 cm e indossa la taglia L, mostrando una vestibilit\u00e0 moderna e rilassata ideale per outfit casual o pi\u00f9 ricercati.<br \/>Il Pantalone con tessuto a rilievo \u00e8 perfetto da indossare nel tempo libero, durante una passeggiata in citt\u00e0, per una cena estiva o un aperitivo quando desideri sentirti comodo ma sempre curato nei dettagli.<br \/>Si abbina facilmente con la camicia coordinata per un look elegante e contemporaneo, ma sta benissimo anche con t-shirt basic e sneakers per uno stile pi\u00f9 casual e dinamico.<br \/>Il Pantalone GOHA Bianco rappresenta il perfetto equilibrio tra comfort, qualit\u00e0 e stile moderno dal gusto raffinato.<br \/>Su SecondaStrada.com trovi esclusivamente prodotti originali selezionati con attenzione.<br \/>Codice articolo: <b>LGE6PT002081U OB<\/b>.<\/p>\n","protected":false},"excerpt":{"rendered":"<p>Pantalone GOHA Bianco da uomo \u2013 freschezza elegante e comfort quotidiano Il Pantalone GOHA Bianco da uomo \u00e8 il capo ideale per chi desidera uno stile raffinato, fresco e contemporaneo da indossare durante la stagione primavera estate.Dal design essenziale ma ricercato, questo pantalone combina comfort e dettagli moderni per creare outfit casual chic perfetti per&#8230;<\/p>\n","protected":false},"featured_media":370317,"template":"","meta":{"inline_featured_image":false},"ss_brand":[1897],"ss_promo":[],"ss_season":[2531],"product_cat":[1332,1484,1714],"product_tag":[1993],"class_list":{"0":"post-370401","1":"product","2":"type-product","3":"status-publish","4":"has-post-thumbnail","6":"ss_brand-goha-uomo","7":"ss_season-pe26","8":"product_cat-abbigliamento-uomo","9":"product_cat-pantaloni-da-uomo","10":"product_cat-collezione-uomo","11":"product_tag-nuovi-arrivi-uomo","13":"first","14":"instock","15":"shipping-taxable","16":"purchasable","17":"product-type-variable","18":"has-default-attributes"},"acf":{"ss_brand":[{"term_id":1897,"name":"GOHA","slug":"goha-uomo","term_group":0,"term_taxonomy_id":1897,"taxonomy":"ss_brand","description":"Abbigliamento uomo scontato Goha significa concedersi la qualit\u00e0, la ricercatezza, l\u2019eleganza di un brand che riesca a spiccare con stile e a proporsi a prezzi scontati appoggiandosi agli outlet Seconda Strada.","parent":1268,"count":315,"filter":"raw"}],"ss_promo":false,"ss_season":[{"term_id":2531,"name":"PE26","slug":"pe26","term_group":0,"term_taxonomy_id":2531,"taxonomy":"ss_season","description":"","parent":0,"count":1939,"filter":"raw"}],"ss_old_price":"0,00","ss_omnibus_price":"0,00","ss_style_advice":"<p><b>Pantalone GOHA Bianco da uomo \u2013 freschezza elegante e comfort quotidiano<\/b><br \/>\nIl Pantalone GOHA Bianco da uomo \u00e8 il capo ideale per chi desidera uno stile raffinato, fresco e contemporaneo da indossare durante la stagione primavera estate.<br \/>Dal design essenziale ma ricercato, questo pantalone combina comfort e dettagli moderni per creare outfit casual chic perfetti per ogni momento della giornata.<br \/>Il colore bianco dona luminosit\u00e0 ed eleganza al look, rendendo il capo estremamente versatile e facile da abbinare sia a tonalit\u00e0 neutre che a combinazioni pi\u00f9 sofisticate e moderne.<br \/>Il tessuto a rilievo aggiunge carattere e personalit\u00e0 al design, creando un effetto visivo dinamico che valorizza il capo con discrezione e stile contemporaneo.<br \/>Realizzato in 100% cotone, questo Pantalone da uomo adatto alla primavera estate offre morbidezza, leggerezza e traspirabilit\u00e0, garantendo comfort anche nelle giornate pi\u00f9 calde.<br \/>La vestibilit\u00e0 regolare assicura libert\u00e0 di movimento e una linea versatile che si adatta facilmente a diversi fisici e occasioni quotidiane.<br \/>Il modello \u00e8 alto 187 cm e indossa la taglia L, mostrando una vestibilit\u00e0 moderna e rilassata ideale per outfit casual o pi\u00f9 ricercati.<br \/>Il Pantalone con tessuto a rilievo \u00e8 perfetto da indossare nel tempo libero, durante una passeggiata in citt\u00e0, per una cena estiva o un aperitivo quando desideri sentirti comodo ma sempre curato nei dettagli.<br \/>Si abbina facilmente con la camicia coordinata per un look elegante e contemporaneo, ma sta benissimo anche con t-shirt basic e sneakers per uno stile pi\u00f9 casual e dinamico.<br \/>Il Pantalone GOHA Bianco rappresenta il perfetto equilibrio tra comfort, qualit\u00e0 e stile moderno dal gusto raffinato.<br \/>Su SecondaStrada.com trovi esclusivamente prodotti originali selezionati con attenzione.<br \/>Codice articolo: <b>LGE6PT002081U OB<\/b>.<\/p>\n","ss_composition":"<p>100% cotone<\/p>\n","ss_fit":"<p>Il modello \u00e8 alto 187 cm e veste la taglia L. La vestibilit\u00e0 del capo \u00e8 regolare.<\/p>\n"},"yoast_head":"<!-- This site is optimized with the Yoast SEO plugin v22.3 - https:\/\/yoast.com\/wordpress\/plugins\/seo\/ -->\n<title>Pantalone Goha Bianca - Acquista online! - Seconda Strada<\/title>\n<meta name=\"description\" content=\"Pantalone Goha Bianca \u27a4 Acquista online su Secondastrada.com Pantalone Goha Bianca \u2714\ufe0f Spedizione veloce entro 24h in tutta Italia \u2714\ufe0f Sconto sul tuo primo acquisto\" \/>\n<meta name=\"robots\" content=\"index, follow, max-snippet:-1, max-image-preview:large, max-video-preview:-1\" \/>\n<link rel=\"canonical\" href=\"https:\/\/www.secondastrada.com\/it\/pantalone-goha-bianca\/\" \/>\n<meta property=\"og:locale\" content=\"it_IT\" \/>\n<meta property=\"og:type\" content=\"article\" \/>\n<meta property=\"og:title\" content=\"Pantalone Goha Bianca - Acquista online! - Seconda Strada\" \/>\n<meta property=\"og:description\" content=\"Pantalone Goha Bianca \u27a4 Acquista online su Secondastrada.com Pantalone Goha Bianca \u2714\ufe0f Spedizione veloce entro 24h in tutta Italia \u2714\ufe0f Sconto sul tuo primo acquisto\" \/>\n<meta property=\"og:url\" content=\"https:\/\/www.secondastrada.com\/it\/pantalone-goha-bianca\/\" \/>\n<meta property=\"og:site_name\" content=\"Seconda Strada\" \/>\n<meta property=\"article:modified_time\" content=\"2026-05-11T14:32:15+00:00\" \/>\n<meta property=\"og:image\" content=\"https:\/\/www.secondastrada.com\/wp-content\/uploads\/2026\/05\/LGE6PT002081U-OB_WHITE_PE26_1.jpg\" \/>\n\t<meta property=\"og:image:width\" content=\"1000\" \/>\n\t<meta property=\"og:image:height\" content=\"1300\" \/>\n\t<meta property=\"og:image:type\" content=\"image\/jpeg\" \/>\n<meta name=\"twitter:card\" content=\"summary_large_image\" \/>\n<meta name=\"twitter:label1\" content=\"Tempo di lettura stimato\" \/>\n\t<meta name=\"twitter:data1\" content=\"1 minuto\" \/>\n<!-- \/ Yoast SEO plugin. -->","yoast_head_json":{"title":"Pantalone Goha Bianca - Acquista online! - Seconda Strada","description":"Pantalone Goha Bianca \u27a4 Acquista online su Secondastrada.com Pantalone Goha Bianca \u2714\ufe0f Spedizione veloce entro 24h in tutta Italia \u2714\ufe0f Sconto sul tuo primo acquisto","robots":{"index":"index","follow":"follow","max-snippet":"max-snippet:-1","max-image-preview":"max-image-preview:large","max-video-preview":"max-video-preview:-1"},"canonical":"https:\/\/www.secondastrada.com\/it\/pantalone-goha-bianca\/","og_locale":"it_IT","og_type":"article","og_title":"Pantalone Goha Bianca - Acquista online! - Seconda Strada","og_description":"Pantalone Goha Bianca \u27a4 Acquista online su Secondastrada.com Pantalone Goha Bianca \u2714\ufe0f Spedizione veloce entro 24h in tutta Italia \u2714\ufe0f Sconto sul tuo primo acquisto","og_url":"https:\/\/www.secondastrada.com\/it\/pantalone-goha-bianca\/","og_site_name":"Seconda Strada","article_modified_time":"2026-05-11T14:32:15+00:00","og_image":[{"width":1000,"height":1300,"url":"https:\/\/www.secondastrada.com\/wp-content\/uploads\/2026\/05\/LGE6PT002081U-OB_WHITE_PE26_1.jpg","type":"image\/jpeg"}],"twitter_card":"summary_large_image","twitter_misc":{"Tempo di lettura stimato":"1 minuto"},"schema":{"@context":"https:\/\/schema.org","@graph":[{"@type":"WebPage","@id":"https:\/\/www.secondastrada.com\/it\/pantalone-goha-bianca\/","url":"https:\/\/www.secondastrada.com\/it\/pantalone-goha-bianca\/","name":"Pantalone Goha Bianca - Acquista online! - Seconda Strada","isPartOf":{"@id":"https:\/\/www.secondastrada.com\/it\/#website"},"primaryImageOfPage":{"@id":"https:\/\/www.secondastrada.com\/it\/pantalone-goha-bianca\/#primaryimage"},"image":{"@id":"https:\/\/www.secondastrada.com\/it\/pantalone-goha-bianca\/#primaryimage"},"thumbnailUrl":"https:\/\/www.secondastrada.com\/wp-content\/uploads\/2026\/05\/LGE6PT002081U-OB_WHITE_PE26_1.jpg","datePublished":"2026-05-11T13:19:07+00:00","dateModified":"2026-05-11T14:32:15+00:00","description":"Pantalone Goha Bianca \u27a4 Acquista online su Secondastrada.com Pantalone Goha Bianca \u2714\ufe0f Spedizione veloce entro 24h in tutta Italia \u2714\ufe0f Sconto sul tuo primo acquisto","breadcrumb":{"@id":"https:\/\/www.secondastrada.com\/it\/pantalone-goha-bianca\/#breadcrumb"},"inLanguage":"it-IT","potentialAction":[{"@type":"ReadAction","target":["https:\/\/www.secondastrada.com\/it\/pantalone-goha-bianca\/"]}]},{"@type":"ImageObject","inLanguage":"it-IT","@id":"https:\/\/www.secondastrada.com\/it\/pantalone-goha-bianca\/#primaryimage","url":"https:\/\/www.secondastrada.com\/wp-content\/uploads\/2026\/05\/LGE6PT002081U-OB_WHITE_PE26_1.jpg","contentUrl":"https:\/\/www.secondastrada.com\/wp-content\/uploads\/2026\/05\/LGE6PT002081U-OB_WHITE_PE26_1.jpg","width":1000,"height":1300,"caption":"LGE6PT002081U-OB_WHITE_PE26"},{"@type":"BreadcrumbList","@id":"https:\/\/www.secondastrada.com\/it\/pantalone-goha-bianca\/#breadcrumb","itemListElement":[{"@type":"ListItem","position":1,"name":"Home","item":"https:\/\/www.secondastrada.com\/it\/"},{"@type":"ListItem","position":2,"name":"Shop","item":"https:\/\/www.secondastrada.com\/it\/shop\/"},{"@type":"ListItem","position":3,"name":"Uomo","item":"https:\/\/www.secondastrada.com\/it\/collezione-uomo\/"},{"@type":"ListItem","position":4,"name":"Abbigliamento","item":"https:\/\/www.secondastrada.com\/it\/collezione-uomo\/abbigliamento-uomo\/"},{"@type":"ListItem","position":5,"name":"Pantaloni","item":"https:\/\/www.secondastrada.com\/it\/collezione-uomo\/abbigliamento-uomo\/pantaloni-da-uomo\/"},{"@type":"ListItem","position":6,"name":"Pantalone Goha Bianca"}]},{"@type":"WebSite","@id":"https:\/\/www.secondastrada.com\/it\/#website","url":"https:\/\/www.secondastrada.com\/it\/","name":"Seconda Strada","description":"","publisher":{"@id":"https:\/\/www.secondastrada.com\/it\/#organization"},"potentialAction":[{"@type":"SearchAction","target":{"@type":"EntryPoint","urlTemplate":"https:\/\/www.secondastrada.com\/it\/?s={search_term_string}"},"query-input":"required name=search_term_string"}],"inLanguage":"it-IT"},{"@type":"Organization","@id":"https:\/\/www.secondastrada.com\/it\/#organization","name":"Seconda Strada","url":"https:\/\/www.secondastrada.com\/it\/","logo":{"@type":"ImageObject","inLanguage":"it-IT","@id":"https:\/\/www.secondastrada.com\/it\/#\/schema\/logo\/image\/","url":"https:\/\/www.secondastrada.com\/wp-content\/uploads\/2023\/11\/secondastrada-logo.svg","contentUrl":"https:\/\/www.secondastrada.com\/wp-content\/uploads\/2023\/11\/secondastrada-logo.svg","width":353,"height":47,"caption":"Seconda Strada"},"image":{"@id":"https:\/\/www.secondastrada.com\/it\/#\/schema\/logo\/image\/"}}]}},"df_price":49.99,"df_sale_price":"","df_regular_price":49.99,"df_image_link":"https:\/\/www.secondastrada.com\/wp-content\/uploads\/2026\/05\/LGE6PT002081U-OB_WHITE_PE26_1-300x300.jpg","_links":{"self":[{"href":"https:\/\/www.secondastrada.com\/it\/wp-json\/wp\/v2\/product\/370401"}],"collection":[{"href":"https:\/\/www.secondastrada.com\/it\/wp-json\/wp\/v2\/product"}],"about":[{"href":"https:\/\/www.secondastrada.com\/it\/wp-json\/wp\/v2\/types\/product"}],"wp:featuredmedia":[{"embeddable":true,"href":"https:\/\/www.secondastrada.com\/it\/wp-json\/wp\/v2\/media\/370317"}],"wp:attachment":[{"href":"https:\/\/www.secondastrada.com\/it\/wp-json\/wp\/v2\/media?parent=370401"}],"wp:term":[{"taxonomy":"ss_brand","embeddable":true,"href":"https:\/\/www.secondastrada.com\/it\/wp-json\/wp\/v2\/ss_brand?post=370401"},{"taxonomy":"ss_promo","embeddable":true,"href":"https:\/\/www.secondastrada.com\/it\/wp-json\/wp\/v2\/ss_promo?post=370401"},{"taxonomy":"ss_season","embeddable":true,"href":"https:\/\/www.secondastrada.com\/it\/wp-json\/wp\/v2\/ss_season?post=370401"},{"taxonomy":"product_cat","embeddable":true,"href":"https:\/\/www.secondastrada.com\/it\/wp-json\/wp\/v2\/product_cat?post=370401"},{"taxonomy":"product_tag","embeddable":true,"href":"https:\/\/www.secondastrada.com\/it\/wp-json\/wp\/v2\/product_tag?post=370401"}],"curies":[{"name":"wp","href":"https:\/\/api.w.org\/{rel}","templated":true}]}}