{"id":370990,"date":"2026-05-11T16:18:43","date_gmt":"2026-05-11T14:18:43","guid":{"rendered":"https:\/\/www.secondastrada.com\/it\/pantalone-rue-de-clerie-nero-4\/"},"modified":"2026-05-11T16:30:36","modified_gmt":"2026-05-11T14:30:36","slug":"pantalone-rue-de-clerie-nero-4","status":"publish","type":"product","link":"https:\/\/www.secondastrada.com\/it\/pantalone-rue-de-clerie-nero-4\/","title":{"rendered":"Pantalone Rue De Clerie Nero"},"content":{"rendered":"<p><b>Pantalone RUE DE CLERIE Nero da donna \u2013 eleganza fluida e comfort contemporaneo<\/b><br \/>\nIl Pantalone RUE DE CLERIE Nero da donna \u00e8 il capo ideale per chi desidera uno stile raffinato, versatile e incredibilmente confortevole da indossare durante la stagione primavera estate.<br \/>Dal design moderno e femminile, questo pantalone valorizza la silhouette con una linea ampia e fluida, perfetta per creare outfit sofisticati ma pratici da vivere ogni giorno.<br \/>Il colore nero dona eleganza senza tempo e rende il capo estremamente versatile, ideale per passare con naturalezza da un look casual a uno pi\u00f9 ricercato.<br \/>L\u2019elastico in vita assicura comfort e praticit\u00e0, mentre la linea molto ampia aggiunge movimento e leggerezza, creando uno stile rilassato ma sempre curato nei dettagli.<br \/>Realizzato in 57% viscosa, 35% poliammide e 8% elastina, questo Pantalone da donna adatti alla stagione primavera estate offre morbidezza, elasticit\u00e0 e una piacevole sensazione di leggerezza perfetta per accompagnarti durante tutta la giornata.<br \/>La vestibilit\u00e0 regolare garantisce libert\u00e0 di movimento e una linea armoniosa che valorizza il look con naturalezza ed eleganza.<br \/>\nLa modella \u00e8 alta 165 cm e indossa la taglia S, mostrando una vestibilit\u00e0 moderna e fluida ideale per outfit casual chic o pi\u00f9 sofisticati.<br \/>Il Pantalone con elastico in vita, molti larghi \u00e8 perfetto da indossare nel tempo libero, per una giornata in citt\u00e0 o durante un aperitivo serale quando desideri sentirti comoda senza rinunciare allo stile.<br \/>Si abbina facilmente con t-shirt e scarpe basse per un look rilassato e contemporaneo, ma sta benissimo anche con top aderenti e sandali per un outfit pi\u00f9 elegante e femminile.<br \/>Il Pantalone RUE DE CLERIE Nero rappresenta il perfetto equilibrio tra comfort, qualit\u00e0 e stile sofisticato quotidiano.<br \/>\nSu SecondaStrada.com trovi esclusivamente prodotti originali selezionati con attenzione.<br \/>Codice articolo: <b>G197 4 OB<\/b>.<\/p>\n","protected":false},"excerpt":{"rendered":"<p>Pantalone RUE DE CLERIE Nero da donna \u2013 eleganza fluida e comfort contemporaneo Il Pantalone RUE DE CLERIE Nero da donna \u00e8 il capo ideale per chi desidera uno stile raffinato, versatile e incredibilmente confortevole da indossare durante la stagione primavera estate.Dal design moderno e femminile, questo pantalone valorizza la silhouette con una linea ampia&#8230;<\/p>\n","protected":false},"featured_media":370985,"template":"","meta":{"inline_featured_image":false},"ss_brand":[1206],"ss_promo":[],"ss_season":[2531],"product_cat":[1329,1658,1342,1634],"product_tag":[1995,1782],"class_list":{"0":"post-370990","1":"product","2":"type-product","3":"status-publish","4":"has-post-thumbnail","6":"ss_brand-rue-de-clerie-donna","7":"ss_season-pe26","8":"product_cat-abbigliamento-donna","9":"product_cat-collezione-donna","10":"product_cat-pantaloni-da-donna","11":"product_cat-pantaloni-da-donna-larghi-da-donna","12":"product_tag-nuovi-arrivi-donna","13":"product_tag-pantaloni-rue-de-clerie-donna","15":"first","16":"instock","17":"shipping-taxable","18":"purchasable","19":"product-type-variable","20":"has-default-attributes"},"acf":{"ss_brand":[{"term_id":1206,"name":"RUE DE CLERIE","slug":"rue-de-clerie-donna","term_group":0,"term_taxonomy_id":1206,"taxonomy":"ss_brand","description":"Creazioni essenziali con interventi boh\u00e9mien dal fascino lussuoso per chi ama vestirsi con indiscutibile classe: scopri nel nostro store online gli abiti e i maglioni da donna firmati Rue de Clerie a prezzi favolosi!\u00a0Acquista online su SecondaStrada.com <strong>abbigliamento da donna Rue De Clerie scontatissimo<\/strong>!","parent":1201,"count":663,"filter":"raw"}],"ss_promo":false,"ss_season":[{"term_id":2531,"name":"PE26","slug":"pe26","term_group":0,"term_taxonomy_id":2531,"taxonomy":"ss_season","description":"","parent":0,"count":1939,"filter":"raw"}],"ss_old_price":"0,00","ss_omnibus_price":"0,00","ss_style_advice":"<p><b>Pantalone RUE DE CLERIE Nero da donna \u2013 eleganza fluida e comfort contemporaneo<\/b><br \/>\nIl Pantalone RUE DE CLERIE Nero da donna \u00e8 il capo ideale per chi desidera uno stile raffinato, versatile e incredibilmente confortevole da indossare durante la stagione primavera estate.<br \/>Dal design moderno e femminile, questo pantalone valorizza la silhouette con una linea ampia e fluida, perfetta per creare outfit sofisticati ma pratici da vivere ogni giorno.<br \/>Il colore nero dona eleganza senza tempo e rende il capo estremamente versatile, ideale per passare con naturalezza da un look casual a uno pi\u00f9 ricercato.<br \/>L\u2019elastico in vita assicura comfort e praticit\u00e0, mentre la linea molto ampia aggiunge movimento e leggerezza, creando uno stile rilassato ma sempre curato nei dettagli.<br \/>Realizzato in 57% viscosa, 35% poliammide e 8% elastina, questo Pantalone da donna adatti alla stagione primavera estate offre morbidezza, elasticit\u00e0 e una piacevole sensazione di leggerezza perfetta per accompagnarti durante tutta la giornata.<br \/>La vestibilit\u00e0 regolare garantisce libert\u00e0 di movimento e una linea armoniosa che valorizza il look con naturalezza ed eleganza.<br \/>\nLa modella \u00e8 alta 165 cm e indossa la taglia S, mostrando una vestibilit\u00e0 moderna e fluida ideale per outfit casual chic o pi\u00f9 sofisticati.<br \/>Il Pantalone con elastico in vita, molti larghi \u00e8 perfetto da indossare nel tempo libero, per una giornata in citt\u00e0 o durante un aperitivo serale quando desideri sentirti comoda senza rinunciare allo stile.<br \/>Si abbina facilmente con t-shirt e scarpe basse per un look rilassato e contemporaneo, ma sta benissimo anche con top aderenti e sandali per un outfit pi\u00f9 elegante e femminile.<br \/>Il Pantalone RUE DE CLERIE Nero rappresenta il perfetto equilibrio tra comfort, qualit\u00e0 e stile sofisticato quotidiano.<br \/>\nSu SecondaStrada.com trovi esclusivamente prodotti originali selezionati con attenzione.<br \/>Codice articolo: <b>G197 4 OB<\/b>.<\/p>\n","ss_composition":"<p>57% viscosa 35% poliammide 8% elastina<\/p>\n","ss_fit":"<p>La modella \u00e8 alta 165 cm e veste la taglia S. La vestibilit\u00e0 del capo \u00e8 regolare.<\/p>\n"},"yoast_head":"<!-- This site is optimized with the Yoast SEO plugin v22.3 - https:\/\/yoast.com\/wordpress\/plugins\/seo\/ -->\n<title>Pantalone Rue De Clerie Nero - Acquista online! - Seconda Strada<\/title>\n<meta name=\"description\" content=\"Pantalone Rue De Clerie Nero \u27a4 Acquista online su Secondastrada.com Pantalone Rue De Clerie Nero \u2714\ufe0f Spedizione veloce entro 24h in tutta Italia \u2714\ufe0f Sconto sul tuo primo acquisto\" \/>\n<meta name=\"robots\" content=\"index, follow, max-snippet:-1, max-image-preview:large, max-video-preview:-1\" \/>\n<link rel=\"canonical\" href=\"https:\/\/www.secondastrada.com\/it\/pantalone-rue-de-clerie-nero-4\/\" \/>\n<meta property=\"og:locale\" content=\"it_IT\" \/>\n<meta property=\"og:type\" content=\"article\" \/>\n<meta property=\"og:title\" content=\"Pantalone Rue De Clerie Nero - Acquista online! - Seconda Strada\" \/>\n<meta property=\"og:description\" content=\"Pantalone Rue De Clerie Nero \u27a4 Acquista online su Secondastrada.com Pantalone Rue De Clerie Nero \u2714\ufe0f Spedizione veloce entro 24h in tutta Italia \u2714\ufe0f Sconto sul tuo primo acquisto\" \/>\n<meta property=\"og:url\" content=\"https:\/\/www.secondastrada.com\/it\/pantalone-rue-de-clerie-nero-4\/\" \/>\n<meta property=\"og:site_name\" content=\"Seconda Strada\" \/>\n<meta property=\"article:modified_time\" content=\"2026-05-11T14:30:36+00:00\" \/>\n<meta property=\"og:image\" content=\"https:\/\/www.secondastrada.com\/wp-content\/uploads\/2026\/05\/G197-4-OB_NERO_PE26_1.jpg\" \/>\n\t<meta property=\"og:image:width\" content=\"1000\" \/>\n\t<meta property=\"og:image:height\" content=\"1300\" \/>\n\t<meta property=\"og:image:type\" content=\"image\/jpeg\" \/>\n<meta name=\"twitter:card\" content=\"summary_large_image\" \/>\n<meta name=\"twitter:label1\" content=\"Tempo di lettura stimato\" \/>\n\t<meta name=\"twitter:data1\" content=\"1 minuto\" \/>\n<!-- \/ Yoast SEO plugin. -->","yoast_head_json":{"title":"Pantalone Rue De Clerie Nero - Acquista online! - Seconda Strada","description":"Pantalone Rue De Clerie Nero \u27a4 Acquista online su Secondastrada.com Pantalone Rue De Clerie Nero \u2714\ufe0f Spedizione veloce entro 24h in tutta Italia \u2714\ufe0f Sconto sul tuo primo acquisto","robots":{"index":"index","follow":"follow","max-snippet":"max-snippet:-1","max-image-preview":"max-image-preview:large","max-video-preview":"max-video-preview:-1"},"canonical":"https:\/\/www.secondastrada.com\/it\/pantalone-rue-de-clerie-nero-4\/","og_locale":"it_IT","og_type":"article","og_title":"Pantalone Rue De Clerie Nero - Acquista online! - Seconda Strada","og_description":"Pantalone Rue De Clerie Nero \u27a4 Acquista online su Secondastrada.com Pantalone Rue De Clerie Nero \u2714\ufe0f Spedizione veloce entro 24h in tutta Italia \u2714\ufe0f Sconto sul tuo primo acquisto","og_url":"https:\/\/www.secondastrada.com\/it\/pantalone-rue-de-clerie-nero-4\/","og_site_name":"Seconda Strada","article_modified_time":"2026-05-11T14:30:36+00:00","og_image":[{"width":1000,"height":1300,"url":"https:\/\/www.secondastrada.com\/wp-content\/uploads\/2026\/05\/G197-4-OB_NERO_PE26_1.jpg","type":"image\/jpeg"}],"twitter_card":"summary_large_image","twitter_misc":{"Tempo di lettura stimato":"1 minuto"},"schema":{"@context":"https:\/\/schema.org","@graph":[{"@type":"WebPage","@id":"https:\/\/www.secondastrada.com\/it\/pantalone-rue-de-clerie-nero-4\/","url":"https:\/\/www.secondastrada.com\/it\/pantalone-rue-de-clerie-nero-4\/","name":"Pantalone Rue De Clerie Nero - Acquista online! - Seconda Strada","isPartOf":{"@id":"https:\/\/www.secondastrada.com\/it\/#website"},"primaryImageOfPage":{"@id":"https:\/\/www.secondastrada.com\/it\/pantalone-rue-de-clerie-nero-4\/#primaryimage"},"image":{"@id":"https:\/\/www.secondastrada.com\/it\/pantalone-rue-de-clerie-nero-4\/#primaryimage"},"thumbnailUrl":"https:\/\/www.secondastrada.com\/wp-content\/uploads\/2026\/05\/G197-4-OB_NERO_PE26_1.jpg","datePublished":"2026-05-11T14:18:43+00:00","dateModified":"2026-05-11T14:30:36+00:00","description":"Pantalone Rue De Clerie Nero \u27a4 Acquista online su Secondastrada.com Pantalone Rue De Clerie Nero \u2714\ufe0f Spedizione veloce entro 24h in tutta Italia \u2714\ufe0f Sconto sul tuo primo acquisto","breadcrumb":{"@id":"https:\/\/www.secondastrada.com\/it\/pantalone-rue-de-clerie-nero-4\/#breadcrumb"},"inLanguage":"it-IT","potentialAction":[{"@type":"ReadAction","target":["https:\/\/www.secondastrada.com\/it\/pantalone-rue-de-clerie-nero-4\/"]}]},{"@type":"ImageObject","inLanguage":"it-IT","@id":"https:\/\/www.secondastrada.com\/it\/pantalone-rue-de-clerie-nero-4\/#primaryimage","url":"https:\/\/www.secondastrada.com\/wp-content\/uploads\/2026\/05\/G197-4-OB_NERO_PE26_1.jpg","contentUrl":"https:\/\/www.secondastrada.com\/wp-content\/uploads\/2026\/05\/G197-4-OB_NERO_PE26_1.jpg","width":1000,"height":1300,"caption":"G197-4-OB_NERO_PE26"},{"@type":"BreadcrumbList","@id":"https:\/\/www.secondastrada.com\/it\/pantalone-rue-de-clerie-nero-4\/#breadcrumb","itemListElement":[{"@type":"ListItem","position":1,"name":"Home","item":"https:\/\/www.secondastrada.com\/it\/"},{"@type":"ListItem","position":2,"name":"Shop","item":"https:\/\/www.secondastrada.com\/it\/shop\/"},{"@type":"ListItem","position":3,"name":"Donna","item":"https:\/\/www.secondastrada.com\/it\/collezione-donna\/"},{"@type":"ListItem","position":4,"name":"Abbigliamento","item":"https:\/\/www.secondastrada.com\/it\/collezione-donna\/abbigliamento-donna\/"},{"@type":"ListItem","position":5,"name":"Pantaloni","item":"https:\/\/www.secondastrada.com\/it\/collezione-donna\/abbigliamento-donna\/pantaloni-da-donna\/"},{"@type":"ListItem","position":6,"name":"Pantaloni larghi","item":"https:\/\/www.secondastrada.com\/it\/collezione-donna\/abbigliamento-donna\/pantaloni-da-donna\/pantaloni-da-donna-larghi-da-donna\/"},{"@type":"ListItem","position":7,"name":"Pantalone Rue De Clerie Nero"}]},{"@type":"WebSite","@id":"https:\/\/www.secondastrada.com\/it\/#website","url":"https:\/\/www.secondastrada.com\/it\/","name":"Seconda Strada","description":"","publisher":{"@id":"https:\/\/www.secondastrada.com\/it\/#organization"},"potentialAction":[{"@type":"SearchAction","target":{"@type":"EntryPoint","urlTemplate":"https:\/\/www.secondastrada.com\/it\/?s={search_term_string}"},"query-input":"required name=search_term_string"}],"inLanguage":"it-IT"},{"@type":"Organization","@id":"https:\/\/www.secondastrada.com\/it\/#organization","name":"Seconda Strada","url":"https:\/\/www.secondastrada.com\/it\/","logo":{"@type":"ImageObject","inLanguage":"it-IT","@id":"https:\/\/www.secondastrada.com\/it\/#\/schema\/logo\/image\/","url":"https:\/\/www.secondastrada.com\/wp-content\/uploads\/2023\/11\/secondastrada-logo.svg","contentUrl":"https:\/\/www.secondastrada.com\/wp-content\/uploads\/2023\/11\/secondastrada-logo.svg","width":353,"height":47,"caption":"Seconda Strada"},"image":{"@id":"https:\/\/www.secondastrada.com\/it\/#\/schema\/logo\/image\/"}}]}},"df_price":69.99,"df_sale_price":"","df_regular_price":69.99,"df_image_link":"https:\/\/www.secondastrada.com\/wp-content\/uploads\/2026\/05\/G197-4-OB_NERO_PE26_1-300x300.jpg","_links":{"self":[{"href":"https:\/\/www.secondastrada.com\/it\/wp-json\/wp\/v2\/product\/370990"}],"collection":[{"href":"https:\/\/www.secondastrada.com\/it\/wp-json\/wp\/v2\/product"}],"about":[{"href":"https:\/\/www.secondastrada.com\/it\/wp-json\/wp\/v2\/types\/product"}],"wp:featuredmedia":[{"embeddable":true,"href":"https:\/\/www.secondastrada.com\/it\/wp-json\/wp\/v2\/media\/370985"}],"wp:attachment":[{"href":"https:\/\/www.secondastrada.com\/it\/wp-json\/wp\/v2\/media?parent=370990"}],"wp:term":[{"taxonomy":"ss_brand","embeddable":true,"href":"https:\/\/www.secondastrada.com\/it\/wp-json\/wp\/v2\/ss_brand?post=370990"},{"taxonomy":"ss_promo","embeddable":true,"href":"https:\/\/www.secondastrada.com\/it\/wp-json\/wp\/v2\/ss_promo?post=370990"},{"taxonomy":"ss_season","embeddable":true,"href":"https:\/\/www.secondastrada.com\/it\/wp-json\/wp\/v2\/ss_season?post=370990"},{"taxonomy":"product_cat","embeddable":true,"href":"https:\/\/www.secondastrada.com\/it\/wp-json\/wp\/v2\/product_cat?post=370990"},{"taxonomy":"product_tag","embeddable":true,"href":"https:\/\/www.secondastrada.com\/it\/wp-json\/wp\/v2\/product_tag?post=370990"}],"curies":[{"name":"wp","href":"https:\/\/api.w.org\/{rel}","templated":true}]}}