{"id":371233,"date":"2026-05-11T16:41:03","date_gmt":"2026-05-11T14:41:03","guid":{"rendered":"https:\/\/www.secondastrada.com\/it\/maglia-rue-de-clerie-marrone-5\/"},"modified":"2026-05-11T16:41:59","modified_gmt":"2026-05-11T14:41:59","slug":"maglia-rue-de-clerie-marrone-5","status":"publish","type":"product","link":"https:\/\/www.secondastrada.com\/it\/maglia-rue-de-clerie-marrone-5\/","title":{"rendered":"Maglia Rue De Clerie Marrone"},"content":{"rendered":"<p><b>Maglia RUE DE CLERIE Marrone da donna \u2013 eleganza casual e comfort contemporaneo<\/b><br \/>\nLa Maglia RUE DE CLERIE Marrone da donna \u00e8 il capo ideale per chi desidera uno stile raffinato ma versatile, perfetto da indossare durante la stagione primavera estate.<br \/>Dal design essenziale e moderno, questa maglia valorizza il look con linee morbide e dettagli ricercati che la rendono adatta sia agli outfit quotidiani che alle occasioni pi\u00f9 curate.<br \/>Il colore marrone dona profondit\u00e0 ed eleganza all\u2019outfit, creando uno stile sofisticato e naturale facilmente abbinabile a tonalit\u00e0 neutre o pi\u00f9 luminose.<br \/>Il dettaglio del collo a polo aggiunge un tocco contemporaneo e femminile, regalando al capo un aspetto casual chic perfetto per chi ama uno stile semplice ma distintivo.<br \/>Realizzata in 50% viscosa e 50% acrilico, questa Maglia da donna adatta alla stagione primavera estate offre morbidezza, leggerezza e comfort, risultando piacevole da indossare durante tutta la giornata.<br \/>La vestibilit\u00e0 regolare accompagna il corpo con naturalezza e garantisce libert\u00e0 di movimento, mantenendo una linea armoniosa e versatile.<br \/>La modella \u00e8 alta 165 cm e indossa la taglia S, mostrando una vestibilit\u00e0 moderna ideale per creare outfit pratici ma sempre curati nei dettagli.<br \/>La Maglia con collo a polo \u00e8 perfetta da indossare nel tempo libero, in ufficio o durante un aperitivo quando desideri sentirti elegante ma comoda allo stesso tempo.<br \/>Si abbina facilmente con pantaloni e scarpe basse per un look sofisticato e quotidiano, ma sta benissimo anche con jeans e accessori minimal per uno stile pi\u00f9 rilassato e contemporaneo.<br \/>La Maglia RUE DE CLERIE Marrone rappresenta il perfetto equilibrio tra comfort, qualit\u00e0 e stile moderno.<br \/>Su SecondaStrada.com trovi esclusivamente prodotti originali selezionati con attenzione.<br \/>Codice articolo: <b>PK10019 OB<\/b>.<\/p>\n","protected":false},"excerpt":{"rendered":"<p>Maglia RUE DE CLERIE Marrone da donna \u2013 eleganza casual e comfort contemporaneo La Maglia RUE DE CLERIE Marrone da donna \u00e8 il capo ideale per chi desidera uno stile raffinato ma versatile, perfetto da indossare durante la stagione primavera estate.Dal design essenziale e moderno, questa maglia valorizza il look con linee morbide e dettagli&#8230;<\/p>\n","protected":false},"featured_media":0,"template":"","meta":{"inline_featured_image":false},"ss_brand":[1206],"ss_promo":[],"ss_season":[2531],"product_cat":[1329,1658,1602,1535],"product_tag":[1781],"class_list":{"0":"post-371233","1":"product","2":"type-product","3":"status-publish","5":"ss_brand-rue-de-clerie-donna","6":"ss_season-pe26","7":"product_cat-abbigliamento-donna","8":"product_cat-collezione-donna","9":"product_cat-maglie-scollo-a-v-da-donna","10":"product_cat-maglie-da-donna","11":"product_tag-maglieria-rue-de-clerie-donna","13":"first","14":"instock","15":"shipping-taxable","16":"purchasable","17":"product-type-variable","18":"has-default-attributes"},"acf":{"ss_brand":[{"term_id":1206,"name":"RUE DE CLERIE","slug":"rue-de-clerie-donna","term_group":0,"term_taxonomy_id":1206,"taxonomy":"ss_brand","description":"Creazioni essenziali con interventi boh\u00e9mien dal fascino lussuoso per chi ama vestirsi con indiscutibile classe: scopri nel nostro store online gli abiti e i maglioni da donna firmati Rue de Clerie a prezzi favolosi!\u00a0Acquista online su SecondaStrada.com <strong>abbigliamento da donna Rue De Clerie scontatissimo<\/strong>!","parent":1201,"count":663,"filter":"raw"}],"ss_promo":false,"ss_season":[{"term_id":2531,"name":"PE26","slug":"pe26","term_group":0,"term_taxonomy_id":2531,"taxonomy":"ss_season","description":"","parent":0,"count":1939,"filter":"raw"}],"ss_old_price":"0,00","ss_omnibus_price":"0,00","ss_style_advice":"<p><b>Maglia RUE DE CLERIE Marrone da donna \u2013 eleganza casual e comfort contemporaneo<\/b><br \/>\nLa Maglia RUE DE CLERIE Marrone da donna \u00e8 il capo ideale per chi desidera uno stile raffinato ma versatile, perfetto da indossare durante la stagione primavera estate.<br \/>Dal design essenziale e moderno, questa maglia valorizza il look con linee morbide e dettagli ricercati che la rendono adatta sia agli outfit quotidiani che alle occasioni pi\u00f9 curate.<br \/>Il colore marrone dona profondit\u00e0 ed eleganza all\u2019outfit, creando uno stile sofisticato e naturale facilmente abbinabile a tonalit\u00e0 neutre o pi\u00f9 luminose.<br \/>Il dettaglio del collo a polo aggiunge un tocco contemporaneo e femminile, regalando al capo un aspetto casual chic perfetto per chi ama uno stile semplice ma distintivo.<br \/>Realizzata in 50% viscosa e 50% acrilico, questa Maglia da donna adatta alla stagione primavera estate offre morbidezza, leggerezza e comfort, risultando piacevole da indossare durante tutta la giornata.<br \/>La vestibilit\u00e0 regolare accompagna il corpo con naturalezza e garantisce libert\u00e0 di movimento, mantenendo una linea armoniosa e versatile.<br \/>La modella \u00e8 alta 165 cm e indossa la taglia S, mostrando una vestibilit\u00e0 moderna ideale per creare outfit pratici ma sempre curati nei dettagli.<br \/>La Maglia con collo a polo \u00e8 perfetta da indossare nel tempo libero, in ufficio o durante un aperitivo quando desideri sentirti elegante ma comoda allo stesso tempo.<br \/>Si abbina facilmente con pantaloni e scarpe basse per un look sofisticato e quotidiano, ma sta benissimo anche con jeans e accessori minimal per uno stile pi\u00f9 rilassato e contemporaneo.<br \/>La Maglia RUE DE CLERIE Marrone rappresenta il perfetto equilibrio tra comfort, qualit\u00e0 e stile moderno.<br \/>Su SecondaStrada.com trovi esclusivamente prodotti originali selezionati con attenzione.<br \/>Codice articolo: <b>PK10019 OB<\/b>.<\/p>\n","ss_composition":"<p>50% viscosa 50% acrilico<\/p>\n","ss_fit":"<p>La modella \u00e8 alta 165 cm e veste la taglia S. La vestibilit\u00e0 del capo \u00e8 regolare.<\/p>\n"},"yoast_head":"<!-- This site is optimized with the Yoast SEO plugin v22.3 - https:\/\/yoast.com\/wordpress\/plugins\/seo\/ -->\n<title>Maglia Rue De Clerie Marrone - Acquista online! - Seconda Strada<\/title>\n<meta name=\"description\" content=\"Maglia Rue De Clerie Marrone \u27a4 Acquista online su Secondastrada.com Maglia Rue De Clerie Marrone \u2714\ufe0f Spedizione veloce entro 24h in tutta Italia \u2714\ufe0f Sconto sul tuo primo acquisto\" \/>\n<meta name=\"robots\" content=\"index, follow, max-snippet:-1, max-image-preview:large, max-video-preview:-1\" \/>\n<link rel=\"canonical\" href=\"https:\/\/www.secondastrada.com\/it\/maglia-rue-de-clerie-marrone-5\/\" \/>\n<meta property=\"og:locale\" content=\"it_IT\" \/>\n<meta property=\"og:type\" content=\"article\" \/>\n<meta property=\"og:title\" content=\"Maglia Rue De Clerie Marrone - Acquista online! - Seconda Strada\" \/>\n<meta property=\"og:description\" content=\"Maglia Rue De Clerie Marrone \u27a4 Acquista online su Secondastrada.com Maglia Rue De Clerie Marrone \u2714\ufe0f Spedizione veloce entro 24h in tutta Italia \u2714\ufe0f Sconto sul tuo primo acquisto\" \/>\n<meta property=\"og:url\" content=\"https:\/\/www.secondastrada.com\/it\/maglia-rue-de-clerie-marrone-5\/\" \/>\n<meta property=\"og:site_name\" content=\"Seconda Strada\" \/>\n<meta property=\"article:modified_time\" content=\"2026-05-11T14:41:59+00:00\" \/>\n<meta name=\"twitter:card\" content=\"summary_large_image\" \/>\n<meta name=\"twitter:label1\" content=\"Tempo di lettura stimato\" \/>\n\t<meta name=\"twitter:data1\" content=\"1 minuto\" \/>\n<!-- \/ Yoast SEO plugin. -->","yoast_head_json":{"title":"Maglia Rue De Clerie Marrone - Acquista online! - Seconda Strada","description":"Maglia Rue De Clerie Marrone \u27a4 Acquista online su Secondastrada.com Maglia Rue De Clerie Marrone \u2714\ufe0f Spedizione veloce entro 24h in tutta Italia \u2714\ufe0f Sconto sul tuo primo acquisto","robots":{"index":"index","follow":"follow","max-snippet":"max-snippet:-1","max-image-preview":"max-image-preview:large","max-video-preview":"max-video-preview:-1"},"canonical":"https:\/\/www.secondastrada.com\/it\/maglia-rue-de-clerie-marrone-5\/","og_locale":"it_IT","og_type":"article","og_title":"Maglia Rue De Clerie Marrone - Acquista online! - Seconda Strada","og_description":"Maglia Rue De Clerie Marrone \u27a4 Acquista online su Secondastrada.com Maglia Rue De Clerie Marrone \u2714\ufe0f Spedizione veloce entro 24h in tutta Italia \u2714\ufe0f Sconto sul tuo primo acquisto","og_url":"https:\/\/www.secondastrada.com\/it\/maglia-rue-de-clerie-marrone-5\/","og_site_name":"Seconda Strada","article_modified_time":"2026-05-11T14:41:59+00:00","twitter_card":"summary_large_image","twitter_misc":{"Tempo di lettura stimato":"1 minuto"},"schema":{"@context":"https:\/\/schema.org","@graph":[{"@type":"WebPage","@id":"https:\/\/www.secondastrada.com\/it\/maglia-rue-de-clerie-marrone-5\/","url":"https:\/\/www.secondastrada.com\/it\/maglia-rue-de-clerie-marrone-5\/","name":"Maglia Rue De Clerie Marrone - Acquista online! - Seconda Strada","isPartOf":{"@id":"https:\/\/www.secondastrada.com\/it\/#website"},"datePublished":"2026-05-11T14:41:03+00:00","dateModified":"2026-05-11T14:41:59+00:00","description":"Maglia Rue De Clerie Marrone \u27a4 Acquista online su Secondastrada.com Maglia Rue De Clerie Marrone \u2714\ufe0f Spedizione veloce entro 24h in tutta Italia \u2714\ufe0f Sconto sul tuo primo acquisto","breadcrumb":{"@id":"https:\/\/www.secondastrada.com\/it\/maglia-rue-de-clerie-marrone-5\/#breadcrumb"},"inLanguage":"it-IT","potentialAction":[{"@type":"ReadAction","target":["https:\/\/www.secondastrada.com\/it\/maglia-rue-de-clerie-marrone-5\/"]}]},{"@type":"BreadcrumbList","@id":"https:\/\/www.secondastrada.com\/it\/maglia-rue-de-clerie-marrone-5\/#breadcrumb","itemListElement":[{"@type":"ListItem","position":1,"name":"Home","item":"https:\/\/www.secondastrada.com\/it\/"},{"@type":"ListItem","position":2,"name":"Shop","item":"https:\/\/www.secondastrada.com\/it\/shop\/"},{"@type":"ListItem","position":3,"name":"Maglia Rue De Clerie Marrone"}]},{"@type":"WebSite","@id":"https:\/\/www.secondastrada.com\/it\/#website","url":"https:\/\/www.secondastrada.com\/it\/","name":"Seconda Strada","description":"","publisher":{"@id":"https:\/\/www.secondastrada.com\/it\/#organization"},"potentialAction":[{"@type":"SearchAction","target":{"@type":"EntryPoint","urlTemplate":"https:\/\/www.secondastrada.com\/it\/?s={search_term_string}"},"query-input":"required name=search_term_string"}],"inLanguage":"it-IT"},{"@type":"Organization","@id":"https:\/\/www.secondastrada.com\/it\/#organization","name":"Seconda Strada","url":"https:\/\/www.secondastrada.com\/it\/","logo":{"@type":"ImageObject","inLanguage":"it-IT","@id":"https:\/\/www.secondastrada.com\/it\/#\/schema\/logo\/image\/","url":"https:\/\/www.secondastrada.com\/wp-content\/uploads\/2023\/11\/secondastrada-logo.svg","contentUrl":"https:\/\/www.secondastrada.com\/wp-content\/uploads\/2023\/11\/secondastrada-logo.svg","width":353,"height":47,"caption":"Seconda Strada"},"image":{"@id":"https:\/\/www.secondastrada.com\/it\/#\/schema\/logo\/image\/"}}]}},"df_price":29.99,"df_sale_price":"","df_regular_price":29.99,"df_image_link":"https:\/\/www.secondastrada.com\/wp-content\/uploads\/2024\/03\/placeholder-ss.webp","_links":{"self":[{"href":"https:\/\/www.secondastrada.com\/it\/wp-json\/wp\/v2\/product\/371233"}],"collection":[{"href":"https:\/\/www.secondastrada.com\/it\/wp-json\/wp\/v2\/product"}],"about":[{"href":"https:\/\/www.secondastrada.com\/it\/wp-json\/wp\/v2\/types\/product"}],"wp:attachment":[{"href":"https:\/\/www.secondastrada.com\/it\/wp-json\/wp\/v2\/media?parent=371233"}],"wp:term":[{"taxonomy":"ss_brand","embeddable":true,"href":"https:\/\/www.secondastrada.com\/it\/wp-json\/wp\/v2\/ss_brand?post=371233"},{"taxonomy":"ss_promo","embeddable":true,"href":"https:\/\/www.secondastrada.com\/it\/wp-json\/wp\/v2\/ss_promo?post=371233"},{"taxonomy":"ss_season","embeddable":true,"href":"https:\/\/www.secondastrada.com\/it\/wp-json\/wp\/v2\/ss_season?post=371233"},{"taxonomy":"product_cat","embeddable":true,"href":"https:\/\/www.secondastrada.com\/it\/wp-json\/wp\/v2\/product_cat?post=371233"},{"taxonomy":"product_tag","embeddable":true,"href":"https:\/\/www.secondastrada.com\/it\/wp-json\/wp\/v2\/product_tag?post=371233"}],"curies":[{"name":"wp","href":"https:\/\/api.w.org\/{rel}","templated":true}]}}