{"id":372136,"date":"2026-05-14T12:27:35","date_gmt":"2026-05-14T10:27:35","guid":{"rendered":"https:\/\/www.secondastrada.com\/it\/blazer-sandro-ferrone-grigio-3\/"},"modified":"2026-05-14T12:51:45","modified_gmt":"2026-05-14T10:51:45","slug":"blazer-sandro-ferrone-grigio-3","status":"publish","type":"product","link":"https:\/\/www.secondastrada.com\/it\/blazer-sandro-ferrone-grigio-3\/","title":{"rendered":"Blazer Sandro Ferrone Grigio"},"content":{"rendered":"<p><b>Blazer SANDRO FERRONE Grigio da donna<\/b><br \/>\nElegante, moderno e versatile, questo Blazer SANDRO FERRONE Grigio \u00e8 il capo ideale per completare look raffinati e contemporanei durante la stagione primavera estate. Pensato per valorizzare la silhouette con uno stile femminile e deciso, \u00e8 perfetto per accompagnarti sia nelle occasioni quotidiane sia negli appuntamenti pi\u00f9 formali.<br \/>Realizzato con una composizione di 88% poliestere e 12% elastina, offre una vestibilit\u00e0 confortevole e piacevole da indossare grazie al tessuto leggermente elasticizzato. Il design strutturato con doppio bottone dona carattere al capo e aggiunge un tocco sofisticato all\u2019outfit, mantenendo un\u2019eleganza essenziale e facile da abbinare. Il colore grigio rende questo blazer estremamente versatile, perfetto per creare look sobri ma ricercati. La vestibilit\u00e0 regolare garantisce comfort e libert\u00e0 di movimento. La modella \u00e8 alta 165 cm e indossa la taglia S.<br \/>Questo Blazer da donna adatto alla primavera estate \u00e8 ideale da indossare in ufficio, durante un meeting oppure nel tempo libero per un look casual chic curato nei dettagli. Puoi abbinarlo facilmente a pantaloni ampi e blusa per uno stile elegante e professionale, oppure a jeans e top minimal per un outfit pi\u00f9 moderno e rilassato.<br \/>Il Blazer con strutturato, doppio bottone SANDRO FERRONE unisce praticit\u00e0, stile e femminilit\u00e0 in un capo essenziale del guardaroba contemporaneo, perfetto per chi desidera un look raffinato ma versatile.<br \/>Su SecondaStrada.com trovi solo prodotti originali selezionati con attenzione.<br \/><b>Codice articolo:<\/b> L18XBEALTROVE SB<\/p>\n","protected":false},"excerpt":{"rendered":"<p>Blazer SANDRO FERRONE Grigio da donna Elegante, moderno e versatile, questo Blazer SANDRO FERRONE Grigio \u00e8 il capo ideale per completare look raffinati e contemporanei durante la stagione primavera estate. Pensato per valorizzare la silhouette con uno stile femminile e deciso, \u00e8 perfetto per accompagnarti sia nelle occasioni quotidiane sia negli appuntamenti pi\u00f9 formali.Realizzato con&#8230;<\/p>\n","protected":false},"featured_media":371864,"template":"","meta":{"inline_featured_image":false},"ss_brand":[1245],"ss_promo":[],"ss_season":[2531],"product_cat":[1329,1471,1658],"product_tag":[1995],"class_list":{"0":"post-372136","1":"product","2":"type-product","3":"status-publish","4":"has-post-thumbnail","6":"ss_brand-sandro-ferrone-donna","7":"ss_season-pe26","8":"product_cat-abbigliamento-donna","9":"product_cat-blazer-da-donna","10":"product_cat-collezione-donna","11":"product_tag-nuovi-arrivi-donna","13":"first","14":"instock","15":"shipping-taxable","16":"purchasable","17":"product-type-variable","18":"has-default-attributes"},"acf":{"ss_brand":[{"term_id":1245,"name":"SANDRO FERRONE","slug":"sandro-ferrone-donna","term_group":0,"term_taxonomy_id":1245,"taxonomy":"ss_brand","description":"Di gusto e di tendenza per assecondare la moda femminile al giusto prezzo!\u00a0Acquista online su SecondaStrada.com <strong>abbigliamento da donna Sandro Ferrone scontatissimo<\/strong>!","parent":1201,"count":269,"filter":"raw"}],"ss_promo":false,"ss_season":[{"term_id":2531,"name":"PE26","slug":"pe26","term_group":0,"term_taxonomy_id":2531,"taxonomy":"ss_season","description":"","parent":0,"count":2036,"filter":"raw"}],"ss_old_price":"129,00","ss_omnibus_price":"0,00","ss_style_advice":"<p><b>Blazer SANDRO FERRONE Grigio da donna<\/b><br \/>\nElegante, moderno e versatile, questo Blazer SANDRO FERRONE Grigio \u00e8 il capo ideale per completare look raffinati e contemporanei durante la stagione primavera estate. Pensato per valorizzare la silhouette con uno stile femminile e deciso, \u00e8 perfetto per accompagnarti sia nelle occasioni quotidiane sia negli appuntamenti pi\u00f9 formali.<br \/>Realizzato con una composizione di 88% poliestere e 12% elastina, offre una vestibilit\u00e0 confortevole e piacevole da indossare grazie al tessuto leggermente elasticizzato. Il design strutturato con doppio bottone dona carattere al capo e aggiunge un tocco sofisticato all\u2019outfit, mantenendo un\u2019eleganza essenziale e facile da abbinare. Il colore grigio rende questo blazer estremamente versatile, perfetto per creare look sobri ma ricercati. La vestibilit\u00e0 regolare garantisce comfort e libert\u00e0 di movimento. La modella \u00e8 alta 165 cm e indossa la taglia S.<br \/>Questo Blazer da donna adatto alla primavera estate \u00e8 ideale da indossare in ufficio, durante un meeting oppure nel tempo libero per un look casual chic curato nei dettagli. Puoi abbinarlo facilmente a pantaloni ampi e blusa per uno stile elegante e professionale, oppure a jeans e top minimal per un outfit pi\u00f9 moderno e rilassato.<br \/>Il Blazer con strutturato, doppio bottone SANDRO FERRONE unisce praticit\u00e0, stile e femminilit\u00e0 in un capo essenziale del guardaroba contemporaneo, perfetto per chi desidera un look raffinato ma versatile.<br \/>Su SecondaStrada.com trovi solo prodotti originali selezionati con attenzione.<br \/><b>Codice articolo:<\/b> L18XBEALTROVE SB<\/p>\n","ss_composition":"<p>88% poliestere 12% elastina (lavare a mano)<\/p>\n","ss_fit":"<p>La modella \u00e8 alta 165 cm e veste la taglia S. La vestibilit\u00e0 del capo \u00e8 regolare.<\/p>\n"},"yoast_head":"<!-- This site is optimized with the Yoast SEO plugin v22.3 - https:\/\/yoast.com\/wordpress\/plugins\/seo\/ -->\n<title>Blazer Sandro Ferrone Grigio - Acquista online! - Seconda Strada<\/title>\n<meta name=\"description\" content=\"Blazer Sandro Ferrone Grigio \u27a4 Acquista online su Secondastrada.com Blazer Sandro Ferrone Grigio \u2714\ufe0f Spedizione veloce entro 24h in tutta Italia \u2714\ufe0f Sconto sul tuo primo acquisto\" \/>\n<meta name=\"robots\" content=\"index, follow, max-snippet:-1, max-image-preview:large, max-video-preview:-1\" \/>\n<link rel=\"canonical\" href=\"https:\/\/www.secondastrada.com\/it\/blazer-sandro-ferrone-grigio-3\/\" \/>\n<meta property=\"og:locale\" content=\"it_IT\" \/>\n<meta property=\"og:type\" content=\"article\" \/>\n<meta property=\"og:title\" content=\"Blazer Sandro Ferrone Grigio - Acquista online! - Seconda Strada\" \/>\n<meta property=\"og:description\" content=\"Blazer Sandro Ferrone Grigio \u27a4 Acquista online su Secondastrada.com Blazer Sandro Ferrone Grigio \u2714\ufe0f Spedizione veloce entro 24h in tutta Italia \u2714\ufe0f Sconto sul tuo primo acquisto\" \/>\n<meta property=\"og:url\" content=\"https:\/\/www.secondastrada.com\/it\/blazer-sandro-ferrone-grigio-3\/\" \/>\n<meta property=\"og:site_name\" content=\"Seconda Strada\" \/>\n<meta property=\"article:modified_time\" content=\"2026-05-14T10:51:45+00:00\" \/>\n<meta property=\"og:image\" content=\"https:\/\/www.secondastrada.com\/wp-content\/uploads\/2026\/05\/L18XBEALTROVE-SB_PERLA_PE26_1.jpg\" \/>\n\t<meta property=\"og:image:width\" content=\"1000\" \/>\n\t<meta property=\"og:image:height\" content=\"1300\" \/>\n\t<meta property=\"og:image:type\" content=\"image\/jpeg\" \/>\n<meta name=\"twitter:card\" content=\"summary_large_image\" \/>\n<meta name=\"twitter:label1\" content=\"Tempo di lettura stimato\" \/>\n\t<meta name=\"twitter:data1\" content=\"1 minuto\" \/>\n<!-- \/ Yoast SEO plugin. -->","yoast_head_json":{"title":"Blazer Sandro Ferrone Grigio - Acquista online! - Seconda Strada","description":"Blazer Sandro Ferrone Grigio \u27a4 Acquista online su Secondastrada.com Blazer Sandro Ferrone Grigio \u2714\ufe0f Spedizione veloce entro 24h in tutta Italia \u2714\ufe0f Sconto sul tuo primo acquisto","robots":{"index":"index","follow":"follow","max-snippet":"max-snippet:-1","max-image-preview":"max-image-preview:large","max-video-preview":"max-video-preview:-1"},"canonical":"https:\/\/www.secondastrada.com\/it\/blazer-sandro-ferrone-grigio-3\/","og_locale":"it_IT","og_type":"article","og_title":"Blazer Sandro Ferrone Grigio - Acquista online! - Seconda Strada","og_description":"Blazer Sandro Ferrone Grigio \u27a4 Acquista online su Secondastrada.com Blazer Sandro Ferrone Grigio \u2714\ufe0f Spedizione veloce entro 24h in tutta Italia \u2714\ufe0f Sconto sul tuo primo acquisto","og_url":"https:\/\/www.secondastrada.com\/it\/blazer-sandro-ferrone-grigio-3\/","og_site_name":"Seconda Strada","article_modified_time":"2026-05-14T10:51:45+00:00","og_image":[{"width":1000,"height":1300,"url":"https:\/\/www.secondastrada.com\/wp-content\/uploads\/2026\/05\/L18XBEALTROVE-SB_PERLA_PE26_1.jpg","type":"image\/jpeg"}],"twitter_card":"summary_large_image","twitter_misc":{"Tempo di lettura stimato":"1 minuto"},"schema":{"@context":"https:\/\/schema.org","@graph":[{"@type":"WebPage","@id":"https:\/\/www.secondastrada.com\/it\/blazer-sandro-ferrone-grigio-3\/","url":"https:\/\/www.secondastrada.com\/it\/blazer-sandro-ferrone-grigio-3\/","name":"Blazer Sandro Ferrone Grigio - Acquista online! - Seconda Strada","isPartOf":{"@id":"https:\/\/www.secondastrada.com\/it\/#website"},"primaryImageOfPage":{"@id":"https:\/\/www.secondastrada.com\/it\/blazer-sandro-ferrone-grigio-3\/#primaryimage"},"image":{"@id":"https:\/\/www.secondastrada.com\/it\/blazer-sandro-ferrone-grigio-3\/#primaryimage"},"thumbnailUrl":"https:\/\/www.secondastrada.com\/wp-content\/uploads\/2026\/05\/L18XBEALTROVE-SB_PERLA_PE26_1.jpg","datePublished":"2026-05-14T10:27:35+00:00","dateModified":"2026-05-14T10:51:45+00:00","description":"Blazer Sandro Ferrone Grigio \u27a4 Acquista online su Secondastrada.com Blazer Sandro Ferrone Grigio \u2714\ufe0f Spedizione veloce entro 24h in tutta Italia \u2714\ufe0f Sconto sul tuo primo acquisto","breadcrumb":{"@id":"https:\/\/www.secondastrada.com\/it\/blazer-sandro-ferrone-grigio-3\/#breadcrumb"},"inLanguage":"it-IT","potentialAction":[{"@type":"ReadAction","target":["https:\/\/www.secondastrada.com\/it\/blazer-sandro-ferrone-grigio-3\/"]}]},{"@type":"ImageObject","inLanguage":"it-IT","@id":"https:\/\/www.secondastrada.com\/it\/blazer-sandro-ferrone-grigio-3\/#primaryimage","url":"https:\/\/www.secondastrada.com\/wp-content\/uploads\/2026\/05\/L18XBEALTROVE-SB_PERLA_PE26_1.jpg","contentUrl":"https:\/\/www.secondastrada.com\/wp-content\/uploads\/2026\/05\/L18XBEALTROVE-SB_PERLA_PE26_1.jpg","width":1000,"height":1300,"caption":"L18XBEALTROVE-SB_PERLA_PE26"},{"@type":"BreadcrumbList","@id":"https:\/\/www.secondastrada.com\/it\/blazer-sandro-ferrone-grigio-3\/#breadcrumb","itemListElement":[{"@type":"ListItem","position":1,"name":"Home","item":"https:\/\/www.secondastrada.com\/it\/"},{"@type":"ListItem","position":2,"name":"Shop","item":"https:\/\/www.secondastrada.com\/it\/shop\/"},{"@type":"ListItem","position":3,"name":"Donna","item":"https:\/\/www.secondastrada.com\/it\/collezione-donna\/"},{"@type":"ListItem","position":4,"name":"Abbigliamento","item":"https:\/\/www.secondastrada.com\/it\/collezione-donna\/abbigliamento-donna\/"},{"@type":"ListItem","position":5,"name":"Blazer","item":"https:\/\/www.secondastrada.com\/it\/collezione-donna\/abbigliamento-donna\/blazer-da-donna\/"},{"@type":"ListItem","position":6,"name":"Blazer Sandro Ferrone Grigio"}]},{"@type":"WebSite","@id":"https:\/\/www.secondastrada.com\/it\/#website","url":"https:\/\/www.secondastrada.com\/it\/","name":"Seconda Strada","description":"","publisher":{"@id":"https:\/\/www.secondastrada.com\/it\/#organization"},"potentialAction":[{"@type":"SearchAction","target":{"@type":"EntryPoint","urlTemplate":"https:\/\/www.secondastrada.com\/it\/?s={search_term_string}"},"query-input":"required name=search_term_string"}],"inLanguage":"it-IT"},{"@type":"Organization","@id":"https:\/\/www.secondastrada.com\/it\/#organization","name":"Seconda Strada","url":"https:\/\/www.secondastrada.com\/it\/","logo":{"@type":"ImageObject","inLanguage":"it-IT","@id":"https:\/\/www.secondastrada.com\/it\/#\/schema\/logo\/image\/","url":"https:\/\/www.secondastrada.com\/wp-content\/uploads\/2023\/11\/secondastrada-logo.svg","contentUrl":"https:\/\/www.secondastrada.com\/wp-content\/uploads\/2023\/11\/secondastrada-logo.svg","width":353,"height":47,"caption":"Seconda Strada"},"image":{"@id":"https:\/\/www.secondastrada.com\/it\/#\/schema\/logo\/image\/"}}]}},"df_price":76.99,"df_sale_price":"","df_regular_price":76.99,"df_image_link":"https:\/\/www.secondastrada.com\/wp-content\/uploads\/2026\/05\/L18XBEALTROVE-SB_PERLA_PE26_1-300x300.jpg","_links":{"self":[{"href":"https:\/\/www.secondastrada.com\/it\/wp-json\/wp\/v2\/product\/372136"}],"collection":[{"href":"https:\/\/www.secondastrada.com\/it\/wp-json\/wp\/v2\/product"}],"about":[{"href":"https:\/\/www.secondastrada.com\/it\/wp-json\/wp\/v2\/types\/product"}],"wp:featuredmedia":[{"embeddable":true,"href":"https:\/\/www.secondastrada.com\/it\/wp-json\/wp\/v2\/media\/371864"}],"wp:attachment":[{"href":"https:\/\/www.secondastrada.com\/it\/wp-json\/wp\/v2\/media?parent=372136"}],"wp:term":[{"taxonomy":"ss_brand","embeddable":true,"href":"https:\/\/www.secondastrada.com\/it\/wp-json\/wp\/v2\/ss_brand?post=372136"},{"taxonomy":"ss_promo","embeddable":true,"href":"https:\/\/www.secondastrada.com\/it\/wp-json\/wp\/v2\/ss_promo?post=372136"},{"taxonomy":"ss_season","embeddable":true,"href":"https:\/\/www.secondastrada.com\/it\/wp-json\/wp\/v2\/ss_season?post=372136"},{"taxonomy":"product_cat","embeddable":true,"href":"https:\/\/www.secondastrada.com\/it\/wp-json\/wp\/v2\/product_cat?post=372136"},{"taxonomy":"product_tag","embeddable":true,"href":"https:\/\/www.secondastrada.com\/it\/wp-json\/wp\/v2\/product_tag?post=372136"}],"curies":[{"name":"wp","href":"https:\/\/api.w.org\/{rel}","templated":true}]}}