{"id":372178,"date":"2026-05-14T12:32:39","date_gmt":"2026-05-14T10:32:39","guid":{"rendered":"https:\/\/www.secondastrada.com\/it\/pantalone-sandro-ferrone-giallo-2\/"},"modified":"2026-05-14T12:51:35","modified_gmt":"2026-05-14T10:51:35","slug":"pantalone-sandro-ferrone-giallo-2","status":"publish","type":"product","link":"https:\/\/www.secondastrada.com\/it\/pantalone-sandro-ferrone-giallo-2\/","title":{"rendered":"Pantalone Sandro Ferrone Giallo"},"content":{"rendered":"<p><b>Pantalone SANDRO FERRONE Giallo da donna<\/b><br \/>\nVivace, leggero e perfetto per illuminare i look della stagione primavera estate, questo Pantalone SANDRO FERRONE Giallo \u00e8 il capo ideale per chi desidera uno stile femminile, fresco e contemporaneo. Realizzato in 100% cotone, garantisce comfort, traspirabilit\u00e0 e una piacevole sensazione di leggerezza durante tutta la giornata, risultando perfetto anche nelle giornate pi\u00f9 calde.<br \/>Il design con elastico in vita e gamba larga dona fluidit\u00e0 alla silhouette e assicura una vestibilit\u00e0 comoda e versatile. Il colore giallo aggiunge energia e personalit\u00e0 all\u2019outfit, permettendo di creare look casual chic dal carattere luminoso e moderno. La vestibilit\u00e0 regolare valorizza la figura senza rinunciare alla comodit\u00e0. La modella \u00e8 alta 165 cm e indossa la taglia S.<br \/>Questo Pantalone da donna adatto alla primavera estate \u00e8 ideale da indossare nel tempo libero, durante una passeggiata in citt\u00e0, un aperitivo o anche in ufficio per un look pi\u00f9 rilassato ma sempre curato. Puoi abbinarlo facilmente a un top minimal e scarpe basse per uno stile fresco e contemporaneo, oppure a una blusa leggera e sandali per un outfit pi\u00f9 elegante e femminile.<br \/>Il Pantalone con elastico in vita, gamba larga SANDRO FERRONE combina praticit\u00e0, comfort e stile in un capo versatile pensato per accompagnarti con naturalezza in diversi momenti della giornata. Per preservarne al meglio la qualit\u00e0 si consiglia il lavaggio a mano.<br \/>Su SecondaStrada.com trovi solo prodotti originali selezionati con attenzione.<br \/><b>Codice articolo:<\/b> S15XBEFRANK SB<\/p>\n","protected":false},"excerpt":{"rendered":"<p>Pantalone SANDRO FERRONE Giallo da donna Vivace, leggero e perfetto per illuminare i look della stagione primavera estate, questo Pantalone SANDRO FERRONE Giallo \u00e8 il capo ideale per chi desidera uno stile femminile, fresco e contemporaneo. Realizzato in 100% cotone, garantisce comfort, traspirabilit\u00e0 e una piacevole sensazione di leggerezza durante tutta la giornata, risultando perfetto&#8230;<\/p>\n","protected":false},"featured_media":371849,"template":"","meta":{"inline_featured_image":false},"ss_brand":[1245],"ss_promo":[],"ss_season":[2531],"product_cat":[1329,1658,1342,1634],"product_tag":[1995],"class_list":{"0":"post-372178","1":"product","2":"type-product","3":"status-publish","4":"has-post-thumbnail","6":"ss_brand-sandro-ferrone-donna","7":"ss_season-pe26","8":"product_cat-abbigliamento-donna","9":"product_cat-collezione-donna","10":"product_cat-pantaloni-da-donna","11":"product_cat-pantaloni-da-donna-larghi-da-donna","12":"product_tag-nuovi-arrivi-donna","14":"first","15":"instock","16":"shipping-taxable","17":"purchasable","18":"product-type-variable","19":"has-default-attributes"},"acf":{"ss_brand":[{"term_id":1245,"name":"SANDRO FERRONE","slug":"sandro-ferrone-donna","term_group":0,"term_taxonomy_id":1245,"taxonomy":"ss_brand","description":"Di gusto e di tendenza per assecondare la moda femminile al giusto prezzo!\u00a0Acquista online su SecondaStrada.com <strong>abbigliamento da donna Sandro Ferrone scontatissimo<\/strong>!","parent":1201,"count":269,"filter":"raw"}],"ss_promo":false,"ss_season":[{"term_id":2531,"name":"PE26","slug":"pe26","term_group":0,"term_taxonomy_id":2531,"taxonomy":"ss_season","description":"","parent":0,"count":2036,"filter":"raw"}],"ss_old_price":"105,00","ss_omnibus_price":"0,00","ss_style_advice":"<p><b>Pantalone SANDRO FERRONE Giallo da donna<\/b><br \/>\nVivace, leggero e perfetto per illuminare i look della stagione primavera estate, questo Pantalone SANDRO FERRONE Giallo \u00e8 il capo ideale per chi desidera uno stile femminile, fresco e contemporaneo. Realizzato in 100% cotone, garantisce comfort, traspirabilit\u00e0 e una piacevole sensazione di leggerezza durante tutta la giornata, risultando perfetto anche nelle giornate pi\u00f9 calde.<br \/>Il design con elastico in vita e gamba larga dona fluidit\u00e0 alla silhouette e assicura una vestibilit\u00e0 comoda e versatile. Il colore giallo aggiunge energia e personalit\u00e0 all\u2019outfit, permettendo di creare look casual chic dal carattere luminoso e moderno. La vestibilit\u00e0 regolare valorizza la figura senza rinunciare alla comodit\u00e0. La modella \u00e8 alta 165 cm e indossa la taglia S.<br \/>Questo Pantalone da donna adatto alla primavera estate \u00e8 ideale da indossare nel tempo libero, durante una passeggiata in citt\u00e0, un aperitivo o anche in ufficio per un look pi\u00f9 rilassato ma sempre curato. Puoi abbinarlo facilmente a un top minimal e scarpe basse per uno stile fresco e contemporaneo, oppure a una blusa leggera e sandali per un outfit pi\u00f9 elegante e femminile.<br \/>Il Pantalone con elastico in vita, gamba larga SANDRO FERRONE combina praticit\u00e0, comfort e stile in un capo versatile pensato per accompagnarti con naturalezza in diversi momenti della giornata. Per preservarne al meglio la qualit\u00e0 si consiglia il lavaggio a mano.<br \/>Su SecondaStrada.com trovi solo prodotti originali selezionati con attenzione.<br \/><b>Codice articolo:<\/b> S15XBEFRANK SB<\/p>\n","ss_composition":"<p>100% cotone (lavare a mano)<\/p>\n","ss_fit":"<p>La modella \u00e8 alta 165 cm e veste la taglia S. La vestibilit\u00e0 del capo \u00e8 regolare.<\/p>\n"},"yoast_head":"<!-- This site is optimized with the Yoast SEO plugin v22.3 - https:\/\/yoast.com\/wordpress\/plugins\/seo\/ -->\n<title>Pantalone Sandro Ferrone Giallo - Acquista online! - Seconda Strada<\/title>\n<meta name=\"description\" content=\"Pantalone Sandro Ferrone Giallo \u27a4 Acquista online su Secondastrada.com Pantalone Sandro Ferrone Giallo \u2714\ufe0f Spedizione veloce entro 24h in tutta Italia \u2714\ufe0f Sconto sul tuo primo acquisto\" \/>\n<meta name=\"robots\" content=\"index, follow, max-snippet:-1, max-image-preview:large, max-video-preview:-1\" \/>\n<link rel=\"canonical\" href=\"https:\/\/www.secondastrada.com\/it\/pantalone-sandro-ferrone-giallo-2\/\" \/>\n<meta property=\"og:locale\" content=\"it_IT\" \/>\n<meta property=\"og:type\" content=\"article\" \/>\n<meta property=\"og:title\" content=\"Pantalone Sandro Ferrone Giallo - Acquista online! - Seconda Strada\" \/>\n<meta property=\"og:description\" content=\"Pantalone Sandro Ferrone Giallo \u27a4 Acquista online su Secondastrada.com Pantalone Sandro Ferrone Giallo \u2714\ufe0f Spedizione veloce entro 24h in tutta Italia \u2714\ufe0f Sconto sul tuo primo acquisto\" \/>\n<meta property=\"og:url\" content=\"https:\/\/www.secondastrada.com\/it\/pantalone-sandro-ferrone-giallo-2\/\" \/>\n<meta property=\"og:site_name\" content=\"Seconda Strada\" \/>\n<meta property=\"article:modified_time\" content=\"2026-05-14T10:51:35+00:00\" \/>\n<meta property=\"og:image\" content=\"https:\/\/www.secondastrada.com\/wp-content\/uploads\/2026\/05\/S15XBEFRANK-SB_VANIGLIA_PE26_1.jpg\" \/>\n\t<meta property=\"og:image:width\" content=\"1000\" \/>\n\t<meta property=\"og:image:height\" content=\"1300\" \/>\n\t<meta property=\"og:image:type\" content=\"image\/jpeg\" \/>\n<meta name=\"twitter:card\" content=\"summary_large_image\" \/>\n<meta name=\"twitter:label1\" content=\"Tempo di lettura stimato\" \/>\n\t<meta name=\"twitter:data1\" content=\"1 minuto\" \/>\n<!-- \/ Yoast SEO plugin. -->","yoast_head_json":{"title":"Pantalone Sandro Ferrone Giallo - Acquista online! - Seconda Strada","description":"Pantalone Sandro Ferrone Giallo \u27a4 Acquista online su Secondastrada.com Pantalone Sandro Ferrone Giallo \u2714\ufe0f Spedizione veloce entro 24h in tutta Italia \u2714\ufe0f Sconto sul tuo primo acquisto","robots":{"index":"index","follow":"follow","max-snippet":"max-snippet:-1","max-image-preview":"max-image-preview:large","max-video-preview":"max-video-preview:-1"},"canonical":"https:\/\/www.secondastrada.com\/it\/pantalone-sandro-ferrone-giallo-2\/","og_locale":"it_IT","og_type":"article","og_title":"Pantalone Sandro Ferrone Giallo - Acquista online! - Seconda Strada","og_description":"Pantalone Sandro Ferrone Giallo \u27a4 Acquista online su Secondastrada.com Pantalone Sandro Ferrone Giallo \u2714\ufe0f Spedizione veloce entro 24h in tutta Italia \u2714\ufe0f Sconto sul tuo primo acquisto","og_url":"https:\/\/www.secondastrada.com\/it\/pantalone-sandro-ferrone-giallo-2\/","og_site_name":"Seconda Strada","article_modified_time":"2026-05-14T10:51:35+00:00","og_image":[{"width":1000,"height":1300,"url":"https:\/\/www.secondastrada.com\/wp-content\/uploads\/2026\/05\/S15XBEFRANK-SB_VANIGLIA_PE26_1.jpg","type":"image\/jpeg"}],"twitter_card":"summary_large_image","twitter_misc":{"Tempo di lettura stimato":"1 minuto"},"schema":{"@context":"https:\/\/schema.org","@graph":[{"@type":"WebPage","@id":"https:\/\/www.secondastrada.com\/it\/pantalone-sandro-ferrone-giallo-2\/","url":"https:\/\/www.secondastrada.com\/it\/pantalone-sandro-ferrone-giallo-2\/","name":"Pantalone Sandro Ferrone Giallo - Acquista online! - Seconda Strada","isPartOf":{"@id":"https:\/\/www.secondastrada.com\/it\/#website"},"primaryImageOfPage":{"@id":"https:\/\/www.secondastrada.com\/it\/pantalone-sandro-ferrone-giallo-2\/#primaryimage"},"image":{"@id":"https:\/\/www.secondastrada.com\/it\/pantalone-sandro-ferrone-giallo-2\/#primaryimage"},"thumbnailUrl":"https:\/\/www.secondastrada.com\/wp-content\/uploads\/2026\/05\/S15XBEFRANK-SB_VANIGLIA_PE26_1.jpg","datePublished":"2026-05-14T10:32:39+00:00","dateModified":"2026-05-14T10:51:35+00:00","description":"Pantalone Sandro Ferrone Giallo \u27a4 Acquista online su Secondastrada.com Pantalone Sandro Ferrone Giallo \u2714\ufe0f Spedizione veloce entro 24h in tutta Italia \u2714\ufe0f Sconto sul tuo primo acquisto","breadcrumb":{"@id":"https:\/\/www.secondastrada.com\/it\/pantalone-sandro-ferrone-giallo-2\/#breadcrumb"},"inLanguage":"it-IT","potentialAction":[{"@type":"ReadAction","target":["https:\/\/www.secondastrada.com\/it\/pantalone-sandro-ferrone-giallo-2\/"]}]},{"@type":"ImageObject","inLanguage":"it-IT","@id":"https:\/\/www.secondastrada.com\/it\/pantalone-sandro-ferrone-giallo-2\/#primaryimage","url":"https:\/\/www.secondastrada.com\/wp-content\/uploads\/2026\/05\/S15XBEFRANK-SB_VANIGLIA_PE26_1.jpg","contentUrl":"https:\/\/www.secondastrada.com\/wp-content\/uploads\/2026\/05\/S15XBEFRANK-SB_VANIGLIA_PE26_1.jpg","width":1000,"height":1300,"caption":"S15XBEFRANK-SB_VANIGLIA_PE26"},{"@type":"BreadcrumbList","@id":"https:\/\/www.secondastrada.com\/it\/pantalone-sandro-ferrone-giallo-2\/#breadcrumb","itemListElement":[{"@type":"ListItem","position":1,"name":"Home","item":"https:\/\/www.secondastrada.com\/it\/"},{"@type":"ListItem","position":2,"name":"Shop","item":"https:\/\/www.secondastrada.com\/it\/shop\/"},{"@type":"ListItem","position":3,"name":"Donna","item":"https:\/\/www.secondastrada.com\/it\/collezione-donna\/"},{"@type":"ListItem","position":4,"name":"Abbigliamento","item":"https:\/\/www.secondastrada.com\/it\/collezione-donna\/abbigliamento-donna\/"},{"@type":"ListItem","position":5,"name":"Pantaloni","item":"https:\/\/www.secondastrada.com\/it\/collezione-donna\/abbigliamento-donna\/pantaloni-da-donna\/"},{"@type":"ListItem","position":6,"name":"Pantaloni larghi","item":"https:\/\/www.secondastrada.com\/it\/collezione-donna\/abbigliamento-donna\/pantaloni-da-donna\/pantaloni-da-donna-larghi-da-donna\/"},{"@type":"ListItem","position":7,"name":"Pantalone Sandro Ferrone Giallo"}]},{"@type":"WebSite","@id":"https:\/\/www.secondastrada.com\/it\/#website","url":"https:\/\/www.secondastrada.com\/it\/","name":"Seconda Strada","description":"","publisher":{"@id":"https:\/\/www.secondastrada.com\/it\/#organization"},"potentialAction":[{"@type":"SearchAction","target":{"@type":"EntryPoint","urlTemplate":"https:\/\/www.secondastrada.com\/it\/?s={search_term_string}"},"query-input":"required name=search_term_string"}],"inLanguage":"it-IT"},{"@type":"Organization","@id":"https:\/\/www.secondastrada.com\/it\/#organization","name":"Seconda Strada","url":"https:\/\/www.secondastrada.com\/it\/","logo":{"@type":"ImageObject","inLanguage":"it-IT","@id":"https:\/\/www.secondastrada.com\/it\/#\/schema\/logo\/image\/","url":"https:\/\/www.secondastrada.com\/wp-content\/uploads\/2023\/11\/secondastrada-logo.svg","contentUrl":"https:\/\/www.secondastrada.com\/wp-content\/uploads\/2023\/11\/secondastrada-logo.svg","width":353,"height":47,"caption":"Seconda Strada"},"image":{"@id":"https:\/\/www.secondastrada.com\/it\/#\/schema\/logo\/image\/"}}]}},"df_price":62.99,"df_sale_price":"","df_regular_price":62.99,"df_image_link":"https:\/\/www.secondastrada.com\/wp-content\/uploads\/2026\/05\/S15XBEFRANK-SB_VANIGLIA_PE26_1-300x300.jpg","_links":{"self":[{"href":"https:\/\/www.secondastrada.com\/it\/wp-json\/wp\/v2\/product\/372178"}],"collection":[{"href":"https:\/\/www.secondastrada.com\/it\/wp-json\/wp\/v2\/product"}],"about":[{"href":"https:\/\/www.secondastrada.com\/it\/wp-json\/wp\/v2\/types\/product"}],"wp:featuredmedia":[{"embeddable":true,"href":"https:\/\/www.secondastrada.com\/it\/wp-json\/wp\/v2\/media\/371849"}],"wp:attachment":[{"href":"https:\/\/www.secondastrada.com\/it\/wp-json\/wp\/v2\/media?parent=372178"}],"wp:term":[{"taxonomy":"ss_brand","embeddable":true,"href":"https:\/\/www.secondastrada.com\/it\/wp-json\/wp\/v2\/ss_brand?post=372178"},{"taxonomy":"ss_promo","embeddable":true,"href":"https:\/\/www.secondastrada.com\/it\/wp-json\/wp\/v2\/ss_promo?post=372178"},{"taxonomy":"ss_season","embeddable":true,"href":"https:\/\/www.secondastrada.com\/it\/wp-json\/wp\/v2\/ss_season?post=372178"},{"taxonomy":"product_cat","embeddable":true,"href":"https:\/\/www.secondastrada.com\/it\/wp-json\/wp\/v2\/product_cat?post=372178"},{"taxonomy":"product_tag","embeddable":true,"href":"https:\/\/www.secondastrada.com\/it\/wp-json\/wp\/v2\/product_tag?post=372178"}],"curies":[{"name":"wp","href":"https:\/\/api.w.org\/{rel}","templated":true}]}}