{"id":3984,"date":"2024-03-22T17:04:36","date_gmt":"2024-03-22T16:04:36","guid":{"rendered":"http:\/\/secondastrada.com\/pantalone-vougue-fantasia-beige-lilla\/"},"modified":"2026-01-29T19:21:50","modified_gmt":"2026-01-29T18:21:50","slug":"pantalone-vougue-fantasia-beige-lilla","status":"publish","type":"product","link":"https:\/\/www.secondastrada.com\/it\/pantalone-vougue-fantasia-beige-lilla\/","title":{"rendered":"Pantalone Vougue fantasia beige\/lilla"},"content":{"rendered":"<p><b>COMPOSIZIONE E VESTIBILIT\u00c0:<\/b><br \/>97% poliestere 3% elastane<br \/>La modella \u00e8 alta 161 cm e indossa la taglia S. La vestibilit\u00e0 del capo \u00e8 regolare.<br \/><b>CONSIGLI DI STILE:<\/b><br \/>Pantalone palazzo in fantasia floreale tendente al beige e lilla. La vestibilit\u00e0 \u00e8 morbida e regolare ma anche pratica grazie a zip laterale. Il pantalone \u00e8 adatto per occasioni casual\/raffinate ed \u00e8 facilmente combinabile con il blazer abbinato. Questo capo merita un&#8217;occasione speciale. <br \/>Cod. art. LEONE os<br \/>Vi ricordiamo che tutti i nostri articoli sono originali.<br \/><b>MISURE:<\/b><br \/> Misure taglia S: <br \/>&#8211; Vita (da cucitura a cucitura): 39 cm <br \/>&#8211; Gamba (da cucitura della vita fino al fondo): 105 cm<\/p>\n","protected":false},"excerpt":{"rendered":"<p>COMPOSIZIONE E VESTIBILIT\u00c0:97% poliestere 3% elastaneLa modella \u00e8 alta 161 cm e indossa la taglia S. La vestibilit\u00e0 del capo \u00e8 regolare.CONSIGLI DI STILE:Pantalone palazzo in fantasia floreale tendente al beige e lilla. La vestibilit\u00e0 \u00e8 morbida e regolare ma anche pratica grazie a zip laterale. Il pantalone \u00e8 adatto per occasioni casual\/raffinate ed \u00e8&#8230;<\/p>\n","protected":false},"featured_media":56667,"template":"","meta":{"inline_featured_image":false},"ss_brand":[1203],"ss_promo":[2181],"ss_season":[1708],"product_cat":[1329,1658,1342,1634],"product_tag":[1793],"class_list":{"0":"post-3984","1":"product","2":"type-product","3":"status-publish","4":"has-post-thumbnail","6":"ss_brand-vougue-donna","7":"ss_promo-ultime-occasioni-donna","8":"ss_season-pe23","9":"product_cat-abbigliamento-donna","10":"product_cat-collezione-donna","11":"product_cat-pantaloni-da-donna","12":"product_cat-pantaloni-da-donna-larghi-da-donna","13":"product_tag-pantaloni-vougue-donna","15":"first","16":"outofstock","17":"sold-individually","18":"shipping-taxable","19":"product-type-variable","20":"has-default-attributes"},"acf":{"ss_brand":[{"term_id":1203,"name":"VOUGUE","slug":"vougue-donna","term_group":0,"term_taxonomy_id":1203,"taxonomy":"ss_brand","description":"Vuoi essere glamour e sul pezzo in ufficio e nel tempo libero? Scopri la collezione di abbigliamento Vougue a prezzi iper-convenienti per outfit di sicuro successo.","parent":1201,"count":303,"filter":"raw"}],"ss_promo":[2181],"ss_season":[{"term_id":1708,"name":"PE23","slug":"pe23","term_group":0,"term_taxonomy_id":1708,"taxonomy":"ss_season","description":"","parent":0,"count":504,"filter":"raw"}],"ss_old_price":"0,00","ss_omnibus_price":"0,00","ss_style_advice":"<p><b>COMPOSIZIONE E VESTIBILIT\u00c0:<\/b><br \/>97% poliestere 3% elastane<br \/>La modella \u00e8 alta 161 cm e indossa la taglia S. La vestibilit\u00e0 del capo \u00e8 regolare.<br \/><b>CONSIGLI DI STILE:<\/b><br \/>Pantalone palazzo in fantasia floreale tendente al beige e lilla. La vestibilit\u00e0 \u00e8 morbida e regolare ma anche pratica grazie a zip laterale. Il pantalone \u00e8 adatto per occasioni casual\/raffinate ed \u00e8 facilmente combinabile con il blazer abbinato. Questo capo merita un&#8217;occasione speciale. <br \/>Cod. art. LEONE os<br \/>Vi ricordiamo che tutti i nostri articoli sono originali.<br \/><b>MISURE:<\/b><br \/> Misure taglia S: <br \/>&#8211; Vita (da cucitura a cucitura): 39 cm <br \/>&#8211; Gamba (da cucitura della vita fino al fondo): 105 cm<\/p>\n","ss_composition":"<p>97% poliestere 3% elastane<\/p>\n","ss_fit":"<p>Pantalone VOUGUE<\/p>\n"},"yoast_head":"<!-- This site is optimized with the Yoast SEO plugin v22.3 - https:\/\/yoast.com\/wordpress\/plugins\/seo\/ -->\n<title>Pantalone Vougue fantasia beige\/lilla - Acquista online! - Seconda Strada<\/title>\n<meta name=\"description\" content=\"Pantalone Vougue fantasia beige\/lilla \u27a4 Acquista online su Secondastrada.com Pantalone Vougue fantasia beige\/lilla \u2714\ufe0f Spedizione veloce entro 24h in tutta Italia \u2714\ufe0f Sconto sul tuo primo acquisto\" \/>\n<meta name=\"robots\" content=\"index, follow, max-snippet:-1, max-image-preview:large, max-video-preview:-1\" \/>\n<link rel=\"canonical\" href=\"https:\/\/www.secondastrada.com\/it\/pantalone-vougue-fantasia-beige-lilla\/\" \/>\n<meta property=\"og:locale\" content=\"it_IT\" \/>\n<meta property=\"og:type\" content=\"article\" \/>\n<meta property=\"og:title\" content=\"Pantalone Vougue fantasia beige\/lilla - Acquista online! - Seconda Strada\" \/>\n<meta property=\"og:description\" content=\"Pantalone Vougue fantasia beige\/lilla \u27a4 Acquista online su Secondastrada.com Pantalone Vougue fantasia beige\/lilla \u2714\ufe0f Spedizione veloce entro 24h in tutta Italia \u2714\ufe0f Sconto sul tuo primo acquisto\" \/>\n<meta property=\"og:url\" content=\"https:\/\/www.secondastrada.com\/it\/pantalone-vougue-fantasia-beige-lilla\/\" \/>\n<meta property=\"og:site_name\" content=\"Seconda Strada\" \/>\n<meta property=\"article:modified_time\" content=\"2026-01-29T18:21:50+00:00\" \/>\n<meta property=\"og:image\" content=\"https:\/\/www.secondastrada.com\/wp-content\/uploads\/2024\/05\/LEONE-os_FANTASIA-2-2_PE23_1.jpg\" \/>\n\t<meta property=\"og:image:width\" content=\"1000\" \/>\n\t<meta property=\"og:image:height\" content=\"1300\" \/>\n\t<meta property=\"og:image:type\" content=\"image\/jpeg\" \/>\n<meta name=\"twitter:card\" content=\"summary_large_image\" \/>\n<!-- \/ Yoast SEO plugin. -->","yoast_head_json":{"title":"Pantalone Vougue fantasia beige\/lilla - Acquista online! - Seconda Strada","description":"Pantalone Vougue fantasia beige\/lilla \u27a4 Acquista online su Secondastrada.com Pantalone Vougue fantasia beige\/lilla \u2714\ufe0f Spedizione veloce entro 24h in tutta Italia \u2714\ufe0f Sconto sul tuo primo acquisto","robots":{"index":"index","follow":"follow","max-snippet":"max-snippet:-1","max-image-preview":"max-image-preview:large","max-video-preview":"max-video-preview:-1"},"canonical":"https:\/\/www.secondastrada.com\/it\/pantalone-vougue-fantasia-beige-lilla\/","og_locale":"it_IT","og_type":"article","og_title":"Pantalone Vougue fantasia beige\/lilla - Acquista online! - Seconda Strada","og_description":"Pantalone Vougue fantasia beige\/lilla \u27a4 Acquista online su Secondastrada.com Pantalone Vougue fantasia beige\/lilla \u2714\ufe0f Spedizione veloce entro 24h in tutta Italia \u2714\ufe0f Sconto sul tuo primo acquisto","og_url":"https:\/\/www.secondastrada.com\/it\/pantalone-vougue-fantasia-beige-lilla\/","og_site_name":"Seconda Strada","article_modified_time":"2026-01-29T18:21:50+00:00","og_image":[{"width":1000,"height":1300,"url":"https:\/\/www.secondastrada.com\/wp-content\/uploads\/2024\/05\/LEONE-os_FANTASIA-2-2_PE23_1.jpg","type":"image\/jpeg"}],"twitter_card":"summary_large_image","schema":{"@context":"https:\/\/schema.org","@graph":[{"@type":"WebPage","@id":"https:\/\/www.secondastrada.com\/it\/pantalone-vougue-fantasia-beige-lilla\/","url":"https:\/\/www.secondastrada.com\/it\/pantalone-vougue-fantasia-beige-lilla\/","name":"Pantalone Vougue fantasia beige\/lilla - Acquista online! - Seconda Strada","isPartOf":{"@id":"https:\/\/www.secondastrada.com\/it\/#website"},"primaryImageOfPage":{"@id":"https:\/\/www.secondastrada.com\/it\/pantalone-vougue-fantasia-beige-lilla\/#primaryimage"},"image":{"@id":"https:\/\/www.secondastrada.com\/it\/pantalone-vougue-fantasia-beige-lilla\/#primaryimage"},"thumbnailUrl":"https:\/\/www.secondastrada.com\/wp-content\/uploads\/2024\/05\/LEONE-os_FANTASIA-2-2_PE23_1.jpg","datePublished":"2024-03-22T16:04:36+00:00","dateModified":"2026-01-29T18:21:50+00:00","description":"Pantalone Vougue fantasia beige\/lilla \u27a4 Acquista online su Secondastrada.com Pantalone Vougue fantasia beige\/lilla \u2714\ufe0f Spedizione veloce entro 24h in tutta Italia \u2714\ufe0f Sconto sul tuo primo acquisto","breadcrumb":{"@id":"https:\/\/www.secondastrada.com\/it\/pantalone-vougue-fantasia-beige-lilla\/#breadcrumb"},"inLanguage":"it-IT","potentialAction":[{"@type":"ReadAction","target":["https:\/\/www.secondastrada.com\/it\/pantalone-vougue-fantasia-beige-lilla\/"]}]},{"@type":"ImageObject","inLanguage":"it-IT","@id":"https:\/\/www.secondastrada.com\/it\/pantalone-vougue-fantasia-beige-lilla\/#primaryimage","url":"https:\/\/www.secondastrada.com\/wp-content\/uploads\/2024\/05\/LEONE-os_FANTASIA-2-2_PE23_1.jpg","contentUrl":"https:\/\/www.secondastrada.com\/wp-content\/uploads\/2024\/05\/LEONE-os_FANTASIA-2-2_PE23_1.jpg","width":1000,"height":1300,"caption":"LEONE-os_FANTASIA-2-2_PE23"},{"@type":"BreadcrumbList","@id":"https:\/\/www.secondastrada.com\/it\/pantalone-vougue-fantasia-beige-lilla\/#breadcrumb","itemListElement":[{"@type":"ListItem","position":1,"name":"Home","item":"https:\/\/www.secondastrada.com\/it\/"},{"@type":"ListItem","position":2,"name":"Shop","item":"https:\/\/www.secondastrada.com\/it\/shop\/"},{"@type":"ListItem","position":3,"name":"Donna","item":"https:\/\/www.secondastrada.com\/it\/collezione-donna\/"},{"@type":"ListItem","position":4,"name":"Abbigliamento","item":"https:\/\/www.secondastrada.com\/it\/collezione-donna\/abbigliamento-donna\/"},{"@type":"ListItem","position":5,"name":"Pantaloni","item":"https:\/\/www.secondastrada.com\/it\/collezione-donna\/abbigliamento-donna\/pantaloni-da-donna\/"},{"@type":"ListItem","position":6,"name":"Pantaloni larghi","item":"https:\/\/www.secondastrada.com\/it\/collezione-donna\/abbigliamento-donna\/pantaloni-da-donna\/pantaloni-da-donna-larghi-da-donna\/"},{"@type":"ListItem","position":7,"name":"Pantalone Vougue fantasia beige\/lilla"}]},{"@type":"WebSite","@id":"https:\/\/www.secondastrada.com\/it\/#website","url":"https:\/\/www.secondastrada.com\/it\/","name":"Seconda Strada","description":"","publisher":{"@id":"https:\/\/www.secondastrada.com\/it\/#organization"},"potentialAction":[{"@type":"SearchAction","target":{"@type":"EntryPoint","urlTemplate":"https:\/\/www.secondastrada.com\/it\/?s={search_term_string}"},"query-input":"required name=search_term_string"}],"inLanguage":"it-IT"},{"@type":"Organization","@id":"https:\/\/www.secondastrada.com\/it\/#organization","name":"Seconda Strada","url":"https:\/\/www.secondastrada.com\/it\/","logo":{"@type":"ImageObject","inLanguage":"it-IT","@id":"https:\/\/www.secondastrada.com\/it\/#\/schema\/logo\/image\/","url":"https:\/\/www.secondastrada.com\/wp-content\/uploads\/2023\/11\/secondastrada-logo.svg","contentUrl":"https:\/\/www.secondastrada.com\/wp-content\/uploads\/2023\/11\/secondastrada-logo.svg","width":353,"height":47,"caption":"Seconda Strada"},"image":{"@id":"https:\/\/www.secondastrada.com\/it\/#\/schema\/logo\/image\/"}}]}},"df_price":"","df_sale_price":"","df_regular_price":"","df_image_link":"https:\/\/www.secondastrada.com\/wp-content\/uploads\/2024\/05\/LEONE-os_FANTASIA-2-2_PE23_1-300x300.jpg","_links":{"self":[{"href":"https:\/\/www.secondastrada.com\/it\/wp-json\/wp\/v2\/product\/3984"}],"collection":[{"href":"https:\/\/www.secondastrada.com\/it\/wp-json\/wp\/v2\/product"}],"about":[{"href":"https:\/\/www.secondastrada.com\/it\/wp-json\/wp\/v2\/types\/product"}],"wp:featuredmedia":[{"embeddable":true,"href":"https:\/\/www.secondastrada.com\/it\/wp-json\/wp\/v2\/media\/56667"}],"wp:attachment":[{"href":"https:\/\/www.secondastrada.com\/it\/wp-json\/wp\/v2\/media?parent=3984"}],"wp:term":[{"taxonomy":"ss_brand","embeddable":true,"href":"https:\/\/www.secondastrada.com\/it\/wp-json\/wp\/v2\/ss_brand?post=3984"},{"taxonomy":"ss_promo","embeddable":true,"href":"https:\/\/www.secondastrada.com\/it\/wp-json\/wp\/v2\/ss_promo?post=3984"},{"taxonomy":"ss_season","embeddable":true,"href":"https:\/\/www.secondastrada.com\/it\/wp-json\/wp\/v2\/ss_season?post=3984"},{"taxonomy":"product_cat","embeddable":true,"href":"https:\/\/www.secondastrada.com\/it\/wp-json\/wp\/v2\/product_cat?post=3984"},{"taxonomy":"product_tag","embeddable":true,"href":"https:\/\/www.secondastrada.com\/it\/wp-json\/wp\/v2\/product_tag?post=3984"}],"curies":[{"name":"wp","href":"https:\/\/api.w.org\/{rel}","templated":true}]}}