{"id":4039,"date":"2024-03-22T17:10:16","date_gmt":"2024-03-22T16:10:16","guid":{"rendered":"http:\/\/secondastrada.com\/pantalone-fifty-four-blu\/"},"modified":"2026-01-29T11:54:34","modified_gmt":"2026-01-29T10:54:34","slug":"pantalone-fifty-four-blu","status":"publish","type":"product","link":"https:\/\/www.secondastrada.com\/it\/pantalone-fifty-four-blu\/","title":{"rendered":"Pantalone Fifty Four blu"},"content":{"rendered":"<p><b>COMPOSIZIONE E VESTIBILIT\u00c0:<\/b><br \/>98% cotone 2% elastane<br \/>Il modello \u00e8 alto 178 cm e indossa la taglia 32 US. La vestibilit\u00e0 del capo \u00e8 regolare.<br \/><b>CONSIGLI DI STILE:<\/b><br \/>Pantalone classico in total blu navy. Il capo si presenta con girovita rigato bianco e blu pi\u00f9 tasche a taglio trasversale sul fronte e tasche a taglio sul retro. La vestibilit\u00e0 \u00e8 morbida e pratica grazie a bottone ad asola e zip. Il pantalone \u00e8 adatto per occasioni casual e facilmente abbinabile. Se cerchi qualcosa che ti possa far sentire a tuo agio in ogni circostanza sappi che l&#8217;hai trovato. <br \/>Cod. art. MASAN CG82 ss <br \/>Vi ricordiamo che tutti i nostri articoli sono originali.<br \/><b>MISURE:<\/b><br \/> Misure taglia 32 US: <br \/>&#8211; Vita (da cucitura a cucitura): 41 cm <br \/>&#8211; Gamba (da cucitura della vita fino al fondo): 90 cm<\/p>\n","protected":false},"excerpt":{"rendered":"<p>COMPOSIZIONE E VESTIBILIT\u00c0:98% cotone 2% elastaneIl modello \u00e8 alto 178 cm e indossa la taglia 32 US. La vestibilit\u00e0 del capo \u00e8 regolare.CONSIGLI DI STILE:Pantalone classico in total blu navy. Il capo si presenta con girovita rigato bianco e blu pi\u00f9 tasche a taglio trasversale sul fronte e tasche a taglio sul retro. La vestibilit\u00e0&#8230;<\/p>\n","protected":false},"featured_media":38810,"template":"","meta":{"inline_featured_image":false},"ss_brand":[1285],"ss_promo":[2182],"ss_season":[1708],"product_cat":[1332,1484,2274,1714],"product_tag":[],"class_list":{"0":"post-4039","1":"product","2":"type-product","3":"status-publish","4":"has-post-thumbnail","6":"ss_brand-fifty-four-uomo","7":"ss_promo-ultime-occasioni-uomo","8":"ss_season-pe23","9":"product_cat-abbigliamento-uomo","10":"product_cat-pantaloni-da-uomo","11":"product_cat-pantaloni-in-cotone-da-uomo","12":"product_cat-collezione-uomo","14":"first","15":"outofstock","16":"sold-individually","17":"shipping-taxable","18":"product-type-variable","19":"has-default-attributes"},"acf":{"ss_brand":[{"term_id":1285,"name":"FIFTY FOUR","slug":"fifty-four-uomo","term_group":0,"term_taxonomy_id":1285,"taxonomy":"ss_brand","description":"Scopri subito i migliori capi firmati Fifty Four da uomo e non perdere tutte le promozioni esclusive del nostro store di abbigliamento online!\u00a0Acquista online su SecondaStrada.com <strong>abbigliamento da uomo FIFTY FOUR scontatissimo<\/strong>!","parent":1268,"count":14,"filter":"raw"}],"ss_promo":[2182],"ss_season":[{"term_id":1708,"name":"PE23","slug":"pe23","term_group":0,"term_taxonomy_id":1708,"taxonomy":"ss_season","description":"","parent":0,"count":504,"filter":"raw"}],"ss_old_price":"99,90","ss_omnibus_price":"0,00","ss_style_advice":"<p><b>COMPOSIZIONE E VESTIBILIT\u00c0:<\/b><br \/>98% cotone 2% elastane<br \/>Il modello \u00e8 alto 178 cm e indossa la taglia 32 US. La vestibilit\u00e0 del capo \u00e8 regolare.<br \/><b>CONSIGLI DI STILE:<\/b><br \/>Pantalone classico in total blu navy. Il capo si presenta con girovita rigato bianco e blu pi\u00f9 tasche a taglio trasversale sul fronte e tasche a taglio sul retro. La vestibilit\u00e0 \u00e8 morbida e pratica grazie a bottone ad asola e zip. Il pantalone \u00e8 adatto per occasioni casual e facilmente abbinabile. Se cerchi qualcosa che ti possa far sentire a tuo agio in ogni circostanza sappi che l&#8217;hai trovato. <br \/>Cod. art. MASAN CG82 ss <br \/>Vi ricordiamo che tutti i nostri articoli sono originali.<br \/><b>MISURE:<\/b><br \/> Misure taglia 32 US: <br \/>&#8211; Vita (da cucitura a cucitura): 41 cm <br \/>&#8211; Gamba (da cucitura della vita fino al fondo): 90 cm<\/p>\n","ss_composition":"<p>98% cotone 2% elastane<\/p>\n","ss_fit":"<p>Pantalone FIFTY FOUR<\/p>\n"},"yoast_head":"<!-- This site is optimized with the Yoast SEO plugin v22.3 - https:\/\/yoast.com\/wordpress\/plugins\/seo\/ -->\n<title>Pantalone Fifty Four blu - Acquista online! - Seconda Strada<\/title>\n<meta name=\"description\" content=\"Pantalone Fifty Four blu \u27a4 Acquista online su Secondastrada.com Pantalone Fifty Four blu \u2714\ufe0f Spedizione veloce entro 24h in tutta Italia \u2714\ufe0f Sconto sul tuo primo acquisto\" \/>\n<meta name=\"robots\" content=\"index, follow, max-snippet:-1, max-image-preview:large, max-video-preview:-1\" \/>\n<link rel=\"canonical\" href=\"https:\/\/www.secondastrada.com\/it\/pantalone-fifty-four-blu\/\" \/>\n<meta property=\"og:locale\" content=\"it_IT\" \/>\n<meta property=\"og:type\" content=\"article\" \/>\n<meta property=\"og:title\" content=\"Pantalone Fifty Four blu - Acquista online! - Seconda Strada\" \/>\n<meta property=\"og:description\" content=\"Pantalone Fifty Four blu \u27a4 Acquista online su Secondastrada.com Pantalone Fifty Four blu \u2714\ufe0f Spedizione veloce entro 24h in tutta Italia \u2714\ufe0f Sconto sul tuo primo acquisto\" \/>\n<meta property=\"og:url\" content=\"https:\/\/www.secondastrada.com\/it\/pantalone-fifty-four-blu\/\" \/>\n<meta property=\"og:site_name\" content=\"Seconda Strada\" \/>\n<meta property=\"article:modified_time\" content=\"2026-01-29T10:54:34+00:00\" \/>\n<meta property=\"og:image\" content=\"https:\/\/www.secondastrada.com\/wp-content\/uploads\/2024\/04\/MASAN-CG82-ss_B148-BLUE_PE23_1.jpg\" \/>\n\t<meta property=\"og:image:width\" content=\"1000\" \/>\n\t<meta property=\"og:image:height\" content=\"1300\" \/>\n\t<meta property=\"og:image:type\" content=\"image\/jpeg\" \/>\n<meta name=\"twitter:card\" content=\"summary_large_image\" \/>\n<meta name=\"twitter:label1\" content=\"Tempo di lettura stimato\" \/>\n\t<meta name=\"twitter:data1\" content=\"1 minuto\" \/>\n<!-- \/ Yoast SEO plugin. -->","yoast_head_json":{"title":"Pantalone Fifty Four blu - Acquista online! - Seconda Strada","description":"Pantalone Fifty Four blu \u27a4 Acquista online su Secondastrada.com Pantalone Fifty Four blu \u2714\ufe0f Spedizione veloce entro 24h in tutta Italia \u2714\ufe0f Sconto sul tuo primo acquisto","robots":{"index":"index","follow":"follow","max-snippet":"max-snippet:-1","max-image-preview":"max-image-preview:large","max-video-preview":"max-video-preview:-1"},"canonical":"https:\/\/www.secondastrada.com\/it\/pantalone-fifty-four-blu\/","og_locale":"it_IT","og_type":"article","og_title":"Pantalone Fifty Four blu - Acquista online! - Seconda Strada","og_description":"Pantalone Fifty Four blu \u27a4 Acquista online su Secondastrada.com Pantalone Fifty Four blu \u2714\ufe0f Spedizione veloce entro 24h in tutta Italia \u2714\ufe0f Sconto sul tuo primo acquisto","og_url":"https:\/\/www.secondastrada.com\/it\/pantalone-fifty-four-blu\/","og_site_name":"Seconda Strada","article_modified_time":"2026-01-29T10:54:34+00:00","og_image":[{"width":1000,"height":1300,"url":"https:\/\/www.secondastrada.com\/wp-content\/uploads\/2024\/04\/MASAN-CG82-ss_B148-BLUE_PE23_1.jpg","type":"image\/jpeg"}],"twitter_card":"summary_large_image","twitter_misc":{"Tempo di lettura stimato":"1 minuto"},"schema":{"@context":"https:\/\/schema.org","@graph":[{"@type":"WebPage","@id":"https:\/\/www.secondastrada.com\/it\/pantalone-fifty-four-blu\/","url":"https:\/\/www.secondastrada.com\/it\/pantalone-fifty-four-blu\/","name":"Pantalone Fifty Four blu - Acquista online! - Seconda Strada","isPartOf":{"@id":"https:\/\/www.secondastrada.com\/it\/#website"},"primaryImageOfPage":{"@id":"https:\/\/www.secondastrada.com\/it\/pantalone-fifty-four-blu\/#primaryimage"},"image":{"@id":"https:\/\/www.secondastrada.com\/it\/pantalone-fifty-four-blu\/#primaryimage"},"thumbnailUrl":"https:\/\/www.secondastrada.com\/wp-content\/uploads\/2024\/04\/MASAN-CG82-ss_B148-BLUE_PE23_1.jpg","datePublished":"2024-03-22T16:10:16+00:00","dateModified":"2026-01-29T10:54:34+00:00","description":"Pantalone Fifty Four blu \u27a4 Acquista online su Secondastrada.com Pantalone Fifty Four blu \u2714\ufe0f Spedizione veloce entro 24h in tutta Italia \u2714\ufe0f Sconto sul tuo primo acquisto","breadcrumb":{"@id":"https:\/\/www.secondastrada.com\/it\/pantalone-fifty-four-blu\/#breadcrumb"},"inLanguage":"it-IT","potentialAction":[{"@type":"ReadAction","target":["https:\/\/www.secondastrada.com\/it\/pantalone-fifty-four-blu\/"]}]},{"@type":"ImageObject","inLanguage":"it-IT","@id":"https:\/\/www.secondastrada.com\/it\/pantalone-fifty-four-blu\/#primaryimage","url":"https:\/\/www.secondastrada.com\/wp-content\/uploads\/2024\/04\/MASAN-CG82-ss_B148-BLUE_PE23_1.jpg","contentUrl":"https:\/\/www.secondastrada.com\/wp-content\/uploads\/2024\/04\/MASAN-CG82-ss_B148-BLUE_PE23_1.jpg","width":1000,"height":1300,"caption":"MASAN-CG82-ss_B148-BLUE_PE23"},{"@type":"BreadcrumbList","@id":"https:\/\/www.secondastrada.com\/it\/pantalone-fifty-four-blu\/#breadcrumb","itemListElement":[{"@type":"ListItem","position":1,"name":"Home","item":"https:\/\/www.secondastrada.com\/it\/"},{"@type":"ListItem","position":2,"name":"Shop","item":"https:\/\/www.secondastrada.com\/it\/shop\/"},{"@type":"ListItem","position":3,"name":"Uomo","item":"https:\/\/www.secondastrada.com\/it\/collezione-uomo\/"},{"@type":"ListItem","position":4,"name":"Abbigliamento","item":"https:\/\/www.secondastrada.com\/it\/collezione-uomo\/abbigliamento-uomo\/"},{"@type":"ListItem","position":5,"name":"Pantaloni","item":"https:\/\/www.secondastrada.com\/it\/collezione-uomo\/abbigliamento-uomo\/pantaloni-da-uomo\/"},{"@type":"ListItem","position":6,"name":"Pantaloni in cotone","item":"https:\/\/www.secondastrada.com\/it\/collezione-uomo\/abbigliamento-uomo\/pantaloni-da-uomo\/pantaloni-in-cotone-da-uomo\/"},{"@type":"ListItem","position":7,"name":"Pantalone Fifty Four blu"}]},{"@type":"WebSite","@id":"https:\/\/www.secondastrada.com\/it\/#website","url":"https:\/\/www.secondastrada.com\/it\/","name":"Seconda Strada","description":"","publisher":{"@id":"https:\/\/www.secondastrada.com\/it\/#organization"},"potentialAction":[{"@type":"SearchAction","target":{"@type":"EntryPoint","urlTemplate":"https:\/\/www.secondastrada.com\/it\/?s={search_term_string}"},"query-input":"required name=search_term_string"}],"inLanguage":"it-IT"},{"@type":"Organization","@id":"https:\/\/www.secondastrada.com\/it\/#organization","name":"Seconda Strada","url":"https:\/\/www.secondastrada.com\/it\/","logo":{"@type":"ImageObject","inLanguage":"it-IT","@id":"https:\/\/www.secondastrada.com\/it\/#\/schema\/logo\/image\/","url":"https:\/\/www.secondastrada.com\/wp-content\/uploads\/2023\/11\/secondastrada-logo.svg","contentUrl":"https:\/\/www.secondastrada.com\/wp-content\/uploads\/2023\/11\/secondastrada-logo.svg","width":353,"height":47,"caption":"Seconda Strada"},"image":{"@id":"https:\/\/www.secondastrada.com\/it\/#\/schema\/logo\/image\/"}}]}},"df_price":"","df_sale_price":"","df_regular_price":"","df_image_link":"https:\/\/www.secondastrada.com\/wp-content\/uploads\/2024\/04\/MASAN-CG82-ss_B148-BLUE_PE23_1-300x300.jpg","_links":{"self":[{"href":"https:\/\/www.secondastrada.com\/it\/wp-json\/wp\/v2\/product\/4039"}],"collection":[{"href":"https:\/\/www.secondastrada.com\/it\/wp-json\/wp\/v2\/product"}],"about":[{"href":"https:\/\/www.secondastrada.com\/it\/wp-json\/wp\/v2\/types\/product"}],"wp:featuredmedia":[{"embeddable":true,"href":"https:\/\/www.secondastrada.com\/it\/wp-json\/wp\/v2\/media\/38810"}],"wp:attachment":[{"href":"https:\/\/www.secondastrada.com\/it\/wp-json\/wp\/v2\/media?parent=4039"}],"wp:term":[{"taxonomy":"ss_brand","embeddable":true,"href":"https:\/\/www.secondastrada.com\/it\/wp-json\/wp\/v2\/ss_brand?post=4039"},{"taxonomy":"ss_promo","embeddable":true,"href":"https:\/\/www.secondastrada.com\/it\/wp-json\/wp\/v2\/ss_promo?post=4039"},{"taxonomy":"ss_season","embeddable":true,"href":"https:\/\/www.secondastrada.com\/it\/wp-json\/wp\/v2\/ss_season?post=4039"},{"taxonomy":"product_cat","embeddable":true,"href":"https:\/\/www.secondastrada.com\/it\/wp-json\/wp\/v2\/product_cat?post=4039"},{"taxonomy":"product_tag","embeddable":true,"href":"https:\/\/www.secondastrada.com\/it\/wp-json\/wp\/v2\/product_tag?post=4039"}],"curies":[{"name":"wp","href":"https:\/\/api.w.org\/{rel}","templated":true}]}}