{"id":40975,"date":"2024-10-29T15:52:05","date_gmt":"2024-10-29T14:52:05","guid":{"rendered":"http:\/\/secondastrada.com\/piumino-woolrich-rosso\/"},"modified":"2025-04-28T15:08:21","modified_gmt":"2025-04-28T13:08:21","slug":"piumino-woolrich-rosso","status":"publish","type":"product","link":"https:\/\/www.secondastrada.com\/it\/piumino-woolrich-rosso\/","title":{"rendered":"Piumino Woolrich rosso"},"content":{"rendered":"<p><b>COMPOSIZIONE E VESTIBILIT\u00c0:<\/b><br \/>Esterno: 60% cotone 40% poliamide Interno: piume d&#8217;anatra e pelliccia vera<br \/>Il modello \u00e8 alto 178 cm e indossa la taglia L. La vestibilit\u00e0 del capo \u00e8 regolare.<br \/><b>CONSIGLI DI STILE:<\/b><br \/> Piumino in total rosso scarlatto con tasche a taglio trasversale e chiusura a zip. La vestibilit\u00e0 \u00e8 morbida e pratica grazie a zip sul fronte. Il piumino \u00e8 adatto per occasioni casual e facilmente utilizzabile per outfit diurni e serali. Dai un tocco di colore ai tuoi outfit.<br \/>Cod. art. W0L0W0002 EL06 st st<br \/>Vi ricordiamo che tutti i nostri articoli sono originali.<br \/><b>MISURE:<\/b><br \/> Misure taglia M: <br \/>&#8211; Spalle (da cucitura a cucitura): 38 cm <br \/>&#8211; Lunghezza (da sotto ascella fino al fondo): 43 cm <br \/>&#8211; Manica (da cucitura spalla fino al fondo): 65 cm<\/p>\n","protected":false},"excerpt":{"rendered":"<p>COMPOSIZIONE E VESTIBILIT\u00c0:Esterno: 60% cotone 40% poliamide Interno: piume d&#8217;anatra e pelliccia veraIl modello \u00e8 alto 178 cm e indossa la taglia L. La vestibilit\u00e0 del capo \u00e8 regolare.CONSIGLI DI STILE: Piumino in total rosso scarlatto con tasche a taglio trasversale e chiusura a zip. La vestibilit\u00e0 \u00e8 morbida e pratica grazie a zip sul&#8230;<\/p>\n","protected":false},"featured_media":40988,"template":"","meta":{"inline_featured_image":false},"ss_brand":[1930],"ss_promo":[],"ss_season":[2189],"product_cat":[1332,1483,1839,1714],"product_tag":[],"class_list":{"0":"post-40975","1":"product","2":"type-product","3":"status-publish","4":"has-post-thumbnail","6":"ss_brand-woolrich-uomo","7":"ss_season-ai24","8":"product_cat-abbigliamento-uomo","9":"product_cat-piumini-da-uomo","10":"product_cat-piumini-corti-da-uomo","11":"product_cat-collezione-uomo","13":"first","14":"outofstock","15":"sold-individually","16":"shipping-taxable","17":"product-type-variable","18":"has-default-attributes"},"acf":{"ss_brand":[{"term_id":1930,"name":"WOOLRICH","slug":"woolrich-uomo","term_group":0,"term_taxonomy_id":1930,"taxonomy":"ss_brand","description":"Dall\u2019essenza americana uno stile casual intramontabile.","parent":1268,"count":7,"filter":"raw"}],"ss_promo":false,"ss_season":[{"term_id":2189,"name":"AI24","slug":"ai24","term_group":0,"term_taxonomy_id":2189,"taxonomy":"ss_season","description":"","parent":0,"count":2126,"filter":"raw"}],"ss_old_price":"450,00","ss_omnibus_price":"0,00","ss_style_advice":"<p><b>COMPOSIZIONE E VESTIBILIT\u00c0:<\/b><br \/>Esterno: 60% cotone 40% poliamide Interno: piume d&#8217;anatra e pelliccia vera<br \/>Il modello \u00e8 alto 178 cm e indossa la taglia L. La vestibilit\u00e0 del capo \u00e8 regolare.<br \/><b>CONSIGLI DI STILE:<\/b><br \/> Piumino in total rosso scarlatto con tasche a taglio trasversale e chiusura a zip. La vestibilit\u00e0 \u00e8 morbida e pratica grazie a zip sul fronte. Il piumino \u00e8 adatto per occasioni casual e facilmente utilizzabile per outfit diurni e serali. Dai un tocco di colore ai tuoi outfit.<br \/>Cod. art. W0L0W0002 EL06 st st<br \/>Vi ricordiamo che tutti i nostri articoli sono originali.<br \/><b>MISURE:<\/b><br \/> Misure taglia M: <br \/>&#8211; Spalle (da cucitura a cucitura): 38 cm <br \/>&#8211; Lunghezza (da sotto ascella fino al fondo): 43 cm <br \/>&#8211; Manica (da cucitura spalla fino al fondo): 65 cm<\/p>\n","ss_composition":"<p>75% poliamide 25% elastane<\/p>\n","ss_fit":"<p>Piumino WOOLRICH<\/p>\n"},"yoast_head":"<!-- This site is optimized with the Yoast SEO plugin v22.3 - https:\/\/yoast.com\/wordpress\/plugins\/seo\/ -->\n<title>Piumino Woolrich rosso - Acquista online! - Seconda Strada<\/title>\n<meta name=\"description\" content=\"Piumino Woolrich rosso \u27a4 Acquista online su Secondastrada.com Piumino Woolrich rosso \u2714\ufe0f Spedizione veloce entro 24h in tutta Italia \u2714\ufe0f Sconto sul tuo primo acquisto\" \/>\n<meta name=\"robots\" content=\"index, follow, max-snippet:-1, max-image-preview:large, max-video-preview:-1\" \/>\n<link rel=\"canonical\" href=\"https:\/\/www.secondastrada.com\/it\/piumino-woolrich-rosso\/\" \/>\n<meta property=\"og:locale\" content=\"it_IT\" \/>\n<meta property=\"og:type\" content=\"article\" \/>\n<meta property=\"og:title\" content=\"Piumino Woolrich rosso - Acquista online! - Seconda Strada\" \/>\n<meta property=\"og:description\" content=\"Piumino Woolrich rosso \u27a4 Acquista online su Secondastrada.com Piumino Woolrich rosso \u2714\ufe0f Spedizione veloce entro 24h in tutta Italia \u2714\ufe0f Sconto sul tuo primo acquisto\" \/>\n<meta property=\"og:url\" content=\"https:\/\/www.secondastrada.com\/it\/piumino-woolrich-rosso\/\" \/>\n<meta property=\"og:site_name\" content=\"Seconda Strada\" \/>\n<meta property=\"article:modified_time\" content=\"2025-04-28T13:08:21+00:00\" \/>\n<meta property=\"og:image\" content=\"https:\/\/www.secondastrada.com\/wp-content\/uploads\/2024\/04\/W0L0W0002-EL06-st_ROSSO_AI23_1.jpg\" \/>\n\t<meta property=\"og:image:width\" content=\"1000\" \/>\n\t<meta property=\"og:image:height\" content=\"1300\" \/>\n\t<meta property=\"og:image:type\" content=\"image\/jpeg\" \/>\n<meta name=\"twitter:card\" content=\"summary_large_image\" \/>\n<meta name=\"twitter:label1\" content=\"Tempo di lettura stimato\" \/>\n\t<meta name=\"twitter:data1\" content=\"1 minuto\" \/>\n<!-- \/ Yoast SEO plugin. -->","yoast_head_json":{"title":"Piumino Woolrich rosso - Acquista online! - Seconda Strada","description":"Piumino Woolrich rosso \u27a4 Acquista online su Secondastrada.com Piumino Woolrich rosso \u2714\ufe0f Spedizione veloce entro 24h in tutta Italia \u2714\ufe0f Sconto sul tuo primo acquisto","robots":{"index":"index","follow":"follow","max-snippet":"max-snippet:-1","max-image-preview":"max-image-preview:large","max-video-preview":"max-video-preview:-1"},"canonical":"https:\/\/www.secondastrada.com\/it\/piumino-woolrich-rosso\/","og_locale":"it_IT","og_type":"article","og_title":"Piumino Woolrich rosso - Acquista online! - Seconda Strada","og_description":"Piumino Woolrich rosso \u27a4 Acquista online su Secondastrada.com Piumino Woolrich rosso \u2714\ufe0f Spedizione veloce entro 24h in tutta Italia \u2714\ufe0f Sconto sul tuo primo acquisto","og_url":"https:\/\/www.secondastrada.com\/it\/piumino-woolrich-rosso\/","og_site_name":"Seconda Strada","article_modified_time":"2025-04-28T13:08:21+00:00","og_image":[{"width":1000,"height":1300,"url":"https:\/\/www.secondastrada.com\/wp-content\/uploads\/2024\/04\/W0L0W0002-EL06-st_ROSSO_AI23_1.jpg","type":"image\/jpeg"}],"twitter_card":"summary_large_image","twitter_misc":{"Tempo di lettura stimato":"1 minuto"},"schema":{"@context":"https:\/\/schema.org","@graph":[{"@type":"WebPage","@id":"https:\/\/www.secondastrada.com\/it\/piumino-woolrich-rosso\/","url":"https:\/\/www.secondastrada.com\/it\/piumino-woolrich-rosso\/","name":"Piumino Woolrich rosso - Acquista online! - Seconda Strada","isPartOf":{"@id":"https:\/\/www.secondastrada.com\/it\/#website"},"primaryImageOfPage":{"@id":"https:\/\/www.secondastrada.com\/it\/piumino-woolrich-rosso\/#primaryimage"},"image":{"@id":"https:\/\/www.secondastrada.com\/it\/piumino-woolrich-rosso\/#primaryimage"},"thumbnailUrl":"https:\/\/www.secondastrada.com\/wp-content\/uploads\/2024\/04\/W0L0W0002-EL06-st_ROSSO_AI23_1.jpg","datePublished":"2024-10-29T14:52:05+00:00","dateModified":"2025-04-28T13:08:21+00:00","description":"Piumino Woolrich rosso \u27a4 Acquista online su Secondastrada.com Piumino Woolrich rosso \u2714\ufe0f Spedizione veloce entro 24h in tutta Italia \u2714\ufe0f Sconto sul tuo primo acquisto","breadcrumb":{"@id":"https:\/\/www.secondastrada.com\/it\/piumino-woolrich-rosso\/#breadcrumb"},"inLanguage":"it-IT","potentialAction":[{"@type":"ReadAction","target":["https:\/\/www.secondastrada.com\/it\/piumino-woolrich-rosso\/"]}]},{"@type":"ImageObject","inLanguage":"it-IT","@id":"https:\/\/www.secondastrada.com\/it\/piumino-woolrich-rosso\/#primaryimage","url":"https:\/\/www.secondastrada.com\/wp-content\/uploads\/2024\/04\/W0L0W0002-EL06-st_ROSSO_AI23_1.jpg","contentUrl":"https:\/\/www.secondastrada.com\/wp-content\/uploads\/2024\/04\/W0L0W0002-EL06-st_ROSSO_AI23_1.jpg","width":1000,"height":1300,"caption":"W0L0W0002-EL06-st_ROSSO_AI23"},{"@type":"BreadcrumbList","@id":"https:\/\/www.secondastrada.com\/it\/piumino-woolrich-rosso\/#breadcrumb","itemListElement":[{"@type":"ListItem","position":1,"name":"Home","item":"https:\/\/www.secondastrada.com\/it\/"},{"@type":"ListItem","position":2,"name":"Shop","item":"https:\/\/www.secondastrada.com\/it\/shop\/"},{"@type":"ListItem","position":3,"name":"Uomo","item":"https:\/\/www.secondastrada.com\/it\/collezione-uomo\/"},{"@type":"ListItem","position":4,"name":"Abbigliamento","item":"https:\/\/www.secondastrada.com\/it\/collezione-uomo\/abbigliamento-uomo\/"},{"@type":"ListItem","position":5,"name":"Piumini","item":"https:\/\/www.secondastrada.com\/it\/collezione-uomo\/abbigliamento-uomo\/piumini-da-uomo\/"},{"@type":"ListItem","position":6,"name":"Piumini corti","item":"https:\/\/www.secondastrada.com\/it\/collezione-uomo\/abbigliamento-uomo\/piumini-da-uomo\/piumini-corti-da-uomo\/"},{"@type":"ListItem","position":7,"name":"Piumino Woolrich rosso"}]},{"@type":"WebSite","@id":"https:\/\/www.secondastrada.com\/it\/#website","url":"https:\/\/www.secondastrada.com\/it\/","name":"Seconda Strada","description":"","publisher":{"@id":"https:\/\/www.secondastrada.com\/it\/#organization"},"potentialAction":[{"@type":"SearchAction","target":{"@type":"EntryPoint","urlTemplate":"https:\/\/www.secondastrada.com\/it\/?s={search_term_string}"},"query-input":"required name=search_term_string"}],"inLanguage":"it-IT"},{"@type":"Organization","@id":"https:\/\/www.secondastrada.com\/it\/#organization","name":"Seconda Strada","url":"https:\/\/www.secondastrada.com\/it\/","logo":{"@type":"ImageObject","inLanguage":"it-IT","@id":"https:\/\/www.secondastrada.com\/it\/#\/schema\/logo\/image\/","url":"https:\/\/www.secondastrada.com\/wp-content\/uploads\/2023\/11\/secondastrada-logo.svg","contentUrl":"https:\/\/www.secondastrada.com\/wp-content\/uploads\/2023\/11\/secondastrada-logo.svg","width":353,"height":47,"caption":"Seconda Strada"},"image":{"@id":"https:\/\/www.secondastrada.com\/it\/#\/schema\/logo\/image\/"}}]}},"df_price":"","df_sale_price":"","df_regular_price":"","df_image_link":"https:\/\/www.secondastrada.com\/wp-content\/uploads\/2024\/04\/W0L0W0002-EL06-st_ROSSO_AI23_1-300x300.jpg","_links":{"self":[{"href":"https:\/\/www.secondastrada.com\/it\/wp-json\/wp\/v2\/product\/40975"}],"collection":[{"href":"https:\/\/www.secondastrada.com\/it\/wp-json\/wp\/v2\/product"}],"about":[{"href":"https:\/\/www.secondastrada.com\/it\/wp-json\/wp\/v2\/types\/product"}],"wp:featuredmedia":[{"embeddable":true,"href":"https:\/\/www.secondastrada.com\/it\/wp-json\/wp\/v2\/media\/40988"}],"wp:attachment":[{"href":"https:\/\/www.secondastrada.com\/it\/wp-json\/wp\/v2\/media?parent=40975"}],"wp:term":[{"taxonomy":"ss_brand","embeddable":true,"href":"https:\/\/www.secondastrada.com\/it\/wp-json\/wp\/v2\/ss_brand?post=40975"},{"taxonomy":"ss_promo","embeddable":true,"href":"https:\/\/www.secondastrada.com\/it\/wp-json\/wp\/v2\/ss_promo?post=40975"},{"taxonomy":"ss_season","embeddable":true,"href":"https:\/\/www.secondastrada.com\/it\/wp-json\/wp\/v2\/ss_season?post=40975"},{"taxonomy":"product_cat","embeddable":true,"href":"https:\/\/www.secondastrada.com\/it\/wp-json\/wp\/v2\/product_cat?post=40975"},{"taxonomy":"product_tag","embeddable":true,"href":"https:\/\/www.secondastrada.com\/it\/wp-json\/wp\/v2\/product_tag?post=40975"}],"curies":[{"name":"wp","href":"https:\/\/api.w.org\/{rel}","templated":true}]}}