{"id":43039,"date":"2024-03-30T10:19:32","date_gmt":"2024-03-30T09:19:32","guid":{"rendered":"https:\/\/secondastrada.com\/it\/maglia-fracomina-cardigan-con-applicazioni\/"},"modified":"2025-07-03T14:45:50","modified_gmt":"2025-07-03T12:45:50","slug":"maglia-fracomina-cardigan-con-applicazioni","status":"publish","type":"product","link":"https:\/\/www.secondastrada.com\/it\/maglia-fracomina-cardigan-con-applicazioni\/","title":{"rendered":"Maglia Fracomina cardigan con applicazioni"},"content":{"rendered":"<p>57% nylon 43% viscosa<br \/>La modella indossa la taglia S \u00e8 alta 170 cm e la vestibilit\u00e0 \u00e8 regolare. Spalle: 37cm Maniche: 58cm Lunghezza: 37cm <\/br> Cardigan girocollo con applicazioni gioiello e bottoni tinta su tinta. Vestibilit\u00e0 aderente senza stringere sulla vita. Il capospalla da tenere sempre in borsa per i primi freddi e illuminare il tuo outfit!<br \/>Cod. art. FR19FM834 sr<br \/>Vi ricordiamo che tutti i nostri articoli sono originali.<\/p>\n","protected":false},"excerpt":{"rendered":"<p>57% nylon 43% viscosaLa modella indossa la taglia S \u00e8 alta 170 cm e la vestibilit\u00e0 \u00e8 regolare. Spalle: 37cm Maniche: 58cm Lunghezza: 37cm Cardigan girocollo con applicazioni gioiello e bottoni tinta su tinta. Vestibilit\u00e0 aderente senza stringere sulla vita. Il capospalla da tenere sempre in borsa per i primi freddi e illuminare il tuo&#8230;<\/p>\n","protected":false},"featured_media":0,"template":"","meta":{"inline_featured_image":false},"ss_brand":[1205],"ss_promo":[],"ss_season":[1710],"product_cat":[1329,1658,1608,1535],"product_tag":[1765],"class_list":{"0":"post-43039","1":"product","2":"type-product","3":"status-publish","5":"ss_brand-fracomina-donna","6":"ss_season-ai22","7":"product_cat-abbigliamento-donna","8":"product_cat-collezione-donna","9":"product_cat-maglie","10":"product_cat-maglie-da-donna","11":"product_tag-maglieria-fracomina-donna","13":"first","14":"outofstock","15":"shipping-taxable","16":"product-type-variable","17":"has-default-attributes"},"acf":{"ss_brand":[{"term_id":1205,"name":"FRACOMINA","slug":"fracomina-donna","term_group":0,"term_taxonomy_id":1205,"taxonomy":"ss_brand","description":"Regalati una giusta dose di charme con Fracomina: scopri la collezione di abbigliamento 100% Made in Italy e non perdere le offerte della nostra esclusiva boutique online!\u00a0Acquista online su SecondaStrada.com <strong>abbigliamento da donna Fracomina scontatissimo<\/strong>!","parent":1201,"count":296,"filter":"raw"}],"ss_promo":false,"ss_season":[{"term_id":1710,"name":"AI22","slug":"ai22","term_group":0,"term_taxonomy_id":1710,"taxonomy":"ss_season","description":"","parent":0,"count":262,"filter":"raw"}],"ss_old_price":"79,90","ss_omnibus_price":"0,00","ss_style_advice":"<p>57% nylon 43% viscosa<br \/>La modella indossa la taglia S \u00e8 alta 170 cm e la vestibilit\u00e0 \u00e8 regolare. Spalle: 37cm Maniche: 58cm Lunghezza: 37cm <\/br> Cardigan girocollo con applicazioni gioiello e bottoni tinta su tinta. Vestibilit\u00e0 aderente senza stringere sulla vita. Il capospalla da tenere sempre in borsa per i primi freddi e illuminare il tuo outfit!<br \/>Cod. art. FR19FM834 sr<br \/>Vi ricordiamo che tutti i nostri articoli sono originali.<\/p>\n","ss_composition":"","ss_fit":""},"yoast_head":"<!-- This site is optimized with the Yoast SEO plugin v22.3 - https:\/\/yoast.com\/wordpress\/plugins\/seo\/ -->\n<title>Maglia Fracomina cardigan con applicazioni - Acquista online! - Seconda Strada<\/title>\n<meta name=\"description\" content=\"Maglia Fracomina cardigan con applicazioni \u27a4 Acquista online su Secondastrada.com Maglia Fracomina cardigan con applicazioni \u2714\ufe0f Spedizione veloce entro 24h in tutta Italia \u2714\ufe0f Sconto sul tuo primo acquisto\" \/>\n<meta name=\"robots\" content=\"index, follow, max-snippet:-1, max-image-preview:large, max-video-preview:-1\" \/>\n<link rel=\"canonical\" href=\"https:\/\/www.secondastrada.com\/it\/maglia-fracomina-cardigan-con-applicazioni\/\" \/>\n<meta property=\"og:locale\" content=\"it_IT\" \/>\n<meta property=\"og:type\" content=\"article\" \/>\n<meta property=\"og:title\" content=\"Maglia Fracomina cardigan con applicazioni - Acquista online! - Seconda Strada\" \/>\n<meta property=\"og:description\" content=\"Maglia Fracomina cardigan con applicazioni \u27a4 Acquista online su Secondastrada.com Maglia Fracomina cardigan con applicazioni \u2714\ufe0f Spedizione veloce entro 24h in tutta Italia \u2714\ufe0f Sconto sul tuo primo acquisto\" \/>\n<meta property=\"og:url\" content=\"https:\/\/www.secondastrada.com\/it\/maglia-fracomina-cardigan-con-applicazioni\/\" \/>\n<meta property=\"og:site_name\" content=\"Seconda Strada\" \/>\n<meta property=\"article:modified_time\" content=\"2025-07-03T12:45:50+00:00\" \/>\n<meta name=\"twitter:card\" content=\"summary_large_image\" \/>\n<!-- \/ Yoast SEO plugin. -->","yoast_head_json":{"title":"Maglia Fracomina cardigan con applicazioni - Acquista online! - Seconda Strada","description":"Maglia Fracomina cardigan con applicazioni \u27a4 Acquista online su Secondastrada.com Maglia Fracomina cardigan con applicazioni \u2714\ufe0f Spedizione veloce entro 24h in tutta Italia \u2714\ufe0f Sconto sul tuo primo acquisto","robots":{"index":"index","follow":"follow","max-snippet":"max-snippet:-1","max-image-preview":"max-image-preview:large","max-video-preview":"max-video-preview:-1"},"canonical":"https:\/\/www.secondastrada.com\/it\/maglia-fracomina-cardigan-con-applicazioni\/","og_locale":"it_IT","og_type":"article","og_title":"Maglia Fracomina cardigan con applicazioni - Acquista online! - Seconda Strada","og_description":"Maglia Fracomina cardigan con applicazioni \u27a4 Acquista online su Secondastrada.com Maglia Fracomina cardigan con applicazioni \u2714\ufe0f Spedizione veloce entro 24h in tutta Italia \u2714\ufe0f Sconto sul tuo primo acquisto","og_url":"https:\/\/www.secondastrada.com\/it\/maglia-fracomina-cardigan-con-applicazioni\/","og_site_name":"Seconda Strada","article_modified_time":"2025-07-03T12:45:50+00:00","twitter_card":"summary_large_image","schema":{"@context":"https:\/\/schema.org","@graph":[{"@type":"WebPage","@id":"https:\/\/www.secondastrada.com\/it\/maglia-fracomina-cardigan-con-applicazioni\/","url":"https:\/\/www.secondastrada.com\/it\/maglia-fracomina-cardigan-con-applicazioni\/","name":"Maglia Fracomina cardigan con applicazioni - Acquista online! - Seconda Strada","isPartOf":{"@id":"https:\/\/www.secondastrada.com\/it\/#website"},"datePublished":"2024-03-30T09:19:32+00:00","dateModified":"2025-07-03T12:45:50+00:00","description":"Maglia Fracomina cardigan con applicazioni \u27a4 Acquista online su Secondastrada.com Maglia Fracomina cardigan con applicazioni \u2714\ufe0f Spedizione veloce entro 24h in tutta Italia \u2714\ufe0f Sconto sul tuo primo acquisto","breadcrumb":{"@id":"https:\/\/www.secondastrada.com\/it\/maglia-fracomina-cardigan-con-applicazioni\/#breadcrumb"},"inLanguage":"it-IT","potentialAction":[{"@type":"ReadAction","target":["https:\/\/www.secondastrada.com\/it\/maglia-fracomina-cardigan-con-applicazioni\/"]}]},{"@type":"BreadcrumbList","@id":"https:\/\/www.secondastrada.com\/it\/maglia-fracomina-cardigan-con-applicazioni\/#breadcrumb","itemListElement":[{"@type":"ListItem","position":1,"name":"Home","item":"https:\/\/www.secondastrada.com\/it\/"},{"@type":"ListItem","position":2,"name":"Shop","item":"https:\/\/www.secondastrada.com\/it\/shop\/"},{"@type":"ListItem","position":3,"name":"Donna","item":"https:\/\/www.secondastrada.com\/it\/collezione-donna\/"},{"@type":"ListItem","position":4,"name":"Abbigliamento","item":"https:\/\/www.secondastrada.com\/it\/collezione-donna\/abbigliamento-donna\/"},{"@type":"ListItem","position":5,"name":"Maglieria","item":"https:\/\/www.secondastrada.com\/it\/collezione-donna\/abbigliamento-donna\/maglie-da-donna\/"},{"@type":"ListItem","position":6,"name":"Maglie eleganti","item":"https:\/\/www.secondastrada.com\/it\/collezione-donna\/abbigliamento-donna\/maglie-da-donna\/maglie\/"},{"@type":"ListItem","position":7,"name":"Maglia Fracomina cardigan con applicazioni"}]},{"@type":"WebSite","@id":"https:\/\/www.secondastrada.com\/it\/#website","url":"https:\/\/www.secondastrada.com\/it\/","name":"Seconda Strada","description":"","publisher":{"@id":"https:\/\/www.secondastrada.com\/it\/#organization"},"potentialAction":[{"@type":"SearchAction","target":{"@type":"EntryPoint","urlTemplate":"https:\/\/www.secondastrada.com\/it\/?s={search_term_string}"},"query-input":"required name=search_term_string"}],"inLanguage":"it-IT"},{"@type":"Organization","@id":"https:\/\/www.secondastrada.com\/it\/#organization","name":"Seconda Strada","url":"https:\/\/www.secondastrada.com\/it\/","logo":{"@type":"ImageObject","inLanguage":"it-IT","@id":"https:\/\/www.secondastrada.com\/it\/#\/schema\/logo\/image\/","url":"https:\/\/www.secondastrada.com\/wp-content\/uploads\/2023\/11\/secondastrada-logo.svg","contentUrl":"https:\/\/www.secondastrada.com\/wp-content\/uploads\/2023\/11\/secondastrada-logo.svg","width":353,"height":47,"caption":"Seconda Strada"},"image":{"@id":"https:\/\/www.secondastrada.com\/it\/#\/schema\/logo\/image\/"}}]}},"df_price":"","df_sale_price":"","df_regular_price":"","df_image_link":"https:\/\/www.secondastrada.com\/wp-content\/uploads\/2024\/03\/placeholder-ss.webp","_links":{"self":[{"href":"https:\/\/www.secondastrada.com\/it\/wp-json\/wp\/v2\/product\/43039"}],"collection":[{"href":"https:\/\/www.secondastrada.com\/it\/wp-json\/wp\/v2\/product"}],"about":[{"href":"https:\/\/www.secondastrada.com\/it\/wp-json\/wp\/v2\/types\/product"}],"wp:attachment":[{"href":"https:\/\/www.secondastrada.com\/it\/wp-json\/wp\/v2\/media?parent=43039"}],"wp:term":[{"taxonomy":"ss_brand","embeddable":true,"href":"https:\/\/www.secondastrada.com\/it\/wp-json\/wp\/v2\/ss_brand?post=43039"},{"taxonomy":"ss_promo","embeddable":true,"href":"https:\/\/www.secondastrada.com\/it\/wp-json\/wp\/v2\/ss_promo?post=43039"},{"taxonomy":"ss_season","embeddable":true,"href":"https:\/\/www.secondastrada.com\/it\/wp-json\/wp\/v2\/ss_season?post=43039"},{"taxonomy":"product_cat","embeddable":true,"href":"https:\/\/www.secondastrada.com\/it\/wp-json\/wp\/v2\/product_cat?post=43039"},{"taxonomy":"product_tag","embeddable":true,"href":"https:\/\/www.secondastrada.com\/it\/wp-json\/wp\/v2\/product_tag?post=43039"}],"curies":[{"name":"wp","href":"https:\/\/api.w.org\/{rel}","templated":true}]}}