{"id":43058,"date":"2024-03-30T10:31:07","date_gmt":"2024-03-30T09:31:07","guid":{"rendered":"https:\/\/secondastrada.com\/it\/maglia-desigual-stampa-nordic\/"},"modified":"2026-01-29T11:33:56","modified_gmt":"2026-01-29T10:33:56","slug":"maglia-desigual-stampa-nordic","status":"publish","type":"product","link":"https:\/\/www.secondastrada.com\/it\/maglia-desigual-stampa-nordic\/","title":{"rendered":"Maglia Desigual stampa Nordic"},"content":{"rendered":"<p>57% Poliestere, 39% Acrilico, 3% Elastan, 1% Lana<br \/>La modella indossa la taglia S \u00e8 alta 170 cm e la vestibilit\u00e0 \u00e8 regolare. Lunghezza: 34cm <\/br>  Caldissimo maglione in stile nordic. Realizzato in poliestere riciclato. Il motivo radiale e geometrico parte dal collo per colorare anche le giornate pi\u00f9 grigie. Aderente su vita e polsini. Decorato con patch. Abbinalo ad una sneaker bianca o ad un pi\u00f9 rock anfibio nero!<br \/>Cod. art. 22WWJFAN<br \/>Vi ricordiamo che tutti i nostri articoli sono originali.<\/p>\n","protected":false},"excerpt":{"rendered":"<p>57% Poliestere, 39% Acrilico, 3% Elastan, 1% LanaLa modella indossa la taglia S \u00e8 alta 170 cm e la vestibilit\u00e0 \u00e8 regolare. Lunghezza: 34cm Caldissimo maglione in stile nordic. Realizzato in poliestere riciclato. Il motivo radiale e geometrico parte dal collo per colorare anche le giornate pi\u00f9 grigie. Aderente su vita e polsini. Decorato con&#8230;<\/p>\n","protected":false},"featured_media":44715,"template":"","meta":{"inline_featured_image":false},"ss_brand":[1217],"ss_promo":[2181],"ss_season":[1710],"product_cat":[1329,1658,1608,1535,2423],"product_tag":[2139],"class_list":{"0":"post-43058","1":"product","2":"type-product","3":"status-publish","4":"has-post-thumbnail","6":"ss_brand-desigual-donna","7":"ss_promo-ultime-occasioni-donna","8":"ss_season-ai22","9":"product_cat-abbigliamento-donna","10":"product_cat-collezione-donna","11":"product_cat-maglie","12":"product_cat-maglie-da-donna","13":"product_cat-svendita-donna","14":"product_tag-ultime-occasioni-donna","16":"first","17":"outofstock","18":"sold-individually","19":"shipping-taxable","20":"product-type-variable","21":"has-default-attributes"},"acf":{"ss_brand":[{"term_id":1217,"name":"DESIGUAL","slug":"desigual-donna","term_group":0,"term_taxonomy_id":1217,"taxonomy":"ss_brand","description":"Immergiti nel mondo camaleontico, insolito e dalle tinte forte di questo eccentrico brand e non perdere tutti i modelli a prezzi esclusivi che abbiamo selezionato per te!\u00a0Acquista online su SecondaStrada.com<strong> abbigliamento da donna Desigual scontatissim<\/strong>o!","parent":1201,"count":394,"filter":"raw"}],"ss_promo":[2181],"ss_season":[{"term_id":1710,"name":"AI22","slug":"ai22","term_group":0,"term_taxonomy_id":1710,"taxonomy":"ss_season","description":"","parent":0,"count":262,"filter":"raw"}],"ss_old_price":"0,00","ss_omnibus_price":"0,00","ss_style_advice":"<p>57% Poliestere, 39% Acrilico, 3% Elastan, 1% Lana<br \/>La modella indossa la taglia S \u00e8 alta 170 cm e la vestibilit\u00e0 \u00e8 regolare. Lunghezza: 34cm <\/br>  Caldissimo maglione in stile nordic. Realizzato in poliestere riciclato. Il motivo radiale e geometrico parte dal collo per colorare anche le giornate pi\u00f9 grigie. Aderente su vita e polsini. Decorato con patch. Abbinalo ad una sneaker bianca o ad un pi\u00f9 rock anfibio nero!<br \/>Cod. art. 22WWJFAN<br \/>Vi ricordiamo che tutti i nostri articoli sono originali.<\/p>\n","ss_composition":"<p>57% Poliest, 39% Acrilico, 3% Elastan, 1% Lana<\/p>\n","ss_fit":"<p>Maglia DESIGUAL<\/p>\n"},"yoast_head":"<!-- This site is optimized with the Yoast SEO plugin v22.3 - https:\/\/yoast.com\/wordpress\/plugins\/seo\/ -->\n<title>Maglia Desigual stampa Nordic - Acquista online! - Seconda Strada<\/title>\n<meta name=\"description\" content=\"Maglia Desigual stampa Nordic \u27a4 Acquista online su Secondastrada.com Maglia Desigual stampa Nordic \u2714\ufe0f Spedizione veloce entro 24h in tutta Italia \u2714\ufe0f Sconto sul tuo primo acquisto\" \/>\n<meta name=\"robots\" content=\"index, follow, max-snippet:-1, max-image-preview:large, max-video-preview:-1\" \/>\n<link rel=\"canonical\" href=\"https:\/\/www.secondastrada.com\/it\/maglia-desigual-stampa-nordic\/\" \/>\n<meta property=\"og:locale\" content=\"it_IT\" \/>\n<meta property=\"og:type\" content=\"article\" \/>\n<meta property=\"og:title\" content=\"Maglia Desigual stampa Nordic - Acquista online! - Seconda Strada\" \/>\n<meta property=\"og:description\" content=\"Maglia Desigual stampa Nordic \u27a4 Acquista online su Secondastrada.com Maglia Desigual stampa Nordic \u2714\ufe0f Spedizione veloce entro 24h in tutta Italia \u2714\ufe0f Sconto sul tuo primo acquisto\" \/>\n<meta property=\"og:url\" content=\"https:\/\/www.secondastrada.com\/it\/maglia-desigual-stampa-nordic\/\" \/>\n<meta property=\"og:site_name\" content=\"Seconda Strada\" \/>\n<meta property=\"article:modified_time\" content=\"2026-01-29T10:33:56+00:00\" \/>\n<meta property=\"og:image\" content=\"https:\/\/www.secondastrada.com\/wp-content\/uploads\/2024\/04\/22WWJFAN_3014_AI22_1.jpg\" \/>\n\t<meta property=\"og:image:width\" content=\"1000\" \/>\n\t<meta property=\"og:image:height\" content=\"1300\" \/>\n\t<meta property=\"og:image:type\" content=\"image\/jpeg\" \/>\n<meta name=\"twitter:card\" content=\"summary_large_image\" \/>\n<!-- \/ Yoast SEO plugin. -->","yoast_head_json":{"title":"Maglia Desigual stampa Nordic - Acquista online! - Seconda Strada","description":"Maglia Desigual stampa Nordic \u27a4 Acquista online su Secondastrada.com Maglia Desigual stampa Nordic \u2714\ufe0f Spedizione veloce entro 24h in tutta Italia \u2714\ufe0f Sconto sul tuo primo acquisto","robots":{"index":"index","follow":"follow","max-snippet":"max-snippet:-1","max-image-preview":"max-image-preview:large","max-video-preview":"max-video-preview:-1"},"canonical":"https:\/\/www.secondastrada.com\/it\/maglia-desigual-stampa-nordic\/","og_locale":"it_IT","og_type":"article","og_title":"Maglia Desigual stampa Nordic - Acquista online! - Seconda Strada","og_description":"Maglia Desigual stampa Nordic \u27a4 Acquista online su Secondastrada.com Maglia Desigual stampa Nordic \u2714\ufe0f Spedizione veloce entro 24h in tutta Italia \u2714\ufe0f Sconto sul tuo primo acquisto","og_url":"https:\/\/www.secondastrada.com\/it\/maglia-desigual-stampa-nordic\/","og_site_name":"Seconda Strada","article_modified_time":"2026-01-29T10:33:56+00:00","og_image":[{"width":1000,"height":1300,"url":"https:\/\/www.secondastrada.com\/wp-content\/uploads\/2024\/04\/22WWJFAN_3014_AI22_1.jpg","type":"image\/jpeg"}],"twitter_card":"summary_large_image","schema":{"@context":"https:\/\/schema.org","@graph":[{"@type":"WebPage","@id":"https:\/\/www.secondastrada.com\/it\/maglia-desigual-stampa-nordic\/","url":"https:\/\/www.secondastrada.com\/it\/maglia-desigual-stampa-nordic\/","name":"Maglia Desigual stampa Nordic - Acquista online! - Seconda Strada","isPartOf":{"@id":"https:\/\/www.secondastrada.com\/it\/#website"},"primaryImageOfPage":{"@id":"https:\/\/www.secondastrada.com\/it\/maglia-desigual-stampa-nordic\/#primaryimage"},"image":{"@id":"https:\/\/www.secondastrada.com\/it\/maglia-desigual-stampa-nordic\/#primaryimage"},"thumbnailUrl":"https:\/\/www.secondastrada.com\/wp-content\/uploads\/2024\/04\/22WWJFAN_3014_AI22_1.jpg","datePublished":"2024-03-30T09:31:07+00:00","dateModified":"2026-01-29T10:33:56+00:00","description":"Maglia Desigual stampa Nordic \u27a4 Acquista online su Secondastrada.com Maglia Desigual stampa Nordic \u2714\ufe0f Spedizione veloce entro 24h in tutta Italia \u2714\ufe0f Sconto sul tuo primo acquisto","breadcrumb":{"@id":"https:\/\/www.secondastrada.com\/it\/maglia-desigual-stampa-nordic\/#breadcrumb"},"inLanguage":"it-IT","potentialAction":[{"@type":"ReadAction","target":["https:\/\/www.secondastrada.com\/it\/maglia-desigual-stampa-nordic\/"]}]},{"@type":"ImageObject","inLanguage":"it-IT","@id":"https:\/\/www.secondastrada.com\/it\/maglia-desigual-stampa-nordic\/#primaryimage","url":"https:\/\/www.secondastrada.com\/wp-content\/uploads\/2024\/04\/22WWJFAN_3014_AI22_1.jpg","contentUrl":"https:\/\/www.secondastrada.com\/wp-content\/uploads\/2024\/04\/22WWJFAN_3014_AI22_1.jpg","width":1000,"height":1300,"caption":"22WWJFAN_3014_AI22"},{"@type":"BreadcrumbList","@id":"https:\/\/www.secondastrada.com\/it\/maglia-desigual-stampa-nordic\/#breadcrumb","itemListElement":[{"@type":"ListItem","position":1,"name":"Home","item":"https:\/\/www.secondastrada.com\/it\/"},{"@type":"ListItem","position":2,"name":"Shop","item":"https:\/\/www.secondastrada.com\/it\/shop\/"},{"@type":"ListItem","position":3,"name":"Donna","item":"https:\/\/www.secondastrada.com\/it\/collezione-donna\/"},{"@type":"ListItem","position":4,"name":"Abbigliamento","item":"https:\/\/www.secondastrada.com\/it\/collezione-donna\/abbigliamento-donna\/"},{"@type":"ListItem","position":5,"name":"Maglieria","item":"https:\/\/www.secondastrada.com\/it\/collezione-donna\/abbigliamento-donna\/maglie-da-donna\/"},{"@type":"ListItem","position":6,"name":"Maglie eleganti","item":"https:\/\/www.secondastrada.com\/it\/collezione-donna\/abbigliamento-donna\/maglie-da-donna\/maglie\/"},{"@type":"ListItem","position":7,"name":"Maglia Desigual stampa Nordic"}]},{"@type":"WebSite","@id":"https:\/\/www.secondastrada.com\/it\/#website","url":"https:\/\/www.secondastrada.com\/it\/","name":"Seconda Strada","description":"","publisher":{"@id":"https:\/\/www.secondastrada.com\/it\/#organization"},"potentialAction":[{"@type":"SearchAction","target":{"@type":"EntryPoint","urlTemplate":"https:\/\/www.secondastrada.com\/it\/?s={search_term_string}"},"query-input":"required name=search_term_string"}],"inLanguage":"it-IT"},{"@type":"Organization","@id":"https:\/\/www.secondastrada.com\/it\/#organization","name":"Seconda Strada","url":"https:\/\/www.secondastrada.com\/it\/","logo":{"@type":"ImageObject","inLanguage":"it-IT","@id":"https:\/\/www.secondastrada.com\/it\/#\/schema\/logo\/image\/","url":"https:\/\/www.secondastrada.com\/wp-content\/uploads\/2023\/11\/secondastrada-logo.svg","contentUrl":"https:\/\/www.secondastrada.com\/wp-content\/uploads\/2023\/11\/secondastrada-logo.svg","width":353,"height":47,"caption":"Seconda Strada"},"image":{"@id":"https:\/\/www.secondastrada.com\/it\/#\/schema\/logo\/image\/"}}]}},"df_price":"","df_sale_price":"","df_regular_price":"","df_image_link":"https:\/\/www.secondastrada.com\/wp-content\/uploads\/2024\/04\/22WWJFAN_3014_AI22_1-300x300.jpg","_links":{"self":[{"href":"https:\/\/www.secondastrada.com\/it\/wp-json\/wp\/v2\/product\/43058"}],"collection":[{"href":"https:\/\/www.secondastrada.com\/it\/wp-json\/wp\/v2\/product"}],"about":[{"href":"https:\/\/www.secondastrada.com\/it\/wp-json\/wp\/v2\/types\/product"}],"wp:featuredmedia":[{"embeddable":true,"href":"https:\/\/www.secondastrada.com\/it\/wp-json\/wp\/v2\/media\/44715"}],"wp:attachment":[{"href":"https:\/\/www.secondastrada.com\/it\/wp-json\/wp\/v2\/media?parent=43058"}],"wp:term":[{"taxonomy":"ss_brand","embeddable":true,"href":"https:\/\/www.secondastrada.com\/it\/wp-json\/wp\/v2\/ss_brand?post=43058"},{"taxonomy":"ss_promo","embeddable":true,"href":"https:\/\/www.secondastrada.com\/it\/wp-json\/wp\/v2\/ss_promo?post=43058"},{"taxonomy":"ss_season","embeddable":true,"href":"https:\/\/www.secondastrada.com\/it\/wp-json\/wp\/v2\/ss_season?post=43058"},{"taxonomy":"product_cat","embeddable":true,"href":"https:\/\/www.secondastrada.com\/it\/wp-json\/wp\/v2\/product_cat?post=43058"},{"taxonomy":"product_tag","embeddable":true,"href":"https:\/\/www.secondastrada.com\/it\/wp-json\/wp\/v2\/product_tag?post=43058"}],"curies":[{"name":"wp","href":"https:\/\/api.w.org\/{rel}","templated":true}]}}