{"id":43595,"date":"2024-03-30T15:19:27","date_gmt":"2024-03-30T14:19:27","guid":{"rendered":"https:\/\/secondastrada.com\/it\/tuta-guess-by-marciano-verde\/"},"modified":"2026-01-29T14:11:18","modified_gmt":"2026-01-29T13:11:18","slug":"tuta-guess-by-marciano-verde","status":"publish","type":"product","link":"https:\/\/www.secondastrada.com\/it\/tuta-guess-by-marciano-verde\/","title":{"rendered":"Tuta Guess by Marciano verde"},"content":{"rendered":"<p><b>COMPOSIZIONE E VESTIBILIT\u00c0:<\/b><br \/>83% acetato 17% poliestere<br \/>La modella \u00e8 alta 170 cm e indossa la taglia 40. La vestibilit\u00e0 del capo \u00e8 regolare.<br \/><b>CONSIGLI DI STILE:<\/b><br \/>Tuta in total verde brillante con spalline ampie. Il capo si present<\/p>\n","protected":false},"excerpt":{"rendered":"<p>COMPOSIZIONE E VESTIBILIT\u00c0:83% acetato 17% poliestereLa modella \u00e8 alta 170 cm e indossa la taglia 40. La vestibilit\u00e0 del capo \u00e8 regolare.CONSIGLI DI STILE:Tuta in total verde brillante con spalline ampie. Il capo si present<\/p>\n","protected":false},"featured_media":44624,"template":"","meta":{"inline_featured_image":false},"ss_brand":[1898],"ss_promo":[2181],"ss_season":[2005],"product_cat":[1329,1539,1658,1335],"product_tag":[1953],"class_list":{"0":"post-43595","1":"product","2":"type-product","3":"status-publish","4":"has-post-thumbnail","6":"ss_brand-guess-by-marciano-donna","7":"ss_promo-ultime-occasioni-donna","8":"ss_season-ai23","9":"product_cat-abbigliamento-donna","10":"product_cat-abiti-e-vestiti-da-donna","11":"product_cat-collezione-donna","12":"product_cat-tute-da-donna","13":"product_tag-campionario","15":"first","16":"outofstock","17":"sold-individually","18":"shipping-taxable","19":"product-type-variable","20":"has-default-attributes"},"acf":{"ss_brand":[{"term_id":1898,"name":"Marciano by Guess","slug":"guess-by-marciano-donna","term_group":0,"term_taxonomy_id":1898,"taxonomy":"ss_brand","description":"Guess by Marciano \u00e8 la traduzione di abbigliamento da donna sensuale, raffinato, elegante, capace di raccontare l\u2019identit\u00e0 femminile tramite outfit divenuti icona nel mondo.","parent":1201,"count":10,"filter":"raw"}],"ss_promo":[2181],"ss_season":[{"term_id":2005,"name":"AI23","slug":"ai23","term_group":0,"term_taxonomy_id":2005,"taxonomy":"ss_season","description":"","parent":0,"count":601,"filter":"raw"}],"ss_old_price":"280,00","ss_omnibus_price":"0,00","ss_style_advice":"<p><b>COMPOSIZIONE E VESTIBILIT\u00c0:<\/b><br \/>83% acetato 17% poliestere<br \/>La modella \u00e8 alta 170 cm e indossa la taglia 40. La vestibilit\u00e0 del capo \u00e8 regolare.<br \/><b>CONSIGLI DI STILE:<\/b><br \/>Tuta in total verde brillante con spalline ampie. Il capo si present<\/p>\n","ss_composition":"<p>83% acetato 17% poliestere<\/p>\n","ss_fit":"<p>Tuta GUESS By Marciano<\/p>\n"},"yoast_head":"<!-- This site is optimized with the Yoast SEO plugin v22.3 - https:\/\/yoast.com\/wordpress\/plugins\/seo\/ -->\n<title>Tuta Guess by Marciano verde - Acquista online! - Seconda Strada<\/title>\n<meta name=\"description\" content=\"Tuta Guess by Marciano verde \u27a4 Acquista online su Secondastrada.com Tuta Guess by Marciano verde \u2714\ufe0f Spedizione veloce entro 24h in tutta Italia \u2714\ufe0f Sconto sul tuo primo acquisto\" \/>\n<meta name=\"robots\" content=\"index, follow, max-snippet:-1, max-image-preview:large, max-video-preview:-1\" \/>\n<link rel=\"canonical\" href=\"https:\/\/www.secondastrada.com\/it\/tuta-guess-by-marciano-verde\/\" \/>\n<meta property=\"og:locale\" content=\"it_IT\" \/>\n<meta property=\"og:type\" content=\"article\" \/>\n<meta property=\"og:title\" content=\"Tuta Guess by Marciano verde - Acquista online! - Seconda Strada\" \/>\n<meta property=\"og:description\" content=\"Tuta Guess by Marciano verde \u27a4 Acquista online su Secondastrada.com Tuta Guess by Marciano verde \u2714\ufe0f Spedizione veloce entro 24h in tutta Italia \u2714\ufe0f Sconto sul tuo primo acquisto\" \/>\n<meta property=\"og:url\" content=\"https:\/\/www.secondastrada.com\/it\/tuta-guess-by-marciano-verde\/\" \/>\n<meta property=\"og:site_name\" content=\"Seconda Strada\" \/>\n<meta property=\"article:modified_time\" content=\"2026-01-29T13:11:18+00:00\" \/>\n<meta property=\"og:image\" content=\"https:\/\/www.secondastrada.com\/wp-content\/uploads\/2024\/04\/3YGK57-9733Z-GS-ct_ND_AI23_1.jpg\" \/>\n\t<meta property=\"og:image:width\" content=\"1000\" \/>\n\t<meta property=\"og:image:height\" content=\"1300\" \/>\n\t<meta property=\"og:image:type\" content=\"image\/jpeg\" \/>\n<meta name=\"twitter:card\" content=\"summary_large_image\" \/>\n<!-- \/ Yoast SEO plugin. -->","yoast_head_json":{"title":"Tuta Guess by Marciano verde - Acquista online! - Seconda Strada","description":"Tuta Guess by Marciano verde \u27a4 Acquista online su Secondastrada.com Tuta Guess by Marciano verde \u2714\ufe0f Spedizione veloce entro 24h in tutta Italia \u2714\ufe0f Sconto sul tuo primo acquisto","robots":{"index":"index","follow":"follow","max-snippet":"max-snippet:-1","max-image-preview":"max-image-preview:large","max-video-preview":"max-video-preview:-1"},"canonical":"https:\/\/www.secondastrada.com\/it\/tuta-guess-by-marciano-verde\/","og_locale":"it_IT","og_type":"article","og_title":"Tuta Guess by Marciano verde - Acquista online! - Seconda Strada","og_description":"Tuta Guess by Marciano verde \u27a4 Acquista online su Secondastrada.com Tuta Guess by Marciano verde \u2714\ufe0f Spedizione veloce entro 24h in tutta Italia \u2714\ufe0f Sconto sul tuo primo acquisto","og_url":"https:\/\/www.secondastrada.com\/it\/tuta-guess-by-marciano-verde\/","og_site_name":"Seconda Strada","article_modified_time":"2026-01-29T13:11:18+00:00","og_image":[{"width":1000,"height":1300,"url":"https:\/\/www.secondastrada.com\/wp-content\/uploads\/2024\/04\/3YGK57-9733Z-GS-ct_ND_AI23_1.jpg","type":"image\/jpeg"}],"twitter_card":"summary_large_image","schema":{"@context":"https:\/\/schema.org","@graph":[{"@type":"WebPage","@id":"https:\/\/www.secondastrada.com\/it\/tuta-guess-by-marciano-verde\/","url":"https:\/\/www.secondastrada.com\/it\/tuta-guess-by-marciano-verde\/","name":"Tuta Guess by Marciano verde - Acquista online! - Seconda Strada","isPartOf":{"@id":"https:\/\/www.secondastrada.com\/it\/#website"},"primaryImageOfPage":{"@id":"https:\/\/www.secondastrada.com\/it\/tuta-guess-by-marciano-verde\/#primaryimage"},"image":{"@id":"https:\/\/www.secondastrada.com\/it\/tuta-guess-by-marciano-verde\/#primaryimage"},"thumbnailUrl":"https:\/\/www.secondastrada.com\/wp-content\/uploads\/2024\/04\/3YGK57-9733Z-GS-ct_ND_AI23_1.jpg","datePublished":"2024-03-30T14:19:27+00:00","dateModified":"2026-01-29T13:11:18+00:00","description":"Tuta Guess by Marciano verde \u27a4 Acquista online su Secondastrada.com Tuta Guess by Marciano verde \u2714\ufe0f Spedizione veloce entro 24h in tutta Italia \u2714\ufe0f Sconto sul tuo primo acquisto","breadcrumb":{"@id":"https:\/\/www.secondastrada.com\/it\/tuta-guess-by-marciano-verde\/#breadcrumb"},"inLanguage":"it-IT","potentialAction":[{"@type":"ReadAction","target":["https:\/\/www.secondastrada.com\/it\/tuta-guess-by-marciano-verde\/"]}]},{"@type":"ImageObject","inLanguage":"it-IT","@id":"https:\/\/www.secondastrada.com\/it\/tuta-guess-by-marciano-verde\/#primaryimage","url":"https:\/\/www.secondastrada.com\/wp-content\/uploads\/2024\/04\/3YGK57-9733Z-GS-ct_ND_AI23_1.jpg","contentUrl":"https:\/\/www.secondastrada.com\/wp-content\/uploads\/2024\/04\/3YGK57-9733Z-GS-ct_ND_AI23_1.jpg","width":1000,"height":1300,"caption":"3YGK57-9733Z-GS-ct_ND_AI23"},{"@type":"BreadcrumbList","@id":"https:\/\/www.secondastrada.com\/it\/tuta-guess-by-marciano-verde\/#breadcrumb","itemListElement":[{"@type":"ListItem","position":1,"name":"Home","item":"https:\/\/www.secondastrada.com\/it\/"},{"@type":"ListItem","position":2,"name":"Shop","item":"https:\/\/www.secondastrada.com\/it\/shop\/"},{"@type":"ListItem","position":3,"name":"Donna","item":"https:\/\/www.secondastrada.com\/it\/collezione-donna\/"},{"@type":"ListItem","position":4,"name":"Abbigliamento","item":"https:\/\/www.secondastrada.com\/it\/collezione-donna\/abbigliamento-donna\/"},{"@type":"ListItem","position":5,"name":"Abiti e Vestiti","item":"https:\/\/www.secondastrada.com\/it\/collezione-donna\/abbigliamento-donna\/abiti-e-vestiti-da-donna\/"},{"@type":"ListItem","position":6,"name":"Tute","item":"https:\/\/www.secondastrada.com\/it\/collezione-donna\/abbigliamento-donna\/abiti-e-vestiti-da-donna\/tute-da-donna\/"},{"@type":"ListItem","position":7,"name":"Tuta Guess by Marciano verde"}]},{"@type":"WebSite","@id":"https:\/\/www.secondastrada.com\/it\/#website","url":"https:\/\/www.secondastrada.com\/it\/","name":"Seconda Strada","description":"","publisher":{"@id":"https:\/\/www.secondastrada.com\/it\/#organization"},"potentialAction":[{"@type":"SearchAction","target":{"@type":"EntryPoint","urlTemplate":"https:\/\/www.secondastrada.com\/it\/?s={search_term_string}"},"query-input":"required name=search_term_string"}],"inLanguage":"it-IT"},{"@type":"Organization","@id":"https:\/\/www.secondastrada.com\/it\/#organization","name":"Seconda Strada","url":"https:\/\/www.secondastrada.com\/it\/","logo":{"@type":"ImageObject","inLanguage":"it-IT","@id":"https:\/\/www.secondastrada.com\/it\/#\/schema\/logo\/image\/","url":"https:\/\/www.secondastrada.com\/wp-content\/uploads\/2023\/11\/secondastrada-logo.svg","contentUrl":"https:\/\/www.secondastrada.com\/wp-content\/uploads\/2023\/11\/secondastrada-logo.svg","width":353,"height":47,"caption":"Seconda Strada"},"image":{"@id":"https:\/\/www.secondastrada.com\/it\/#\/schema\/logo\/image\/"}}]}},"df_price":"","df_sale_price":"","df_regular_price":"","df_image_link":"https:\/\/www.secondastrada.com\/wp-content\/uploads\/2024\/04\/3YGK57-9733Z-GS-ct_ND_AI23_1-300x300.jpg","_links":{"self":[{"href":"https:\/\/www.secondastrada.com\/it\/wp-json\/wp\/v2\/product\/43595"}],"collection":[{"href":"https:\/\/www.secondastrada.com\/it\/wp-json\/wp\/v2\/product"}],"about":[{"href":"https:\/\/www.secondastrada.com\/it\/wp-json\/wp\/v2\/types\/product"}],"wp:featuredmedia":[{"embeddable":true,"href":"https:\/\/www.secondastrada.com\/it\/wp-json\/wp\/v2\/media\/44624"}],"wp:attachment":[{"href":"https:\/\/www.secondastrada.com\/it\/wp-json\/wp\/v2\/media?parent=43595"}],"wp:term":[{"taxonomy":"ss_brand","embeddable":true,"href":"https:\/\/www.secondastrada.com\/it\/wp-json\/wp\/v2\/ss_brand?post=43595"},{"taxonomy":"ss_promo","embeddable":true,"href":"https:\/\/www.secondastrada.com\/it\/wp-json\/wp\/v2\/ss_promo?post=43595"},{"taxonomy":"ss_season","embeddable":true,"href":"https:\/\/www.secondastrada.com\/it\/wp-json\/wp\/v2\/ss_season?post=43595"},{"taxonomy":"product_cat","embeddable":true,"href":"https:\/\/www.secondastrada.com\/it\/wp-json\/wp\/v2\/product_cat?post=43595"},{"taxonomy":"product_tag","embeddable":true,"href":"https:\/\/www.secondastrada.com\/it\/wp-json\/wp\/v2\/product_tag?post=43595"}],"curies":[{"name":"wp","href":"https:\/\/api.w.org\/{rel}","templated":true}]}}