{"id":43599,"date":"2024-03-30T15:22:40","date_gmt":"2024-03-30T14:22:40","guid":{"rendered":"https:\/\/secondastrada.com\/it\/piumino-yes-zee-smanicato-marrone-bruciato\/"},"modified":"2026-01-29T12:31:00","modified_gmt":"2026-01-29T11:31:00","slug":"piumino-yes-zee-smanicato-marrone-bruciato","status":"publish","type":"product","link":"https:\/\/www.secondastrada.com\/it\/piumino-yes-zee-smanicato-marrone-bruciato\/","title":{"rendered":"Piumino Yes Zee smanicato marrone bruciato"},"content":{"rendered":"<p><b>COMPOSIZIONE E VESTIBILIT\u00c0:<\/b><br \/>91% poliestere 9% elastane<br \/>Il modello \u00e8 alto 178 cm e indossa la taglia L. La vestibilit\u00e0 del capo \u00e8 regolare.<br \/><b>CONSIGLI DI STILE:<\/b><br \/>Piumino smanicato con cappuccio in total marrone bruciato. Presenti tasche a taglio trasversale con chiusura a zip. La vestibilit\u00e0 \u00e8 morbida e pratica grazie a doppia zip sul fronte. Lo smanicato \u00e8 adatto per occasioni casual e facilmente utilizzabile per outfit diurni e serali. Inseriscilo nel carrello e scoprirai di non poterne pi\u00f9 fare a meno.<br \/>Cod. art. J900 M900 st<br \/>Vi ricordiamo che tutti i nostri articoli sono originali.<br \/><b>MISURE:<\/b><br \/> Misure taglia L: <br \/>&#8211; Spalle (da cucitura a cucitura): 40 cm <br \/>&#8211; Lunghezza (da sotto ascella fino al fondo): 42 cm <\/p>\n","protected":false},"excerpt":{"rendered":"<p>COMPOSIZIONE E VESTIBILIT\u00c0:91% poliestere 9% elastaneIl modello \u00e8 alto 178 cm e indossa la taglia L. La vestibilit\u00e0 del capo \u00e8 regolare.CONSIGLI DI STILE:Piumino smanicato con cappuccio in total marrone bruciato. Presenti tasche a taglio trasversale con chiusura a zip. La vestibilit\u00e0 \u00e8 morbida e pratica grazie a doppia zip sul fronte. Lo smanicato \u00e8&#8230;<\/p>\n","protected":false},"featured_media":44786,"template":"","meta":{"inline_featured_image":false},"ss_brand":[1280],"ss_promo":[2182],"ss_season":[2005],"product_cat":[1332,1483,1839,1714],"product_tag":[1728,2140,2433],"class_list":{"0":"post-43599","1":"product","2":"type-product","3":"status-publish","4":"has-post-thumbnail","6":"ss_brand-yes-zee-uomo","7":"ss_promo-ultime-occasioni-uomo","8":"ss_season-ai23","9":"product_cat-abbigliamento-uomo","10":"product_cat-piumini-da-uomo","11":"product_cat-piumini-corti-da-uomo","12":"product_cat-collezione-uomo","13":"product_tag-piumini-yes-zee-uomo","14":"product_tag-ultime-occasioni-uomo","15":"product_tag-yes-zee-uomo","17":"first","18":"outofstock","19":"sold-individually","20":"shipping-taxable","21":"product-type-variable","22":"has-default-attributes"},"acf":{"ss_brand":[{"term_id":1280,"name":"YES ZEE","slug":"yes-zee-uomo","term_group":0,"term_taxonomy_id":1280,"taxonomy":"ss_brand","description":"Non un semplice marchio di <strong>abbigliamento da uomo<\/strong>: <strong>Yes Zee<\/strong> \u00e8 il brand perfetto per rivoluzionare con stile tutti i tuoi look metropolitani! Scopri subito le offerte esclusive del nostro store online e acquista <strong>Yes zee da uomo a prezzi scontatissimi<\/strong>.","parent":1268,"count":451,"filter":"raw"}],"ss_promo":[2182],"ss_season":[{"term_id":2005,"name":"AI23","slug":"ai23","term_group":0,"term_taxonomy_id":2005,"taxonomy":"ss_season","description":"","parent":0,"count":601,"filter":"raw"}],"ss_old_price":"0,00","ss_omnibus_price":"0,00","ss_style_advice":"<p><b>COMPOSIZIONE E VESTIBILIT\u00c0:<\/b><br \/>91% poliestere 9% elastane<br \/>Il modello \u00e8 alto 178 cm e indossa la taglia L. La vestibilit\u00e0 del capo \u00e8 regolare.<br \/><b>CONSIGLI DI STILE:<\/b><br \/>Piumino smanicato con cappuccio in total marrone bruciato. Presenti tasche a taglio trasversale con chiusura a zip. La vestibilit\u00e0 \u00e8 morbida e pratica grazie a doppia zip sul fronte. Lo smanicato \u00e8 adatto per occasioni casual e facilmente utilizzabile per outfit diurni e serali. Inseriscilo nel carrello e scoprirai di non poterne pi\u00f9 fare a meno.<br \/>Cod. art. J900 M900 st<br \/>Vi ricordiamo che tutti i nostri articoli sono originali.<br \/><b>MISURE:<\/b><br \/> Misure taglia L: <br \/>&#8211; Spalle (da cucitura a cucitura): 40 cm <br \/>&#8211; Lunghezza (da sotto ascella fino al fondo): 42 cm <\/p>\n","ss_composition":"<p>91% poliestere 9% elastane<\/p>\n","ss_fit":"<p>Piumino YES ZEE<\/p>\n"},"yoast_head":"<!-- This site is optimized with the Yoast SEO plugin v22.3 - https:\/\/yoast.com\/wordpress\/plugins\/seo\/ -->\n<title>Piumino Yes Zee smanicato marrone bruciato - Acquista online! - Seconda Strada<\/title>\n<meta name=\"description\" content=\"Piumino Yes Zee smanicato marrone bruciato \u27a4 Acquista online su Secondastrada.com Piumino Yes Zee smanicato marrone bruciato \u2714\ufe0f Spedizione veloce entro 24h in tutta Italia \u2714\ufe0f Sconto sul tuo primo acquisto\" \/>\n<meta name=\"robots\" content=\"index, follow, max-snippet:-1, max-image-preview:large, max-video-preview:-1\" \/>\n<link rel=\"canonical\" href=\"https:\/\/www.secondastrada.com\/it\/piumino-yes-zee-smanicato-marrone-bruciato\/\" \/>\n<meta property=\"og:locale\" content=\"it_IT\" \/>\n<meta property=\"og:type\" content=\"article\" \/>\n<meta property=\"og:title\" content=\"Piumino Yes Zee smanicato marrone bruciato - Acquista online! - Seconda Strada\" \/>\n<meta property=\"og:description\" content=\"Piumino Yes Zee smanicato marrone bruciato \u27a4 Acquista online su Secondastrada.com Piumino Yes Zee smanicato marrone bruciato \u2714\ufe0f Spedizione veloce entro 24h in tutta Italia \u2714\ufe0f Sconto sul tuo primo acquisto\" \/>\n<meta property=\"og:url\" content=\"https:\/\/www.secondastrada.com\/it\/piumino-yes-zee-smanicato-marrone-bruciato\/\" \/>\n<meta property=\"og:site_name\" content=\"Seconda Strada\" \/>\n<meta property=\"article:modified_time\" content=\"2026-01-29T11:31:00+00:00\" \/>\n<meta property=\"og:image\" content=\"https:\/\/www.secondastrada.com\/wp-content\/uploads\/2024\/04\/J900-M900-st_MARRONE-BRUCIATO_AI23_1.jpg\" \/>\n\t<meta property=\"og:image:width\" content=\"1000\" \/>\n\t<meta property=\"og:image:height\" content=\"1300\" \/>\n\t<meta property=\"og:image:type\" content=\"image\/jpeg\" \/>\n<meta name=\"twitter:card\" content=\"summary_large_image\" \/>\n<meta name=\"twitter:label1\" content=\"Tempo di lettura stimato\" \/>\n\t<meta name=\"twitter:data1\" content=\"1 minuto\" \/>\n<!-- \/ Yoast SEO plugin. -->","yoast_head_json":{"title":"Piumino Yes Zee smanicato marrone bruciato - Acquista online! - Seconda Strada","description":"Piumino Yes Zee smanicato marrone bruciato \u27a4 Acquista online su Secondastrada.com Piumino Yes Zee smanicato marrone bruciato \u2714\ufe0f Spedizione veloce entro 24h in tutta Italia \u2714\ufe0f Sconto sul tuo primo acquisto","robots":{"index":"index","follow":"follow","max-snippet":"max-snippet:-1","max-image-preview":"max-image-preview:large","max-video-preview":"max-video-preview:-1"},"canonical":"https:\/\/www.secondastrada.com\/it\/piumino-yes-zee-smanicato-marrone-bruciato\/","og_locale":"it_IT","og_type":"article","og_title":"Piumino Yes Zee smanicato marrone bruciato - Acquista online! - Seconda Strada","og_description":"Piumino Yes Zee smanicato marrone bruciato \u27a4 Acquista online su Secondastrada.com Piumino Yes Zee smanicato marrone bruciato \u2714\ufe0f Spedizione veloce entro 24h in tutta Italia \u2714\ufe0f Sconto sul tuo primo acquisto","og_url":"https:\/\/www.secondastrada.com\/it\/piumino-yes-zee-smanicato-marrone-bruciato\/","og_site_name":"Seconda Strada","article_modified_time":"2026-01-29T11:31:00+00:00","og_image":[{"width":1000,"height":1300,"url":"https:\/\/www.secondastrada.com\/wp-content\/uploads\/2024\/04\/J900-M900-st_MARRONE-BRUCIATO_AI23_1.jpg","type":"image\/jpeg"}],"twitter_card":"summary_large_image","twitter_misc":{"Tempo di lettura stimato":"1 minuto"},"schema":{"@context":"https:\/\/schema.org","@graph":[{"@type":"WebPage","@id":"https:\/\/www.secondastrada.com\/it\/piumino-yes-zee-smanicato-marrone-bruciato\/","url":"https:\/\/www.secondastrada.com\/it\/piumino-yes-zee-smanicato-marrone-bruciato\/","name":"Piumino Yes Zee smanicato marrone bruciato - Acquista online! - Seconda Strada","isPartOf":{"@id":"https:\/\/www.secondastrada.com\/it\/#website"},"primaryImageOfPage":{"@id":"https:\/\/www.secondastrada.com\/it\/piumino-yes-zee-smanicato-marrone-bruciato\/#primaryimage"},"image":{"@id":"https:\/\/www.secondastrada.com\/it\/piumino-yes-zee-smanicato-marrone-bruciato\/#primaryimage"},"thumbnailUrl":"https:\/\/www.secondastrada.com\/wp-content\/uploads\/2024\/04\/J900-M900-st_MARRONE-BRUCIATO_AI23_1.jpg","datePublished":"2024-03-30T14:22:40+00:00","dateModified":"2026-01-29T11:31:00+00:00","description":"Piumino Yes Zee smanicato marrone bruciato \u27a4 Acquista online su Secondastrada.com Piumino Yes Zee smanicato marrone bruciato \u2714\ufe0f Spedizione veloce entro 24h in tutta Italia \u2714\ufe0f Sconto sul tuo primo acquisto","breadcrumb":{"@id":"https:\/\/www.secondastrada.com\/it\/piumino-yes-zee-smanicato-marrone-bruciato\/#breadcrumb"},"inLanguage":"it-IT","potentialAction":[{"@type":"ReadAction","target":["https:\/\/www.secondastrada.com\/it\/piumino-yes-zee-smanicato-marrone-bruciato\/"]}]},{"@type":"ImageObject","inLanguage":"it-IT","@id":"https:\/\/www.secondastrada.com\/it\/piumino-yes-zee-smanicato-marrone-bruciato\/#primaryimage","url":"https:\/\/www.secondastrada.com\/wp-content\/uploads\/2024\/04\/J900-M900-st_MARRONE-BRUCIATO_AI23_1.jpg","contentUrl":"https:\/\/www.secondastrada.com\/wp-content\/uploads\/2024\/04\/J900-M900-st_MARRONE-BRUCIATO_AI23_1.jpg","width":1000,"height":1300,"caption":"J900-M900-st_MARRONE-BRUCIATO_AI23"},{"@type":"BreadcrumbList","@id":"https:\/\/www.secondastrada.com\/it\/piumino-yes-zee-smanicato-marrone-bruciato\/#breadcrumb","itemListElement":[{"@type":"ListItem","position":1,"name":"Home","item":"https:\/\/www.secondastrada.com\/it\/"},{"@type":"ListItem","position":2,"name":"Shop","item":"https:\/\/www.secondastrada.com\/it\/shop\/"},{"@type":"ListItem","position":3,"name":"Uomo","item":"https:\/\/www.secondastrada.com\/it\/collezione-uomo\/"},{"@type":"ListItem","position":4,"name":"Abbigliamento","item":"https:\/\/www.secondastrada.com\/it\/collezione-uomo\/abbigliamento-uomo\/"},{"@type":"ListItem","position":5,"name":"Piumini","item":"https:\/\/www.secondastrada.com\/it\/collezione-uomo\/abbigliamento-uomo\/piumini-da-uomo\/"},{"@type":"ListItem","position":6,"name":"Piumini corti","item":"https:\/\/www.secondastrada.com\/it\/collezione-uomo\/abbigliamento-uomo\/piumini-da-uomo\/piumini-corti-da-uomo\/"},{"@type":"ListItem","position":7,"name":"Piumino Yes Zee smanicato marrone bruciato"}]},{"@type":"WebSite","@id":"https:\/\/www.secondastrada.com\/it\/#website","url":"https:\/\/www.secondastrada.com\/it\/","name":"Seconda Strada","description":"","publisher":{"@id":"https:\/\/www.secondastrada.com\/it\/#organization"},"potentialAction":[{"@type":"SearchAction","target":{"@type":"EntryPoint","urlTemplate":"https:\/\/www.secondastrada.com\/it\/?s={search_term_string}"},"query-input":"required name=search_term_string"}],"inLanguage":"it-IT"},{"@type":"Organization","@id":"https:\/\/www.secondastrada.com\/it\/#organization","name":"Seconda Strada","url":"https:\/\/www.secondastrada.com\/it\/","logo":{"@type":"ImageObject","inLanguage":"it-IT","@id":"https:\/\/www.secondastrada.com\/it\/#\/schema\/logo\/image\/","url":"https:\/\/www.secondastrada.com\/wp-content\/uploads\/2023\/11\/secondastrada-logo.svg","contentUrl":"https:\/\/www.secondastrada.com\/wp-content\/uploads\/2023\/11\/secondastrada-logo.svg","width":353,"height":47,"caption":"Seconda Strada"},"image":{"@id":"https:\/\/www.secondastrada.com\/it\/#\/schema\/logo\/image\/"}}]}},"df_price":"","df_sale_price":"","df_regular_price":"","df_image_link":"https:\/\/www.secondastrada.com\/wp-content\/uploads\/2024\/04\/J900-M900-st_MARRONE-BRUCIATO_AI23_1-300x300.jpg","_links":{"self":[{"href":"https:\/\/www.secondastrada.com\/it\/wp-json\/wp\/v2\/product\/43599"}],"collection":[{"href":"https:\/\/www.secondastrada.com\/it\/wp-json\/wp\/v2\/product"}],"about":[{"href":"https:\/\/www.secondastrada.com\/it\/wp-json\/wp\/v2\/types\/product"}],"wp:featuredmedia":[{"embeddable":true,"href":"https:\/\/www.secondastrada.com\/it\/wp-json\/wp\/v2\/media\/44786"}],"wp:attachment":[{"href":"https:\/\/www.secondastrada.com\/it\/wp-json\/wp\/v2\/media?parent=43599"}],"wp:term":[{"taxonomy":"ss_brand","embeddable":true,"href":"https:\/\/www.secondastrada.com\/it\/wp-json\/wp\/v2\/ss_brand?post=43599"},{"taxonomy":"ss_promo","embeddable":true,"href":"https:\/\/www.secondastrada.com\/it\/wp-json\/wp\/v2\/ss_promo?post=43599"},{"taxonomy":"ss_season","embeddable":true,"href":"https:\/\/www.secondastrada.com\/it\/wp-json\/wp\/v2\/ss_season?post=43599"},{"taxonomy":"product_cat","embeddable":true,"href":"https:\/\/www.secondastrada.com\/it\/wp-json\/wp\/v2\/product_cat?post=43599"},{"taxonomy":"product_tag","embeddable":true,"href":"https:\/\/www.secondastrada.com\/it\/wp-json\/wp\/v2\/product_tag?post=43599"}],"curies":[{"name":"wp","href":"https:\/\/api.w.org\/{rel}","templated":true}]}}