{"id":44144,"date":"2024-03-05T19:00:29","date_gmt":"2024-03-05T18:00:29","guid":{"rendered":"https:\/\/secondastrada.com\/it\/piumino-nick-logan-con-maxi-zip\/"},"modified":"2026-01-29T11:27:20","modified_gmt":"2026-01-29T10:27:20","slug":"piumino-nick-logan-con-maxi-zip","status":"publish","type":"product","link":"https:\/\/www.secondastrada.com\/it\/piumino-nick-logan-con-maxi-zip\/","title":{"rendered":"Piumino Nick Logan con maxi zip"},"content":{"rendered":"<p>Esterno: 100% poliestere &#8211; Fodera: 100% nylon  &#8211; dettagli in similpelle<br \/>Il modello indossa la taglia L ed \u00e8 alto 186 cm e la vestibilit\u00e0 \u00e8 regolare<br \/>Scegli lo stile di Nick Logan per proteggerti dal freddo invernale e affidati a questo piumino con cappuccio rimovibile e zip per un tocco chic! Abbinalo subito a un jeans e a un maglione per una routine cool!<br \/>Cod. Art  RIMA 14 F0021 op<br \/>Vi ricordiamo che tutti i nostri articoli sono originali.<\/p>\n","protected":false},"excerpt":{"rendered":"<p>Esterno: 100% poliestere &#8211; Fodera: 100% nylon &#8211; dettagli in similpelleIl modello indossa la taglia L ed \u00e8 alto 186 cm e la vestibilit\u00e0 \u00e8 regolareScegli lo stile di Nick Logan per proteggerti dal freddo invernale e affidati a questo piumino con cappuccio rimovibile e zip per un tocco chic! Abbinalo subito a un jeans&#8230;<\/p>\n","protected":false},"featured_media":56652,"template":"","meta":{"inline_featured_image":false},"ss_brand":[1276],"ss_promo":[2182],"ss_season":[],"product_cat":[1332,1483,1840,1714],"product_tag":[],"class_list":{"0":"post-44144","1":"product","2":"type-product","3":"status-publish","4":"has-post-thumbnail","6":"ss_brand-nick-logan-uomo","7":"ss_promo-ultime-occasioni-uomo","8":"product_cat-abbigliamento-uomo","9":"product_cat-piumini-da-uomo","10":"product_cat-piumini-lunghi-da-uomo","11":"product_cat-collezione-uomo","13":"first","14":"outofstock","15":"sold-individually","16":"shipping-taxable","17":"product-type-variable","18":"has-default-attributes"},"acf":{"ss_brand":[{"term_id":1276,"name":"NICK LOGAN","slug":"nick-logan-uomo","term_group":0,"term_taxonomy_id":1276,"taxonomy":"ss_brand","description":"Trendy, ricercato e perfetta simbiosi con i trend contemporanei: Nick Logan \u00e8 il marchio di abbigliamento maschile di cui ti innamorerai! Scopri tutte le nostre offerte esclusive!\u00a0Acquista online su SecondaStrada.com<strong> abbigliamento da uomo Nick Logan scontatissimo!<\/strong>","parent":1268,"count":1,"filter":"raw"}],"ss_promo":[2182],"ss_season":false,"ss_old_price":"0,00","ss_omnibus_price":"0,00","ss_style_advice":"<p>Esterno: 100% poliestere &#8211; Fodera: 100% nylon  &#8211; dettagli in similpelle<br \/>Il modello indossa la taglia L ed \u00e8 alto 186 cm e la vestibilit\u00e0 \u00e8 regolare<br \/>Scegli lo stile di Nick Logan per proteggerti dal freddo invernale e affidati a questo piumino con cappuccio rimovibile e zip per un tocco chic! Abbinalo subito a un jeans e a un maglione per una routine cool!<br \/>Cod. Art  RIMA 14 F0021 op<br \/>Vi ricordiamo che tutti i nostri articoli sono originali.<\/p>\n","ss_composition":"<p>Esterno: 100% poliestere &#8211; Fodera: 100% nylon  &#8211; dettagli in similpelle<\/p>\n","ss_fit":"<p>Piumino NICK LOGAN<\/p>\n"},"yoast_head":"<!-- This site is optimized with the Yoast SEO plugin v22.3 - https:\/\/yoast.com\/wordpress\/plugins\/seo\/ -->\n<title>Piumino Nick Logan con maxi zip - Acquista online! - Seconda Strada<\/title>\n<meta name=\"description\" content=\"Piumino Nick Logan con maxi zip \u27a4 Acquista online su Secondastrada.com Piumino Nick Logan con maxi zip \u2714\ufe0f Spedizione veloce entro 24h in tutta Italia \u2714\ufe0f Sconto sul tuo primo acquisto\" \/>\n<meta name=\"robots\" content=\"index, follow, max-snippet:-1, max-image-preview:large, max-video-preview:-1\" \/>\n<link rel=\"canonical\" href=\"https:\/\/www.secondastrada.com\/it\/piumino-nick-logan-con-maxi-zip\/\" \/>\n<meta property=\"og:locale\" content=\"it_IT\" \/>\n<meta property=\"og:type\" content=\"article\" \/>\n<meta property=\"og:title\" content=\"Piumino Nick Logan con maxi zip - Acquista online! - Seconda Strada\" \/>\n<meta property=\"og:description\" content=\"Piumino Nick Logan con maxi zip \u27a4 Acquista online su Secondastrada.com Piumino Nick Logan con maxi zip \u2714\ufe0f Spedizione veloce entro 24h in tutta Italia \u2714\ufe0f Sconto sul tuo primo acquisto\" \/>\n<meta property=\"og:url\" content=\"https:\/\/www.secondastrada.com\/it\/piumino-nick-logan-con-maxi-zip\/\" \/>\n<meta property=\"og:site_name\" content=\"Seconda Strada\" \/>\n<meta property=\"article:modified_time\" content=\"2026-01-29T10:27:20+00:00\" \/>\n<meta property=\"og:image\" content=\"https:\/\/www.secondastrada.com\/wp-content\/uploads\/2024\/05\/RIMA-14-F0021-op_F010_AI21_1.jpg\" \/>\n\t<meta property=\"og:image:width\" content=\"1000\" \/>\n\t<meta property=\"og:image:height\" content=\"1300\" \/>\n\t<meta property=\"og:image:type\" content=\"image\/jpeg\" \/>\n<meta name=\"twitter:card\" content=\"summary_large_image\" \/>\n<!-- \/ Yoast SEO plugin. -->","yoast_head_json":{"title":"Piumino Nick Logan con maxi zip - Acquista online! - Seconda Strada","description":"Piumino Nick Logan con maxi zip \u27a4 Acquista online su Secondastrada.com Piumino Nick Logan con maxi zip \u2714\ufe0f Spedizione veloce entro 24h in tutta Italia \u2714\ufe0f Sconto sul tuo primo acquisto","robots":{"index":"index","follow":"follow","max-snippet":"max-snippet:-1","max-image-preview":"max-image-preview:large","max-video-preview":"max-video-preview:-1"},"canonical":"https:\/\/www.secondastrada.com\/it\/piumino-nick-logan-con-maxi-zip\/","og_locale":"it_IT","og_type":"article","og_title":"Piumino Nick Logan con maxi zip - Acquista online! - Seconda Strada","og_description":"Piumino Nick Logan con maxi zip \u27a4 Acquista online su Secondastrada.com Piumino Nick Logan con maxi zip \u2714\ufe0f Spedizione veloce entro 24h in tutta Italia \u2714\ufe0f Sconto sul tuo primo acquisto","og_url":"https:\/\/www.secondastrada.com\/it\/piumino-nick-logan-con-maxi-zip\/","og_site_name":"Seconda Strada","article_modified_time":"2026-01-29T10:27:20+00:00","og_image":[{"width":1000,"height":1300,"url":"https:\/\/www.secondastrada.com\/wp-content\/uploads\/2024\/05\/RIMA-14-F0021-op_F010_AI21_1.jpg","type":"image\/jpeg"}],"twitter_card":"summary_large_image","schema":{"@context":"https:\/\/schema.org","@graph":[{"@type":"WebPage","@id":"https:\/\/www.secondastrada.com\/it\/piumino-nick-logan-con-maxi-zip\/","url":"https:\/\/www.secondastrada.com\/it\/piumino-nick-logan-con-maxi-zip\/","name":"Piumino Nick Logan con maxi zip - Acquista online! - Seconda Strada","isPartOf":{"@id":"https:\/\/www.secondastrada.com\/it\/#website"},"primaryImageOfPage":{"@id":"https:\/\/www.secondastrada.com\/it\/piumino-nick-logan-con-maxi-zip\/#primaryimage"},"image":{"@id":"https:\/\/www.secondastrada.com\/it\/piumino-nick-logan-con-maxi-zip\/#primaryimage"},"thumbnailUrl":"https:\/\/www.secondastrada.com\/wp-content\/uploads\/2024\/05\/RIMA-14-F0021-op_F010_AI21_1.jpg","datePublished":"2024-03-05T18:00:29+00:00","dateModified":"2026-01-29T10:27:20+00:00","description":"Piumino Nick Logan con maxi zip \u27a4 Acquista online su Secondastrada.com Piumino Nick Logan con maxi zip \u2714\ufe0f Spedizione veloce entro 24h in tutta Italia \u2714\ufe0f Sconto sul tuo primo acquisto","breadcrumb":{"@id":"https:\/\/www.secondastrada.com\/it\/piumino-nick-logan-con-maxi-zip\/#breadcrumb"},"inLanguage":"it-IT","potentialAction":[{"@type":"ReadAction","target":["https:\/\/www.secondastrada.com\/it\/piumino-nick-logan-con-maxi-zip\/"]}]},{"@type":"ImageObject","inLanguage":"it-IT","@id":"https:\/\/www.secondastrada.com\/it\/piumino-nick-logan-con-maxi-zip\/#primaryimage","url":"https:\/\/www.secondastrada.com\/wp-content\/uploads\/2024\/05\/RIMA-14-F0021-op_F010_AI21_1.jpg","contentUrl":"https:\/\/www.secondastrada.com\/wp-content\/uploads\/2024\/05\/RIMA-14-F0021-op_F010_AI21_1.jpg","width":1000,"height":1300,"caption":"RIMA-14-F0021-op_F010_AI21"},{"@type":"BreadcrumbList","@id":"https:\/\/www.secondastrada.com\/it\/piumino-nick-logan-con-maxi-zip\/#breadcrumb","itemListElement":[{"@type":"ListItem","position":1,"name":"Home","item":"https:\/\/www.secondastrada.com\/it\/"},{"@type":"ListItem","position":2,"name":"Shop","item":"https:\/\/www.secondastrada.com\/it\/shop\/"},{"@type":"ListItem","position":3,"name":"Uomo","item":"https:\/\/www.secondastrada.com\/it\/collezione-uomo\/"},{"@type":"ListItem","position":4,"name":"Abbigliamento","item":"https:\/\/www.secondastrada.com\/it\/collezione-uomo\/abbigliamento-uomo\/"},{"@type":"ListItem","position":5,"name":"Piumini","item":"https:\/\/www.secondastrada.com\/it\/collezione-uomo\/abbigliamento-uomo\/piumini-da-uomo\/"},{"@type":"ListItem","position":6,"name":"Piumini lunghi","item":"https:\/\/www.secondastrada.com\/it\/collezione-uomo\/abbigliamento-uomo\/piumini-da-uomo\/piumini-lunghi-da-uomo\/"},{"@type":"ListItem","position":7,"name":"Piumino Nick Logan con maxi zip"}]},{"@type":"WebSite","@id":"https:\/\/www.secondastrada.com\/it\/#website","url":"https:\/\/www.secondastrada.com\/it\/","name":"Seconda Strada","description":"","publisher":{"@id":"https:\/\/www.secondastrada.com\/it\/#organization"},"potentialAction":[{"@type":"SearchAction","target":{"@type":"EntryPoint","urlTemplate":"https:\/\/www.secondastrada.com\/it\/?s={search_term_string}"},"query-input":"required name=search_term_string"}],"inLanguage":"it-IT"},{"@type":"Organization","@id":"https:\/\/www.secondastrada.com\/it\/#organization","name":"Seconda Strada","url":"https:\/\/www.secondastrada.com\/it\/","logo":{"@type":"ImageObject","inLanguage":"it-IT","@id":"https:\/\/www.secondastrada.com\/it\/#\/schema\/logo\/image\/","url":"https:\/\/www.secondastrada.com\/wp-content\/uploads\/2023\/11\/secondastrada-logo.svg","contentUrl":"https:\/\/www.secondastrada.com\/wp-content\/uploads\/2023\/11\/secondastrada-logo.svg","width":353,"height":47,"caption":"Seconda Strada"},"image":{"@id":"https:\/\/www.secondastrada.com\/it\/#\/schema\/logo\/image\/"}}]}},"df_price":"","df_sale_price":"","df_regular_price":"","df_image_link":"https:\/\/www.secondastrada.com\/wp-content\/uploads\/2024\/05\/RIMA-14-F0021-op_F010_AI21_1-300x300.jpg","_links":{"self":[{"href":"https:\/\/www.secondastrada.com\/it\/wp-json\/wp\/v2\/product\/44144"}],"collection":[{"href":"https:\/\/www.secondastrada.com\/it\/wp-json\/wp\/v2\/product"}],"about":[{"href":"https:\/\/www.secondastrada.com\/it\/wp-json\/wp\/v2\/types\/product"}],"wp:featuredmedia":[{"embeddable":true,"href":"https:\/\/www.secondastrada.com\/it\/wp-json\/wp\/v2\/media\/56652"}],"wp:attachment":[{"href":"https:\/\/www.secondastrada.com\/it\/wp-json\/wp\/v2\/media?parent=44144"}],"wp:term":[{"taxonomy":"ss_brand","embeddable":true,"href":"https:\/\/www.secondastrada.com\/it\/wp-json\/wp\/v2\/ss_brand?post=44144"},{"taxonomy":"ss_promo","embeddable":true,"href":"https:\/\/www.secondastrada.com\/it\/wp-json\/wp\/v2\/ss_promo?post=44144"},{"taxonomy":"ss_season","embeddable":true,"href":"https:\/\/www.secondastrada.com\/it\/wp-json\/wp\/v2\/ss_season?post=44144"},{"taxonomy":"product_cat","embeddable":true,"href":"https:\/\/www.secondastrada.com\/it\/wp-json\/wp\/v2\/product_cat?post=44144"},{"taxonomy":"product_tag","embeddable":true,"href":"https:\/\/www.secondastrada.com\/it\/wp-json\/wp\/v2\/product_tag?post=44144"}],"curies":[{"name":"wp","href":"https:\/\/api.w.org\/{rel}","templated":true}]}}