{"id":46290,"date":"2024-04-19T14:57:26","date_gmt":"2024-04-19T12:57:26","guid":{"rendered":"https:\/\/www.secondastrada.com\/it\/pantaloni-fred-mello-beige\/"},"modified":"2026-02-26T15:09:41","modified_gmt":"2026-02-26T14:09:41","slug":"pantaloni-fred-mello-beige","status":"publish","type":"product","link":"https:\/\/www.secondastrada.com\/it\/pantaloni-fred-mello-beige\/","title":{"rendered":"Pantaloni Fred Mello Beige"},"content":{"rendered":"<p>Pantaloni in total beige con tasche a taglio trasversale sul fronte. Presenti tasche a taglio sul retro. La vestibilit\u00e0 \u00e8 morbida e regolabile grazie a coulisse con cordino in girovita pi\u00f9 zip. I pantaloni sono adatti per occasioni casual e facilmente combinabili. Praticit\u00e0 e stile in un solo capo.<br \/>Cod. art.  FM23S13PU SUVi ricordiamo che tutti i nostri articoli sono originali.<\/p>\n","protected":false},"excerpt":{"rendered":"<p>Pantaloni in total beige con tasche a taglio trasversale sul fronte. Presenti tasche a taglio sul retro. La vestibilit\u00e0 \u00e8 morbida e regolabile grazie a coulisse con cordino in girovita pi\u00f9 zip. I pantaloni sono adatti per occasioni casual e facilmente combinabili. Praticit\u00e0 e stile in un solo capo.Cod. art. FM23S13PU SUVi ricordiamo che tutti&#8230;<\/p>\n","protected":false},"featured_media":46031,"template":"","meta":{"inline_featured_image":false},"ss_brand":[1277],"ss_promo":[2182],"ss_season":[1664],"product_cat":[1332,1484,1714],"product_tag":[1717,2140],"class_list":{"0":"post-46290","1":"product","2":"type-product","3":"status-publish","4":"has-post-thumbnail","6":"ss_brand-fred-mello-uomo","7":"ss_promo-ultime-occasioni-uomo","8":"ss_season-pe2024","9":"product_cat-abbigliamento-uomo","10":"product_cat-pantaloni-da-uomo","11":"product_cat-collezione-uomo","12":"product_tag-pantaloni-fred-mello-uomo","13":"product_tag-ultime-occasioni-uomo","15":"first","16":"instock","17":"sale","18":"sold-individually","19":"shipping-taxable","20":"purchasable","21":"product-type-variable","22":"has-default-attributes"},"acf":{"ss_brand":[{"term_id":1277,"name":"FRED MELLO","slug":"fred-mello-uomo","term_group":0,"term_taxonomy_id":1277,"taxonomy":"ss_brand","description":"Collezioni ricercate e mix di texture particolari rendono <strong>Fred Mello<\/strong> il brand d\u2019abbigliamento maschile perfetto per i veri fashionisti! Scopri tutte le collezioni e le offerte esclusive!\u00a0Acquista online su SecondaStrada.com <strong>abbigliamento da uomo Fred Mello scontatissimo<\/strong>!","parent":1268,"count":202,"filter":"raw"}],"ss_promo":[2182],"ss_season":[{"term_id":1664,"name":"PE24","slug":"pe2024","term_group":0,"term_taxonomy_id":1664,"taxonomy":"ss_season","description":"","parent":0,"count":1722,"filter":"raw"}],"ss_old_price":"79,00","ss_omnibus_price":"0,00","ss_style_advice":"<p>Pantaloni in total beige con tasche a taglio trasversale sul fronte. Presenti tasche a taglio sul retro. La vestibilit\u00e0 \u00e8 morbida e regolabile grazie a coulisse con cordino in girovita pi\u00f9 zip. I pantaloni sono adatti per occasioni casual e facilmente combinabili. Praticit\u00e0 e stile in un solo capo.<br \/>Cod. art.  FM23S13PU SUVi ricordiamo che tutti i nostri articoli sono originali.<\/p>\n","ss_composition":"","ss_fit":""},"yoast_head":"<!-- This site is optimized with the Yoast SEO plugin v22.3 - https:\/\/yoast.com\/wordpress\/plugins\/seo\/ -->\n<title>Pantaloni Fred Mello Beige - Acquista online! - Seconda Strada<\/title>\n<meta name=\"description\" content=\"Pantaloni Fred Mello Beige \u27a4 Acquista online su Secondastrada.com Pantaloni Fred Mello Beige \u2714\ufe0f Spedizione veloce entro 24h in tutta Italia \u2714\ufe0f Sconto sul tuo primo acquisto\" \/>\n<meta name=\"robots\" content=\"index, follow, max-snippet:-1, max-image-preview:large, max-video-preview:-1\" \/>\n<link rel=\"canonical\" href=\"https:\/\/www.secondastrada.com\/it\/pantaloni-fred-mello-beige\/\" \/>\n<meta property=\"og:locale\" content=\"it_IT\" \/>\n<meta property=\"og:type\" content=\"article\" \/>\n<meta property=\"og:title\" content=\"Pantaloni Fred Mello Beige - Acquista online! - Seconda Strada\" \/>\n<meta property=\"og:description\" content=\"Pantaloni Fred Mello Beige \u27a4 Acquista online su Secondastrada.com Pantaloni Fred Mello Beige \u2714\ufe0f Spedizione veloce entro 24h in tutta Italia \u2714\ufe0f Sconto sul tuo primo acquisto\" \/>\n<meta property=\"og:url\" content=\"https:\/\/www.secondastrada.com\/it\/pantaloni-fred-mello-beige\/\" \/>\n<meta property=\"og:site_name\" content=\"Seconda Strada\" \/>\n<meta property=\"article:modified_time\" content=\"2026-02-26T14:09:41+00:00\" \/>\n<meta property=\"og:image\" content=\"https:\/\/www.secondastrada.com\/wp-content\/uploads\/2024\/04\/FM23S13PU-SU_SAND_PE24_1.jpg\" \/>\n\t<meta property=\"og:image:width\" content=\"1000\" \/>\n\t<meta property=\"og:image:height\" content=\"1300\" \/>\n\t<meta property=\"og:image:type\" content=\"image\/jpeg\" \/>\n<meta name=\"twitter:card\" content=\"summary_large_image\" \/>\n<!-- \/ Yoast SEO plugin. -->","yoast_head_json":{"title":"Pantaloni Fred Mello Beige - Acquista online! - Seconda Strada","description":"Pantaloni Fred Mello Beige \u27a4 Acquista online su Secondastrada.com Pantaloni Fred Mello Beige \u2714\ufe0f Spedizione veloce entro 24h in tutta Italia \u2714\ufe0f Sconto sul tuo primo acquisto","robots":{"index":"index","follow":"follow","max-snippet":"max-snippet:-1","max-image-preview":"max-image-preview:large","max-video-preview":"max-video-preview:-1"},"canonical":"https:\/\/www.secondastrada.com\/it\/pantaloni-fred-mello-beige\/","og_locale":"it_IT","og_type":"article","og_title":"Pantaloni Fred Mello Beige - Acquista online! - Seconda Strada","og_description":"Pantaloni Fred Mello Beige \u27a4 Acquista online su Secondastrada.com Pantaloni Fred Mello Beige \u2714\ufe0f Spedizione veloce entro 24h in tutta Italia \u2714\ufe0f Sconto sul tuo primo acquisto","og_url":"https:\/\/www.secondastrada.com\/it\/pantaloni-fred-mello-beige\/","og_site_name":"Seconda Strada","article_modified_time":"2026-02-26T14:09:41+00:00","og_image":[{"width":1000,"height":1300,"url":"https:\/\/www.secondastrada.com\/wp-content\/uploads\/2024\/04\/FM23S13PU-SU_SAND_PE24_1.jpg","type":"image\/jpeg"}],"twitter_card":"summary_large_image","schema":{"@context":"https:\/\/schema.org","@graph":[{"@type":"WebPage","@id":"https:\/\/www.secondastrada.com\/it\/pantaloni-fred-mello-beige\/","url":"https:\/\/www.secondastrada.com\/it\/pantaloni-fred-mello-beige\/","name":"Pantaloni Fred Mello Beige - Acquista online! - Seconda Strada","isPartOf":{"@id":"https:\/\/www.secondastrada.com\/it\/#website"},"primaryImageOfPage":{"@id":"https:\/\/www.secondastrada.com\/it\/pantaloni-fred-mello-beige\/#primaryimage"},"image":{"@id":"https:\/\/www.secondastrada.com\/it\/pantaloni-fred-mello-beige\/#primaryimage"},"thumbnailUrl":"https:\/\/www.secondastrada.com\/wp-content\/uploads\/2024\/04\/FM23S13PU-SU_SAND_PE24_1.jpg","datePublished":"2024-04-19T12:57:26+00:00","dateModified":"2026-02-26T14:09:41+00:00","description":"Pantaloni Fred Mello Beige \u27a4 Acquista online su Secondastrada.com Pantaloni Fred Mello Beige \u2714\ufe0f Spedizione veloce entro 24h in tutta Italia \u2714\ufe0f Sconto sul tuo primo acquisto","breadcrumb":{"@id":"https:\/\/www.secondastrada.com\/it\/pantaloni-fred-mello-beige\/#breadcrumb"},"inLanguage":"it-IT","potentialAction":[{"@type":"ReadAction","target":["https:\/\/www.secondastrada.com\/it\/pantaloni-fred-mello-beige\/"]}]},{"@type":"ImageObject","inLanguage":"it-IT","@id":"https:\/\/www.secondastrada.com\/it\/pantaloni-fred-mello-beige\/#primaryimage","url":"https:\/\/www.secondastrada.com\/wp-content\/uploads\/2024\/04\/FM23S13PU-SU_SAND_PE24_1.jpg","contentUrl":"https:\/\/www.secondastrada.com\/wp-content\/uploads\/2024\/04\/FM23S13PU-SU_SAND_PE24_1.jpg","width":1000,"height":1300,"caption":"FM23S13PU-SU_SAND_PE24"},{"@type":"BreadcrumbList","@id":"https:\/\/www.secondastrada.com\/it\/pantaloni-fred-mello-beige\/#breadcrumb","itemListElement":[{"@type":"ListItem","position":1,"name":"Home","item":"https:\/\/www.secondastrada.com\/it\/"},{"@type":"ListItem","position":2,"name":"Shop","item":"https:\/\/www.secondastrada.com\/it\/shop\/"},{"@type":"ListItem","position":3,"name":"Uomo","item":"https:\/\/www.secondastrada.com\/it\/collezione-uomo\/"},{"@type":"ListItem","position":4,"name":"Abbigliamento","item":"https:\/\/www.secondastrada.com\/it\/collezione-uomo\/abbigliamento-uomo\/"},{"@type":"ListItem","position":5,"name":"Pantaloni","item":"https:\/\/www.secondastrada.com\/it\/collezione-uomo\/abbigliamento-uomo\/pantaloni-da-uomo\/"},{"@type":"ListItem","position":6,"name":"Pantaloni Fred Mello Beige"}]},{"@type":"WebSite","@id":"https:\/\/www.secondastrada.com\/it\/#website","url":"https:\/\/www.secondastrada.com\/it\/","name":"Seconda Strada","description":"","publisher":{"@id":"https:\/\/www.secondastrada.com\/it\/#organization"},"potentialAction":[{"@type":"SearchAction","target":{"@type":"EntryPoint","urlTemplate":"https:\/\/www.secondastrada.com\/it\/?s={search_term_string}"},"query-input":"required name=search_term_string"}],"inLanguage":"it-IT"},{"@type":"Organization","@id":"https:\/\/www.secondastrada.com\/it\/#organization","name":"Seconda Strada","url":"https:\/\/www.secondastrada.com\/it\/","logo":{"@type":"ImageObject","inLanguage":"it-IT","@id":"https:\/\/www.secondastrada.com\/it\/#\/schema\/logo\/image\/","url":"https:\/\/www.secondastrada.com\/wp-content\/uploads\/2023\/11\/secondastrada-logo.svg","contentUrl":"https:\/\/www.secondastrada.com\/wp-content\/uploads\/2023\/11\/secondastrada-logo.svg","width":353,"height":47,"caption":"Seconda Strada"},"image":{"@id":"https:\/\/www.secondastrada.com\/it\/#\/schema\/logo\/image\/"}}]}},"df_price":15.996,"df_sale_price":"","df_regular_price":15.996,"df_image_link":"https:\/\/www.secondastrada.com\/wp-content\/uploads\/2024\/04\/FM23S13PU-SU_SAND_PE24_1-300x300.jpg","_links":{"self":[{"href":"https:\/\/www.secondastrada.com\/it\/wp-json\/wp\/v2\/product\/46290"}],"collection":[{"href":"https:\/\/www.secondastrada.com\/it\/wp-json\/wp\/v2\/product"}],"about":[{"href":"https:\/\/www.secondastrada.com\/it\/wp-json\/wp\/v2\/types\/product"}],"wp:featuredmedia":[{"embeddable":true,"href":"https:\/\/www.secondastrada.com\/it\/wp-json\/wp\/v2\/media\/46031"}],"wp:attachment":[{"href":"https:\/\/www.secondastrada.com\/it\/wp-json\/wp\/v2\/media?parent=46290"}],"wp:term":[{"taxonomy":"ss_brand","embeddable":true,"href":"https:\/\/www.secondastrada.com\/it\/wp-json\/wp\/v2\/ss_brand?post=46290"},{"taxonomy":"ss_promo","embeddable":true,"href":"https:\/\/www.secondastrada.com\/it\/wp-json\/wp\/v2\/ss_promo?post=46290"},{"taxonomy":"ss_season","embeddable":true,"href":"https:\/\/www.secondastrada.com\/it\/wp-json\/wp\/v2\/ss_season?post=46290"},{"taxonomy":"product_cat","embeddable":true,"href":"https:\/\/www.secondastrada.com\/it\/wp-json\/wp\/v2\/product_cat?post=46290"},{"taxonomy":"product_tag","embeddable":true,"href":"https:\/\/www.secondastrada.com\/it\/wp-json\/wp\/v2\/product_tag?post=46290"}],"curies":[{"name":"wp","href":"https:\/\/api.w.org\/{rel}","templated":true}]}}