{"id":47495,"date":"2024-04-23T01:06:09","date_gmt":"2024-04-22T23:06:09","guid":{"rendered":"https:\/\/www.secondastrada.com\/it\/t-shirt-ea7-bianco-3\/"},"modified":"2026-01-30T01:40:33","modified_gmt":"2026-01-30T00:40:33","slug":"t-shirt-ea7-bianco-3","status":"publish","type":"product","link":"https:\/\/www.secondastrada.com\/it\/t-shirt-ea7-bianco-3\/","title":{"rendered":"T-shirt Ea7 Bianco"},"content":{"rendered":"<p>T-shirt classica in total bianco con stampa centrale logo brand nero. La vestibilit\u00e0 \u00e8 morbida e regolabile. La t-shirt \u00e8 adatta per occasioni casual\/sportive. Il tuo prossimo articolo nei prodotti salvati. <br \/>Cod. art. 6RPT11 PJNVZ SU<br \/>Vi ricordiamo che tutti i nostri articoli sono originali.<\/p>\n","protected":false},"excerpt":{"rendered":"<p>T-shirt classica in total bianco con stampa centrale logo brand nero. La vestibilit\u00e0 \u00e8 morbida e regolabile. La t-shirt \u00e8 adatta per occasioni casual\/sportive. Il tuo prossimo articolo nei prodotti salvati. Cod. art. 6RPT11 PJNVZ SUVi ricordiamo che tutti i nostri articoli sono originali.<\/p>\n","protected":false},"featured_media":47490,"template":"","meta":{"inline_featured_image":false},"ss_brand":[2194],"ss_promo":[2182],"ss_season":[1664],"product_cat":[1332,1479,1714],"product_tag":[],"class_list":{"0":"post-47495","1":"product","2":"type-product","3":"status-publish","4":"has-post-thumbnail","6":"ss_brand-ea7-uomo","7":"ss_promo-ultime-occasioni-uomo","8":"ss_season-pe2024","9":"product_cat-abbigliamento-uomo","10":"product_cat-t-shirt-da-uomo","11":"product_cat-collezione-uomo","13":"first","14":"outofstock","15":"sold-individually","16":"shipping-taxable","17":"product-type-variable","18":"has-default-attributes"},"acf":{"ss_brand":[{"term_id":2194,"name":"EA7","slug":"ea7-uomo","term_group":0,"term_taxonomy_id":2194,"taxonomy":"ss_brand","description":"Scopri l\u2019eleganza sportiva e la funzionalit\u00e0 tecnica di <strong>EA7 Emporio Armani<\/strong> con la nostra selezione esclusiva di capi da uomo a prezzi speciali. Dalle tute ai giubbotti, fino alle felpe e alle sneaker, ogni pezzo \u00e8 studiato per offrirti comfort e stile sia in palestra che nel tempo libero. Approfitta delle nostre promozioni e rinnova il tuo guardaroba con l\u2019abbigliamento firmato EA7 in offerta su SecondaStrada.com!","parent":1268,"count":59,"filter":"raw"}],"ss_promo":[2182],"ss_season":[{"term_id":1664,"name":"PE24","slug":"pe2024","term_group":0,"term_taxonomy_id":1664,"taxonomy":"ss_season","description":"","parent":0,"count":1722,"filter":"raw"}],"ss_old_price":"75,00","ss_omnibus_price":"0,00","ss_style_advice":"<p>T-shirt classica in total bianco con stampa centrale logo brand nero. La vestibilit\u00e0 \u00e8 morbida e regolabile. La t-shirt \u00e8 adatta per occasioni casual\/sportive. Il tuo prossimo articolo nei prodotti salvati. <br \/>Cod. art. 6RPT11 PJNVZ SU<br \/>Vi ricordiamo che tutti i nostri articoli sono originali.<\/p>\n","ss_composition":"<p>100% cotone<\/p>\n","ss_fit":"<p>Il modello \u00e8 alto 184 cm e indossa la taglia L. La vestibilit\u00e0 del capo \u00e8 regolare<\/p>\n"},"yoast_head":"<!-- This site is optimized with the Yoast SEO plugin v22.3 - https:\/\/yoast.com\/wordpress\/plugins\/seo\/ -->\n<title>T-shirt Ea7 Bianco - Acquista online! - Seconda Strada<\/title>\n<meta name=\"description\" content=\"T-shirt Ea7 Bianco \u27a4 Acquista online su Secondastrada.com T-shirt Ea7 Bianco \u2714\ufe0f Spedizione veloce entro 24h in tutta Italia \u2714\ufe0f Sconto sul tuo primo acquisto\" \/>\n<meta name=\"robots\" content=\"index, follow, max-snippet:-1, max-image-preview:large, max-video-preview:-1\" \/>\n<link rel=\"canonical\" href=\"https:\/\/www.secondastrada.com\/it\/t-shirt-ea7-bianco-3\/\" \/>\n<meta property=\"og:locale\" content=\"it_IT\" \/>\n<meta property=\"og:type\" content=\"article\" \/>\n<meta property=\"og:title\" content=\"T-shirt Ea7 Bianco - Acquista online! - Seconda Strada\" \/>\n<meta property=\"og:description\" content=\"T-shirt Ea7 Bianco \u27a4 Acquista online su Secondastrada.com T-shirt Ea7 Bianco \u2714\ufe0f Spedizione veloce entro 24h in tutta Italia \u2714\ufe0f Sconto sul tuo primo acquisto\" \/>\n<meta property=\"og:url\" content=\"https:\/\/www.secondastrada.com\/it\/t-shirt-ea7-bianco-3\/\" \/>\n<meta property=\"og:site_name\" content=\"Seconda Strada\" \/>\n<meta property=\"article:modified_time\" content=\"2026-01-30T00:40:33+00:00\" \/>\n<meta property=\"og:image\" content=\"https:\/\/www.secondastrada.com\/wp-content\/uploads\/2024\/04\/6RPT11-PJNVZ-SU_WHITE_PE24_1.jpg\" \/>\n\t<meta property=\"og:image:width\" content=\"1000\" \/>\n\t<meta property=\"og:image:height\" content=\"1300\" \/>\n\t<meta property=\"og:image:type\" content=\"image\/jpeg\" \/>\n<meta name=\"twitter:card\" content=\"summary_large_image\" \/>\n<!-- \/ Yoast SEO plugin. -->","yoast_head_json":{"title":"T-shirt Ea7 Bianco - Acquista online! - Seconda Strada","description":"T-shirt Ea7 Bianco \u27a4 Acquista online su Secondastrada.com T-shirt Ea7 Bianco \u2714\ufe0f Spedizione veloce entro 24h in tutta Italia \u2714\ufe0f Sconto sul tuo primo acquisto","robots":{"index":"index","follow":"follow","max-snippet":"max-snippet:-1","max-image-preview":"max-image-preview:large","max-video-preview":"max-video-preview:-1"},"canonical":"https:\/\/www.secondastrada.com\/it\/t-shirt-ea7-bianco-3\/","og_locale":"it_IT","og_type":"article","og_title":"T-shirt Ea7 Bianco - Acquista online! - Seconda Strada","og_description":"T-shirt Ea7 Bianco \u27a4 Acquista online su Secondastrada.com T-shirt Ea7 Bianco \u2714\ufe0f Spedizione veloce entro 24h in tutta Italia \u2714\ufe0f Sconto sul tuo primo acquisto","og_url":"https:\/\/www.secondastrada.com\/it\/t-shirt-ea7-bianco-3\/","og_site_name":"Seconda Strada","article_modified_time":"2026-01-30T00:40:33+00:00","og_image":[{"width":1000,"height":1300,"url":"https:\/\/www.secondastrada.com\/wp-content\/uploads\/2024\/04\/6RPT11-PJNVZ-SU_WHITE_PE24_1.jpg","type":"image\/jpeg"}],"twitter_card":"summary_large_image","schema":{"@context":"https:\/\/schema.org","@graph":[{"@type":"WebPage","@id":"https:\/\/www.secondastrada.com\/it\/t-shirt-ea7-bianco-3\/","url":"https:\/\/www.secondastrada.com\/it\/t-shirt-ea7-bianco-3\/","name":"T-shirt Ea7 Bianco - Acquista online! - Seconda Strada","isPartOf":{"@id":"https:\/\/www.secondastrada.com\/it\/#website"},"primaryImageOfPage":{"@id":"https:\/\/www.secondastrada.com\/it\/t-shirt-ea7-bianco-3\/#primaryimage"},"image":{"@id":"https:\/\/www.secondastrada.com\/it\/t-shirt-ea7-bianco-3\/#primaryimage"},"thumbnailUrl":"https:\/\/www.secondastrada.com\/wp-content\/uploads\/2024\/04\/6RPT11-PJNVZ-SU_WHITE_PE24_1.jpg","datePublished":"2024-04-22T23:06:09+00:00","dateModified":"2026-01-30T00:40:33+00:00","description":"T-shirt Ea7 Bianco \u27a4 Acquista online su Secondastrada.com T-shirt Ea7 Bianco \u2714\ufe0f Spedizione veloce entro 24h in tutta Italia \u2714\ufe0f Sconto sul tuo primo acquisto","breadcrumb":{"@id":"https:\/\/www.secondastrada.com\/it\/t-shirt-ea7-bianco-3\/#breadcrumb"},"inLanguage":"it-IT","potentialAction":[{"@type":"ReadAction","target":["https:\/\/www.secondastrada.com\/it\/t-shirt-ea7-bianco-3\/"]}]},{"@type":"ImageObject","inLanguage":"it-IT","@id":"https:\/\/www.secondastrada.com\/it\/t-shirt-ea7-bianco-3\/#primaryimage","url":"https:\/\/www.secondastrada.com\/wp-content\/uploads\/2024\/04\/6RPT11-PJNVZ-SU_WHITE_PE24_1.jpg","contentUrl":"https:\/\/www.secondastrada.com\/wp-content\/uploads\/2024\/04\/6RPT11-PJNVZ-SU_WHITE_PE24_1.jpg","width":1000,"height":1300,"caption":"6RPT11-PJNVZ-SU_WHITE_PE24"},{"@type":"BreadcrumbList","@id":"https:\/\/www.secondastrada.com\/it\/t-shirt-ea7-bianco-3\/#breadcrumb","itemListElement":[{"@type":"ListItem","position":1,"name":"Home","item":"https:\/\/www.secondastrada.com\/it\/"},{"@type":"ListItem","position":2,"name":"Shop","item":"https:\/\/www.secondastrada.com\/it\/shop\/"},{"@type":"ListItem","position":3,"name":"Uomo","item":"https:\/\/www.secondastrada.com\/it\/collezione-uomo\/"},{"@type":"ListItem","position":4,"name":"Abbigliamento","item":"https:\/\/www.secondastrada.com\/it\/collezione-uomo\/abbigliamento-uomo\/"},{"@type":"ListItem","position":5,"name":"T-shirt","item":"https:\/\/www.secondastrada.com\/it\/collezione-uomo\/abbigliamento-uomo\/t-shirt-da-uomo\/"},{"@type":"ListItem","position":6,"name":"T-shirt Ea7 Bianco"}]},{"@type":"WebSite","@id":"https:\/\/www.secondastrada.com\/it\/#website","url":"https:\/\/www.secondastrada.com\/it\/","name":"Seconda Strada","description":"","publisher":{"@id":"https:\/\/www.secondastrada.com\/it\/#organization"},"potentialAction":[{"@type":"SearchAction","target":{"@type":"EntryPoint","urlTemplate":"https:\/\/www.secondastrada.com\/it\/?s={search_term_string}"},"query-input":"required name=search_term_string"}],"inLanguage":"it-IT"},{"@type":"Organization","@id":"https:\/\/www.secondastrada.com\/it\/#organization","name":"Seconda Strada","url":"https:\/\/www.secondastrada.com\/it\/","logo":{"@type":"ImageObject","inLanguage":"it-IT","@id":"https:\/\/www.secondastrada.com\/it\/#\/schema\/logo\/image\/","url":"https:\/\/www.secondastrada.com\/wp-content\/uploads\/2023\/11\/secondastrada-logo.svg","contentUrl":"https:\/\/www.secondastrada.com\/wp-content\/uploads\/2023\/11\/secondastrada-logo.svg","width":353,"height":47,"caption":"Seconda Strada"},"image":{"@id":"https:\/\/www.secondastrada.com\/it\/#\/schema\/logo\/image\/"}}]}},"df_price":"","df_sale_price":"","df_regular_price":"","df_image_link":"https:\/\/www.secondastrada.com\/wp-content\/uploads\/2024\/04\/6RPT11-PJNVZ-SU_WHITE_PE24_1-300x300.jpg","_links":{"self":[{"href":"https:\/\/www.secondastrada.com\/it\/wp-json\/wp\/v2\/product\/47495"}],"collection":[{"href":"https:\/\/www.secondastrada.com\/it\/wp-json\/wp\/v2\/product"}],"about":[{"href":"https:\/\/www.secondastrada.com\/it\/wp-json\/wp\/v2\/types\/product"}],"wp:featuredmedia":[{"embeddable":true,"href":"https:\/\/www.secondastrada.com\/it\/wp-json\/wp\/v2\/media\/47490"}],"wp:attachment":[{"href":"https:\/\/www.secondastrada.com\/it\/wp-json\/wp\/v2\/media?parent=47495"}],"wp:term":[{"taxonomy":"ss_brand","embeddable":true,"href":"https:\/\/www.secondastrada.com\/it\/wp-json\/wp\/v2\/ss_brand?post=47495"},{"taxonomy":"ss_promo","embeddable":true,"href":"https:\/\/www.secondastrada.com\/it\/wp-json\/wp\/v2\/ss_promo?post=47495"},{"taxonomy":"ss_season","embeddable":true,"href":"https:\/\/www.secondastrada.com\/it\/wp-json\/wp\/v2\/ss_season?post=47495"},{"taxonomy":"product_cat","embeddable":true,"href":"https:\/\/www.secondastrada.com\/it\/wp-json\/wp\/v2\/product_cat?post=47495"},{"taxonomy":"product_tag","embeddable":true,"href":"https:\/\/www.secondastrada.com\/it\/wp-json\/wp\/v2\/product_tag?post=47495"}],"curies":[{"name":"wp","href":"https:\/\/api.w.org\/{rel}","templated":true}]}}