{"id":49253,"date":"2024-04-23T18:05:51","date_gmt":"2024-04-23T16:05:51","guid":{"rendered":"https:\/\/www.secondastrada.com\/it\/gonna-caractere-beige\/"},"modified":"2026-02-26T14:45:35","modified_gmt":"2026-02-26T13:45:35","slug":"gonna-caractere-beige","status":"publish","type":"product","link":"https:\/\/www.secondastrada.com\/it\/gonna-caractere-beige\/","title":{"rendered":"Gonna Caractere Beige"},"content":{"rendered":"<p>Gonna longuette in lino con chiusura a portafoglio. Il capo si sviluppa in total beige rigato bianco. La vestibilit\u00e0 \u00e8 morbida e pratica grazie a cintura in tessuto in tinta. La gonna \u00e8 adatta per occasioni casual e facilmente combinabile, ideale con un sandolo o una zeppa. Indossala per spiccare con stile.<br \/>Cod. art. 1262A1 SU<br \/>Vi ricordiamo che tutti i nostri articoli sono originali.<\/p>\n","protected":false},"excerpt":{"rendered":"<p>Gonna longuette in lino con chiusura a portafoglio. Il capo si sviluppa in total beige rigato bianco. La vestibilit\u00e0 \u00e8 morbida e pratica grazie a cintura in tessuto in tinta. La gonna \u00e8 adatta per occasioni casual e facilmente combinabile, ideale con un sandolo o una zeppa. Indossala per spiccare con stile.Cod. art. 1262A1 SUVi&#8230;<\/p>\n","protected":false},"featured_media":49918,"template":"","meta":{"inline_featured_image":false},"ss_brand":[1934],"ss_promo":[2181],"ss_season":[1664],"product_cat":[1329,1658,1341],"product_tag":[2240,2139],"class_list":{"0":"post-49253","1":"product","2":"type-product","3":"status-publish","4":"has-post-thumbnail","6":"ss_brand-caractere-donna","7":"ss_promo-ultime-occasioni-donna","8":"ss_season-pe2024","9":"product_cat-abbigliamento-donna","10":"product_cat-collezione-donna","11":"product_cat-gonne-da-donna","12":"product_tag-speciale-lino-donna","13":"product_tag-ultime-occasioni-donna","15":"first","16":"instock","17":"sale","18":"sold-individually","19":"shipping-taxable","20":"purchasable","21":"product-type-variable","22":"has-default-attributes"},"acf":{"ss_brand":[{"term_id":1934,"name":"CARACTERE","slug":"caractere-donna","term_group":0,"term_taxonomy_id":1934,"taxonomy":"ss_brand","description":"Determinazione, femminilit\u00e0, talento: l\u2019abbigliamento donna Caract\u0113re rispecchia questi valori donando alle sue consumer outfit dallo stile inconfondibile.","parent":1201,"count":29,"filter":"raw"}],"ss_promo":[2181],"ss_season":[{"term_id":1664,"name":"PE24","slug":"pe2024","term_group":0,"term_taxonomy_id":1664,"taxonomy":"ss_season","description":"","parent":0,"count":1722,"filter":"raw"}],"ss_old_price":"106,00","ss_omnibus_price":"0,00","ss_style_advice":"<p>Gonna longuette in lino con chiusura a portafoglio. Il capo si sviluppa in total beige rigato bianco. La vestibilit\u00e0 \u00e8 morbida e pratica grazie a cintura in tessuto in tinta. La gonna \u00e8 adatta per occasioni casual e facilmente combinabile, ideale con un sandolo o una zeppa. Indossala per spiccare con stile.<br \/>Cod. art. 1262A1 SU<br \/>Vi ricordiamo che tutti i nostri articoli sono originali.<\/p>\n","ss_composition":"<p>61% modal 16% lino 16%  poliamide 7% poliestere<\/p>\n","ss_fit":"<p>La modella \u00e8 alta 170 cm e indossa la taglia 42. La vestibilit\u00e0 del capo \u00e8 regolare<\/p>\n"},"yoast_head":"<!-- This site is optimized with the Yoast SEO plugin v22.3 - https:\/\/yoast.com\/wordpress\/plugins\/seo\/ -->\n<title>Gonna Caractere Beige - Acquista online! - Seconda Strada<\/title>\n<meta name=\"description\" content=\"Gonna Caractere Beige \u27a4 Acquista online su Secondastrada.com Gonna Caractere Beige \u2714\ufe0f Spedizione veloce entro 24h in tutta Italia \u2714\ufe0f Sconto sul tuo primo acquisto\" \/>\n<meta name=\"robots\" content=\"index, follow, max-snippet:-1, max-image-preview:large, max-video-preview:-1\" \/>\n<link rel=\"canonical\" href=\"https:\/\/www.secondastrada.com\/it\/gonna-caractere-beige\/\" \/>\n<meta property=\"og:locale\" content=\"it_IT\" \/>\n<meta property=\"og:type\" content=\"article\" \/>\n<meta property=\"og:title\" content=\"Gonna Caractere Beige - Acquista online! - Seconda Strada\" \/>\n<meta property=\"og:description\" content=\"Gonna Caractere Beige \u27a4 Acquista online su Secondastrada.com Gonna Caractere Beige \u2714\ufe0f Spedizione veloce entro 24h in tutta Italia \u2714\ufe0f Sconto sul tuo primo acquisto\" \/>\n<meta property=\"og:url\" content=\"https:\/\/www.secondastrada.com\/it\/gonna-caractere-beige\/\" \/>\n<meta property=\"og:site_name\" content=\"Seconda Strada\" \/>\n<meta property=\"article:modified_time\" content=\"2026-02-26T13:45:35+00:00\" \/>\n<meta property=\"og:image\" content=\"https:\/\/www.secondastrada.com\/wp-content\/uploads\/2024\/04\/1262A1-SU_MIDI_PE24_1.jpg\" \/>\n\t<meta property=\"og:image:width\" content=\"1000\" \/>\n\t<meta property=\"og:image:height\" content=\"1300\" \/>\n\t<meta property=\"og:image:type\" content=\"image\/jpeg\" \/>\n<meta name=\"twitter:card\" content=\"summary_large_image\" \/>\n<!-- \/ Yoast SEO plugin. -->","yoast_head_json":{"title":"Gonna Caractere Beige - Acquista online! - Seconda Strada","description":"Gonna Caractere Beige \u27a4 Acquista online su Secondastrada.com Gonna Caractere Beige \u2714\ufe0f Spedizione veloce entro 24h in tutta Italia \u2714\ufe0f Sconto sul tuo primo acquisto","robots":{"index":"index","follow":"follow","max-snippet":"max-snippet:-1","max-image-preview":"max-image-preview:large","max-video-preview":"max-video-preview:-1"},"canonical":"https:\/\/www.secondastrada.com\/it\/gonna-caractere-beige\/","og_locale":"it_IT","og_type":"article","og_title":"Gonna Caractere Beige - Acquista online! - Seconda Strada","og_description":"Gonna Caractere Beige \u27a4 Acquista online su Secondastrada.com Gonna Caractere Beige \u2714\ufe0f Spedizione veloce entro 24h in tutta Italia \u2714\ufe0f Sconto sul tuo primo acquisto","og_url":"https:\/\/www.secondastrada.com\/it\/gonna-caractere-beige\/","og_site_name":"Seconda Strada","article_modified_time":"2026-02-26T13:45:35+00:00","og_image":[{"width":1000,"height":1300,"url":"https:\/\/www.secondastrada.com\/wp-content\/uploads\/2024\/04\/1262A1-SU_MIDI_PE24_1.jpg","type":"image\/jpeg"}],"twitter_card":"summary_large_image","schema":{"@context":"https:\/\/schema.org","@graph":[{"@type":"WebPage","@id":"https:\/\/www.secondastrada.com\/it\/gonna-caractere-beige\/","url":"https:\/\/www.secondastrada.com\/it\/gonna-caractere-beige\/","name":"Gonna Caractere Beige - Acquista online! - Seconda Strada","isPartOf":{"@id":"https:\/\/www.secondastrada.com\/it\/#website"},"primaryImageOfPage":{"@id":"https:\/\/www.secondastrada.com\/it\/gonna-caractere-beige\/#primaryimage"},"image":{"@id":"https:\/\/www.secondastrada.com\/it\/gonna-caractere-beige\/#primaryimage"},"thumbnailUrl":"https:\/\/www.secondastrada.com\/wp-content\/uploads\/2024\/04\/1262A1-SU_MIDI_PE24_1.jpg","datePublished":"2024-04-23T16:05:51+00:00","dateModified":"2026-02-26T13:45:35+00:00","description":"Gonna Caractere Beige \u27a4 Acquista online su Secondastrada.com Gonna Caractere Beige \u2714\ufe0f Spedizione veloce entro 24h in tutta Italia \u2714\ufe0f Sconto sul tuo primo acquisto","breadcrumb":{"@id":"https:\/\/www.secondastrada.com\/it\/gonna-caractere-beige\/#breadcrumb"},"inLanguage":"it-IT","potentialAction":[{"@type":"ReadAction","target":["https:\/\/www.secondastrada.com\/it\/gonna-caractere-beige\/"]}]},{"@type":"ImageObject","inLanguage":"it-IT","@id":"https:\/\/www.secondastrada.com\/it\/gonna-caractere-beige\/#primaryimage","url":"https:\/\/www.secondastrada.com\/wp-content\/uploads\/2024\/04\/1262A1-SU_MIDI_PE24_1.jpg","contentUrl":"https:\/\/www.secondastrada.com\/wp-content\/uploads\/2024\/04\/1262A1-SU_MIDI_PE24_1.jpg","width":1000,"height":1300,"caption":"1262A1-SU_MIDI_PE24"},{"@type":"BreadcrumbList","@id":"https:\/\/www.secondastrada.com\/it\/gonna-caractere-beige\/#breadcrumb","itemListElement":[{"@type":"ListItem","position":1,"name":"Home","item":"https:\/\/www.secondastrada.com\/it\/"},{"@type":"ListItem","position":2,"name":"Shop","item":"https:\/\/www.secondastrada.com\/it\/shop\/"},{"@type":"ListItem","position":3,"name":"Donna","item":"https:\/\/www.secondastrada.com\/it\/collezione-donna\/"},{"@type":"ListItem","position":4,"name":"Abbigliamento","item":"https:\/\/www.secondastrada.com\/it\/collezione-donna\/abbigliamento-donna\/"},{"@type":"ListItem","position":5,"name":"Gonne","item":"https:\/\/www.secondastrada.com\/it\/collezione-donna\/abbigliamento-donna\/gonne-da-donna\/"},{"@type":"ListItem","position":6,"name":"Gonna Caractere Beige"}]},{"@type":"WebSite","@id":"https:\/\/www.secondastrada.com\/it\/#website","url":"https:\/\/www.secondastrada.com\/it\/","name":"Seconda Strada","description":"","publisher":{"@id":"https:\/\/www.secondastrada.com\/it\/#organization"},"potentialAction":[{"@type":"SearchAction","target":{"@type":"EntryPoint","urlTemplate":"https:\/\/www.secondastrada.com\/it\/?s={search_term_string}"},"query-input":"required name=search_term_string"}],"inLanguage":"it-IT"},{"@type":"Organization","@id":"https:\/\/www.secondastrada.com\/it\/#organization","name":"Seconda Strada","url":"https:\/\/www.secondastrada.com\/it\/","logo":{"@type":"ImageObject","inLanguage":"it-IT","@id":"https:\/\/www.secondastrada.com\/it\/#\/schema\/logo\/image\/","url":"https:\/\/www.secondastrada.com\/wp-content\/uploads\/2023\/11\/secondastrada-logo.svg","contentUrl":"https:\/\/www.secondastrada.com\/wp-content\/uploads\/2023\/11\/secondastrada-logo.svg","width":353,"height":47,"caption":"Seconda Strada"},"image":{"@id":"https:\/\/www.secondastrada.com\/it\/#\/schema\/logo\/image\/"}}]}},"df_price":21.196,"df_sale_price":"","df_regular_price":21.196,"df_image_link":"https:\/\/www.secondastrada.com\/wp-content\/uploads\/2024\/04\/1262A1-SU_MIDI_PE24_1-300x300.jpg","_links":{"self":[{"href":"https:\/\/www.secondastrada.com\/it\/wp-json\/wp\/v2\/product\/49253"}],"collection":[{"href":"https:\/\/www.secondastrada.com\/it\/wp-json\/wp\/v2\/product"}],"about":[{"href":"https:\/\/www.secondastrada.com\/it\/wp-json\/wp\/v2\/types\/product"}],"wp:featuredmedia":[{"embeddable":true,"href":"https:\/\/www.secondastrada.com\/it\/wp-json\/wp\/v2\/media\/49918"}],"wp:attachment":[{"href":"https:\/\/www.secondastrada.com\/it\/wp-json\/wp\/v2\/media?parent=49253"}],"wp:term":[{"taxonomy":"ss_brand","embeddable":true,"href":"https:\/\/www.secondastrada.com\/it\/wp-json\/wp\/v2\/ss_brand?post=49253"},{"taxonomy":"ss_promo","embeddable":true,"href":"https:\/\/www.secondastrada.com\/it\/wp-json\/wp\/v2\/ss_promo?post=49253"},{"taxonomy":"ss_season","embeddable":true,"href":"https:\/\/www.secondastrada.com\/it\/wp-json\/wp\/v2\/ss_season?post=49253"},{"taxonomy":"product_cat","embeddable":true,"href":"https:\/\/www.secondastrada.com\/it\/wp-json\/wp\/v2\/product_cat?post=49253"},{"taxonomy":"product_tag","embeddable":true,"href":"https:\/\/www.secondastrada.com\/it\/wp-json\/wp\/v2\/product_tag?post=49253"}],"curies":[{"name":"wp","href":"https:\/\/api.w.org\/{rel}","templated":true}]}}