{"id":49788,"date":"2024-04-24T18:47:37","date_gmt":"2024-04-24T16:47:37","guid":{"rendered":"https:\/\/www.secondastrada.com\/it\/t-shirt-yes-zee-bianco-15\/"},"modified":"2026-01-29T19:54:52","modified_gmt":"2026-01-29T18:54:52","slug":"t-shirt-yes-zee-bianco-15","status":"publish","type":"product","link":"https:\/\/www.secondastrada.com\/it\/t-shirt-yes-zee-bianco-15\/","title":{"rendered":"T-shirt Yes Zee Bianco"},"content":{"rendered":"<p>T-shirt classica in total bianco gesso. Presente taschino a taglio ad altezza cuore e leggero scollo a v. La vestibilit\u00e0 \u00e8 morbida e regolare. La t-shirt \u00e8 adatta per occasioni casual\/sportive e facilmente combinabile. Praticit\u00e0 e stile in un solo capo.<br \/>Cod. art. T723 TL00 ou<br \/>Vi ricordiamo che tutti i nostri articoli sono originali.<\/p>\n","protected":false},"excerpt":{"rendered":"<p>T-shirt classica in total bianco gesso. Presente taschino a taglio ad altezza cuore e leggero scollo a v. La vestibilit\u00e0 \u00e8 morbida e regolare. La t-shirt \u00e8 adatta per occasioni casual\/sportive e facilmente combinabile. Praticit\u00e0 e stile in un solo capo.Cod. art. T723 TL00 ouVi ricordiamo che tutti i nostri articoli sono originali.<\/p>\n","protected":false},"featured_media":50059,"template":"","meta":{"inline_featured_image":false},"ss_brand":[1280],"ss_promo":[2182],"ss_season":[1664],"product_cat":[1332,1479,1714],"product_tag":[1730,2433],"class_list":{"0":"post-49788","1":"product","2":"type-product","3":"status-publish","4":"has-post-thumbnail","6":"ss_brand-yes-zee-uomo","7":"ss_promo-ultime-occasioni-uomo","8":"ss_season-pe2024","9":"product_cat-abbigliamento-uomo","10":"product_cat-t-shirt-da-uomo","11":"product_cat-collezione-uomo","12":"product_tag-t-shirt-yes-zee-uomo","13":"product_tag-yes-zee-uomo","15":"first","16":"outofstock","17":"sold-individually","18":"shipping-taxable","19":"product-type-variable","20":"has-default-attributes"},"acf":{"ss_brand":[{"term_id":1280,"name":"YES ZEE","slug":"yes-zee-uomo","term_group":0,"term_taxonomy_id":1280,"taxonomy":"ss_brand","description":"Non un semplice marchio di <strong>abbigliamento da uomo<\/strong>: <strong>Yes Zee<\/strong> \u00e8 il brand perfetto per rivoluzionare con stile tutti i tuoi look metropolitani! Scopri subito le offerte esclusive del nostro store online e acquista <strong>Yes zee da uomo a prezzi scontatissimi<\/strong>.","parent":1268,"count":451,"filter":"raw"}],"ss_promo":[2182],"ss_season":[{"term_id":1664,"name":"PE24","slug":"pe2024","term_group":0,"term_taxonomy_id":1664,"taxonomy":"ss_season","description":"","parent":0,"count":1722,"filter":"raw"}],"ss_old_price":"0,00","ss_omnibus_price":"0,00","ss_style_advice":"<p>T-shirt classica in total bianco gesso. Presente taschino a taglio ad altezza cuore e leggero scollo a v. La vestibilit\u00e0 \u00e8 morbida e regolare. La t-shirt \u00e8 adatta per occasioni casual\/sportive e facilmente combinabile. Praticit\u00e0 e stile in un solo capo.<br \/>Cod. art. T723 TL00 ou<br \/>Vi ricordiamo che tutti i nostri articoli sono originali.<\/p>\n","ss_composition":"<p>100% cotone<\/p>\n","ss_fit":"<p>Il modello \u00e8 alto 178 cm e indossa la taglia L. La vestibilit\u00e0 del capo \u00e8 regolare<\/p>\n"},"yoast_head":"<!-- This site is optimized with the Yoast SEO plugin v22.3 - https:\/\/yoast.com\/wordpress\/plugins\/seo\/ -->\n<title>T-shirt Yes Zee Bianco - Acquista online! - Seconda Strada<\/title>\n<meta name=\"description\" content=\"T-shirt Yes Zee Bianco \u27a4 Acquista online su Secondastrada.com T-shirt Yes Zee Bianco \u2714\ufe0f Spedizione veloce entro 24h in tutta Italia \u2714\ufe0f Sconto sul tuo primo acquisto\" \/>\n<meta name=\"robots\" content=\"index, follow, max-snippet:-1, max-image-preview:large, max-video-preview:-1\" \/>\n<link rel=\"canonical\" href=\"https:\/\/www.secondastrada.com\/it\/t-shirt-yes-zee-bianco-15\/\" \/>\n<meta property=\"og:locale\" content=\"it_IT\" \/>\n<meta property=\"og:type\" content=\"article\" \/>\n<meta property=\"og:title\" content=\"T-shirt Yes Zee Bianco - Acquista online! - Seconda Strada\" \/>\n<meta property=\"og:description\" content=\"T-shirt Yes Zee Bianco \u27a4 Acquista online su Secondastrada.com T-shirt Yes Zee Bianco \u2714\ufe0f Spedizione veloce entro 24h in tutta Italia \u2714\ufe0f Sconto sul tuo primo acquisto\" \/>\n<meta property=\"og:url\" content=\"https:\/\/www.secondastrada.com\/it\/t-shirt-yes-zee-bianco-15\/\" \/>\n<meta property=\"og:site_name\" content=\"Seconda Strada\" \/>\n<meta property=\"article:modified_time\" content=\"2026-01-29T18:54:52+00:00\" \/>\n<meta property=\"og:image\" content=\"https:\/\/www.secondastrada.com\/wp-content\/uploads\/2024\/04\/T723-TL00-ou_GESSO_PE24_1.jpg\" \/>\n\t<meta property=\"og:image:width\" content=\"1000\" \/>\n\t<meta property=\"og:image:height\" content=\"1300\" \/>\n\t<meta property=\"og:image:type\" content=\"image\/jpeg\" \/>\n<meta name=\"twitter:card\" content=\"summary_large_image\" \/>\n<!-- \/ Yoast SEO plugin. -->","yoast_head_json":{"title":"T-shirt Yes Zee Bianco - Acquista online! - Seconda Strada","description":"T-shirt Yes Zee Bianco \u27a4 Acquista online su Secondastrada.com T-shirt Yes Zee Bianco \u2714\ufe0f Spedizione veloce entro 24h in tutta Italia \u2714\ufe0f Sconto sul tuo primo acquisto","robots":{"index":"index","follow":"follow","max-snippet":"max-snippet:-1","max-image-preview":"max-image-preview:large","max-video-preview":"max-video-preview:-1"},"canonical":"https:\/\/www.secondastrada.com\/it\/t-shirt-yes-zee-bianco-15\/","og_locale":"it_IT","og_type":"article","og_title":"T-shirt Yes Zee Bianco - Acquista online! - Seconda Strada","og_description":"T-shirt Yes Zee Bianco \u27a4 Acquista online su Secondastrada.com T-shirt Yes Zee Bianco \u2714\ufe0f Spedizione veloce entro 24h in tutta Italia \u2714\ufe0f Sconto sul tuo primo acquisto","og_url":"https:\/\/www.secondastrada.com\/it\/t-shirt-yes-zee-bianco-15\/","og_site_name":"Seconda Strada","article_modified_time":"2026-01-29T18:54:52+00:00","og_image":[{"width":1000,"height":1300,"url":"https:\/\/www.secondastrada.com\/wp-content\/uploads\/2024\/04\/T723-TL00-ou_GESSO_PE24_1.jpg","type":"image\/jpeg"}],"twitter_card":"summary_large_image","schema":{"@context":"https:\/\/schema.org","@graph":[{"@type":"WebPage","@id":"https:\/\/www.secondastrada.com\/it\/t-shirt-yes-zee-bianco-15\/","url":"https:\/\/www.secondastrada.com\/it\/t-shirt-yes-zee-bianco-15\/","name":"T-shirt Yes Zee Bianco - Acquista online! - Seconda Strada","isPartOf":{"@id":"https:\/\/www.secondastrada.com\/it\/#website"},"primaryImageOfPage":{"@id":"https:\/\/www.secondastrada.com\/it\/t-shirt-yes-zee-bianco-15\/#primaryimage"},"image":{"@id":"https:\/\/www.secondastrada.com\/it\/t-shirt-yes-zee-bianco-15\/#primaryimage"},"thumbnailUrl":"https:\/\/www.secondastrada.com\/wp-content\/uploads\/2024\/04\/T723-TL00-ou_GESSO_PE24_1.jpg","datePublished":"2024-04-24T16:47:37+00:00","dateModified":"2026-01-29T18:54:52+00:00","description":"T-shirt Yes Zee Bianco \u27a4 Acquista online su Secondastrada.com T-shirt Yes Zee Bianco \u2714\ufe0f Spedizione veloce entro 24h in tutta Italia \u2714\ufe0f Sconto sul tuo primo acquisto","breadcrumb":{"@id":"https:\/\/www.secondastrada.com\/it\/t-shirt-yes-zee-bianco-15\/#breadcrumb"},"inLanguage":"it-IT","potentialAction":[{"@type":"ReadAction","target":["https:\/\/www.secondastrada.com\/it\/t-shirt-yes-zee-bianco-15\/"]}]},{"@type":"ImageObject","inLanguage":"it-IT","@id":"https:\/\/www.secondastrada.com\/it\/t-shirt-yes-zee-bianco-15\/#primaryimage","url":"https:\/\/www.secondastrada.com\/wp-content\/uploads\/2024\/04\/T723-TL00-ou_GESSO_PE24_1.jpg","contentUrl":"https:\/\/www.secondastrada.com\/wp-content\/uploads\/2024\/04\/T723-TL00-ou_GESSO_PE24_1.jpg","width":1000,"height":1300,"caption":"T723-TL00-ou_GESSO_PE24"},{"@type":"BreadcrumbList","@id":"https:\/\/www.secondastrada.com\/it\/t-shirt-yes-zee-bianco-15\/#breadcrumb","itemListElement":[{"@type":"ListItem","position":1,"name":"Home","item":"https:\/\/www.secondastrada.com\/it\/"},{"@type":"ListItem","position":2,"name":"Shop","item":"https:\/\/www.secondastrada.com\/it\/shop\/"},{"@type":"ListItem","position":3,"name":"Uomo","item":"https:\/\/www.secondastrada.com\/it\/collezione-uomo\/"},{"@type":"ListItem","position":4,"name":"Abbigliamento","item":"https:\/\/www.secondastrada.com\/it\/collezione-uomo\/abbigliamento-uomo\/"},{"@type":"ListItem","position":5,"name":"T-shirt","item":"https:\/\/www.secondastrada.com\/it\/collezione-uomo\/abbigliamento-uomo\/t-shirt-da-uomo\/"},{"@type":"ListItem","position":6,"name":"T-shirt Yes Zee Bianco"}]},{"@type":"WebSite","@id":"https:\/\/www.secondastrada.com\/it\/#website","url":"https:\/\/www.secondastrada.com\/it\/","name":"Seconda Strada","description":"","publisher":{"@id":"https:\/\/www.secondastrada.com\/it\/#organization"},"potentialAction":[{"@type":"SearchAction","target":{"@type":"EntryPoint","urlTemplate":"https:\/\/www.secondastrada.com\/it\/?s={search_term_string}"},"query-input":"required name=search_term_string"}],"inLanguage":"it-IT"},{"@type":"Organization","@id":"https:\/\/www.secondastrada.com\/it\/#organization","name":"Seconda Strada","url":"https:\/\/www.secondastrada.com\/it\/","logo":{"@type":"ImageObject","inLanguage":"it-IT","@id":"https:\/\/www.secondastrada.com\/it\/#\/schema\/logo\/image\/","url":"https:\/\/www.secondastrada.com\/wp-content\/uploads\/2023\/11\/secondastrada-logo.svg","contentUrl":"https:\/\/www.secondastrada.com\/wp-content\/uploads\/2023\/11\/secondastrada-logo.svg","width":353,"height":47,"caption":"Seconda Strada"},"image":{"@id":"https:\/\/www.secondastrada.com\/it\/#\/schema\/logo\/image\/"}}]}},"df_price":"","df_sale_price":"","df_regular_price":"","df_image_link":"https:\/\/www.secondastrada.com\/wp-content\/uploads\/2024\/04\/T723-TL00-ou_GESSO_PE24_1-300x300.jpg","_links":{"self":[{"href":"https:\/\/www.secondastrada.com\/it\/wp-json\/wp\/v2\/product\/49788"}],"collection":[{"href":"https:\/\/www.secondastrada.com\/it\/wp-json\/wp\/v2\/product"}],"about":[{"href":"https:\/\/www.secondastrada.com\/it\/wp-json\/wp\/v2\/types\/product"}],"wp:featuredmedia":[{"embeddable":true,"href":"https:\/\/www.secondastrada.com\/it\/wp-json\/wp\/v2\/media\/50059"}],"wp:attachment":[{"href":"https:\/\/www.secondastrada.com\/it\/wp-json\/wp\/v2\/media?parent=49788"}],"wp:term":[{"taxonomy":"ss_brand","embeddable":true,"href":"https:\/\/www.secondastrada.com\/it\/wp-json\/wp\/v2\/ss_brand?post=49788"},{"taxonomy":"ss_promo","embeddable":true,"href":"https:\/\/www.secondastrada.com\/it\/wp-json\/wp\/v2\/ss_promo?post=49788"},{"taxonomy":"ss_season","embeddable":true,"href":"https:\/\/www.secondastrada.com\/it\/wp-json\/wp\/v2\/ss_season?post=49788"},{"taxonomy":"product_cat","embeddable":true,"href":"https:\/\/www.secondastrada.com\/it\/wp-json\/wp\/v2\/product_cat?post=49788"},{"taxonomy":"product_tag","embeddable":true,"href":"https:\/\/www.secondastrada.com\/it\/wp-json\/wp\/v2\/product_tag?post=49788"}],"curies":[{"name":"wp","href":"https:\/\/api.w.org\/{rel}","templated":true}]}}