{"id":52599,"date":"2024-05-09T10:31:25","date_gmt":"2024-05-09T08:31:25","guid":{"rendered":"https:\/\/www.secondastrada.com\/it\/maglione-fred-perry-beige\/"},"modified":"2026-01-29T20:51:43","modified_gmt":"2026-01-29T19:51:43","slug":"maglione-fred-perry-beige","status":"publish","type":"product","link":"https:\/\/www.secondastrada.com\/it\/maglione-fred-perry-beige\/","title":{"rendered":"Maglione Fred Perry Beige"},"content":{"rendered":"<p>Maglione con trama lavorata in total beige e logo brand ricamato nero ad altezza cuore. La vestibilit\u00e0 \u00e8 morbida e regolare. Il maglione \u00e8 adatto per occasioni casual e facilmente combinabile. Indossalo per essere impeccabile. <br \/>Cod. art. FP K6507 47 su<br \/>Vi ricordiamo che tutti i nostri articoli sono originali.<\/p>\n","protected":false},"excerpt":{"rendered":"<p>Maglione con trama lavorata in total beige e logo brand ricamato nero ad altezza cuore. La vestibilit\u00e0 \u00e8 morbida e regolare. Il maglione \u00e8 adatto per occasioni casual e facilmente combinabile. Indossalo per essere impeccabile. Cod. art. FP K6507 47 suVi ricordiamo che tutti i nostri articoli sono originali.<\/p>\n","protected":false},"featured_media":53995,"template":"","meta":{"inline_featured_image":false},"ss_brand":[1293],"ss_promo":[2182],"ss_season":[1664],"product_cat":[1332,1629,1482,1714],"product_tag":[],"class_list":{"0":"post-52599","1":"product","2":"type-product","3":"status-publish","4":"has-post-thumbnail","6":"ss_brand-fred-perry-uomo","7":"ss_promo-ultime-occasioni-uomo","8":"ss_season-pe2024","9":"product_cat-abbigliamento-uomo","10":"product_cat-maglioni-girocollo-da-uomo","11":"product_cat-maglioni-da-uomo","12":"product_cat-collezione-uomo","14":"first","15":"outofstock","16":"sold-individually","17":"shipping-taxable","18":"product-type-variable","19":"has-default-attributes"},"acf":{"ss_brand":[{"term_id":1293,"name":"FRED PERRY","slug":"fred-perry-uomo","term_group":0,"term_taxonomy_id":1293,"taxonomy":"ss_brand","description":"La corona d\u2019alloro \u00e8 il simbolo di autenticit\u00e0 e di eleganza sportiva Made in England: scopri i migliori modelli di abbigliamento da uomo firmati Fred Perry in offerta nel nostro store!\u00a0Acquista online su SecondaStrada.com <strong>abbigliamento da uomo Fred Perry scontatissimo<\/strong>!","parent":1268,"count":22,"filter":"raw"}],"ss_promo":[2182],"ss_season":[{"term_id":1664,"name":"PE24","slug":"pe2024","term_group":0,"term_taxonomy_id":1664,"taxonomy":"ss_season","description":"","parent":0,"count":1722,"filter":"raw"}],"ss_old_price":"170,00","ss_omnibus_price":"0,00","ss_style_advice":"<p>Maglione con trama lavorata in total beige e logo brand ricamato nero ad altezza cuore. La vestibilit\u00e0 \u00e8 morbida e regolare. Il maglione \u00e8 adatto per occasioni casual e facilmente combinabile. Indossalo per essere impeccabile. <br \/>Cod. art. FP K6507 47 su<br \/>Vi ricordiamo che tutti i nostri articoli sono originali.<\/p>\n","ss_composition":"<p>100% cotone<\/p>\n","ss_fit":"<p>Taglia L. La vestibilit\u00e0 del capo \u00e8 regolare<\/p>\n"},"yoast_head":"<!-- This site is optimized with the Yoast SEO plugin v22.3 - https:\/\/yoast.com\/wordpress\/plugins\/seo\/ -->\n<title>Maglione Fred Perry Beige - Acquista online! - Seconda Strada<\/title>\n<meta name=\"description\" content=\"Maglione Fred Perry Beige \u27a4 Acquista online su Secondastrada.com Maglione Fred Perry Beige \u2714\ufe0f Spedizione veloce entro 24h in tutta Italia \u2714\ufe0f Sconto sul tuo primo acquisto\" \/>\n<meta name=\"robots\" content=\"index, follow, max-snippet:-1, max-image-preview:large, max-video-preview:-1\" \/>\n<link rel=\"canonical\" href=\"https:\/\/www.secondastrada.com\/it\/maglione-fred-perry-beige\/\" \/>\n<meta property=\"og:locale\" content=\"it_IT\" \/>\n<meta property=\"og:type\" content=\"article\" \/>\n<meta property=\"og:title\" content=\"Maglione Fred Perry Beige - Acquista online! - Seconda Strada\" \/>\n<meta property=\"og:description\" content=\"Maglione Fred Perry Beige \u27a4 Acquista online su Secondastrada.com Maglione Fred Perry Beige \u2714\ufe0f Spedizione veloce entro 24h in tutta Italia \u2714\ufe0f Sconto sul tuo primo acquisto\" \/>\n<meta property=\"og:url\" content=\"https:\/\/www.secondastrada.com\/it\/maglione-fred-perry-beige\/\" \/>\n<meta property=\"og:site_name\" content=\"Seconda Strada\" \/>\n<meta property=\"article:modified_time\" content=\"2026-01-29T19:51:43+00:00\" \/>\n<meta property=\"og:image\" content=\"https:\/\/www.secondastrada.com\/wp-content\/uploads\/2024\/05\/FP-K6507-47-su_OATMEAL_PE24_1.jpg\" \/>\n\t<meta property=\"og:image:width\" content=\"1000\" \/>\n\t<meta property=\"og:image:height\" content=\"1300\" \/>\n\t<meta property=\"og:image:type\" content=\"image\/jpeg\" \/>\n<meta name=\"twitter:card\" content=\"summary_large_image\" \/>\n<!-- \/ Yoast SEO plugin. -->","yoast_head_json":{"title":"Maglione Fred Perry Beige - Acquista online! - Seconda Strada","description":"Maglione Fred Perry Beige \u27a4 Acquista online su Secondastrada.com Maglione Fred Perry Beige \u2714\ufe0f Spedizione veloce entro 24h in tutta Italia \u2714\ufe0f Sconto sul tuo primo acquisto","robots":{"index":"index","follow":"follow","max-snippet":"max-snippet:-1","max-image-preview":"max-image-preview:large","max-video-preview":"max-video-preview:-1"},"canonical":"https:\/\/www.secondastrada.com\/it\/maglione-fred-perry-beige\/","og_locale":"it_IT","og_type":"article","og_title":"Maglione Fred Perry Beige - Acquista online! - Seconda Strada","og_description":"Maglione Fred Perry Beige \u27a4 Acquista online su Secondastrada.com Maglione Fred Perry Beige \u2714\ufe0f Spedizione veloce entro 24h in tutta Italia \u2714\ufe0f Sconto sul tuo primo acquisto","og_url":"https:\/\/www.secondastrada.com\/it\/maglione-fred-perry-beige\/","og_site_name":"Seconda Strada","article_modified_time":"2026-01-29T19:51:43+00:00","og_image":[{"width":1000,"height":1300,"url":"https:\/\/www.secondastrada.com\/wp-content\/uploads\/2024\/05\/FP-K6507-47-su_OATMEAL_PE24_1.jpg","type":"image\/jpeg"}],"twitter_card":"summary_large_image","schema":{"@context":"https:\/\/schema.org","@graph":[{"@type":"WebPage","@id":"https:\/\/www.secondastrada.com\/it\/maglione-fred-perry-beige\/","url":"https:\/\/www.secondastrada.com\/it\/maglione-fred-perry-beige\/","name":"Maglione Fred Perry Beige - Acquista online! - Seconda Strada","isPartOf":{"@id":"https:\/\/www.secondastrada.com\/it\/#website"},"primaryImageOfPage":{"@id":"https:\/\/www.secondastrada.com\/it\/maglione-fred-perry-beige\/#primaryimage"},"image":{"@id":"https:\/\/www.secondastrada.com\/it\/maglione-fred-perry-beige\/#primaryimage"},"thumbnailUrl":"https:\/\/www.secondastrada.com\/wp-content\/uploads\/2024\/05\/FP-K6507-47-su_OATMEAL_PE24_1.jpg","datePublished":"2024-05-09T08:31:25+00:00","dateModified":"2026-01-29T19:51:43+00:00","description":"Maglione Fred Perry Beige \u27a4 Acquista online su Secondastrada.com Maglione Fred Perry Beige \u2714\ufe0f Spedizione veloce entro 24h in tutta Italia \u2714\ufe0f Sconto sul tuo primo acquisto","breadcrumb":{"@id":"https:\/\/www.secondastrada.com\/it\/maglione-fred-perry-beige\/#breadcrumb"},"inLanguage":"it-IT","potentialAction":[{"@type":"ReadAction","target":["https:\/\/www.secondastrada.com\/it\/maglione-fred-perry-beige\/"]}]},{"@type":"ImageObject","inLanguage":"it-IT","@id":"https:\/\/www.secondastrada.com\/it\/maglione-fred-perry-beige\/#primaryimage","url":"https:\/\/www.secondastrada.com\/wp-content\/uploads\/2024\/05\/FP-K6507-47-su_OATMEAL_PE24_1.jpg","contentUrl":"https:\/\/www.secondastrada.com\/wp-content\/uploads\/2024\/05\/FP-K6507-47-su_OATMEAL_PE24_1.jpg","width":1000,"height":1300,"caption":"FP-K6507-47-su_OATMEAL_PE24"},{"@type":"BreadcrumbList","@id":"https:\/\/www.secondastrada.com\/it\/maglione-fred-perry-beige\/#breadcrumb","itemListElement":[{"@type":"ListItem","position":1,"name":"Home","item":"https:\/\/www.secondastrada.com\/it\/"},{"@type":"ListItem","position":2,"name":"Shop","item":"https:\/\/www.secondastrada.com\/it\/shop\/"},{"@type":"ListItem","position":3,"name":"Uomo","item":"https:\/\/www.secondastrada.com\/it\/collezione-uomo\/"},{"@type":"ListItem","position":4,"name":"Abbigliamento","item":"https:\/\/www.secondastrada.com\/it\/collezione-uomo\/abbigliamento-uomo\/"},{"@type":"ListItem","position":5,"name":"Maglioni e Maglie","item":"https:\/\/www.secondastrada.com\/it\/collezione-uomo\/abbigliamento-uomo\/maglioni-da-uomo\/"},{"@type":"ListItem","position":6,"name":"Maglie girocollo","item":"https:\/\/www.secondastrada.com\/it\/collezione-uomo\/abbigliamento-uomo\/maglioni-da-uomo\/maglioni-girocollo-da-uomo\/"},{"@type":"ListItem","position":7,"name":"Maglione Fred Perry Beige"}]},{"@type":"WebSite","@id":"https:\/\/www.secondastrada.com\/it\/#website","url":"https:\/\/www.secondastrada.com\/it\/","name":"Seconda Strada","description":"","publisher":{"@id":"https:\/\/www.secondastrada.com\/it\/#organization"},"potentialAction":[{"@type":"SearchAction","target":{"@type":"EntryPoint","urlTemplate":"https:\/\/www.secondastrada.com\/it\/?s={search_term_string}"},"query-input":"required name=search_term_string"}],"inLanguage":"it-IT"},{"@type":"Organization","@id":"https:\/\/www.secondastrada.com\/it\/#organization","name":"Seconda Strada","url":"https:\/\/www.secondastrada.com\/it\/","logo":{"@type":"ImageObject","inLanguage":"it-IT","@id":"https:\/\/www.secondastrada.com\/it\/#\/schema\/logo\/image\/","url":"https:\/\/www.secondastrada.com\/wp-content\/uploads\/2023\/11\/secondastrada-logo.svg","contentUrl":"https:\/\/www.secondastrada.com\/wp-content\/uploads\/2023\/11\/secondastrada-logo.svg","width":353,"height":47,"caption":"Seconda Strada"},"image":{"@id":"https:\/\/www.secondastrada.com\/it\/#\/schema\/logo\/image\/"}}]}},"df_price":"","df_sale_price":"","df_regular_price":"","df_image_link":"https:\/\/www.secondastrada.com\/wp-content\/uploads\/2024\/05\/FP-K6507-47-su_OATMEAL_PE24_1-300x300.jpg","_links":{"self":[{"href":"https:\/\/www.secondastrada.com\/it\/wp-json\/wp\/v2\/product\/52599"}],"collection":[{"href":"https:\/\/www.secondastrada.com\/it\/wp-json\/wp\/v2\/product"}],"about":[{"href":"https:\/\/www.secondastrada.com\/it\/wp-json\/wp\/v2\/types\/product"}],"wp:featuredmedia":[{"embeddable":true,"href":"https:\/\/www.secondastrada.com\/it\/wp-json\/wp\/v2\/media\/53995"}],"wp:attachment":[{"href":"https:\/\/www.secondastrada.com\/it\/wp-json\/wp\/v2\/media?parent=52599"}],"wp:term":[{"taxonomy":"ss_brand","embeddable":true,"href":"https:\/\/www.secondastrada.com\/it\/wp-json\/wp\/v2\/ss_brand?post=52599"},{"taxonomy":"ss_promo","embeddable":true,"href":"https:\/\/www.secondastrada.com\/it\/wp-json\/wp\/v2\/ss_promo?post=52599"},{"taxonomy":"ss_season","embeddable":true,"href":"https:\/\/www.secondastrada.com\/it\/wp-json\/wp\/v2\/ss_season?post=52599"},{"taxonomy":"product_cat","embeddable":true,"href":"https:\/\/www.secondastrada.com\/it\/wp-json\/wp\/v2\/product_cat?post=52599"},{"taxonomy":"product_tag","embeddable":true,"href":"https:\/\/www.secondastrada.com\/it\/wp-json\/wp\/v2\/product_tag?post=52599"}],"curies":[{"name":"wp","href":"https:\/\/api.w.org\/{rel}","templated":true}]}}