{"id":5403,"date":"2024-03-22T19:37:13","date_gmt":"2024-03-22T18:37:13","guid":{"rendered":"http:\/\/secondastrada.com\/t-shirt-fred-perry-grigio\/"},"modified":"2025-01-30T07:28:06","modified_gmt":"2025-01-30T06:28:06","slug":"t-shirt-fred-perry-grigio","status":"publish","type":"product","link":"https:\/\/www.secondastrada.com\/it\/t-shirt-fred-perry-grigio\/","title":{"rendered":"T-shirt Fred Perry grigio"},"content":{"rendered":"<p><b>COMPOSIZIONE E VESTIBILIT\u00c0:<\/b><br \/>100% cotone<br \/>Il modello \u00e8 alto 178 cm e indossa la taglia L. La vestibilit\u00e0 del capo \u00e8 regolare.<br \/><b>CONSIGLI DI STILE:<\/b><br \/>T-shirt in total azzurgrigioro con logo brand ricamato nero ad altezza cuore. La vestibilit\u00e0 \u00e8 morbida e regolare. La t-shirt \u00e8 adatta per occasioni casual\/sportive. Praticit\u00e0 e stile in un solo capo. <br \/>Cod. art. FP M3519 46 2st<br \/>Vi ricordiamo che tutti i nostri articoli sono originali.<br \/><b>MISURE:<\/b><br \/> Misure taglia L: <br \/>&#8211; Spalle (da cucitura a cucitura): 41 cm <br \/>&#8211; Lunghezza (da sotto ascella fino al fondo): 48 cm <\/p>\n","protected":false},"excerpt":{"rendered":"<p>COMPOSIZIONE E VESTIBILIT\u00c0:100% cotoneIl modello \u00e8 alto 178 cm e indossa la taglia L. La vestibilit\u00e0 del capo \u00e8 regolare.CONSIGLI DI STILE:T-shirt in total azzurgrigioro con logo brand ricamato nero ad altezza cuore. La vestibilit\u00e0 \u00e8 morbida e regolare. La t-shirt \u00e8 adatta per occasioni casual\/sportive. Praticit\u00e0 e stile in un solo capo. Cod. art&#8230;.<\/p>\n","protected":false},"featured_media":0,"template":"","meta":{"inline_featured_image":false},"ss_brand":[1293],"ss_promo":[],"ss_season":[2005],"product_cat":[1332,1479,1714],"product_tag":[],"class_list":{"0":"post-5403","1":"product","2":"type-product","3":"status-publish","5":"ss_brand-fred-perry-uomo","6":"ss_season-ai23","7":"product_cat-abbigliamento-uomo","8":"product_cat-t-shirt-da-uomo","9":"product_cat-collezione-uomo","11":"first","12":"outofstock","13":"shipping-taxable","14":"product-type-variable","15":"has-default-attributes"},"acf":{"ss_brand":[{"term_id":1293,"name":"FRED PERRY","slug":"fred-perry-uomo","term_group":0,"term_taxonomy_id":1293,"taxonomy":"ss_brand","description":"La corona d\u2019alloro \u00e8 il simbolo di autenticit\u00e0 e di eleganza sportiva Made in England: scopri i migliori modelli di abbigliamento da uomo firmati Fred Perry in offerta nel nostro store!\u00a0Acquista online su SecondaStrada.com <strong>abbigliamento da uomo Fred Perry scontatissimo<\/strong>!","parent":1268,"count":22,"filter":"raw"}],"ss_promo":false,"ss_season":[{"term_id":2005,"name":"AI23","slug":"ai23","term_group":0,"term_taxonomy_id":2005,"taxonomy":"ss_season","description":"","parent":0,"count":601,"filter":"raw"}],"ss_old_price":"61,00","ss_omnibus_price":"0,00","ss_style_advice":"<p><b>COMPOSIZIONE E VESTIBILIT\u00c0:<\/b><br \/>100% cotone<br \/>Il modello \u00e8 alto 178 cm e indossa la taglia L. La vestibilit\u00e0 del capo \u00e8 regolare.<br \/><b>CONSIGLI DI STILE:<\/b><br \/>T-shirt in total azzurgrigioro con logo brand ricamato nero ad altezza cuore. La vestibilit\u00e0 \u00e8 morbida e regolare. La t-shirt \u00e8 adatta per occasioni casual\/sportive. Praticit\u00e0 e stile in un solo capo. <br \/>Cod. art. FP M3519 46 2st<br \/>Vi ricordiamo che tutti i nostri articoli sono originali.<br \/><b>MISURE:<\/b><br \/> Misure taglia L: <br \/>&#8211; Spalle (da cucitura a cucitura): 41 cm <br \/>&#8211; Lunghezza (da sotto ascella fino al fondo): 48 cm <\/p>\n","ss_composition":"<p>100% cotone<\/p>\n","ss_fit":"<p>T-shirt FRED PERRY<\/p>\n"},"yoast_head":"<!-- This site is optimized with the Yoast SEO plugin v22.3 - https:\/\/yoast.com\/wordpress\/plugins\/seo\/ -->\n<title>T-shirt Fred Perry grigio - Acquista online! - Seconda Strada<\/title>\n<meta name=\"description\" content=\"T-shirt Fred Perry grigio \u27a4 Acquista online su Secondastrada.com T-shirt Fred Perry grigio \u2714\ufe0f Spedizione veloce entro 24h in tutta Italia \u2714\ufe0f Sconto sul tuo primo acquisto\" \/>\n<meta name=\"robots\" content=\"index, follow, max-snippet:-1, max-image-preview:large, max-video-preview:-1\" \/>\n<link rel=\"canonical\" href=\"https:\/\/www.secondastrada.com\/it\/t-shirt-fred-perry-grigio\/\" \/>\n<meta property=\"og:locale\" content=\"it_IT\" \/>\n<meta property=\"og:type\" content=\"article\" \/>\n<meta property=\"og:title\" content=\"T-shirt Fred Perry grigio - Acquista online! - Seconda Strada\" \/>\n<meta property=\"og:description\" content=\"T-shirt Fred Perry grigio \u27a4 Acquista online su Secondastrada.com T-shirt Fred Perry grigio \u2714\ufe0f Spedizione veloce entro 24h in tutta Italia \u2714\ufe0f Sconto sul tuo primo acquisto\" \/>\n<meta property=\"og:url\" content=\"https:\/\/www.secondastrada.com\/it\/t-shirt-fred-perry-grigio\/\" \/>\n<meta property=\"og:site_name\" content=\"Seconda Strada\" \/>\n<meta property=\"article:modified_time\" content=\"2025-01-30T06:28:06+00:00\" \/>\n<meta name=\"twitter:card\" content=\"summary_large_image\" \/>\n<!-- \/ Yoast SEO plugin. -->","yoast_head_json":{"title":"T-shirt Fred Perry grigio - Acquista online! - Seconda Strada","description":"T-shirt Fred Perry grigio \u27a4 Acquista online su Secondastrada.com T-shirt Fred Perry grigio \u2714\ufe0f Spedizione veloce entro 24h in tutta Italia \u2714\ufe0f Sconto sul tuo primo acquisto","robots":{"index":"index","follow":"follow","max-snippet":"max-snippet:-1","max-image-preview":"max-image-preview:large","max-video-preview":"max-video-preview:-1"},"canonical":"https:\/\/www.secondastrada.com\/it\/t-shirt-fred-perry-grigio\/","og_locale":"it_IT","og_type":"article","og_title":"T-shirt Fred Perry grigio - Acquista online! - Seconda Strada","og_description":"T-shirt Fred Perry grigio \u27a4 Acquista online su Secondastrada.com T-shirt Fred Perry grigio \u2714\ufe0f Spedizione veloce entro 24h in tutta Italia \u2714\ufe0f Sconto sul tuo primo acquisto","og_url":"https:\/\/www.secondastrada.com\/it\/t-shirt-fred-perry-grigio\/","og_site_name":"Seconda Strada","article_modified_time":"2025-01-30T06:28:06+00:00","twitter_card":"summary_large_image","schema":{"@context":"https:\/\/schema.org","@graph":[{"@type":"WebPage","@id":"https:\/\/www.secondastrada.com\/it\/t-shirt-fred-perry-grigio\/","url":"https:\/\/www.secondastrada.com\/it\/t-shirt-fred-perry-grigio\/","name":"T-shirt Fred Perry grigio - Acquista online! - Seconda Strada","isPartOf":{"@id":"https:\/\/www.secondastrada.com\/it\/#website"},"datePublished":"2024-03-22T18:37:13+00:00","dateModified":"2025-01-30T06:28:06+00:00","description":"T-shirt Fred Perry grigio \u27a4 Acquista online su Secondastrada.com T-shirt Fred Perry grigio \u2714\ufe0f Spedizione veloce entro 24h in tutta Italia \u2714\ufe0f Sconto sul tuo primo acquisto","breadcrumb":{"@id":"https:\/\/www.secondastrada.com\/it\/t-shirt-fred-perry-grigio\/#breadcrumb"},"inLanguage":"it-IT","potentialAction":[{"@type":"ReadAction","target":["https:\/\/www.secondastrada.com\/it\/t-shirt-fred-perry-grigio\/"]}]},{"@type":"BreadcrumbList","@id":"https:\/\/www.secondastrada.com\/it\/t-shirt-fred-perry-grigio\/#breadcrumb","itemListElement":[{"@type":"ListItem","position":1,"name":"Home","item":"https:\/\/www.secondastrada.com\/it\/"},{"@type":"ListItem","position":2,"name":"Shop","item":"https:\/\/www.secondastrada.com\/it\/shop\/"},{"@type":"ListItem","position":3,"name":"Uomo","item":"https:\/\/www.secondastrada.com\/it\/collezione-uomo\/"},{"@type":"ListItem","position":4,"name":"Abbigliamento","item":"https:\/\/www.secondastrada.com\/it\/collezione-uomo\/abbigliamento-uomo\/"},{"@type":"ListItem","position":5,"name":"T-shirt","item":"https:\/\/www.secondastrada.com\/it\/collezione-uomo\/abbigliamento-uomo\/t-shirt-da-uomo\/"},{"@type":"ListItem","position":6,"name":"T-shirt Fred Perry grigio"}]},{"@type":"WebSite","@id":"https:\/\/www.secondastrada.com\/it\/#website","url":"https:\/\/www.secondastrada.com\/it\/","name":"Seconda Strada","description":"","publisher":{"@id":"https:\/\/www.secondastrada.com\/it\/#organization"},"potentialAction":[{"@type":"SearchAction","target":{"@type":"EntryPoint","urlTemplate":"https:\/\/www.secondastrada.com\/it\/?s={search_term_string}"},"query-input":"required name=search_term_string"}],"inLanguage":"it-IT"},{"@type":"Organization","@id":"https:\/\/www.secondastrada.com\/it\/#organization","name":"Seconda Strada","url":"https:\/\/www.secondastrada.com\/it\/","logo":{"@type":"ImageObject","inLanguage":"it-IT","@id":"https:\/\/www.secondastrada.com\/it\/#\/schema\/logo\/image\/","url":"https:\/\/www.secondastrada.com\/wp-content\/uploads\/2023\/11\/secondastrada-logo.svg","contentUrl":"https:\/\/www.secondastrada.com\/wp-content\/uploads\/2023\/11\/secondastrada-logo.svg","width":353,"height":47,"caption":"Seconda Strada"},"image":{"@id":"https:\/\/www.secondastrada.com\/it\/#\/schema\/logo\/image\/"}}]}},"df_price":"","df_sale_price":"","df_regular_price":"","df_image_link":"https:\/\/www.secondastrada.com\/wp-content\/uploads\/2024\/03\/placeholder-ss.webp","_links":{"self":[{"href":"https:\/\/www.secondastrada.com\/it\/wp-json\/wp\/v2\/product\/5403"}],"collection":[{"href":"https:\/\/www.secondastrada.com\/it\/wp-json\/wp\/v2\/product"}],"about":[{"href":"https:\/\/www.secondastrada.com\/it\/wp-json\/wp\/v2\/types\/product"}],"wp:attachment":[{"href":"https:\/\/www.secondastrada.com\/it\/wp-json\/wp\/v2\/media?parent=5403"}],"wp:term":[{"taxonomy":"ss_brand","embeddable":true,"href":"https:\/\/www.secondastrada.com\/it\/wp-json\/wp\/v2\/ss_brand?post=5403"},{"taxonomy":"ss_promo","embeddable":true,"href":"https:\/\/www.secondastrada.com\/it\/wp-json\/wp\/v2\/ss_promo?post=5403"},{"taxonomy":"ss_season","embeddable":true,"href":"https:\/\/www.secondastrada.com\/it\/wp-json\/wp\/v2\/ss_season?post=5403"},{"taxonomy":"product_cat","embeddable":true,"href":"https:\/\/www.secondastrada.com\/it\/wp-json\/wp\/v2\/product_cat?post=5403"},{"taxonomy":"product_tag","embeddable":true,"href":"https:\/\/www.secondastrada.com\/it\/wp-json\/wp\/v2\/product_tag?post=5403"}],"curies":[{"name":"wp","href":"https:\/\/api.w.org\/{rel}","templated":true}]}}