{"id":54963,"date":"2024-04-10T10:53:47","date_gmt":"2024-04-10T08:53:47","guid":{"rendered":"https:\/\/www.secondastrada.com\/it\/pantalone-vougue-con-vita-elasticizzata-3\/"},"modified":"2026-01-29T11:46:42","modified_gmt":"2026-01-29T10:46:42","slug":"pantalone-vougue-con-vita-elasticizzata-3","status":"publish","type":"product","link":"https:\/\/www.secondastrada.com\/it\/pantalone-vougue-con-vita-elasticizzata-3\/","title":{"rendered":"Pantalone Vougue con vita elasticizzata"},"content":{"rendered":"<p>77% poliestere 17% viscosa 6% elastina<br \/>La modella indossa la taglia S e la vestibilit\u00e0 \u00e8 regolare<br \/>Classicit\u00e0 ed eleganza sono alla base di questo pantalone elasticizzato in vita! Scegli questo pantalone color verde acqua per look irresistibili e provalo in abbinamento a una camicia e a un blazer<br \/>Cod. Art ELENA op<br \/>Vi ricordiamo che tutti i nostri articoli sono originali.<\/p>\n","protected":false},"excerpt":{"rendered":"<p>77% poliestere 17% viscosa 6% elastinaLa modella indossa la taglia S e la vestibilit\u00e0 \u00e8 regolareClassicit\u00e0 ed eleganza sono alla base di questo pantalone elasticizzato in vita! Scegli questo pantalone color verde acqua per look irresistibili e provalo in abbinamento a una camicia e a un blazerCod. Art ELENA opVi ricordiamo che tutti i nostri&#8230;<\/p>\n","protected":false},"featured_media":0,"template":"","meta":{"inline_featured_image":false},"ss_brand":[1203],"ss_promo":[2181],"ss_season":[],"product_cat":[1329,1658,1342,1635],"product_tag":[1793],"class_list":{"0":"post-54963","1":"product","2":"type-product","3":"status-publish","5":"ss_brand-vougue-donna","6":"ss_promo-ultime-occasioni-donna","7":"product_cat-abbigliamento-donna","8":"product_cat-collezione-donna","9":"product_cat-pantaloni-da-donna","10":"product_cat-pantaloni-eleganti-da-donna","11":"product_tag-pantaloni-vougue-donna","13":"first","14":"outofstock","15":"shipping-taxable","16":"product-type-variable","17":"has-default-attributes"},"acf":{"ss_brand":[{"term_id":1203,"name":"VOUGUE","slug":"vougue-donna","term_group":0,"term_taxonomy_id":1203,"taxonomy":"ss_brand","description":"Vuoi essere glamour e sul pezzo in ufficio e nel tempo libero? Scopri la collezione di abbigliamento Vougue a prezzi iper-convenienti per outfit di sicuro successo.","parent":1201,"count":303,"filter":"raw"}],"ss_promo":[2181],"ss_season":false,"ss_old_price":"0,00","ss_omnibus_price":"0,00","ss_style_advice":"<p>77% poliestere 17% viscosa 6% elastina<br \/>La modella indossa la taglia S e la vestibilit\u00e0 \u00e8 regolare<br \/>Classicit\u00e0 ed eleganza sono alla base di questo pantalone elasticizzato in vita! Scegli questo pantalone color verde acqua per look irresistibili e provalo in abbinamento a una camicia e a un blazer<br \/>Cod. Art ELENA op<br \/>Vi ricordiamo che tutti i nostri articoli sono originali.<\/p>\n","ss_composition":"<p>77% poliestere 17% viscosa 6% elastina<\/p>\n","ss_fit":"<p>Pantalone VOUGUE<\/p>\n"},"yoast_head":"<!-- This site is optimized with the Yoast SEO plugin v22.3 - https:\/\/yoast.com\/wordpress\/plugins\/seo\/ -->\n<title>Pantalone Vougue con vita elasticizzata - Acquista online! - Seconda Strada<\/title>\n<meta name=\"description\" content=\"Pantalone Vougue con vita elasticizzata \u27a4 Acquista online su Secondastrada.com Pantalone Vougue con vita elasticizzata \u2714\ufe0f Spedizione veloce entro 24h in tutta Italia \u2714\ufe0f Sconto sul tuo primo acquisto\" \/>\n<meta name=\"robots\" content=\"index, follow, max-snippet:-1, max-image-preview:large, max-video-preview:-1\" \/>\n<link rel=\"canonical\" href=\"https:\/\/www.secondastrada.com\/it\/pantalone-vougue-con-vita-elasticizzata-3\/\" \/>\n<meta property=\"og:locale\" content=\"it_IT\" \/>\n<meta property=\"og:type\" content=\"article\" \/>\n<meta property=\"og:title\" content=\"Pantalone Vougue con vita elasticizzata - Acquista online! - Seconda Strada\" \/>\n<meta property=\"og:description\" content=\"Pantalone Vougue con vita elasticizzata \u27a4 Acquista online su Secondastrada.com Pantalone Vougue con vita elasticizzata \u2714\ufe0f Spedizione veloce entro 24h in tutta Italia \u2714\ufe0f Sconto sul tuo primo acquisto\" \/>\n<meta property=\"og:url\" content=\"https:\/\/www.secondastrada.com\/it\/pantalone-vougue-con-vita-elasticizzata-3\/\" \/>\n<meta property=\"og:site_name\" content=\"Seconda Strada\" \/>\n<meta property=\"article:modified_time\" content=\"2026-01-29T10:46:42+00:00\" \/>\n<meta name=\"twitter:card\" content=\"summary_large_image\" \/>\n<!-- \/ Yoast SEO plugin. -->","yoast_head_json":{"title":"Pantalone Vougue con vita elasticizzata - Acquista online! - Seconda Strada","description":"Pantalone Vougue con vita elasticizzata \u27a4 Acquista online su Secondastrada.com Pantalone Vougue con vita elasticizzata \u2714\ufe0f Spedizione veloce entro 24h in tutta Italia \u2714\ufe0f Sconto sul tuo primo acquisto","robots":{"index":"index","follow":"follow","max-snippet":"max-snippet:-1","max-image-preview":"max-image-preview:large","max-video-preview":"max-video-preview:-1"},"canonical":"https:\/\/www.secondastrada.com\/it\/pantalone-vougue-con-vita-elasticizzata-3\/","og_locale":"it_IT","og_type":"article","og_title":"Pantalone Vougue con vita elasticizzata - Acquista online! - Seconda Strada","og_description":"Pantalone Vougue con vita elasticizzata \u27a4 Acquista online su Secondastrada.com Pantalone Vougue con vita elasticizzata \u2714\ufe0f Spedizione veloce entro 24h in tutta Italia \u2714\ufe0f Sconto sul tuo primo acquisto","og_url":"https:\/\/www.secondastrada.com\/it\/pantalone-vougue-con-vita-elasticizzata-3\/","og_site_name":"Seconda Strada","article_modified_time":"2026-01-29T10:46:42+00:00","twitter_card":"summary_large_image","schema":{"@context":"https:\/\/schema.org","@graph":[{"@type":"WebPage","@id":"https:\/\/www.secondastrada.com\/it\/pantalone-vougue-con-vita-elasticizzata-3\/","url":"https:\/\/www.secondastrada.com\/it\/pantalone-vougue-con-vita-elasticizzata-3\/","name":"Pantalone Vougue con vita elasticizzata - Acquista online! - Seconda Strada","isPartOf":{"@id":"https:\/\/www.secondastrada.com\/it\/#website"},"datePublished":"2024-04-10T08:53:47+00:00","dateModified":"2026-01-29T10:46:42+00:00","description":"Pantalone Vougue con vita elasticizzata \u27a4 Acquista online su Secondastrada.com Pantalone Vougue con vita elasticizzata \u2714\ufe0f Spedizione veloce entro 24h in tutta Italia \u2714\ufe0f Sconto sul tuo primo acquisto","breadcrumb":{"@id":"https:\/\/www.secondastrada.com\/it\/pantalone-vougue-con-vita-elasticizzata-3\/#breadcrumb"},"inLanguage":"it-IT","potentialAction":[{"@type":"ReadAction","target":["https:\/\/www.secondastrada.com\/it\/pantalone-vougue-con-vita-elasticizzata-3\/"]}]},{"@type":"BreadcrumbList","@id":"https:\/\/www.secondastrada.com\/it\/pantalone-vougue-con-vita-elasticizzata-3\/#breadcrumb","itemListElement":[{"@type":"ListItem","position":1,"name":"Home","item":"https:\/\/www.secondastrada.com\/it\/"},{"@type":"ListItem","position":2,"name":"Shop","item":"https:\/\/www.secondastrada.com\/it\/shop\/"},{"@type":"ListItem","position":3,"name":"Donna","item":"https:\/\/www.secondastrada.com\/it\/collezione-donna\/"},{"@type":"ListItem","position":4,"name":"Abbigliamento","item":"https:\/\/www.secondastrada.com\/it\/collezione-donna\/abbigliamento-donna\/"},{"@type":"ListItem","position":5,"name":"Pantaloni","item":"https:\/\/www.secondastrada.com\/it\/collezione-donna\/abbigliamento-donna\/pantaloni-da-donna\/"},{"@type":"ListItem","position":6,"name":"Pantaloni eleganti","item":"https:\/\/www.secondastrada.com\/it\/collezione-donna\/abbigliamento-donna\/pantaloni-da-donna\/pantaloni-eleganti-da-donna\/"},{"@type":"ListItem","position":7,"name":"Pantalone Vougue con vita elasticizzata"}]},{"@type":"WebSite","@id":"https:\/\/www.secondastrada.com\/it\/#website","url":"https:\/\/www.secondastrada.com\/it\/","name":"Seconda Strada","description":"","publisher":{"@id":"https:\/\/www.secondastrada.com\/it\/#organization"},"potentialAction":[{"@type":"SearchAction","target":{"@type":"EntryPoint","urlTemplate":"https:\/\/www.secondastrada.com\/it\/?s={search_term_string}"},"query-input":"required name=search_term_string"}],"inLanguage":"it-IT"},{"@type":"Organization","@id":"https:\/\/www.secondastrada.com\/it\/#organization","name":"Seconda Strada","url":"https:\/\/www.secondastrada.com\/it\/","logo":{"@type":"ImageObject","inLanguage":"it-IT","@id":"https:\/\/www.secondastrada.com\/it\/#\/schema\/logo\/image\/","url":"https:\/\/www.secondastrada.com\/wp-content\/uploads\/2023\/11\/secondastrada-logo.svg","contentUrl":"https:\/\/www.secondastrada.com\/wp-content\/uploads\/2023\/11\/secondastrada-logo.svg","width":353,"height":47,"caption":"Seconda Strada"},"image":{"@id":"https:\/\/www.secondastrada.com\/it\/#\/schema\/logo\/image\/"}}]}},"df_price":"","df_sale_price":"","df_regular_price":"","df_image_link":"https:\/\/www.secondastrada.com\/wp-content\/uploads\/2024\/03\/placeholder-ss.webp","_links":{"self":[{"href":"https:\/\/www.secondastrada.com\/it\/wp-json\/wp\/v2\/product\/54963"}],"collection":[{"href":"https:\/\/www.secondastrada.com\/it\/wp-json\/wp\/v2\/product"}],"about":[{"href":"https:\/\/www.secondastrada.com\/it\/wp-json\/wp\/v2\/types\/product"}],"wp:attachment":[{"href":"https:\/\/www.secondastrada.com\/it\/wp-json\/wp\/v2\/media?parent=54963"}],"wp:term":[{"taxonomy":"ss_brand","embeddable":true,"href":"https:\/\/www.secondastrada.com\/it\/wp-json\/wp\/v2\/ss_brand?post=54963"},{"taxonomy":"ss_promo","embeddable":true,"href":"https:\/\/www.secondastrada.com\/it\/wp-json\/wp\/v2\/ss_promo?post=54963"},{"taxonomy":"ss_season","embeddable":true,"href":"https:\/\/www.secondastrada.com\/it\/wp-json\/wp\/v2\/ss_season?post=54963"},{"taxonomy":"product_cat","embeddable":true,"href":"https:\/\/www.secondastrada.com\/it\/wp-json\/wp\/v2\/product_cat?post=54963"},{"taxonomy":"product_tag","embeddable":true,"href":"https:\/\/www.secondastrada.com\/it\/wp-json\/wp\/v2\/product_tag?post=54963"}],"curies":[{"name":"wp","href":"https:\/\/api.w.org\/{rel}","templated":true}]}}