{"id":57222,"date":"2024-05-20T12:46:27","date_gmt":"2024-05-20T10:46:27","guid":{"rendered":"https:\/\/www.secondastrada.com\/it\/abito-vougue-verde-2\/"},"modified":"2026-01-29T22:04:46","modified_gmt":"2026-01-29T21:04:46","slug":"abito-vougue-verde-2","status":"publish","type":"product","link":"https:\/\/www.secondastrada.com\/it\/abito-vougue-verde-2\/","title":{"rendered":"Abito Vougue Verde"},"content":{"rendered":"<p>Abito in total verde patinato con spalline strette e scollo profondo. La vestibilit\u00e0 \u00e8 morbida e regolare. Il vestito \u00e8 adatto per occasioni casual\/raffinate. Tu pi\u00f9 quest&#8217;abito, l&#8217;abbinamento perfetto.<br \/>Cod. art. EMMA OU<br \/>Vi ricordiamo che tutti i<\/p>\n","protected":false},"excerpt":{"rendered":"<p>Abito in total verde patinato con spalline strette e scollo profondo. La vestibilit\u00e0 \u00e8 morbida e regolare. Il vestito \u00e8 adatto per occasioni casual\/raffinate. Tu pi\u00f9 quest&#8217;abito, l&#8217;abbinamento perfetto.Cod. art. EMMA OUVi ricordiamo che tutti i<\/p>\n","protected":false},"featured_media":57267,"template":"","meta":{"inline_featured_image":false},"ss_brand":[1203],"ss_promo":[2181],"ss_season":[1664],"product_cat":[1329,1539,1658,1610,2281],"product_tag":[1784,2232,2242],"class_list":{"0":"post-57222","1":"product","2":"type-product","3":"status-publish","4":"has-post-thumbnail","6":"ss_brand-vougue-donna","7":"ss_promo-ultime-occasioni-donna","8":"ss_season-pe2024","9":"product_cat-abbigliamento-donna","10":"product_cat-abiti-e-vestiti-da-donna","11":"product_cat-collezione-donna","12":"product_cat-vestiti-da-donna-corti","13":"product_cat-vestiti-estivi-da-donna","14":"product_tag-abiti-e-vestiti-vougue-donna","15":"product_tag-outfit-da-cerimonia-da-donna","16":"product_tag-must-have-dellestate-donna","18":"first","19":"outofstock","20":"sold-individually","21":"shipping-taxable","22":"product-type-variable","23":"has-default-attributes"},"acf":{"ss_brand":[{"term_id":1203,"name":"VOUGUE","slug":"vougue-donna","term_group":0,"term_taxonomy_id":1203,"taxonomy":"ss_brand","description":"Vuoi essere glamour e sul pezzo in ufficio e nel tempo libero? Scopri la collezione di abbigliamento Vougue a prezzi iper-convenienti per outfit di sicuro successo.","parent":1201,"count":303,"filter":"raw"}],"ss_promo":[2181],"ss_season":[{"term_id":1664,"name":"PE24","slug":"pe2024","term_group":0,"term_taxonomy_id":1664,"taxonomy":"ss_season","description":"","parent":0,"count":1722,"filter":"raw"}],"ss_old_price":"0,00","ss_omnibus_price":"0,00","ss_style_advice":"<p>Abito in total verde patinato con spalline strette e scollo profondo. La vestibilit\u00e0 \u00e8 morbida e regolare. Il vestito \u00e8 adatto per occasioni casual\/raffinate. Tu pi\u00f9 quest&#8217;abito, l&#8217;abbinamento perfetto.<br \/>Cod. art. EMMA OU<br \/>Vi ricordiamo che tutti i<\/p>\n","ss_composition":"<p>95% polistere 5% elastane<\/p>\n","ss_fit":"<p>La modella \u00e8 alta 170 cm e indossa la taglia S. La vestibilit\u00e0 del capo \u00e8 regolare<\/p>\n"},"yoast_head":"<!-- This site is optimized with the Yoast SEO plugin v22.3 - https:\/\/yoast.com\/wordpress\/plugins\/seo\/ -->\n<title>Abito Vougue Verde - Acquista online! - Seconda Strada<\/title>\n<meta name=\"description\" content=\"Abito Vougue Verde \u27a4 Acquista online su Secondastrada.com Abito Vougue Verde \u2714\ufe0f Spedizione veloce entro 24h in tutta Italia \u2714\ufe0f Sconto sul tuo primo acquisto\" \/>\n<meta name=\"robots\" content=\"index, follow, max-snippet:-1, max-image-preview:large, max-video-preview:-1\" \/>\n<link rel=\"canonical\" href=\"https:\/\/www.secondastrada.com\/it\/abito-vougue-verde-2\/\" \/>\n<meta property=\"og:locale\" content=\"it_IT\" \/>\n<meta property=\"og:type\" content=\"article\" \/>\n<meta property=\"og:title\" content=\"Abito Vougue Verde - Acquista online! - Seconda Strada\" \/>\n<meta property=\"og:description\" content=\"Abito Vougue Verde \u27a4 Acquista online su Secondastrada.com Abito Vougue Verde \u2714\ufe0f Spedizione veloce entro 24h in tutta Italia \u2714\ufe0f Sconto sul tuo primo acquisto\" \/>\n<meta property=\"og:url\" content=\"https:\/\/www.secondastrada.com\/it\/abito-vougue-verde-2\/\" \/>\n<meta property=\"og:site_name\" content=\"Seconda Strada\" \/>\n<meta property=\"article:modified_time\" content=\"2026-01-29T21:04:46+00:00\" \/>\n<meta property=\"og:image\" content=\"https:\/\/www.secondastrada.com\/wp-content\/uploads\/2024\/05\/EMMA-OU_VERDE_PE24_1.jpg\" \/>\n\t<meta property=\"og:image:width\" content=\"1000\" \/>\n\t<meta property=\"og:image:height\" content=\"1300\" \/>\n\t<meta property=\"og:image:type\" content=\"image\/jpeg\" \/>\n<meta name=\"twitter:card\" content=\"summary_large_image\" \/>\n<!-- \/ Yoast SEO plugin. -->","yoast_head_json":{"title":"Abito Vougue Verde - Acquista online! - Seconda Strada","description":"Abito Vougue Verde \u27a4 Acquista online su Secondastrada.com Abito Vougue Verde \u2714\ufe0f Spedizione veloce entro 24h in tutta Italia \u2714\ufe0f Sconto sul tuo primo acquisto","robots":{"index":"index","follow":"follow","max-snippet":"max-snippet:-1","max-image-preview":"max-image-preview:large","max-video-preview":"max-video-preview:-1"},"canonical":"https:\/\/www.secondastrada.com\/it\/abito-vougue-verde-2\/","og_locale":"it_IT","og_type":"article","og_title":"Abito Vougue Verde - Acquista online! - Seconda Strada","og_description":"Abito Vougue Verde \u27a4 Acquista online su Secondastrada.com Abito Vougue Verde \u2714\ufe0f Spedizione veloce entro 24h in tutta Italia \u2714\ufe0f Sconto sul tuo primo acquisto","og_url":"https:\/\/www.secondastrada.com\/it\/abito-vougue-verde-2\/","og_site_name":"Seconda Strada","article_modified_time":"2026-01-29T21:04:46+00:00","og_image":[{"width":1000,"height":1300,"url":"https:\/\/www.secondastrada.com\/wp-content\/uploads\/2024\/05\/EMMA-OU_VERDE_PE24_1.jpg","type":"image\/jpeg"}],"twitter_card":"summary_large_image","schema":{"@context":"https:\/\/schema.org","@graph":[{"@type":"WebPage","@id":"https:\/\/www.secondastrada.com\/it\/abito-vougue-verde-2\/","url":"https:\/\/www.secondastrada.com\/it\/abito-vougue-verde-2\/","name":"Abito Vougue Verde - Acquista online! - Seconda Strada","isPartOf":{"@id":"https:\/\/www.secondastrada.com\/it\/#website"},"primaryImageOfPage":{"@id":"https:\/\/www.secondastrada.com\/it\/abito-vougue-verde-2\/#primaryimage"},"image":{"@id":"https:\/\/www.secondastrada.com\/it\/abito-vougue-verde-2\/#primaryimage"},"thumbnailUrl":"https:\/\/www.secondastrada.com\/wp-content\/uploads\/2024\/05\/EMMA-OU_VERDE_PE24_1.jpg","datePublished":"2024-05-20T10:46:27+00:00","dateModified":"2026-01-29T21:04:46+00:00","description":"Abito Vougue Verde \u27a4 Acquista online su Secondastrada.com Abito Vougue Verde \u2714\ufe0f Spedizione veloce entro 24h in tutta Italia \u2714\ufe0f Sconto sul tuo primo acquisto","breadcrumb":{"@id":"https:\/\/www.secondastrada.com\/it\/abito-vougue-verde-2\/#breadcrumb"},"inLanguage":"it-IT","potentialAction":[{"@type":"ReadAction","target":["https:\/\/www.secondastrada.com\/it\/abito-vougue-verde-2\/"]}]},{"@type":"ImageObject","inLanguage":"it-IT","@id":"https:\/\/www.secondastrada.com\/it\/abito-vougue-verde-2\/#primaryimage","url":"https:\/\/www.secondastrada.com\/wp-content\/uploads\/2024\/05\/EMMA-OU_VERDE_PE24_1.jpg","contentUrl":"https:\/\/www.secondastrada.com\/wp-content\/uploads\/2024\/05\/EMMA-OU_VERDE_PE24_1.jpg","width":1000,"height":1300,"caption":"EMMA-OU_VERDE_PE24"},{"@type":"BreadcrumbList","@id":"https:\/\/www.secondastrada.com\/it\/abito-vougue-verde-2\/#breadcrumb","itemListElement":[{"@type":"ListItem","position":1,"name":"Home","item":"https:\/\/www.secondastrada.com\/it\/"},{"@type":"ListItem","position":2,"name":"Shop","item":"https:\/\/www.secondastrada.com\/it\/shop\/"},{"@type":"ListItem","position":3,"name":"Donna","item":"https:\/\/www.secondastrada.com\/it\/collezione-donna\/"},{"@type":"ListItem","position":4,"name":"Abbigliamento","item":"https:\/\/www.secondastrada.com\/it\/collezione-donna\/abbigliamento-donna\/"},{"@type":"ListItem","position":5,"name":"Abiti e Vestiti","item":"https:\/\/www.secondastrada.com\/it\/collezione-donna\/abbigliamento-donna\/abiti-e-vestiti-da-donna\/"},{"@type":"ListItem","position":6,"name":"Vestiti corti","item":"https:\/\/www.secondastrada.com\/it\/collezione-donna\/abbigliamento-donna\/abiti-e-vestiti-da-donna\/vestiti-da-donna-corti\/"},{"@type":"ListItem","position":7,"name":"Abito Vougue Verde"}]},{"@type":"WebSite","@id":"https:\/\/www.secondastrada.com\/it\/#website","url":"https:\/\/www.secondastrada.com\/it\/","name":"Seconda Strada","description":"","publisher":{"@id":"https:\/\/www.secondastrada.com\/it\/#organization"},"potentialAction":[{"@type":"SearchAction","target":{"@type":"EntryPoint","urlTemplate":"https:\/\/www.secondastrada.com\/it\/?s={search_term_string}"},"query-input":"required name=search_term_string"}],"inLanguage":"it-IT"},{"@type":"Organization","@id":"https:\/\/www.secondastrada.com\/it\/#organization","name":"Seconda Strada","url":"https:\/\/www.secondastrada.com\/it\/","logo":{"@type":"ImageObject","inLanguage":"it-IT","@id":"https:\/\/www.secondastrada.com\/it\/#\/schema\/logo\/image\/","url":"https:\/\/www.secondastrada.com\/wp-content\/uploads\/2023\/11\/secondastrada-logo.svg","contentUrl":"https:\/\/www.secondastrada.com\/wp-content\/uploads\/2023\/11\/secondastrada-logo.svg","width":353,"height":47,"caption":"Seconda Strada"},"image":{"@id":"https:\/\/www.secondastrada.com\/it\/#\/schema\/logo\/image\/"}}]}},"df_price":"","df_sale_price":"","df_regular_price":"","df_image_link":"https:\/\/www.secondastrada.com\/wp-content\/uploads\/2024\/05\/EMMA-OU_VERDE_PE24_1-300x300.jpg","_links":{"self":[{"href":"https:\/\/www.secondastrada.com\/it\/wp-json\/wp\/v2\/product\/57222"}],"collection":[{"href":"https:\/\/www.secondastrada.com\/it\/wp-json\/wp\/v2\/product"}],"about":[{"href":"https:\/\/www.secondastrada.com\/it\/wp-json\/wp\/v2\/types\/product"}],"wp:featuredmedia":[{"embeddable":true,"href":"https:\/\/www.secondastrada.com\/it\/wp-json\/wp\/v2\/media\/57267"}],"wp:attachment":[{"href":"https:\/\/www.secondastrada.com\/it\/wp-json\/wp\/v2\/media?parent=57222"}],"wp:term":[{"taxonomy":"ss_brand","embeddable":true,"href":"https:\/\/www.secondastrada.com\/it\/wp-json\/wp\/v2\/ss_brand?post=57222"},{"taxonomy":"ss_promo","embeddable":true,"href":"https:\/\/www.secondastrada.com\/it\/wp-json\/wp\/v2\/ss_promo?post=57222"},{"taxonomy":"ss_season","embeddable":true,"href":"https:\/\/www.secondastrada.com\/it\/wp-json\/wp\/v2\/ss_season?post=57222"},{"taxonomy":"product_cat","embeddable":true,"href":"https:\/\/www.secondastrada.com\/it\/wp-json\/wp\/v2\/product_cat?post=57222"},{"taxonomy":"product_tag","embeddable":true,"href":"https:\/\/www.secondastrada.com\/it\/wp-json\/wp\/v2\/product_tag?post=57222"}],"curies":[{"name":"wp","href":"https:\/\/api.w.org\/{rel}","templated":true}]}}