{"id":5749,"date":"2024-03-31T20:12:33","date_gmt":"2024-03-31T18:12:33","guid":{"rendered":"http:\/\/secondastrada.com\/felpa-north-sails-bianco\/"},"modified":"2026-01-29T21:48:51","modified_gmt":"2026-01-29T20:48:51","slug":"felpa-north-sails-bianco","status":"publish","type":"product","link":"https:\/\/www.secondastrada.com\/it\/felpa-north-sails-bianco\/","title":{"rendered":"Felpa North Sails Bianco"},"content":{"rendered":"<p>Felpa con cappuccio e polsini in total bianco con stampa logo brand ad altezza cuore. Presenti tasche a taglio trasversale. La vestibilit\u00e0 \u00e8 morbida e pratica grazie a zip sul fronte. La felpa \u00e8 ideale per occasioni casual e sportive ed \u00e8 facilmente abbinabile. Inseriscila nel carrello per avere un capo super adattabile.<\/p>\n","protected":false},"excerpt":{"rendered":"<p>Felpa con cappuccio e polsini in total bianco con stampa logo brand ad altezza cuore. Presenti tasche a taglio trasversale. La vestibilit\u00e0 \u00e8 morbida e pratica grazie a zip sul fronte. La felpa \u00e8 ideale per occasioni casual e sportive ed \u00e8 facilmente abbinabile. Inseriscila nel carrello per avere un capo super adattabile.<\/p>\n","protected":false},"featured_media":5744,"template":"","meta":{"inline_featured_image":false},"ss_brand":[1914],"ss_promo":[2182],"ss_season":[1664],"product_cat":[1332,1480,1714],"product_tag":[],"class_list":{"0":"post-5749","1":"product","2":"type-product","3":"status-publish","4":"has-post-thumbnail","6":"ss_brand-north-sails-uomo","7":"ss_promo-ultime-occasioni-uomo","8":"ss_season-pe2024","9":"product_cat-abbigliamento-uomo","10":"product_cat-felpe-da-uomo","11":"product_cat-collezione-uomo","13":"first","14":"outofstock","15":"shipping-taxable","16":"product-type-variable","17":"has-default-attributes"},"acf":{"ss_brand":[{"term_id":1914,"name":"NORTH SAILS","slug":"north-sails-uomo","term_group":0,"term_taxonomy_id":1914,"taxonomy":"ss_brand","description":"Funzionalit\u00e0, avanguardia, cura del dettaglio: l\u2019abbigliamento da uomo North Sails dona stile ai tuoi outfit. Lo trovi nei nostri store e online a prezzi da irresistibili.","parent":1268,"count":59,"filter":"raw"}],"ss_promo":[2182],"ss_season":[{"term_id":1664,"name":"PE24","slug":"pe2024","term_group":0,"term_taxonomy_id":1664,"taxonomy":"ss_season","description":"","parent":0,"count":1722,"filter":"raw"}],"ss_old_price":"110,00","ss_omnibus_price":"0,00","ss_style_advice":"<p>Felpa con cappuccio e polsini in total bianco con stampa logo brand ad altezza cuore. Presenti tasche a taglio trasversale. La vestibilit\u00e0 \u00e8 morbida e pratica grazie a zip sul fronte. La felpa \u00e8 ideale per occasioni casual e sportive ed \u00e8 facilmente abbinabile. Inseriscila nel carrello per avere un capo super adattabile.<\/p>\n","ss_composition":"<p>80% cotone 20% poliestere<\/p>\n","ss_fit":"<p>Il modello \u00e8 alto 178 cm e indossa la taglia L. La vestibilit\u00e0 del capo \u00e8 regolare<\/p>\n"},"yoast_head":"<!-- This site is optimized with the Yoast SEO plugin v22.3 - https:\/\/yoast.com\/wordpress\/plugins\/seo\/ -->\n<title>Felpa North Sails Bianco - Acquista online! - Seconda Strada<\/title>\n<meta name=\"description\" content=\"Felpa North Sails Bianco \u27a4 Acquista online su Secondastrada.com Felpa North Sails Bianco \u2714\ufe0f Spedizione veloce entro 24h in tutta Italia \u2714\ufe0f Sconto sul tuo primo acquisto\" \/>\n<meta name=\"robots\" content=\"index, follow, max-snippet:-1, max-image-preview:large, max-video-preview:-1\" \/>\n<link rel=\"canonical\" href=\"https:\/\/www.secondastrada.com\/it\/felpa-north-sails-bianco\/\" \/>\n<meta property=\"og:locale\" content=\"it_IT\" \/>\n<meta property=\"og:type\" content=\"article\" \/>\n<meta property=\"og:title\" content=\"Felpa North Sails Bianco - Acquista online! - Seconda Strada\" \/>\n<meta property=\"og:description\" content=\"Felpa North Sails Bianco \u27a4 Acquista online su Secondastrada.com Felpa North Sails Bianco \u2714\ufe0f Spedizione veloce entro 24h in tutta Italia \u2714\ufe0f Sconto sul tuo primo acquisto\" \/>\n<meta property=\"og:url\" content=\"https:\/\/www.secondastrada.com\/it\/felpa-north-sails-bianco\/\" \/>\n<meta property=\"og:site_name\" content=\"Seconda Strada\" \/>\n<meta property=\"article:modified_time\" content=\"2026-01-29T20:48:51+00:00\" \/>\n<meta property=\"og:image\" content=\"https:\/\/www.secondastrada.com\/wp-content\/uploads\/2024\/03\/902416-SU_BIANCO_PE24_1.jpg\" \/>\n\t<meta property=\"og:image:width\" content=\"1000\" \/>\n\t<meta property=\"og:image:height\" content=\"1300\" \/>\n\t<meta property=\"og:image:type\" content=\"image\/jpeg\" \/>\n<meta name=\"twitter:card\" content=\"summary_large_image\" \/>\n<!-- \/ Yoast SEO plugin. -->","yoast_head_json":{"title":"Felpa North Sails Bianco - Acquista online! - Seconda Strada","description":"Felpa North Sails Bianco \u27a4 Acquista online su Secondastrada.com Felpa North Sails Bianco \u2714\ufe0f Spedizione veloce entro 24h in tutta Italia \u2714\ufe0f Sconto sul tuo primo acquisto","robots":{"index":"index","follow":"follow","max-snippet":"max-snippet:-1","max-image-preview":"max-image-preview:large","max-video-preview":"max-video-preview:-1"},"canonical":"https:\/\/www.secondastrada.com\/it\/felpa-north-sails-bianco\/","og_locale":"it_IT","og_type":"article","og_title":"Felpa North Sails Bianco - Acquista online! - Seconda Strada","og_description":"Felpa North Sails Bianco \u27a4 Acquista online su Secondastrada.com Felpa North Sails Bianco \u2714\ufe0f Spedizione veloce entro 24h in tutta Italia \u2714\ufe0f Sconto sul tuo primo acquisto","og_url":"https:\/\/www.secondastrada.com\/it\/felpa-north-sails-bianco\/","og_site_name":"Seconda Strada","article_modified_time":"2026-01-29T20:48:51+00:00","og_image":[{"width":1000,"height":1300,"url":"https:\/\/www.secondastrada.com\/wp-content\/uploads\/2024\/03\/902416-SU_BIANCO_PE24_1.jpg","type":"image\/jpeg"}],"twitter_card":"summary_large_image","schema":{"@context":"https:\/\/schema.org","@graph":[{"@type":"WebPage","@id":"https:\/\/www.secondastrada.com\/it\/felpa-north-sails-bianco\/","url":"https:\/\/www.secondastrada.com\/it\/felpa-north-sails-bianco\/","name":"Felpa North Sails Bianco - Acquista online! - Seconda Strada","isPartOf":{"@id":"https:\/\/www.secondastrada.com\/it\/#website"},"primaryImageOfPage":{"@id":"https:\/\/www.secondastrada.com\/it\/felpa-north-sails-bianco\/#primaryimage"},"image":{"@id":"https:\/\/www.secondastrada.com\/it\/felpa-north-sails-bianco\/#primaryimage"},"thumbnailUrl":"https:\/\/www.secondastrada.com\/wp-content\/uploads\/2024\/03\/902416-SU_BIANCO_PE24_1.jpg","datePublished":"2024-03-31T18:12:33+00:00","dateModified":"2026-01-29T20:48:51+00:00","description":"Felpa North Sails Bianco \u27a4 Acquista online su Secondastrada.com Felpa North Sails Bianco \u2714\ufe0f Spedizione veloce entro 24h in tutta Italia \u2714\ufe0f Sconto sul tuo primo acquisto","breadcrumb":{"@id":"https:\/\/www.secondastrada.com\/it\/felpa-north-sails-bianco\/#breadcrumb"},"inLanguage":"it-IT","potentialAction":[{"@type":"ReadAction","target":["https:\/\/www.secondastrada.com\/it\/felpa-north-sails-bianco\/"]}]},{"@type":"ImageObject","inLanguage":"it-IT","@id":"https:\/\/www.secondastrada.com\/it\/felpa-north-sails-bianco\/#primaryimage","url":"https:\/\/www.secondastrada.com\/wp-content\/uploads\/2024\/03\/902416-SU_BIANCO_PE24_1.jpg","contentUrl":"https:\/\/www.secondastrada.com\/wp-content\/uploads\/2024\/03\/902416-SU_BIANCO_PE24_1.jpg","width":1000,"height":1300,"caption":"902416-SU_BIANCO_PE24"},{"@type":"BreadcrumbList","@id":"https:\/\/www.secondastrada.com\/it\/felpa-north-sails-bianco\/#breadcrumb","itemListElement":[{"@type":"ListItem","position":1,"name":"Home","item":"https:\/\/www.secondastrada.com\/it\/"},{"@type":"ListItem","position":2,"name":"Shop","item":"https:\/\/www.secondastrada.com\/it\/shop\/"},{"@type":"ListItem","position":3,"name":"Uomo","item":"https:\/\/www.secondastrada.com\/it\/collezione-uomo\/"},{"@type":"ListItem","position":4,"name":"Abbigliamento","item":"https:\/\/www.secondastrada.com\/it\/collezione-uomo\/abbigliamento-uomo\/"},{"@type":"ListItem","position":5,"name":"Felpe","item":"https:\/\/www.secondastrada.com\/it\/collezione-uomo\/abbigliamento-uomo\/felpe-da-uomo\/"},{"@type":"ListItem","position":6,"name":"Felpa North Sails Bianco"}]},{"@type":"WebSite","@id":"https:\/\/www.secondastrada.com\/it\/#website","url":"https:\/\/www.secondastrada.com\/it\/","name":"Seconda Strada","description":"","publisher":{"@id":"https:\/\/www.secondastrada.com\/it\/#organization"},"potentialAction":[{"@type":"SearchAction","target":{"@type":"EntryPoint","urlTemplate":"https:\/\/www.secondastrada.com\/it\/?s={search_term_string}"},"query-input":"required name=search_term_string"}],"inLanguage":"it-IT"},{"@type":"Organization","@id":"https:\/\/www.secondastrada.com\/it\/#organization","name":"Seconda Strada","url":"https:\/\/www.secondastrada.com\/it\/","logo":{"@type":"ImageObject","inLanguage":"it-IT","@id":"https:\/\/www.secondastrada.com\/it\/#\/schema\/logo\/image\/","url":"https:\/\/www.secondastrada.com\/wp-content\/uploads\/2023\/11\/secondastrada-logo.svg","contentUrl":"https:\/\/www.secondastrada.com\/wp-content\/uploads\/2023\/11\/secondastrada-logo.svg","width":353,"height":47,"caption":"Seconda Strada"},"image":{"@id":"https:\/\/www.secondastrada.com\/it\/#\/schema\/logo\/image\/"}}]}},"df_price":"","df_sale_price":"","df_regular_price":"","df_image_link":"https:\/\/www.secondastrada.com\/wp-content\/uploads\/2024\/03\/902416-SU_BIANCO_PE24_1-300x300.jpg","_links":{"self":[{"href":"https:\/\/www.secondastrada.com\/it\/wp-json\/wp\/v2\/product\/5749"}],"collection":[{"href":"https:\/\/www.secondastrada.com\/it\/wp-json\/wp\/v2\/product"}],"about":[{"href":"https:\/\/www.secondastrada.com\/it\/wp-json\/wp\/v2\/types\/product"}],"wp:featuredmedia":[{"embeddable":true,"href":"https:\/\/www.secondastrada.com\/it\/wp-json\/wp\/v2\/media\/5744"}],"wp:attachment":[{"href":"https:\/\/www.secondastrada.com\/it\/wp-json\/wp\/v2\/media?parent=5749"}],"wp:term":[{"taxonomy":"ss_brand","embeddable":true,"href":"https:\/\/www.secondastrada.com\/it\/wp-json\/wp\/v2\/ss_brand?post=5749"},{"taxonomy":"ss_promo","embeddable":true,"href":"https:\/\/www.secondastrada.com\/it\/wp-json\/wp\/v2\/ss_promo?post=5749"},{"taxonomy":"ss_season","embeddable":true,"href":"https:\/\/www.secondastrada.com\/it\/wp-json\/wp\/v2\/ss_season?post=5749"},{"taxonomy":"product_cat","embeddable":true,"href":"https:\/\/www.secondastrada.com\/it\/wp-json\/wp\/v2\/product_cat?post=5749"},{"taxonomy":"product_tag","embeddable":true,"href":"https:\/\/www.secondastrada.com\/it\/wp-json\/wp\/v2\/product_tag?post=5749"}],"curies":[{"name":"wp","href":"https:\/\/api.w.org\/{rel}","templated":true}]}}