{"id":60873,"date":"2024-06-06T16:50:09","date_gmt":"2024-06-06T14:50:09","guid":{"rendered":"https:\/\/www.secondastrada.com\/it\/polo-u-s-polo-assn-blu\/"},"modified":"2026-01-30T00:25:41","modified_gmt":"2026-01-29T23:25:41","slug":"polo-u-s-polo-assn-blu","status":"publish","type":"product","link":"https:\/\/www.secondastrada.com\/it\/polo-u-s-polo-assn-blu\/","title":{"rendered":"Polo U.S. Polo Assn. Blu"},"content":{"rendered":"<p>Polo classica in total blu navy con patch logo brand ricamato in rosso ad altezza cuore. La vestibilit\u00e0 \u00e8 morbida e pratica grazie a bottoni ad asola in tinta ad altezza girocollo. La polo \u00e8 ideale per occasioni casual\/raffinate. Un super classico che non tramonta mai.<br \/>Cod. art. 67355 41029 OU<br \/>Vi ricordiamo che tutti i nostri articoli sono originali.<\/p>\n","protected":false},"excerpt":{"rendered":"<p>Polo classica in total blu navy con patch logo brand ricamato in rosso ad altezza cuore. La vestibilit\u00e0 \u00e8 morbida e pratica grazie a bottoni ad asola in tinta ad altezza girocollo. La polo \u00e8 ideale per occasioni casual\/raffinate. Un super classico che non tramonta mai.Cod. art. 67355 41029 OUVi ricordiamo che tutti i nostri&#8230;<\/p>\n","protected":false},"featured_media":60672,"template":"","meta":{"inline_featured_image":false},"ss_brand":[1284],"ss_promo":[2182],"ss_season":[1664],"product_cat":[1332,1481,1714],"product_tag":[],"class_list":{"0":"post-60873","1":"product","2":"type-product","3":"status-publish","4":"has-post-thumbnail","6":"ss_brand-u-s-polo-uomo","7":"ss_promo-ultime-occasioni-uomo","8":"ss_season-pe2024","9":"product_cat-abbigliamento-uomo","10":"product_cat-polo-da-uomo","11":"product_cat-collezione-uomo","13":"first","14":"outofstock","15":"shipping-taxable","16":"product-type-variable","17":"has-default-attributes"},"acf":{"ss_brand":[{"term_id":1284,"name":"U.S. POLO ASSN.","slug":"u-s-polo-uomo","term_group":0,"term_taxonomy_id":1284,"taxonomy":"ss_brand","description":"Le migliori scarpe online da uomo? Sono firmate US Polo! Scopri subito tutti i modelli del nostro store a prezzi bassissimi.\u00a0Acquista online su SecondaStrada.com <strong>scarpe da uomo U.S. POLO scontatissime<\/strong>!","parent":1268,"count":91,"filter":"raw"}],"ss_promo":[2182],"ss_season":[{"term_id":1664,"name":"PE24","slug":"pe2024","term_group":0,"term_taxonomy_id":1664,"taxonomy":"ss_season","description":"","parent":0,"count":1722,"filter":"raw"}],"ss_old_price":"69,00","ss_omnibus_price":"0,00","ss_style_advice":"<p>Polo classica in total blu navy con patch logo brand ricamato in rosso ad altezza cuore. La vestibilit\u00e0 \u00e8 morbida e pratica grazie a bottoni ad asola in tinta ad altezza girocollo. La polo \u00e8 ideale per occasioni casual\/raffinate. Un super classico che non tramonta mai.<br \/>Cod. art. 67355 41029 OU<br \/>Vi ricordiamo che tutti i nostri articoli sono originali.<\/p>\n","ss_composition":"<p>100% cotone<\/p>\n","ss_fit":"<p>Il modello \u00e8 alto 184 cm e indossa la taglia M. La vestibilit\u00e0 del capo \u00e8 regolare<\/p>\n"},"yoast_head":"<!-- This site is optimized with the Yoast SEO plugin v22.3 - https:\/\/yoast.com\/wordpress\/plugins\/seo\/ -->\n<title>Polo U.S. Polo Assn. Blu - Acquista online! - Seconda Strada<\/title>\n<meta name=\"description\" content=\"Polo U.S. Polo Assn. Blu \u27a4 Acquista online su Secondastrada.com Polo U.S. Polo Assn. Blu \u2714\ufe0f Spedizione veloce entro 24h in tutta Italia \u2714\ufe0f Sconto sul tuo primo acquisto\" \/>\n<meta name=\"robots\" content=\"index, follow, max-snippet:-1, max-image-preview:large, max-video-preview:-1\" \/>\n<link rel=\"canonical\" href=\"https:\/\/www.secondastrada.com\/it\/polo-u-s-polo-assn-blu\/\" \/>\n<meta property=\"og:locale\" content=\"it_IT\" \/>\n<meta property=\"og:type\" content=\"article\" \/>\n<meta property=\"og:title\" content=\"Polo U.S. Polo Assn. Blu - Acquista online! - Seconda Strada\" \/>\n<meta property=\"og:description\" content=\"Polo U.S. Polo Assn. Blu \u27a4 Acquista online su Secondastrada.com Polo U.S. Polo Assn. Blu \u2714\ufe0f Spedizione veloce entro 24h in tutta Italia \u2714\ufe0f Sconto sul tuo primo acquisto\" \/>\n<meta property=\"og:url\" content=\"https:\/\/www.secondastrada.com\/it\/polo-u-s-polo-assn-blu\/\" \/>\n<meta property=\"og:site_name\" content=\"Seconda Strada\" \/>\n<meta property=\"article:modified_time\" content=\"2026-01-29T23:25:41+00:00\" \/>\n<meta property=\"og:image\" content=\"https:\/\/www.secondastrada.com\/wp-content\/uploads\/2024\/06\/67355-41029-OU_179_PE24_1.jpg\" \/>\n\t<meta property=\"og:image:width\" content=\"1000\" \/>\n\t<meta property=\"og:image:height\" content=\"1300\" \/>\n\t<meta property=\"og:image:type\" content=\"image\/jpeg\" \/>\n<meta name=\"twitter:card\" content=\"summary_large_image\" \/>\n<!-- \/ Yoast SEO plugin. -->","yoast_head_json":{"title":"Polo U.S. Polo Assn. Blu - Acquista online! - Seconda Strada","description":"Polo U.S. Polo Assn. Blu \u27a4 Acquista online su Secondastrada.com Polo U.S. Polo Assn. Blu \u2714\ufe0f Spedizione veloce entro 24h in tutta Italia \u2714\ufe0f Sconto sul tuo primo acquisto","robots":{"index":"index","follow":"follow","max-snippet":"max-snippet:-1","max-image-preview":"max-image-preview:large","max-video-preview":"max-video-preview:-1"},"canonical":"https:\/\/www.secondastrada.com\/it\/polo-u-s-polo-assn-blu\/","og_locale":"it_IT","og_type":"article","og_title":"Polo U.S. Polo Assn. Blu - Acquista online! - Seconda Strada","og_description":"Polo U.S. Polo Assn. Blu \u27a4 Acquista online su Secondastrada.com Polo U.S. Polo Assn. Blu \u2714\ufe0f Spedizione veloce entro 24h in tutta Italia \u2714\ufe0f Sconto sul tuo primo acquisto","og_url":"https:\/\/www.secondastrada.com\/it\/polo-u-s-polo-assn-blu\/","og_site_name":"Seconda Strada","article_modified_time":"2026-01-29T23:25:41+00:00","og_image":[{"width":1000,"height":1300,"url":"https:\/\/www.secondastrada.com\/wp-content\/uploads\/2024\/06\/67355-41029-OU_179_PE24_1.jpg","type":"image\/jpeg"}],"twitter_card":"summary_large_image","schema":{"@context":"https:\/\/schema.org","@graph":[{"@type":"WebPage","@id":"https:\/\/www.secondastrada.com\/it\/polo-u-s-polo-assn-blu\/","url":"https:\/\/www.secondastrada.com\/it\/polo-u-s-polo-assn-blu\/","name":"Polo U.S. Polo Assn. Blu - Acquista online! - Seconda Strada","isPartOf":{"@id":"https:\/\/www.secondastrada.com\/it\/#website"},"primaryImageOfPage":{"@id":"https:\/\/www.secondastrada.com\/it\/polo-u-s-polo-assn-blu\/#primaryimage"},"image":{"@id":"https:\/\/www.secondastrada.com\/it\/polo-u-s-polo-assn-blu\/#primaryimage"},"thumbnailUrl":"https:\/\/www.secondastrada.com\/wp-content\/uploads\/2024\/06\/67355-41029-OU_179_PE24_1.jpg","datePublished":"2024-06-06T14:50:09+00:00","dateModified":"2026-01-29T23:25:41+00:00","description":"Polo U.S. Polo Assn. Blu \u27a4 Acquista online su Secondastrada.com Polo U.S. Polo Assn. Blu \u2714\ufe0f Spedizione veloce entro 24h in tutta Italia \u2714\ufe0f Sconto sul tuo primo acquisto","breadcrumb":{"@id":"https:\/\/www.secondastrada.com\/it\/polo-u-s-polo-assn-blu\/#breadcrumb"},"inLanguage":"it-IT","potentialAction":[{"@type":"ReadAction","target":["https:\/\/www.secondastrada.com\/it\/polo-u-s-polo-assn-blu\/"]}]},{"@type":"ImageObject","inLanguage":"it-IT","@id":"https:\/\/www.secondastrada.com\/it\/polo-u-s-polo-assn-blu\/#primaryimage","url":"https:\/\/www.secondastrada.com\/wp-content\/uploads\/2024\/06\/67355-41029-OU_179_PE24_1.jpg","contentUrl":"https:\/\/www.secondastrada.com\/wp-content\/uploads\/2024\/06\/67355-41029-OU_179_PE24_1.jpg","width":1000,"height":1300,"caption":"67355-41029-OU_179_PE24"},{"@type":"BreadcrumbList","@id":"https:\/\/www.secondastrada.com\/it\/polo-u-s-polo-assn-blu\/#breadcrumb","itemListElement":[{"@type":"ListItem","position":1,"name":"Home","item":"https:\/\/www.secondastrada.com\/it\/"},{"@type":"ListItem","position":2,"name":"Shop","item":"https:\/\/www.secondastrada.com\/it\/shop\/"},{"@type":"ListItem","position":3,"name":"Uomo","item":"https:\/\/www.secondastrada.com\/it\/collezione-uomo\/"},{"@type":"ListItem","position":4,"name":"Abbigliamento","item":"https:\/\/www.secondastrada.com\/it\/collezione-uomo\/abbigliamento-uomo\/"},{"@type":"ListItem","position":5,"name":"Polo","item":"https:\/\/www.secondastrada.com\/it\/collezione-uomo\/abbigliamento-uomo\/polo-da-uomo\/"},{"@type":"ListItem","position":6,"name":"Polo U.S. Polo Assn. Blu"}]},{"@type":"WebSite","@id":"https:\/\/www.secondastrada.com\/it\/#website","url":"https:\/\/www.secondastrada.com\/it\/","name":"Seconda Strada","description":"","publisher":{"@id":"https:\/\/www.secondastrada.com\/it\/#organization"},"potentialAction":[{"@type":"SearchAction","target":{"@type":"EntryPoint","urlTemplate":"https:\/\/www.secondastrada.com\/it\/?s={search_term_string}"},"query-input":"required name=search_term_string"}],"inLanguage":"it-IT"},{"@type":"Organization","@id":"https:\/\/www.secondastrada.com\/it\/#organization","name":"Seconda Strada","url":"https:\/\/www.secondastrada.com\/it\/","logo":{"@type":"ImageObject","inLanguage":"it-IT","@id":"https:\/\/www.secondastrada.com\/it\/#\/schema\/logo\/image\/","url":"https:\/\/www.secondastrada.com\/wp-content\/uploads\/2023\/11\/secondastrada-logo.svg","contentUrl":"https:\/\/www.secondastrada.com\/wp-content\/uploads\/2023\/11\/secondastrada-logo.svg","width":353,"height":47,"caption":"Seconda Strada"},"image":{"@id":"https:\/\/www.secondastrada.com\/it\/#\/schema\/logo\/image\/"}}]}},"df_price":"","df_sale_price":"","df_regular_price":"","df_image_link":"https:\/\/www.secondastrada.com\/wp-content\/uploads\/2024\/06\/67355-41029-OU_179_PE24_1-300x300.jpg","_links":{"self":[{"href":"https:\/\/www.secondastrada.com\/it\/wp-json\/wp\/v2\/product\/60873"}],"collection":[{"href":"https:\/\/www.secondastrada.com\/it\/wp-json\/wp\/v2\/product"}],"about":[{"href":"https:\/\/www.secondastrada.com\/it\/wp-json\/wp\/v2\/types\/product"}],"wp:featuredmedia":[{"embeddable":true,"href":"https:\/\/www.secondastrada.com\/it\/wp-json\/wp\/v2\/media\/60672"}],"wp:attachment":[{"href":"https:\/\/www.secondastrada.com\/it\/wp-json\/wp\/v2\/media?parent=60873"}],"wp:term":[{"taxonomy":"ss_brand","embeddable":true,"href":"https:\/\/www.secondastrada.com\/it\/wp-json\/wp\/v2\/ss_brand?post=60873"},{"taxonomy":"ss_promo","embeddable":true,"href":"https:\/\/www.secondastrada.com\/it\/wp-json\/wp\/v2\/ss_promo?post=60873"},{"taxonomy":"ss_season","embeddable":true,"href":"https:\/\/www.secondastrada.com\/it\/wp-json\/wp\/v2\/ss_season?post=60873"},{"taxonomy":"product_cat","embeddable":true,"href":"https:\/\/www.secondastrada.com\/it\/wp-json\/wp\/v2\/product_cat?post=60873"},{"taxonomy":"product_tag","embeddable":true,"href":"https:\/\/www.secondastrada.com\/it\/wp-json\/wp\/v2\/product_tag?post=60873"}],"curies":[{"name":"wp","href":"https:\/\/api.w.org\/{rel}","templated":true}]}}