{"id":64958,"date":"2024-06-24T13:40:59","date_gmt":"2024-06-24T11:40:59","guid":{"rendered":"https:\/\/www.secondastrada.com\/it\/abito-rue-de-clerie-fucsia\/"},"modified":"2026-01-29T21:13:20","modified_gmt":"2026-01-29T20:13:20","slug":"abito-rue-de-clerie-fucsia","status":"publish","type":"product","link":"https:\/\/www.secondastrada.com\/it\/abito-rue-de-clerie-fucsia\/","title":{"rendered":"Abito Rue De Clerie Fucsia"},"content":{"rendered":"<p>Vestito corto in total fucsia a giromanica e su tessuto velato. La vestibilit\u00e0 \u00e8 morbida e regolabile grazie a cinturetta in tessuto in tinta. L&#8217;abito \u00e8 adatto per occasioni casual\/raffinate e perfettamente combinabile con numerosi accessori. Questo \u00e8 il capo di cui il tuo guardaroba non pu\u00f2 fare a meno.<br \/>Cod. art. A5185 T3 OU<br \/>Vi ricordiamo che tutti i nostri articoli sono originali.<\/p>\n","protected":false},"excerpt":{"rendered":"<p>Vestito corto in total fucsia a giromanica e su tessuto velato. La vestibilit\u00e0 \u00e8 morbida e regolabile grazie a cinturetta in tessuto in tinta. L&#8217;abito \u00e8 adatto per occasioni casual\/raffinate e perfettamente combinabile con numerosi accessori. Questo \u00e8 il capo di cui il tuo guardaroba non pu\u00f2 fare a meno.Cod. art. A5185 T3 OUVi ricordiamo&#8230;<\/p>\n","protected":false},"featured_media":66182,"template":"","meta":{"inline_featured_image":false},"ss_brand":[1206],"ss_promo":[2181],"ss_season":[1664],"product_cat":[1329,1539,1658,1610,2281],"product_tag":[2238,2232,2242,2429],"class_list":{"0":"post-64958","1":"product","2":"type-product","3":"status-publish","4":"has-post-thumbnail","6":"ss_brand-rue-de-clerie-donna","7":"ss_promo-ultime-occasioni-donna","8":"ss_season-pe2024","9":"product_cat-abbigliamento-donna","10":"product_cat-abiti-e-vestiti-da-donna","11":"product_cat-collezione-donna","12":"product_cat-vestiti-da-donna-corti","13":"product_cat-vestiti-estivi-da-donna","14":"product_tag-festa-in-piscina-donna","15":"product_tag-outfit-da-cerimonia-da-donna","16":"product_tag-must-have-dellestate-donna","17":"product_tag-private-label-donna","19":"first","20":"outofstock","21":"sold-individually","22":"shipping-taxable","23":"product-type-variable","24":"has-default-attributes"},"acf":{"ss_brand":[{"term_id":1206,"name":"RUE DE CLERIE","slug":"rue-de-clerie-donna","term_group":0,"term_taxonomy_id":1206,"taxonomy":"ss_brand","description":"Creazioni essenziali con interventi boh\u00e9mien dal fascino lussuoso per chi ama vestirsi con indiscutibile classe: scopri nel nostro store online gli abiti e i maglioni da donna firmati Rue de Clerie a prezzi favolosi!\u00a0Acquista online su SecondaStrada.com <strong>abbigliamento da donna Rue De Clerie scontatissimo<\/strong>!","parent":1201,"count":509,"filter":"raw"}],"ss_promo":[2181],"ss_season":[{"term_id":1664,"name":"PE24","slug":"pe2024","term_group":0,"term_taxonomy_id":1664,"taxonomy":"ss_season","description":"","parent":0,"count":1722,"filter":"raw"}],"ss_old_price":"0,00","ss_omnibus_price":"0,00","ss_style_advice":"<p>Vestito corto in total fucsia a giromanica e su tessuto velato. La vestibilit\u00e0 \u00e8 morbida e regolabile grazie a cinturetta in tessuto in tinta. L&#8217;abito \u00e8 adatto per occasioni casual\/raffinate e perfettamente combinabile con numerosi accessori. Questo \u00e8 il capo di cui il tuo guardaroba non pu\u00f2 fare a meno.<br \/>Cod. art. A5185 T3 OU<br \/>Vi ricordiamo che tutti i nostri articoli sono originali.<\/p>\n","ss_composition":"<p>100% poliestere<\/p>\n","ss_fit":"<p>La modella \u00e8 alta 170 cm e indossa la taglia S. La vestibilit\u00e0 del capo \u00e8 regolare<\/p>\n"},"yoast_head":"<!-- This site is optimized with the Yoast SEO plugin v22.3 - https:\/\/yoast.com\/wordpress\/plugins\/seo\/ -->\n<title>Abito Rue De Clerie Fucsia - Acquista online! - Seconda Strada<\/title>\n<meta name=\"description\" content=\"Abito Rue De Clerie Fucsia \u27a4 Acquista online su Secondastrada.com Abito Rue De Clerie Fucsia \u2714\ufe0f Spedizione veloce entro 24h in tutta Italia \u2714\ufe0f Sconto sul tuo primo acquisto\" \/>\n<meta name=\"robots\" content=\"index, follow, max-snippet:-1, max-image-preview:large, max-video-preview:-1\" \/>\n<link rel=\"canonical\" href=\"https:\/\/www.secondastrada.com\/it\/abito-rue-de-clerie-fucsia\/\" \/>\n<meta property=\"og:locale\" content=\"it_IT\" \/>\n<meta property=\"og:type\" content=\"article\" \/>\n<meta property=\"og:title\" content=\"Abito Rue De Clerie Fucsia - Acquista online! - Seconda Strada\" \/>\n<meta property=\"og:description\" content=\"Abito Rue De Clerie Fucsia \u27a4 Acquista online su Secondastrada.com Abito Rue De Clerie Fucsia \u2714\ufe0f Spedizione veloce entro 24h in tutta Italia \u2714\ufe0f Sconto sul tuo primo acquisto\" \/>\n<meta property=\"og:url\" content=\"https:\/\/www.secondastrada.com\/it\/abito-rue-de-clerie-fucsia\/\" \/>\n<meta property=\"og:site_name\" content=\"Seconda Strada\" \/>\n<meta property=\"article:modified_time\" content=\"2026-01-29T20:13:20+00:00\" \/>\n<meta property=\"og:image\" content=\"https:\/\/www.secondastrada.com\/wp-content\/uploads\/2024\/06\/A5185-T3-OU_FUCSIA_PE24_1.jpg\" \/>\n\t<meta property=\"og:image:width\" content=\"1000\" \/>\n\t<meta property=\"og:image:height\" content=\"1300\" \/>\n\t<meta property=\"og:image:type\" content=\"image\/jpeg\" \/>\n<meta name=\"twitter:card\" content=\"summary_large_image\" \/>\n<!-- \/ Yoast SEO plugin. -->","yoast_head_json":{"title":"Abito Rue De Clerie Fucsia - Acquista online! - Seconda Strada","description":"Abito Rue De Clerie Fucsia \u27a4 Acquista online su Secondastrada.com Abito Rue De Clerie Fucsia \u2714\ufe0f Spedizione veloce entro 24h in tutta Italia \u2714\ufe0f Sconto sul tuo primo acquisto","robots":{"index":"index","follow":"follow","max-snippet":"max-snippet:-1","max-image-preview":"max-image-preview:large","max-video-preview":"max-video-preview:-1"},"canonical":"https:\/\/www.secondastrada.com\/it\/abito-rue-de-clerie-fucsia\/","og_locale":"it_IT","og_type":"article","og_title":"Abito Rue De Clerie Fucsia - Acquista online! - Seconda Strada","og_description":"Abito Rue De Clerie Fucsia \u27a4 Acquista online su Secondastrada.com Abito Rue De Clerie Fucsia \u2714\ufe0f Spedizione veloce entro 24h in tutta Italia \u2714\ufe0f Sconto sul tuo primo acquisto","og_url":"https:\/\/www.secondastrada.com\/it\/abito-rue-de-clerie-fucsia\/","og_site_name":"Seconda Strada","article_modified_time":"2026-01-29T20:13:20+00:00","og_image":[{"width":1000,"height":1300,"url":"https:\/\/www.secondastrada.com\/wp-content\/uploads\/2024\/06\/A5185-T3-OU_FUCSIA_PE24_1.jpg","type":"image\/jpeg"}],"twitter_card":"summary_large_image","schema":{"@context":"https:\/\/schema.org","@graph":[{"@type":"WebPage","@id":"https:\/\/www.secondastrada.com\/it\/abito-rue-de-clerie-fucsia\/","url":"https:\/\/www.secondastrada.com\/it\/abito-rue-de-clerie-fucsia\/","name":"Abito Rue De Clerie Fucsia - Acquista online! - Seconda Strada","isPartOf":{"@id":"https:\/\/www.secondastrada.com\/it\/#website"},"primaryImageOfPage":{"@id":"https:\/\/www.secondastrada.com\/it\/abito-rue-de-clerie-fucsia\/#primaryimage"},"image":{"@id":"https:\/\/www.secondastrada.com\/it\/abito-rue-de-clerie-fucsia\/#primaryimage"},"thumbnailUrl":"https:\/\/www.secondastrada.com\/wp-content\/uploads\/2024\/06\/A5185-T3-OU_FUCSIA_PE24_1.jpg","datePublished":"2024-06-24T11:40:59+00:00","dateModified":"2026-01-29T20:13:20+00:00","description":"Abito Rue De Clerie Fucsia \u27a4 Acquista online su Secondastrada.com Abito Rue De Clerie Fucsia \u2714\ufe0f Spedizione veloce entro 24h in tutta Italia \u2714\ufe0f Sconto sul tuo primo acquisto","breadcrumb":{"@id":"https:\/\/www.secondastrada.com\/it\/abito-rue-de-clerie-fucsia\/#breadcrumb"},"inLanguage":"it-IT","potentialAction":[{"@type":"ReadAction","target":["https:\/\/www.secondastrada.com\/it\/abito-rue-de-clerie-fucsia\/"]}]},{"@type":"ImageObject","inLanguage":"it-IT","@id":"https:\/\/www.secondastrada.com\/it\/abito-rue-de-clerie-fucsia\/#primaryimage","url":"https:\/\/www.secondastrada.com\/wp-content\/uploads\/2024\/06\/A5185-T3-OU_FUCSIA_PE24_1.jpg","contentUrl":"https:\/\/www.secondastrada.com\/wp-content\/uploads\/2024\/06\/A5185-T3-OU_FUCSIA_PE24_1.jpg","width":1000,"height":1300,"caption":"A5185-T3-OU_FUCSIA_PE24"},{"@type":"BreadcrumbList","@id":"https:\/\/www.secondastrada.com\/it\/abito-rue-de-clerie-fucsia\/#breadcrumb","itemListElement":[{"@type":"ListItem","position":1,"name":"Home","item":"https:\/\/www.secondastrada.com\/it\/"},{"@type":"ListItem","position":2,"name":"Shop","item":"https:\/\/www.secondastrada.com\/it\/shop\/"},{"@type":"ListItem","position":3,"name":"Donna","item":"https:\/\/www.secondastrada.com\/it\/collezione-donna\/"},{"@type":"ListItem","position":4,"name":"Abbigliamento","item":"https:\/\/www.secondastrada.com\/it\/collezione-donna\/abbigliamento-donna\/"},{"@type":"ListItem","position":5,"name":"Abiti e Vestiti","item":"https:\/\/www.secondastrada.com\/it\/collezione-donna\/abbigliamento-donna\/abiti-e-vestiti-da-donna\/"},{"@type":"ListItem","position":6,"name":"Vestiti corti","item":"https:\/\/www.secondastrada.com\/it\/collezione-donna\/abbigliamento-donna\/abiti-e-vestiti-da-donna\/vestiti-da-donna-corti\/"},{"@type":"ListItem","position":7,"name":"Abito Rue De Clerie Fucsia"}]},{"@type":"WebSite","@id":"https:\/\/www.secondastrada.com\/it\/#website","url":"https:\/\/www.secondastrada.com\/it\/","name":"Seconda Strada","description":"","publisher":{"@id":"https:\/\/www.secondastrada.com\/it\/#organization"},"potentialAction":[{"@type":"SearchAction","target":{"@type":"EntryPoint","urlTemplate":"https:\/\/www.secondastrada.com\/it\/?s={search_term_string}"},"query-input":"required name=search_term_string"}],"inLanguage":"it-IT"},{"@type":"Organization","@id":"https:\/\/www.secondastrada.com\/it\/#organization","name":"Seconda Strada","url":"https:\/\/www.secondastrada.com\/it\/","logo":{"@type":"ImageObject","inLanguage":"it-IT","@id":"https:\/\/www.secondastrada.com\/it\/#\/schema\/logo\/image\/","url":"https:\/\/www.secondastrada.com\/wp-content\/uploads\/2023\/11\/secondastrada-logo.svg","contentUrl":"https:\/\/www.secondastrada.com\/wp-content\/uploads\/2023\/11\/secondastrada-logo.svg","width":353,"height":47,"caption":"Seconda Strada"},"image":{"@id":"https:\/\/www.secondastrada.com\/it\/#\/schema\/logo\/image\/"}}]}},"df_price":"","df_sale_price":"","df_regular_price":"","df_image_link":"https:\/\/www.secondastrada.com\/wp-content\/uploads\/2024\/06\/A5185-T3-OU_FUCSIA_PE24_1-300x300.jpg","_links":{"self":[{"href":"https:\/\/www.secondastrada.com\/it\/wp-json\/wp\/v2\/product\/64958"}],"collection":[{"href":"https:\/\/www.secondastrada.com\/it\/wp-json\/wp\/v2\/product"}],"about":[{"href":"https:\/\/www.secondastrada.com\/it\/wp-json\/wp\/v2\/types\/product"}],"wp:featuredmedia":[{"embeddable":true,"href":"https:\/\/www.secondastrada.com\/it\/wp-json\/wp\/v2\/media\/66182"}],"wp:attachment":[{"href":"https:\/\/www.secondastrada.com\/it\/wp-json\/wp\/v2\/media?parent=64958"}],"wp:term":[{"taxonomy":"ss_brand","embeddable":true,"href":"https:\/\/www.secondastrada.com\/it\/wp-json\/wp\/v2\/ss_brand?post=64958"},{"taxonomy":"ss_promo","embeddable":true,"href":"https:\/\/www.secondastrada.com\/it\/wp-json\/wp\/v2\/ss_promo?post=64958"},{"taxonomy":"ss_season","embeddable":true,"href":"https:\/\/www.secondastrada.com\/it\/wp-json\/wp\/v2\/ss_season?post=64958"},{"taxonomy":"product_cat","embeddable":true,"href":"https:\/\/www.secondastrada.com\/it\/wp-json\/wp\/v2\/product_cat?post=64958"},{"taxonomy":"product_tag","embeddable":true,"href":"https:\/\/www.secondastrada.com\/it\/wp-json\/wp\/v2\/product_tag?post=64958"}],"curies":[{"name":"wp","href":"https:\/\/api.w.org\/{rel}","templated":true}]}}