{"id":67635,"date":"2025-05-29T14:45:36","date_gmt":"2025-05-29T12:45:36","guid":{"rendered":"https:\/\/www.secondastrada.com\/it\/borsa-da-mare-goha-blu\/"},"modified":"2026-03-11T14:57:29","modified_gmt":"2026-03-11T13:57:29","slug":"borsa-da-mare-goha-blu","status":"publish","type":"product","link":"https:\/\/www.secondastrada.com\/it\/borsa-da-mare-goha-blu\/","title":{"rendered":"Borsa da mare Goha Blu"},"content":{"rendered":"<p>Sacca mare di ampie dimensioni con base circonferenza ed in total blu navy pi\u00f9 stampa bianca. La borsa \u00e8 composta da unico scompartimento con chiusura a coulisse in corda pi\u00f9 taschina interna. L&#8217;indossatura \u00e8 pratica grazie a doppio manico a corda. La borsa mare \u00e8 ideale per la spiaggia. Completa i tuoi look mare con l&#8217;accessorio perfetto per te.<br \/>Cod. art. BOBBI ou<br \/>Vi ricordiamo che tutti i nostri articoli sono originali.<\/p>\n","protected":false},"excerpt":{"rendered":"<p>Sacca mare di ampie dimensioni con base circonferenza ed in total blu navy pi\u00f9 stampa bianca. La borsa \u00e8 composta da unico scompartimento con chiusura a coulisse in corda pi\u00f9 taschina interna. L&#8217;indossatura \u00e8 pratica grazie a doppio manico a corda. La borsa mare \u00e8 ideale per la spiaggia. Completa i tuoi look mare con&#8230;<\/p>\n","protected":false},"featured_media":69803,"template":"","meta":{"inline_featured_image":false},"ss_brand":[],"ss_promo":[2182],"ss_season":[1664],"product_cat":[1409,1714],"product_tag":[2140],"class_list":{"0":"post-67635","1":"product","2":"type-product","3":"status-publish","4":"has-post-thumbnail","6":"ss_promo-ultime-occasioni-uomo","7":"ss_season-pe2024","8":"product_cat-beachwear-da-uomo","9":"product_cat-collezione-uomo","10":"product_tag-ultime-occasioni-uomo","12":"first","13":"instock","14":"sale","15":"sold-individually","16":"shipping-taxable","17":"purchasable","18":"product-type-variable","19":"has-default-attributes"},"acf":{"ss_brand":false,"ss_promo":[2182],"ss_season":[{"term_id":1664,"name":"PE24","slug":"pe2024","term_group":0,"term_taxonomy_id":1664,"taxonomy":"ss_season","description":"","parent":0,"count":1722,"filter":"raw"}],"ss_old_price":"0,00","ss_omnibus_price":"0,00","ss_style_advice":"<p>Sacca mare di ampie dimensioni con base circonferenza ed in total blu navy pi\u00f9 stampa bianca. La borsa \u00e8 composta da unico scompartimento con chiusura a coulisse in corda pi\u00f9 taschina interna. L&#8217;indossatura \u00e8 pratica grazie a doppio manico a corda. La borsa mare \u00e8 ideale per la spiaggia. Completa i tuoi look mare con l&#8217;accessorio perfetto per te.<br \/>Cod. art. BOBBI ou<br \/>Vi ricordiamo che tutti i nostri articoli sono originali.<\/p>\n","ss_composition":"<p>50% poliestere 50% cotone<\/p>\n","ss_fit":"<p>Misure taglia U: <br \/>&#8211; Base inferiore: 45 cm <br \/>&#8211; Altezza massima: 50 cm <br \/>&#8211; Profondit\u00e0 circonferenza: 30 cm<\/p>\n"},"yoast_head":"<!-- This site is optimized with the Yoast SEO plugin v22.3 - https:\/\/yoast.com\/wordpress\/plugins\/seo\/ -->\n<title>Borsa da mare Goha Blu - Acquista online! - Seconda Strada<\/title>\n<meta name=\"description\" content=\"Borsa da mare Goha Blu \u27a4 Acquista online su Secondastrada.com Borsa da mare Goha Blu \u2714\ufe0f Spedizione veloce entro 24h in tutta Italia \u2714\ufe0f Sconto sul tuo primo acquisto\" \/>\n<meta name=\"robots\" content=\"index, follow, max-snippet:-1, max-image-preview:large, max-video-preview:-1\" \/>\n<link rel=\"canonical\" href=\"https:\/\/www.secondastrada.com\/it\/borsa-da-mare-goha-blu\/\" \/>\n<meta property=\"og:locale\" content=\"it_IT\" \/>\n<meta property=\"og:type\" content=\"article\" \/>\n<meta property=\"og:title\" content=\"Borsa da mare Goha Blu - Acquista online! - Seconda Strada\" \/>\n<meta property=\"og:description\" content=\"Borsa da mare Goha Blu \u27a4 Acquista online su Secondastrada.com Borsa da mare Goha Blu \u2714\ufe0f Spedizione veloce entro 24h in tutta Italia \u2714\ufe0f Sconto sul tuo primo acquisto\" \/>\n<meta property=\"og:url\" content=\"https:\/\/www.secondastrada.com\/it\/borsa-da-mare-goha-blu\/\" \/>\n<meta property=\"og:site_name\" content=\"Seconda Strada\" \/>\n<meta property=\"article:modified_time\" content=\"2026-03-11T13:57:29+00:00\" \/>\n<meta property=\"og:image\" content=\"https:\/\/www.secondastrada.com\/wp-content\/uploads\/2024\/07\/BOBBI-ou_BLU_PE24_1.jpg\" \/>\n\t<meta property=\"og:image:width\" content=\"1000\" \/>\n\t<meta property=\"og:image:height\" content=\"1300\" \/>\n\t<meta property=\"og:image:type\" content=\"image\/jpeg\" \/>\n<meta name=\"twitter:card\" content=\"summary_large_image\" \/>\n<!-- \/ Yoast SEO plugin. -->","yoast_head_json":{"title":"Borsa da mare Goha Blu - Acquista online! - Seconda Strada","description":"Borsa da mare Goha Blu \u27a4 Acquista online su Secondastrada.com Borsa da mare Goha Blu \u2714\ufe0f Spedizione veloce entro 24h in tutta Italia \u2714\ufe0f Sconto sul tuo primo acquisto","robots":{"index":"index","follow":"follow","max-snippet":"max-snippet:-1","max-image-preview":"max-image-preview:large","max-video-preview":"max-video-preview:-1"},"canonical":"https:\/\/www.secondastrada.com\/it\/borsa-da-mare-goha-blu\/","og_locale":"it_IT","og_type":"article","og_title":"Borsa da mare Goha Blu - Acquista online! - Seconda Strada","og_description":"Borsa da mare Goha Blu \u27a4 Acquista online su Secondastrada.com Borsa da mare Goha Blu \u2714\ufe0f Spedizione veloce entro 24h in tutta Italia \u2714\ufe0f Sconto sul tuo primo acquisto","og_url":"https:\/\/www.secondastrada.com\/it\/borsa-da-mare-goha-blu\/","og_site_name":"Seconda Strada","article_modified_time":"2026-03-11T13:57:29+00:00","og_image":[{"width":1000,"height":1300,"url":"https:\/\/www.secondastrada.com\/wp-content\/uploads\/2024\/07\/BOBBI-ou_BLU_PE24_1.jpg","type":"image\/jpeg"}],"twitter_card":"summary_large_image","schema":{"@context":"https:\/\/schema.org","@graph":[{"@type":"WebPage","@id":"https:\/\/www.secondastrada.com\/it\/borsa-da-mare-goha-blu\/","url":"https:\/\/www.secondastrada.com\/it\/borsa-da-mare-goha-blu\/","name":"Borsa da mare Goha Blu - Acquista online! - Seconda Strada","isPartOf":{"@id":"https:\/\/www.secondastrada.com\/it\/#website"},"primaryImageOfPage":{"@id":"https:\/\/www.secondastrada.com\/it\/borsa-da-mare-goha-blu\/#primaryimage"},"image":{"@id":"https:\/\/www.secondastrada.com\/it\/borsa-da-mare-goha-blu\/#primaryimage"},"thumbnailUrl":"https:\/\/www.secondastrada.com\/wp-content\/uploads\/2024\/07\/BOBBI-ou_BLU_PE24_1.jpg","datePublished":"2025-05-29T12:45:36+00:00","dateModified":"2026-03-11T13:57:29+00:00","description":"Borsa da mare Goha Blu \u27a4 Acquista online su Secondastrada.com Borsa da mare Goha Blu \u2714\ufe0f Spedizione veloce entro 24h in tutta Italia \u2714\ufe0f Sconto sul tuo primo acquisto","breadcrumb":{"@id":"https:\/\/www.secondastrada.com\/it\/borsa-da-mare-goha-blu\/#breadcrumb"},"inLanguage":"it-IT","potentialAction":[{"@type":"ReadAction","target":["https:\/\/www.secondastrada.com\/it\/borsa-da-mare-goha-blu\/"]}]},{"@type":"ImageObject","inLanguage":"it-IT","@id":"https:\/\/www.secondastrada.com\/it\/borsa-da-mare-goha-blu\/#primaryimage","url":"https:\/\/www.secondastrada.com\/wp-content\/uploads\/2024\/07\/BOBBI-ou_BLU_PE24_1.jpg","contentUrl":"https:\/\/www.secondastrada.com\/wp-content\/uploads\/2024\/07\/BOBBI-ou_BLU_PE24_1.jpg","width":1000,"height":1300,"caption":"BOBBI-ou_BLU_PE24"},{"@type":"BreadcrumbList","@id":"https:\/\/www.secondastrada.com\/it\/borsa-da-mare-goha-blu\/#breadcrumb","itemListElement":[{"@type":"ListItem","position":1,"name":"Home","item":"https:\/\/www.secondastrada.com\/it\/"},{"@type":"ListItem","position":2,"name":"Shop","item":"https:\/\/www.secondastrada.com\/it\/shop\/"},{"@type":"ListItem","position":3,"name":"Uomo","item":"https:\/\/www.secondastrada.com\/it\/collezione-uomo\/"},{"@type":"ListItem","position":4,"name":"Beachwear","item":"https:\/\/www.secondastrada.com\/it\/collezione-uomo\/beachwear-da-uomo\/"},{"@type":"ListItem","position":5,"name":"Borsa da mare Goha Blu"}]},{"@type":"WebSite","@id":"https:\/\/www.secondastrada.com\/it\/#website","url":"https:\/\/www.secondastrada.com\/it\/","name":"Seconda Strada","description":"","publisher":{"@id":"https:\/\/www.secondastrada.com\/it\/#organization"},"potentialAction":[{"@type":"SearchAction","target":{"@type":"EntryPoint","urlTemplate":"https:\/\/www.secondastrada.com\/it\/?s={search_term_string}"},"query-input":"required name=search_term_string"}],"inLanguage":"it-IT"},{"@type":"Organization","@id":"https:\/\/www.secondastrada.com\/it\/#organization","name":"Seconda Strada","url":"https:\/\/www.secondastrada.com\/it\/","logo":{"@type":"ImageObject","inLanguage":"it-IT","@id":"https:\/\/www.secondastrada.com\/it\/#\/schema\/logo\/image\/","url":"https:\/\/www.secondastrada.com\/wp-content\/uploads\/2023\/11\/secondastrada-logo.svg","contentUrl":"https:\/\/www.secondastrada.com\/wp-content\/uploads\/2023\/11\/secondastrada-logo.svg","width":353,"height":47,"caption":"Seconda Strada"},"image":{"@id":"https:\/\/www.secondastrada.com\/it\/#\/schema\/logo\/image\/"}}]}},"df_price":11.996,"df_sale_price":"","df_regular_price":11.996,"df_image_link":"https:\/\/www.secondastrada.com\/wp-content\/uploads\/2024\/07\/BOBBI-ou_BLU_PE24_1-300x300.jpg","_links":{"self":[{"href":"https:\/\/www.secondastrada.com\/it\/wp-json\/wp\/v2\/product\/67635"}],"collection":[{"href":"https:\/\/www.secondastrada.com\/it\/wp-json\/wp\/v2\/product"}],"about":[{"href":"https:\/\/www.secondastrada.com\/it\/wp-json\/wp\/v2\/types\/product"}],"wp:featuredmedia":[{"embeddable":true,"href":"https:\/\/www.secondastrada.com\/it\/wp-json\/wp\/v2\/media\/69803"}],"wp:attachment":[{"href":"https:\/\/www.secondastrada.com\/it\/wp-json\/wp\/v2\/media?parent=67635"}],"wp:term":[{"taxonomy":"ss_brand","embeddable":true,"href":"https:\/\/www.secondastrada.com\/it\/wp-json\/wp\/v2\/ss_brand?post=67635"},{"taxonomy":"ss_promo","embeddable":true,"href":"https:\/\/www.secondastrada.com\/it\/wp-json\/wp\/v2\/ss_promo?post=67635"},{"taxonomy":"ss_season","embeddable":true,"href":"https:\/\/www.secondastrada.com\/it\/wp-json\/wp\/v2\/ss_season?post=67635"},{"taxonomy":"product_cat","embeddable":true,"href":"https:\/\/www.secondastrada.com\/it\/wp-json\/wp\/v2\/product_cat?post=67635"},{"taxonomy":"product_tag","embeddable":true,"href":"https:\/\/www.secondastrada.com\/it\/wp-json\/wp\/v2\/product_tag?post=67635"}],"curies":[{"name":"wp","href":"https:\/\/api.w.org\/{rel}","templated":true}]}}