{"id":75015,"date":"2024-08-13T22:13:02","date_gmt":"2024-08-13T20:13:02","guid":{"rendered":"https:\/\/www.secondastrada.com\/it\/cardigan-rue-de-clerie-verde-acqua\/"},"modified":"2026-01-29T14:17:05","modified_gmt":"2026-01-29T13:17:05","slug":"cardigan-rue-de-clerie-verde-acqua","status":"publish","type":"product","link":"https:\/\/www.secondastrada.com\/it\/cardigan-rue-de-clerie-verde-acqua\/","title":{"rendered":"Cardigan Rue De Clerie Verde Acqua"},"content":{"rendered":"<p>Il cardigan morbido Rue de Clerie \u00e8 un capo adatto a situazioni casual e informali. Presenta un abbottonatura con bottoni rivestiti e maniche lunghe. Indossalo nelle tue giornate fresche!<br \/>Cod. art. PK20020 OV<br \/>Vi ricordiamo che tutti i nostri articoli sono originali.<\/p>\n","protected":false},"excerpt":{"rendered":"<p>Il cardigan morbido Rue de Clerie \u00e8 un capo adatto a situazioni casual e informali. Presenta un abbottonatura con bottoni rivestiti e maniche lunghe. Indossalo nelle tue giornate fresche!Cod. art. PK20020 OVVi ricordiamo che tutti i nostri articoli sono originali.<\/p>\n","protected":false},"featured_media":74913,"template":"","meta":{"inline_featured_image":false},"ss_brand":[1206],"ss_promo":[2181],"ss_season":[2189],"product_cat":[1329,1607,1658,1535],"product_tag":[1781],"class_list":{"0":"post-75015","1":"product","2":"type-product","3":"status-publish","4":"has-post-thumbnail","6":"ss_brand-rue-de-clerie-donna","7":"ss_promo-ultime-occasioni-donna","8":"ss_season-ai24","9":"product_cat-abbigliamento-donna","10":"product_cat-cardigan-da-donna","11":"product_cat-collezione-donna","12":"product_cat-maglie-da-donna","13":"product_tag-maglieria-rue-de-clerie-donna","15":"first","16":"outofstock","17":"shipping-taxable","18":"product-type-variable","19":"has-default-attributes"},"acf":{"ss_brand":[{"term_id":1206,"name":"RUE DE CLERIE","slug":"rue-de-clerie-donna","term_group":0,"term_taxonomy_id":1206,"taxonomy":"ss_brand","description":"Creazioni essenziali con interventi boh\u00e9mien dal fascino lussuoso per chi ama vestirsi con indiscutibile classe: scopri nel nostro store online gli abiti e i maglioni da donna firmati Rue de Clerie a prezzi favolosi!\u00a0Acquista online su SecondaStrada.com <strong>abbigliamento da donna Rue De Clerie scontatissimo<\/strong>!","parent":1201,"count":554,"filter":"raw"}],"ss_promo":[2181],"ss_season":[{"term_id":2189,"name":"AI24","slug":"ai24","term_group":0,"term_taxonomy_id":2189,"taxonomy":"ss_season","description":"","parent":0,"count":2125,"filter":"raw"}],"ss_old_price":"0,00","ss_omnibus_price":"0,00","ss_style_advice":"<p>Il cardigan morbido Rue de Clerie \u00e8 un capo adatto a situazioni casual e informali. Presenta un abbottonatura con bottoni rivestiti e maniche lunghe. Indossalo nelle tue giornate fresche!<br \/>Cod. art. PK20020 OV<br \/>Vi ricordiamo che tutti i nostri articoli sono originali.<\/p>\n","ss_composition":"<p>51% viscosa 26% poliestere 23% poliammide<\/p>\n","ss_fit":"<p>La modella \u00e8 alta 170 cm e indossa la taglia S. La vestibilit\u00e0 del capo \u00e8 regolare.<\/p>\n"},"yoast_head":"<!-- This site is optimized with the Yoast SEO plugin v22.3 - https:\/\/yoast.com\/wordpress\/plugins\/seo\/ -->\n<title>Cardigan Rue De Clerie Verde Acqua - Acquista online! - Seconda Strada<\/title>\n<meta name=\"description\" content=\"Cardigan Rue De Clerie Verde Acqua \u27a4 Acquista online su Secondastrada.com Cardigan Rue De Clerie Verde Acqua \u2714\ufe0f Spedizione veloce entro 24h in tutta Italia \u2714\ufe0f Sconto sul tuo primo acquisto\" \/>\n<meta name=\"robots\" content=\"index, follow, max-snippet:-1, max-image-preview:large, max-video-preview:-1\" \/>\n<link rel=\"canonical\" href=\"https:\/\/www.secondastrada.com\/it\/cardigan-rue-de-clerie-verde-acqua\/\" \/>\n<meta property=\"og:locale\" content=\"it_IT\" \/>\n<meta property=\"og:type\" content=\"article\" \/>\n<meta property=\"og:title\" content=\"Cardigan Rue De Clerie Verde Acqua - Acquista online! - Seconda Strada\" \/>\n<meta property=\"og:description\" content=\"Cardigan Rue De Clerie Verde Acqua \u27a4 Acquista online su Secondastrada.com Cardigan Rue De Clerie Verde Acqua \u2714\ufe0f Spedizione veloce entro 24h in tutta Italia \u2714\ufe0f Sconto sul tuo primo acquisto\" \/>\n<meta property=\"og:url\" content=\"https:\/\/www.secondastrada.com\/it\/cardigan-rue-de-clerie-verde-acqua\/\" \/>\n<meta property=\"og:site_name\" content=\"Seconda Strada\" \/>\n<meta property=\"article:modified_time\" content=\"2026-01-29T13:17:05+00:00\" \/>\n<meta property=\"og:image\" content=\"https:\/\/www.secondastrada.com\/wp-content\/uploads\/2024\/08\/PK20020-OV_VERDE-ACQUA_AI24_1.jpg\" \/>\n\t<meta property=\"og:image:width\" content=\"1000\" \/>\n\t<meta property=\"og:image:height\" content=\"1300\" \/>\n\t<meta property=\"og:image:type\" content=\"image\/jpeg\" \/>\n<meta name=\"twitter:card\" content=\"summary_large_image\" \/>\n<!-- \/ Yoast SEO plugin. -->","yoast_head_json":{"title":"Cardigan Rue De Clerie Verde Acqua - Acquista online! - Seconda Strada","description":"Cardigan Rue De Clerie Verde Acqua \u27a4 Acquista online su Secondastrada.com Cardigan Rue De Clerie Verde Acqua \u2714\ufe0f Spedizione veloce entro 24h in tutta Italia \u2714\ufe0f Sconto sul tuo primo acquisto","robots":{"index":"index","follow":"follow","max-snippet":"max-snippet:-1","max-image-preview":"max-image-preview:large","max-video-preview":"max-video-preview:-1"},"canonical":"https:\/\/www.secondastrada.com\/it\/cardigan-rue-de-clerie-verde-acqua\/","og_locale":"it_IT","og_type":"article","og_title":"Cardigan Rue De Clerie Verde Acqua - Acquista online! - Seconda Strada","og_description":"Cardigan Rue De Clerie Verde Acqua \u27a4 Acquista online su Secondastrada.com Cardigan Rue De Clerie Verde Acqua \u2714\ufe0f Spedizione veloce entro 24h in tutta Italia \u2714\ufe0f Sconto sul tuo primo acquisto","og_url":"https:\/\/www.secondastrada.com\/it\/cardigan-rue-de-clerie-verde-acqua\/","og_site_name":"Seconda Strada","article_modified_time":"2026-01-29T13:17:05+00:00","og_image":[{"width":1000,"height":1300,"url":"https:\/\/www.secondastrada.com\/wp-content\/uploads\/2024\/08\/PK20020-OV_VERDE-ACQUA_AI24_1.jpg","type":"image\/jpeg"}],"twitter_card":"summary_large_image","schema":{"@context":"https:\/\/schema.org","@graph":[{"@type":"WebPage","@id":"https:\/\/www.secondastrada.com\/it\/cardigan-rue-de-clerie-verde-acqua\/","url":"https:\/\/www.secondastrada.com\/it\/cardigan-rue-de-clerie-verde-acqua\/","name":"Cardigan Rue De Clerie Verde Acqua - Acquista online! - Seconda Strada","isPartOf":{"@id":"https:\/\/www.secondastrada.com\/it\/#website"},"primaryImageOfPage":{"@id":"https:\/\/www.secondastrada.com\/it\/cardigan-rue-de-clerie-verde-acqua\/#primaryimage"},"image":{"@id":"https:\/\/www.secondastrada.com\/it\/cardigan-rue-de-clerie-verde-acqua\/#primaryimage"},"thumbnailUrl":"https:\/\/www.secondastrada.com\/wp-content\/uploads\/2024\/08\/PK20020-OV_VERDE-ACQUA_AI24_1.jpg","datePublished":"2024-08-13T20:13:02+00:00","dateModified":"2026-01-29T13:17:05+00:00","description":"Cardigan Rue De Clerie Verde Acqua \u27a4 Acquista online su Secondastrada.com Cardigan Rue De Clerie Verde Acqua \u2714\ufe0f Spedizione veloce entro 24h in tutta Italia \u2714\ufe0f Sconto sul tuo primo acquisto","breadcrumb":{"@id":"https:\/\/www.secondastrada.com\/it\/cardigan-rue-de-clerie-verde-acqua\/#breadcrumb"},"inLanguage":"it-IT","potentialAction":[{"@type":"ReadAction","target":["https:\/\/www.secondastrada.com\/it\/cardigan-rue-de-clerie-verde-acqua\/"]}]},{"@type":"ImageObject","inLanguage":"it-IT","@id":"https:\/\/www.secondastrada.com\/it\/cardigan-rue-de-clerie-verde-acqua\/#primaryimage","url":"https:\/\/www.secondastrada.com\/wp-content\/uploads\/2024\/08\/PK20020-OV_VERDE-ACQUA_AI24_1.jpg","contentUrl":"https:\/\/www.secondastrada.com\/wp-content\/uploads\/2024\/08\/PK20020-OV_VERDE-ACQUA_AI24_1.jpg","width":1000,"height":1300,"caption":"PK20020-OV_VERDE-ACQUA_AI24"},{"@type":"BreadcrumbList","@id":"https:\/\/www.secondastrada.com\/it\/cardigan-rue-de-clerie-verde-acqua\/#breadcrumb","itemListElement":[{"@type":"ListItem","position":1,"name":"Home","item":"https:\/\/www.secondastrada.com\/it\/"},{"@type":"ListItem","position":2,"name":"Shop","item":"https:\/\/www.secondastrada.com\/it\/shop\/"},{"@type":"ListItem","position":3,"name":"Donna","item":"https:\/\/www.secondastrada.com\/it\/collezione-donna\/"},{"@type":"ListItem","position":4,"name":"Abbigliamento","item":"https:\/\/www.secondastrada.com\/it\/collezione-donna\/abbigliamento-donna\/"},{"@type":"ListItem","position":5,"name":"Maglieria","item":"https:\/\/www.secondastrada.com\/it\/collezione-donna\/abbigliamento-donna\/maglie-da-donna\/"},{"@type":"ListItem","position":6,"name":"Cardigan","item":"https:\/\/www.secondastrada.com\/it\/collezione-donna\/abbigliamento-donna\/maglie-da-donna\/cardigan-da-donna\/"},{"@type":"ListItem","position":7,"name":"Cardigan Rue De Clerie Verde Acqua"}]},{"@type":"WebSite","@id":"https:\/\/www.secondastrada.com\/it\/#website","url":"https:\/\/www.secondastrada.com\/it\/","name":"Seconda Strada","description":"","publisher":{"@id":"https:\/\/www.secondastrada.com\/it\/#organization"},"potentialAction":[{"@type":"SearchAction","target":{"@type":"EntryPoint","urlTemplate":"https:\/\/www.secondastrada.com\/it\/?s={search_term_string}"},"query-input":"required name=search_term_string"}],"inLanguage":"it-IT"},{"@type":"Organization","@id":"https:\/\/www.secondastrada.com\/it\/#organization","name":"Seconda Strada","url":"https:\/\/www.secondastrada.com\/it\/","logo":{"@type":"ImageObject","inLanguage":"it-IT","@id":"https:\/\/www.secondastrada.com\/it\/#\/schema\/logo\/image\/","url":"https:\/\/www.secondastrada.com\/wp-content\/uploads\/2023\/11\/secondastrada-logo.svg","contentUrl":"https:\/\/www.secondastrada.com\/wp-content\/uploads\/2023\/11\/secondastrada-logo.svg","width":353,"height":47,"caption":"Seconda Strada"},"image":{"@id":"https:\/\/www.secondastrada.com\/it\/#\/schema\/logo\/image\/"}}]}},"df_price":"","df_sale_price":"","df_regular_price":"","df_image_link":"https:\/\/www.secondastrada.com\/wp-content\/uploads\/2024\/08\/PK20020-OV_VERDE-ACQUA_AI24_1-300x300.jpg","_links":{"self":[{"href":"https:\/\/www.secondastrada.com\/it\/wp-json\/wp\/v2\/product\/75015"}],"collection":[{"href":"https:\/\/www.secondastrada.com\/it\/wp-json\/wp\/v2\/product"}],"about":[{"href":"https:\/\/www.secondastrada.com\/it\/wp-json\/wp\/v2\/types\/product"}],"wp:featuredmedia":[{"embeddable":true,"href":"https:\/\/www.secondastrada.com\/it\/wp-json\/wp\/v2\/media\/74913"}],"wp:attachment":[{"href":"https:\/\/www.secondastrada.com\/it\/wp-json\/wp\/v2\/media?parent=75015"}],"wp:term":[{"taxonomy":"ss_brand","embeddable":true,"href":"https:\/\/www.secondastrada.com\/it\/wp-json\/wp\/v2\/ss_brand?post=75015"},{"taxonomy":"ss_promo","embeddable":true,"href":"https:\/\/www.secondastrada.com\/it\/wp-json\/wp\/v2\/ss_promo?post=75015"},{"taxonomy":"ss_season","embeddable":true,"href":"https:\/\/www.secondastrada.com\/it\/wp-json\/wp\/v2\/ss_season?post=75015"},{"taxonomy":"product_cat","embeddable":true,"href":"https:\/\/www.secondastrada.com\/it\/wp-json\/wp\/v2\/product_cat?post=75015"},{"taxonomy":"product_tag","embeddable":true,"href":"https:\/\/www.secondastrada.com\/it\/wp-json\/wp\/v2\/product_tag?post=75015"}],"curies":[{"name":"wp","href":"https:\/\/api.w.org\/{rel}","templated":true}]}}