{"id":76278,"date":"2024-08-23T12:30:52","date_gmt":"2024-08-23T10:30:52","guid":{"rendered":"https:\/\/www.secondastrada.com\/it\/felpa-icon-nero-4\/"},"modified":"2026-01-29T15:00:19","modified_gmt":"2026-01-29T14:00:19","slug":"felpa-icon-nero-4","status":"publish","type":"product","link":"https:\/\/www.secondastrada.com\/it\/felpa-icon-nero-4\/","title":{"rendered":"Felpa Icon Nero"},"content":{"rendered":"<p>Felpa corta con cappuccio in tonalit\u00e0 bicolor bianco e nero con logo brand coordinato. La vestibilit\u00e0 \u00e8 morbida e regolare. La felpa \u00e8 adatta per occasioni casual\/sportive. Praticit\u00e0 e stile in un solo capo. L&#8217;articolo appartiene al campionario esclusivo di stagione: pezzo unico<br \/>Cod. art. ID9173F M CV<br \/>Vi ricordiamo che tutti i nostri articoli sono originali.<\/p>\n","protected":false},"excerpt":{"rendered":"<p>Felpa corta con cappuccio in tonalit\u00e0 bicolor bianco e nero con logo brand coordinato. La vestibilit\u00e0 \u00e8 morbida e regolare. La felpa \u00e8 adatta per occasioni casual\/sportive. Praticit\u00e0 e stile in un solo capo. L&#8217;articolo appartiene al campionario esclusivo di stagione: pezzo unicoCod. art. ID9173F M CVVi ricordiamo che tutti i nostri articoli sono originali.<\/p>\n","protected":false},"featured_media":76534,"template":"","meta":{"inline_featured_image":false},"ss_brand":[1900],"ss_promo":[2181],"ss_season":[2189],"product_cat":[1329,1658,1474],"product_tag":[1953],"class_list":{"0":"post-76278","1":"product","2":"type-product","3":"status-publish","4":"has-post-thumbnail","6":"ss_brand-icon-donna","7":"ss_promo-ultime-occasioni-donna","8":"ss_season-ai24","9":"product_cat-abbigliamento-donna","10":"product_cat-collezione-donna","11":"product_cat-felpe-da-donna","12":"product_tag-campionario","14":"first","15":"outofstock","16":"shipping-taxable","17":"product-type-variable","18":"has-default-attributes"},"acf":{"ss_brand":[{"term_id":1900,"name":"ICON","slug":"icon-donna","term_group":0,"term_taxonomy_id":1900,"taxonomy":"ss_brand","description":"Icon significa abbigliamento donna streetwear, colori, sana sfacciataggine, combinazione di capi utili per la vita quotidiana ma con uno stile inconfondibile che accentua la personalit\u00e0 di chi li indossa: su Seconda Strada puoi trovare Icon Abbigliamento Donna a prezzi super scontati.","parent":1201,"count":43,"filter":"raw"}],"ss_promo":[2181],"ss_season":[{"term_id":2189,"name":"AI24","slug":"ai24","term_group":0,"term_taxonomy_id":2189,"taxonomy":"ss_season","description":"","parent":0,"count":2125,"filter":"raw"}],"ss_old_price":"95,00","ss_omnibus_price":"0,00","ss_style_advice":"<p>Felpa corta con cappuccio in tonalit\u00e0 bicolor bianco e nero con logo brand coordinato. La vestibilit\u00e0 \u00e8 morbida e regolare. La felpa \u00e8 adatta per occasioni casual\/sportive. Praticit\u00e0 e stile in un solo capo. L&#8217;articolo appartiene al campionario esclusivo di stagione: pezzo unico<br \/>Cod. art. ID9173F M CV<br \/>Vi ricordiamo che tutti i nostri articoli sono originali.<\/p>\n","ss_composition":"<p>100% cotone<\/p>\n","ss_fit":"<p>La modella \u00e8 alta 170 cm e indossa la taglia S. La vestibilit\u00e0 del capo \u00e8 regolare<\/p>\n"},"yoast_head":"<!-- This site is optimized with the Yoast SEO plugin v22.3 - https:\/\/yoast.com\/wordpress\/plugins\/seo\/ -->\n<title>Felpa Icon Nero - Acquista online! - Seconda Strada<\/title>\n<meta name=\"description\" content=\"Felpa Icon Nero \u27a4 Acquista online su Secondastrada.com Felpa Icon Nero \u2714\ufe0f Spedizione veloce entro 24h in tutta Italia \u2714\ufe0f Sconto sul tuo primo acquisto\" \/>\n<meta name=\"robots\" content=\"index, follow, max-snippet:-1, max-image-preview:large, max-video-preview:-1\" \/>\n<link rel=\"canonical\" href=\"https:\/\/www.secondastrada.com\/it\/felpa-icon-nero-4\/\" \/>\n<meta property=\"og:locale\" content=\"it_IT\" \/>\n<meta property=\"og:type\" content=\"article\" \/>\n<meta property=\"og:title\" content=\"Felpa Icon Nero - Acquista online! - Seconda Strada\" \/>\n<meta property=\"og:description\" content=\"Felpa Icon Nero \u27a4 Acquista online su Secondastrada.com Felpa Icon Nero \u2714\ufe0f Spedizione veloce entro 24h in tutta Italia \u2714\ufe0f Sconto sul tuo primo acquisto\" \/>\n<meta property=\"og:url\" content=\"https:\/\/www.secondastrada.com\/it\/felpa-icon-nero-4\/\" \/>\n<meta property=\"og:site_name\" content=\"Seconda Strada\" \/>\n<meta property=\"article:modified_time\" content=\"2026-01-29T14:00:19+00:00\" \/>\n<meta property=\"og:image\" content=\"https:\/\/www.secondastrada.com\/wp-content\/uploads\/2024\/08\/ID9173F-M-CV_NERO-BIANCO_AI24_1.jpg\" \/>\n\t<meta property=\"og:image:width\" content=\"1000\" \/>\n\t<meta property=\"og:image:height\" content=\"1300\" \/>\n\t<meta property=\"og:image:type\" content=\"image\/jpeg\" \/>\n<meta name=\"twitter:card\" content=\"summary_large_image\" \/>\n<meta name=\"twitter:label1\" content=\"Tempo di lettura stimato\" \/>\n\t<meta name=\"twitter:data1\" content=\"1 minuto\" \/>\n<!-- \/ Yoast SEO plugin. -->","yoast_head_json":{"title":"Felpa Icon Nero - Acquista online! - Seconda Strada","description":"Felpa Icon Nero \u27a4 Acquista online su Secondastrada.com Felpa Icon Nero \u2714\ufe0f Spedizione veloce entro 24h in tutta Italia \u2714\ufe0f Sconto sul tuo primo acquisto","robots":{"index":"index","follow":"follow","max-snippet":"max-snippet:-1","max-image-preview":"max-image-preview:large","max-video-preview":"max-video-preview:-1"},"canonical":"https:\/\/www.secondastrada.com\/it\/felpa-icon-nero-4\/","og_locale":"it_IT","og_type":"article","og_title":"Felpa Icon Nero - Acquista online! - Seconda Strada","og_description":"Felpa Icon Nero \u27a4 Acquista online su Secondastrada.com Felpa Icon Nero \u2714\ufe0f Spedizione veloce entro 24h in tutta Italia \u2714\ufe0f Sconto sul tuo primo acquisto","og_url":"https:\/\/www.secondastrada.com\/it\/felpa-icon-nero-4\/","og_site_name":"Seconda Strada","article_modified_time":"2026-01-29T14:00:19+00:00","og_image":[{"width":1000,"height":1300,"url":"https:\/\/www.secondastrada.com\/wp-content\/uploads\/2024\/08\/ID9173F-M-CV_NERO-BIANCO_AI24_1.jpg","type":"image\/jpeg"}],"twitter_card":"summary_large_image","twitter_misc":{"Tempo di lettura stimato":"1 minuto"},"schema":{"@context":"https:\/\/schema.org","@graph":[{"@type":"WebPage","@id":"https:\/\/www.secondastrada.com\/it\/felpa-icon-nero-4\/","url":"https:\/\/www.secondastrada.com\/it\/felpa-icon-nero-4\/","name":"Felpa Icon Nero - Acquista online! - Seconda Strada","isPartOf":{"@id":"https:\/\/www.secondastrada.com\/it\/#website"},"primaryImageOfPage":{"@id":"https:\/\/www.secondastrada.com\/it\/felpa-icon-nero-4\/#primaryimage"},"image":{"@id":"https:\/\/www.secondastrada.com\/it\/felpa-icon-nero-4\/#primaryimage"},"thumbnailUrl":"https:\/\/www.secondastrada.com\/wp-content\/uploads\/2024\/08\/ID9173F-M-CV_NERO-BIANCO_AI24_1.jpg","datePublished":"2024-08-23T10:30:52+00:00","dateModified":"2026-01-29T14:00:19+00:00","description":"Felpa Icon Nero \u27a4 Acquista online su Secondastrada.com Felpa Icon Nero \u2714\ufe0f Spedizione veloce entro 24h in tutta Italia \u2714\ufe0f Sconto sul tuo primo acquisto","breadcrumb":{"@id":"https:\/\/www.secondastrada.com\/it\/felpa-icon-nero-4\/#breadcrumb"},"inLanguage":"it-IT","potentialAction":[{"@type":"ReadAction","target":["https:\/\/www.secondastrada.com\/it\/felpa-icon-nero-4\/"]}]},{"@type":"ImageObject","inLanguage":"it-IT","@id":"https:\/\/www.secondastrada.com\/it\/felpa-icon-nero-4\/#primaryimage","url":"https:\/\/www.secondastrada.com\/wp-content\/uploads\/2024\/08\/ID9173F-M-CV_NERO-BIANCO_AI24_1.jpg","contentUrl":"https:\/\/www.secondastrada.com\/wp-content\/uploads\/2024\/08\/ID9173F-M-CV_NERO-BIANCO_AI24_1.jpg","width":1000,"height":1300,"caption":"ID9173F-M-CV_NERO-BIANCO_AI24"},{"@type":"BreadcrumbList","@id":"https:\/\/www.secondastrada.com\/it\/felpa-icon-nero-4\/#breadcrumb","itemListElement":[{"@type":"ListItem","position":1,"name":"Home","item":"https:\/\/www.secondastrada.com\/it\/"},{"@type":"ListItem","position":2,"name":"Shop","item":"https:\/\/www.secondastrada.com\/it\/shop\/"},{"@type":"ListItem","position":3,"name":"Donna","item":"https:\/\/www.secondastrada.com\/it\/collezione-donna\/"},{"@type":"ListItem","position":4,"name":"Abbigliamento","item":"https:\/\/www.secondastrada.com\/it\/collezione-donna\/abbigliamento-donna\/"},{"@type":"ListItem","position":5,"name":"Felpe","item":"https:\/\/www.secondastrada.com\/it\/collezione-donna\/abbigliamento-donna\/felpe-da-donna\/"},{"@type":"ListItem","position":6,"name":"Felpa Icon Nero"}]},{"@type":"WebSite","@id":"https:\/\/www.secondastrada.com\/it\/#website","url":"https:\/\/www.secondastrada.com\/it\/","name":"Seconda Strada","description":"","publisher":{"@id":"https:\/\/www.secondastrada.com\/it\/#organization"},"potentialAction":[{"@type":"SearchAction","target":{"@type":"EntryPoint","urlTemplate":"https:\/\/www.secondastrada.com\/it\/?s={search_term_string}"},"query-input":"required name=search_term_string"}],"inLanguage":"it-IT"},{"@type":"Organization","@id":"https:\/\/www.secondastrada.com\/it\/#organization","name":"Seconda Strada","url":"https:\/\/www.secondastrada.com\/it\/","logo":{"@type":"ImageObject","inLanguage":"it-IT","@id":"https:\/\/www.secondastrada.com\/it\/#\/schema\/logo\/image\/","url":"https:\/\/www.secondastrada.com\/wp-content\/uploads\/2023\/11\/secondastrada-logo.svg","contentUrl":"https:\/\/www.secondastrada.com\/wp-content\/uploads\/2023\/11\/secondastrada-logo.svg","width":353,"height":47,"caption":"Seconda Strada"},"image":{"@id":"https:\/\/www.secondastrada.com\/it\/#\/schema\/logo\/image\/"}}]}},"df_price":"","df_sale_price":"","df_regular_price":"","df_image_link":"https:\/\/www.secondastrada.com\/wp-content\/uploads\/2024\/08\/ID9173F-M-CV_NERO-BIANCO_AI24_1-300x300.jpg","_links":{"self":[{"href":"https:\/\/www.secondastrada.com\/it\/wp-json\/wp\/v2\/product\/76278"}],"collection":[{"href":"https:\/\/www.secondastrada.com\/it\/wp-json\/wp\/v2\/product"}],"about":[{"href":"https:\/\/www.secondastrada.com\/it\/wp-json\/wp\/v2\/types\/product"}],"wp:featuredmedia":[{"embeddable":true,"href":"https:\/\/www.secondastrada.com\/it\/wp-json\/wp\/v2\/media\/76534"}],"wp:attachment":[{"href":"https:\/\/www.secondastrada.com\/it\/wp-json\/wp\/v2\/media?parent=76278"}],"wp:term":[{"taxonomy":"ss_brand","embeddable":true,"href":"https:\/\/www.secondastrada.com\/it\/wp-json\/wp\/v2\/ss_brand?post=76278"},{"taxonomy":"ss_promo","embeddable":true,"href":"https:\/\/www.secondastrada.com\/it\/wp-json\/wp\/v2\/ss_promo?post=76278"},{"taxonomy":"ss_season","embeddable":true,"href":"https:\/\/www.secondastrada.com\/it\/wp-json\/wp\/v2\/ss_season?post=76278"},{"taxonomy":"product_cat","embeddable":true,"href":"https:\/\/www.secondastrada.com\/it\/wp-json\/wp\/v2\/product_cat?post=76278"},{"taxonomy":"product_tag","embeddable":true,"href":"https:\/\/www.secondastrada.com\/it\/wp-json\/wp\/v2\/product_tag?post=76278"}],"curies":[{"name":"wp","href":"https:\/\/api.w.org\/{rel}","templated":true}]}}