{"id":76292,"date":"2024-08-23T12:36:14","date_gmt":"2024-08-23T10:36:14","guid":{"rendered":"https:\/\/www.secondastrada.com\/it\/t-shirt-calvin-klein-nero-6\/"},"modified":"2026-01-29T15:07:21","modified_gmt":"2026-01-29T14:07:21","slug":"t-shirt-calvin-klein-nero-6","status":"publish","type":"product","link":"https:\/\/www.secondastrada.com\/it\/t-shirt-calvin-klein-nero-6\/","title":{"rendered":"T-shirt Calvin Klein Nero"},"content":{"rendered":"<p>T-shirt nera con un design semplice e minimalista. Sul petto, al centro, \u00e8 presente la scritta &#8220;Calvin Klein Jeans&#8221; in bianco, che risalta chiaramente sullo sfondo nero della maglietta. Il font utilizzato \u00e8 sobrio e moderno, tipico del brand Calvin Klein. \u00c8 un capo versatile che pu\u00f2 essere facilmente abbinato a diversi outfit, casual e informali.<br \/>Cod. art. J20J221065 SV<br \/>Vi ricordiamo che tutti i nostri articoli sono originali.<\/p>\n","protected":false},"excerpt":{"rendered":"<p>T-shirt nera con un design semplice e minimalista. Sul petto, al centro, \u00e8 presente la scritta &#8220;Calvin Klein Jeans&#8221; in bianco, che risalta chiaramente sullo sfondo nero della maglietta. Il font utilizzato \u00e8 sobrio e moderno, tipico del brand Calvin Klein. \u00c8 un capo versatile che pu\u00f2 essere facilmente abbinato a diversi outfit, casual e&#8230;<\/p>\n","protected":false},"featured_media":76141,"template":"","meta":{"inline_featured_image":false},"ss_brand":[1867],"ss_promo":[2181],"ss_season":[2189],"product_cat":[1329,1658,1822,1337],"product_tag":[],"class_list":{"0":"post-76292","1":"product","2":"type-product","3":"status-publish","4":"has-post-thumbnail","6":"ss_brand-calvin-klein-donna","7":"ss_promo-ultime-occasioni-donna","8":"ss_season-ai24","9":"product_cat-abbigliamento-donna","10":"product_cat-collezione-donna","11":"product_cat-t-shirt-da-donna","12":"product_cat-t-shirt-e-top-da-donna","14":"first","15":"outofstock","16":"shipping-taxable","17":"product-type-variable","18":"has-default-attributes"},"acf":{"ss_brand":[{"term_id":1867,"name":"CALVIN KLEIN","slug":"calvin-klein-donna","term_group":0,"term_taxonomy_id":1867,"taxonomy":"ss_brand","description":"Calvin Klein \u00e8 la moda casual semplice e funzionale. Scopri subito le nostre offerte!\u00a0Acquista online su SecondaStrada.com abbigliamento da donna CALVIN KLEIN scontatissimo!","parent":1201,"count":352,"filter":"raw"}],"ss_promo":[2181],"ss_season":[{"term_id":2189,"name":"AI24","slug":"ai24","term_group":0,"term_taxonomy_id":2189,"taxonomy":"ss_season","description":"","parent":0,"count":2125,"filter":"raw"}],"ss_old_price":"39,90","ss_omnibus_price":"0,00","ss_style_advice":"<p>T-shirt nera con un design semplice e minimalista. Sul petto, al centro, \u00e8 presente la scritta &#8220;Calvin Klein Jeans&#8221; in bianco, che risalta chiaramente sullo sfondo nero della maglietta. Il font utilizzato \u00e8 sobrio e moderno, tipico del brand Calvin Klein. \u00c8 un capo versatile che pu\u00f2 essere facilmente abbinato a diversi outfit, casual e informali.<br \/>Cod. art. J20J221065 SV<br \/>Vi ricordiamo che tutti i nostri articoli sono originali.<\/p>\n","ss_composition":"<p>100% cotone<\/p>\n","ss_fit":"<p>La modella \u00e8 alta 170 cm e indossa la taglia S. La vestibilit\u00e0 del capo \u00e8 regolare.<\/p>\n"},"yoast_head":"<!-- This site is optimized with the Yoast SEO plugin v22.3 - https:\/\/yoast.com\/wordpress\/plugins\/seo\/ -->\n<title>T-shirt Calvin Klein Nero - Acquista online! - Seconda Strada<\/title>\n<meta name=\"description\" content=\"T-shirt Calvin Klein Nero \u27a4 Acquista online su Secondastrada.com T-shirt Calvin Klein Nero \u2714\ufe0f Spedizione veloce entro 24h in tutta Italia \u2714\ufe0f Sconto sul tuo primo acquisto\" \/>\n<meta name=\"robots\" content=\"index, follow, max-snippet:-1, max-image-preview:large, max-video-preview:-1\" \/>\n<link rel=\"canonical\" href=\"https:\/\/www.secondastrada.com\/it\/t-shirt-calvin-klein-nero-6\/\" \/>\n<meta property=\"og:locale\" content=\"it_IT\" \/>\n<meta property=\"og:type\" content=\"article\" \/>\n<meta property=\"og:title\" content=\"T-shirt Calvin Klein Nero - Acquista online! - Seconda Strada\" \/>\n<meta property=\"og:description\" content=\"T-shirt Calvin Klein Nero \u27a4 Acquista online su Secondastrada.com T-shirt Calvin Klein Nero \u2714\ufe0f Spedizione veloce entro 24h in tutta Italia \u2714\ufe0f Sconto sul tuo primo acquisto\" \/>\n<meta property=\"og:url\" content=\"https:\/\/www.secondastrada.com\/it\/t-shirt-calvin-klein-nero-6\/\" \/>\n<meta property=\"og:site_name\" content=\"Seconda Strada\" \/>\n<meta property=\"article:modified_time\" content=\"2026-01-29T14:07:21+00:00\" \/>\n<meta property=\"og:image\" content=\"https:\/\/www.secondastrada.com\/wp-content\/uploads\/2024\/08\/J20J221065-SV_BEH_AI24_1.jpg\" \/>\n\t<meta property=\"og:image:width\" content=\"1000\" \/>\n\t<meta property=\"og:image:height\" content=\"1300\" \/>\n\t<meta property=\"og:image:type\" content=\"image\/jpeg\" \/>\n<meta name=\"twitter:card\" content=\"summary_large_image\" \/>\n<!-- \/ Yoast SEO plugin. -->","yoast_head_json":{"title":"T-shirt Calvin Klein Nero - Acquista online! - Seconda Strada","description":"T-shirt Calvin Klein Nero \u27a4 Acquista online su Secondastrada.com T-shirt Calvin Klein Nero \u2714\ufe0f Spedizione veloce entro 24h in tutta Italia \u2714\ufe0f Sconto sul tuo primo acquisto","robots":{"index":"index","follow":"follow","max-snippet":"max-snippet:-1","max-image-preview":"max-image-preview:large","max-video-preview":"max-video-preview:-1"},"canonical":"https:\/\/www.secondastrada.com\/it\/t-shirt-calvin-klein-nero-6\/","og_locale":"it_IT","og_type":"article","og_title":"T-shirt Calvin Klein Nero - Acquista online! - Seconda Strada","og_description":"T-shirt Calvin Klein Nero \u27a4 Acquista online su Secondastrada.com T-shirt Calvin Klein Nero \u2714\ufe0f Spedizione veloce entro 24h in tutta Italia \u2714\ufe0f Sconto sul tuo primo acquisto","og_url":"https:\/\/www.secondastrada.com\/it\/t-shirt-calvin-klein-nero-6\/","og_site_name":"Seconda Strada","article_modified_time":"2026-01-29T14:07:21+00:00","og_image":[{"width":1000,"height":1300,"url":"https:\/\/www.secondastrada.com\/wp-content\/uploads\/2024\/08\/J20J221065-SV_BEH_AI24_1.jpg","type":"image\/jpeg"}],"twitter_card":"summary_large_image","schema":{"@context":"https:\/\/schema.org","@graph":[{"@type":"WebPage","@id":"https:\/\/www.secondastrada.com\/it\/t-shirt-calvin-klein-nero-6\/","url":"https:\/\/www.secondastrada.com\/it\/t-shirt-calvin-klein-nero-6\/","name":"T-shirt Calvin Klein Nero - Acquista online! - Seconda Strada","isPartOf":{"@id":"https:\/\/www.secondastrada.com\/it\/#website"},"primaryImageOfPage":{"@id":"https:\/\/www.secondastrada.com\/it\/t-shirt-calvin-klein-nero-6\/#primaryimage"},"image":{"@id":"https:\/\/www.secondastrada.com\/it\/t-shirt-calvin-klein-nero-6\/#primaryimage"},"thumbnailUrl":"https:\/\/www.secondastrada.com\/wp-content\/uploads\/2024\/08\/J20J221065-SV_BEH_AI24_1.jpg","datePublished":"2024-08-23T10:36:14+00:00","dateModified":"2026-01-29T14:07:21+00:00","description":"T-shirt Calvin Klein Nero \u27a4 Acquista online su Secondastrada.com T-shirt Calvin Klein Nero \u2714\ufe0f Spedizione veloce entro 24h in tutta Italia \u2714\ufe0f Sconto sul tuo primo acquisto","breadcrumb":{"@id":"https:\/\/www.secondastrada.com\/it\/t-shirt-calvin-klein-nero-6\/#breadcrumb"},"inLanguage":"it-IT","potentialAction":[{"@type":"ReadAction","target":["https:\/\/www.secondastrada.com\/it\/t-shirt-calvin-klein-nero-6\/"]}]},{"@type":"ImageObject","inLanguage":"it-IT","@id":"https:\/\/www.secondastrada.com\/it\/t-shirt-calvin-klein-nero-6\/#primaryimage","url":"https:\/\/www.secondastrada.com\/wp-content\/uploads\/2024\/08\/J20J221065-SV_BEH_AI24_1.jpg","contentUrl":"https:\/\/www.secondastrada.com\/wp-content\/uploads\/2024\/08\/J20J221065-SV_BEH_AI24_1.jpg","width":1000,"height":1300,"caption":"J20J221065-SV_BEH_AI24"},{"@type":"BreadcrumbList","@id":"https:\/\/www.secondastrada.com\/it\/t-shirt-calvin-klein-nero-6\/#breadcrumb","itemListElement":[{"@type":"ListItem","position":1,"name":"Home","item":"https:\/\/www.secondastrada.com\/it\/"},{"@type":"ListItem","position":2,"name":"Shop","item":"https:\/\/www.secondastrada.com\/it\/shop\/"},{"@type":"ListItem","position":3,"name":"Donna","item":"https:\/\/www.secondastrada.com\/it\/collezione-donna\/"},{"@type":"ListItem","position":4,"name":"Abbigliamento","item":"https:\/\/www.secondastrada.com\/it\/collezione-donna\/abbigliamento-donna\/"},{"@type":"ListItem","position":5,"name":"T-shirt e Top","item":"https:\/\/www.secondastrada.com\/it\/collezione-donna\/abbigliamento-donna\/t-shirt-e-top-da-donna\/"},{"@type":"ListItem","position":6,"name":"T-shirt","item":"https:\/\/www.secondastrada.com\/it\/collezione-donna\/abbigliamento-donna\/t-shirt-e-top-da-donna\/t-shirt-da-donna\/"},{"@type":"ListItem","position":7,"name":"T-shirt Calvin Klein Nero"}]},{"@type":"WebSite","@id":"https:\/\/www.secondastrada.com\/it\/#website","url":"https:\/\/www.secondastrada.com\/it\/","name":"Seconda Strada","description":"","publisher":{"@id":"https:\/\/www.secondastrada.com\/it\/#organization"},"potentialAction":[{"@type":"SearchAction","target":{"@type":"EntryPoint","urlTemplate":"https:\/\/www.secondastrada.com\/it\/?s={search_term_string}"},"query-input":"required name=search_term_string"}],"inLanguage":"it-IT"},{"@type":"Organization","@id":"https:\/\/www.secondastrada.com\/it\/#organization","name":"Seconda Strada","url":"https:\/\/www.secondastrada.com\/it\/","logo":{"@type":"ImageObject","inLanguage":"it-IT","@id":"https:\/\/www.secondastrada.com\/it\/#\/schema\/logo\/image\/","url":"https:\/\/www.secondastrada.com\/wp-content\/uploads\/2023\/11\/secondastrada-logo.svg","contentUrl":"https:\/\/www.secondastrada.com\/wp-content\/uploads\/2023\/11\/secondastrada-logo.svg","width":353,"height":47,"caption":"Seconda Strada"},"image":{"@id":"https:\/\/www.secondastrada.com\/it\/#\/schema\/logo\/image\/"}}]}},"df_price":"","df_sale_price":"","df_regular_price":"","df_image_link":"https:\/\/www.secondastrada.com\/wp-content\/uploads\/2024\/08\/J20J221065-SV_BEH_AI24_1-300x300.jpg","_links":{"self":[{"href":"https:\/\/www.secondastrada.com\/it\/wp-json\/wp\/v2\/product\/76292"}],"collection":[{"href":"https:\/\/www.secondastrada.com\/it\/wp-json\/wp\/v2\/product"}],"about":[{"href":"https:\/\/www.secondastrada.com\/it\/wp-json\/wp\/v2\/types\/product"}],"wp:featuredmedia":[{"embeddable":true,"href":"https:\/\/www.secondastrada.com\/it\/wp-json\/wp\/v2\/media\/76141"}],"wp:attachment":[{"href":"https:\/\/www.secondastrada.com\/it\/wp-json\/wp\/v2\/media?parent=76292"}],"wp:term":[{"taxonomy":"ss_brand","embeddable":true,"href":"https:\/\/www.secondastrada.com\/it\/wp-json\/wp\/v2\/ss_brand?post=76292"},{"taxonomy":"ss_promo","embeddable":true,"href":"https:\/\/www.secondastrada.com\/it\/wp-json\/wp\/v2\/ss_promo?post=76292"},{"taxonomy":"ss_season","embeddable":true,"href":"https:\/\/www.secondastrada.com\/it\/wp-json\/wp\/v2\/ss_season?post=76292"},{"taxonomy":"product_cat","embeddable":true,"href":"https:\/\/www.secondastrada.com\/it\/wp-json\/wp\/v2\/product_cat?post=76292"},{"taxonomy":"product_tag","embeddable":true,"href":"https:\/\/www.secondastrada.com\/it\/wp-json\/wp\/v2\/product_tag?post=76292"}],"curies":[{"name":"wp","href":"https:\/\/api.w.org\/{rel}","templated":true}]}}