{"id":79440,"date":"2024-09-03T12:45:40","date_gmt":"2024-09-03T10:45:40","guid":{"rendered":"https:\/\/www.secondastrada.com\/it\/piumino-leggero-guess-verde\/"},"modified":"2026-01-29T22:09:40","modified_gmt":"2026-01-29T21:09:40","slug":"piumino-leggero-guess-verde","status":"publish","type":"product","link":"https:\/\/www.secondastrada.com\/it\/piumino-leggero-guess-verde\/","title":{"rendered":"Piumino Guess Verde"},"content":{"rendered":"<p>Piumino leggero in total verde oliva. Presenti tasche a taglio trasversale con chiusura a zip e dettagi neri in tessuto elasticato. La vestibilit\u00e0 \u00e8 morbida e pratica grazie a zip sul fronte. Il piumino \u00e8 adatto per occasioni casual e facilmente combinabile. Il tuo prossimo articolo nei prodotti salvati.<br \/>Cod. art. M1RL47 WDQ50 SV<br \/>Vi ricordiamo che tutti i nostri articoli sono originali.<\/p>\n","protected":false},"excerpt":{"rendered":"<p>Piumino leggero in total verde oliva. Presenti tasche a taglio trasversale con chiusura a zip e dettagi neri in tessuto elasticato. La vestibilit\u00e0 \u00e8 morbida e pratica grazie a zip sul fronte. Il piumino \u00e8 adatto per occasioni casual e facilmente combinabile. Il tuo prossimo articolo nei prodotti salvati.Cod. art. M1RL47 WDQ50 SVVi ricordiamo che&#8230;<\/p>\n","protected":false},"featured_media":79022,"template":"","meta":{"inline_featured_image":false},"ss_brand":[1287],"ss_promo":[2182],"ss_season":[2189],"product_cat":[1332,1483,1839,1714],"product_tag":[2383,2140],"class_list":{"0":"post-79440","1":"product","2":"type-product","3":"status-publish","4":"has-post-thumbnail","6":"ss_brand-guess-uomo","7":"ss_promo-ultime-occasioni-uomo","8":"ss_season-ai24","9":"product_cat-abbigliamento-uomo","10":"product_cat-piumini-da-uomo","11":"product_cat-piumini-corti-da-uomo","12":"product_cat-collezione-uomo","13":"product_tag-jungle-vibes-uomo","14":"product_tag-ultime-occasioni-uomo","16":"first","17":"outofstock","18":"shipping-taxable","19":"product-type-variable","20":"has-default-attributes"},"acf":{"ss_brand":[{"term_id":1287,"name":"GUESS","slug":"guess-uomo","term_group":0,"term_taxonomy_id":1287,"taxonomy":"ss_brand","description":"<strong>Abbigliamento uomo Guess scontato: osa di pi\u00f9!<\/strong> Mixare raffinatezza francese e spirito californiano in uno <strong>stile originale<\/strong>? Si pu\u00f2 con <strong>Guess<\/strong>! Il brand infatti ha origine negli Stati Uniti dall'idea di due fratelli francesi. Guess crea collezioni di <strong>abbigliamento e accessori per uomo<\/strong> che non passano mai di moda: anche i capi pi\u00f9 classici hanno uno stile inedito! Scopri sul nostro store online la collezione di abbigliamento e accessori da uomo pi\u00f9 glamour che c\u2019\u00e8 a <strong>prezzi imbattibili<\/strong>!","parent":1268,"count":233,"filter":"raw"}],"ss_promo":[2182],"ss_season":[{"term_id":2189,"name":"AI24","slug":"ai24","term_group":0,"term_taxonomy_id":2189,"taxonomy":"ss_season","description":"","parent":0,"count":2125,"filter":"raw"}],"ss_old_price":"0,00","ss_omnibus_price":"0,00","ss_style_advice":"<p>Piumino leggero in total verde oliva. Presenti tasche a taglio trasversale con chiusura a zip e dettagi neri in tessuto elasticato. La vestibilit\u00e0 \u00e8 morbida e pratica grazie a zip sul fronte. Il piumino \u00e8 adatto per occasioni casual e facilmente combinabile. Il tuo prossimo articolo nei prodotti salvati.<br \/>Cod. art. M1RL47 WDQ50 SV<br \/>Vi ricordiamo che tutti i nostri articoli sono originali.<\/p>\n","ss_composition":"<p>100% poliamide<\/p>\n","ss_fit":"<p>Il modello \u00e8 alto 178 cm e indossa la taglia L. La vestibilit\u00e0 del capo \u00e8 regolare<\/p>\n"},"yoast_head":"<!-- This site is optimized with the Yoast SEO plugin v22.3 - https:\/\/yoast.com\/wordpress\/plugins\/seo\/ -->\n<title>Piumino Guess Verde - Acquista online! - Seconda Strada<\/title>\n<meta name=\"description\" content=\"Piumino Guess Verde \u27a4 Acquista online su Secondastrada.com Piumino Guess Verde \u2714\ufe0f Spedizione veloce entro 24h in tutta Italia \u2714\ufe0f Sconto sul tuo primo acquisto\" \/>\n<meta name=\"robots\" content=\"index, follow, max-snippet:-1, max-image-preview:large, max-video-preview:-1\" \/>\n<link rel=\"canonical\" href=\"https:\/\/www.secondastrada.com\/it\/piumino-leggero-guess-verde\/\" \/>\n<meta property=\"og:locale\" content=\"it_IT\" \/>\n<meta property=\"og:type\" content=\"article\" \/>\n<meta property=\"og:title\" content=\"Piumino Guess Verde - Acquista online! - Seconda Strada\" \/>\n<meta property=\"og:description\" content=\"Piumino Guess Verde \u27a4 Acquista online su Secondastrada.com Piumino Guess Verde \u2714\ufe0f Spedizione veloce entro 24h in tutta Italia \u2714\ufe0f Sconto sul tuo primo acquisto\" \/>\n<meta property=\"og:url\" content=\"https:\/\/www.secondastrada.com\/it\/piumino-leggero-guess-verde\/\" \/>\n<meta property=\"og:site_name\" content=\"Seconda Strada\" \/>\n<meta property=\"article:modified_time\" content=\"2026-01-29T21:09:40+00:00\" \/>\n<meta property=\"og:image\" content=\"https:\/\/www.secondastrada.com\/wp-content\/uploads\/2024\/09\/M1RL47-WDQ50-SV_G8F6_AI24_1.jpg\" \/>\n\t<meta property=\"og:image:width\" content=\"1000\" \/>\n\t<meta property=\"og:image:height\" content=\"1300\" \/>\n\t<meta property=\"og:image:type\" content=\"image\/jpeg\" \/>\n<meta name=\"twitter:card\" content=\"summary_large_image\" \/>\n<!-- \/ Yoast SEO plugin. -->","yoast_head_json":{"title":"Piumino Guess Verde - Acquista online! - Seconda Strada","description":"Piumino Guess Verde \u27a4 Acquista online su Secondastrada.com Piumino Guess Verde \u2714\ufe0f Spedizione veloce entro 24h in tutta Italia \u2714\ufe0f Sconto sul tuo primo acquisto","robots":{"index":"index","follow":"follow","max-snippet":"max-snippet:-1","max-image-preview":"max-image-preview:large","max-video-preview":"max-video-preview:-1"},"canonical":"https:\/\/www.secondastrada.com\/it\/piumino-leggero-guess-verde\/","og_locale":"it_IT","og_type":"article","og_title":"Piumino Guess Verde - Acquista online! - Seconda Strada","og_description":"Piumino Guess Verde \u27a4 Acquista online su Secondastrada.com Piumino Guess Verde \u2714\ufe0f Spedizione veloce entro 24h in tutta Italia \u2714\ufe0f Sconto sul tuo primo acquisto","og_url":"https:\/\/www.secondastrada.com\/it\/piumino-leggero-guess-verde\/","og_site_name":"Seconda Strada","article_modified_time":"2026-01-29T21:09:40+00:00","og_image":[{"width":1000,"height":1300,"url":"https:\/\/www.secondastrada.com\/wp-content\/uploads\/2024\/09\/M1RL47-WDQ50-SV_G8F6_AI24_1.jpg","type":"image\/jpeg"}],"twitter_card":"summary_large_image","schema":{"@context":"https:\/\/schema.org","@graph":[{"@type":"WebPage","@id":"https:\/\/www.secondastrada.com\/it\/piumino-leggero-guess-verde\/","url":"https:\/\/www.secondastrada.com\/it\/piumino-leggero-guess-verde\/","name":"Piumino Guess Verde - Acquista online! - Seconda Strada","isPartOf":{"@id":"https:\/\/www.secondastrada.com\/it\/#website"},"primaryImageOfPage":{"@id":"https:\/\/www.secondastrada.com\/it\/piumino-leggero-guess-verde\/#primaryimage"},"image":{"@id":"https:\/\/www.secondastrada.com\/it\/piumino-leggero-guess-verde\/#primaryimage"},"thumbnailUrl":"https:\/\/www.secondastrada.com\/wp-content\/uploads\/2024\/09\/M1RL47-WDQ50-SV_G8F6_AI24_1.jpg","datePublished":"2024-09-03T10:45:40+00:00","dateModified":"2026-01-29T21:09:40+00:00","description":"Piumino Guess Verde \u27a4 Acquista online su Secondastrada.com Piumino Guess Verde \u2714\ufe0f Spedizione veloce entro 24h in tutta Italia \u2714\ufe0f Sconto sul tuo primo acquisto","breadcrumb":{"@id":"https:\/\/www.secondastrada.com\/it\/piumino-leggero-guess-verde\/#breadcrumb"},"inLanguage":"it-IT","potentialAction":[{"@type":"ReadAction","target":["https:\/\/www.secondastrada.com\/it\/piumino-leggero-guess-verde\/"]}]},{"@type":"ImageObject","inLanguage":"it-IT","@id":"https:\/\/www.secondastrada.com\/it\/piumino-leggero-guess-verde\/#primaryimage","url":"https:\/\/www.secondastrada.com\/wp-content\/uploads\/2024\/09\/M1RL47-WDQ50-SV_G8F6_AI24_1.jpg","contentUrl":"https:\/\/www.secondastrada.com\/wp-content\/uploads\/2024\/09\/M1RL47-WDQ50-SV_G8F6_AI24_1.jpg","width":1000,"height":1300,"caption":"M1RL47-WDQ50-SV_G8F6_AI24"},{"@type":"BreadcrumbList","@id":"https:\/\/www.secondastrada.com\/it\/piumino-leggero-guess-verde\/#breadcrumb","itemListElement":[{"@type":"ListItem","position":1,"name":"Home","item":"https:\/\/www.secondastrada.com\/it\/"},{"@type":"ListItem","position":2,"name":"Shop","item":"https:\/\/www.secondastrada.com\/it\/shop\/"},{"@type":"ListItem","position":3,"name":"Uomo","item":"https:\/\/www.secondastrada.com\/it\/collezione-uomo\/"},{"@type":"ListItem","position":4,"name":"Abbigliamento","item":"https:\/\/www.secondastrada.com\/it\/collezione-uomo\/abbigliamento-uomo\/"},{"@type":"ListItem","position":5,"name":"Piumini","item":"https:\/\/www.secondastrada.com\/it\/collezione-uomo\/abbigliamento-uomo\/piumini-da-uomo\/"},{"@type":"ListItem","position":6,"name":"Piumini corti","item":"https:\/\/www.secondastrada.com\/it\/collezione-uomo\/abbigliamento-uomo\/piumini-da-uomo\/piumini-corti-da-uomo\/"},{"@type":"ListItem","position":7,"name":"Piumino Guess Verde"}]},{"@type":"WebSite","@id":"https:\/\/www.secondastrada.com\/it\/#website","url":"https:\/\/www.secondastrada.com\/it\/","name":"Seconda Strada","description":"","publisher":{"@id":"https:\/\/www.secondastrada.com\/it\/#organization"},"potentialAction":[{"@type":"SearchAction","target":{"@type":"EntryPoint","urlTemplate":"https:\/\/www.secondastrada.com\/it\/?s={search_term_string}"},"query-input":"required name=search_term_string"}],"inLanguage":"it-IT"},{"@type":"Organization","@id":"https:\/\/www.secondastrada.com\/it\/#organization","name":"Seconda Strada","url":"https:\/\/www.secondastrada.com\/it\/","logo":{"@type":"ImageObject","inLanguage":"it-IT","@id":"https:\/\/www.secondastrada.com\/it\/#\/schema\/logo\/image\/","url":"https:\/\/www.secondastrada.com\/wp-content\/uploads\/2023\/11\/secondastrada-logo.svg","contentUrl":"https:\/\/www.secondastrada.com\/wp-content\/uploads\/2023\/11\/secondastrada-logo.svg","width":353,"height":47,"caption":"Seconda Strada"},"image":{"@id":"https:\/\/www.secondastrada.com\/it\/#\/schema\/logo\/image\/"}}]}},"df_price":"","df_sale_price":"","df_regular_price":"","df_image_link":"https:\/\/www.secondastrada.com\/wp-content\/uploads\/2024\/09\/M1RL47-WDQ50-SV_G8F6_AI24_1-300x300.jpg","_links":{"self":[{"href":"https:\/\/www.secondastrada.com\/it\/wp-json\/wp\/v2\/product\/79440"}],"collection":[{"href":"https:\/\/www.secondastrada.com\/it\/wp-json\/wp\/v2\/product"}],"about":[{"href":"https:\/\/www.secondastrada.com\/it\/wp-json\/wp\/v2\/types\/product"}],"wp:featuredmedia":[{"embeddable":true,"href":"https:\/\/www.secondastrada.com\/it\/wp-json\/wp\/v2\/media\/79022"}],"wp:attachment":[{"href":"https:\/\/www.secondastrada.com\/it\/wp-json\/wp\/v2\/media?parent=79440"}],"wp:term":[{"taxonomy":"ss_brand","embeddable":true,"href":"https:\/\/www.secondastrada.com\/it\/wp-json\/wp\/v2\/ss_brand?post=79440"},{"taxonomy":"ss_promo","embeddable":true,"href":"https:\/\/www.secondastrada.com\/it\/wp-json\/wp\/v2\/ss_promo?post=79440"},{"taxonomy":"ss_season","embeddable":true,"href":"https:\/\/www.secondastrada.com\/it\/wp-json\/wp\/v2\/ss_season?post=79440"},{"taxonomy":"product_cat","embeddable":true,"href":"https:\/\/www.secondastrada.com\/it\/wp-json\/wp\/v2\/product_cat?post=79440"},{"taxonomy":"product_tag","embeddable":true,"href":"https:\/\/www.secondastrada.com\/it\/wp-json\/wp\/v2\/product_tag?post=79440"}],"curies":[{"name":"wp","href":"https:\/\/api.w.org\/{rel}","templated":true}]}}